{"id":36161,"date":"2026-04-20T16:58:38","date_gmt":"2026-04-20T21:58:38","guid":{"rendered":"https:\/\/megacolecciones.pe\/?post_type=product&#038;p=36161"},"modified":"2026-04-20T16:58:39","modified_gmt":"2026-04-20T21:58:39","slug":"album-animal-planet-tapa-dura-completo-con-figuras-y-cards","status":"publish","type":"product","link":"https:\/\/megacolecciones.pe\/en\/product\/album-animal-planet-tapa-dura-completo-con-figuras-y-cards\/","title":{"rendered":"\u00c1lbum Animal Planet Tapa Dura (Editorial Berl\u00edn) + Set completo de figuras y cards"},"content":{"rendered":"<p data-start=\"320\" data-end=\"486\"><span style=\"font-family: arial, helvetica, sans-serif;\">Descubre el mundo animal con el <strong data-start=\"352\" data-end=\"404\">\u00c1lbum Animal Planet Tapa Dura \u2013 Editorial Berl\u00edn<\/strong>, una colecci\u00f3n inspirada en el universo de <span class=\"hover:entity-accent entity-underline inline cursor-pointer align-baseline\"><span class=\"whitespace-normal\">Animal Planet<\/span><\/span>.<\/span><\/p>\n<p data-start=\"488\" data-end=\"626\"><span style=\"font-family: arial, helvetica, sans-serif;\">Este \u00e1lbum presenta una gran variedad de especies, h\u00e1bitats y datos interesantes, combinando aprendizaje y entretenimiento en cada p\u00e1gina.<\/span><\/p>\n<p data-start=\"628\" data-end=\"754\"><span style=\"font-family: arial, helvetica, sans-serif;\">Su formato <strong data-start=\"639\" data-end=\"652\">tapa dura<\/strong> brinda mayor resistencia y una presentaci\u00f3n premium, ideal para conservar la colecci\u00f3n a largo plazo.<\/span><\/p>\n<p data-start=\"756\" data-end=\"956\"><span style=\"font-family: arial, helvetica, sans-serif;\">Incluye <strong data-start=\"764\" data-end=\"813\">el set completo de figuras para pegar y cards<\/strong>, ofreciendo una experiencia m\u00e1s completa y din\u00e1mica, perfecta para quienes disfrutan tanto de las figuritas como de las cartas coleccionables.<\/span><\/p>\n<p data-start=\"958\" data-end=\"969\"><span style=\"font-family: arial, helvetica, sans-serif;\">Ideal para:<\/span><\/p>\n<ul data-start=\"970\" data-end=\"1071\">\n<li data-section-id=\"xwig6n\" data-start=\"970\" data-end=\"990\"><span style=\"font-family: arial, helvetica, sans-serif;\">Ni\u00f1os y familias<\/span><\/li>\n<li data-section-id=\"o8w754\" data-start=\"991\" data-end=\"1018\"><span style=\"font-family: arial, helvetica, sans-serif;\">Amantes de los animales<\/span><\/li>\n<li data-section-id=\"f4slug\" data-start=\"1019\" data-end=\"1048\"><span style=\"font-family: arial, helvetica, sans-serif;\">Coleccionistas educativos<\/span><\/li>\n<li data-section-id=\"1goxpls\" data-start=\"1049\" data-end=\"1071\"><span style=\"font-family: arial, helvetica, sans-serif;\">Regalos did\u00e1cticos<\/span><\/li>\n<\/ul>\n<p data-start=\"1073\" data-end=\"1156\"><span style=\"font-family: arial, helvetica, sans-serif;\">Una colecci\u00f3n perfecta para aprender y explorar el mundo animal de forma divertida.<\/span><\/p>","protected":false},"excerpt":{"rendered":"<p><span style=\"font-family: arial, helvetica, sans-serif;\">La megacolecci\u00f3n incluye:<\/span><\/p>\n<ul>\n<li><span style=\"font-family: arial, helvetica, sans-serif;\">\u00c1lbum vac\u00edo tapa dura a full color.<\/span><\/li>\n<li><span style=\"font-family: arial, helvetica, sans-serif;\">Set completo de figuras stickers.<\/span><\/li>\n<li><span style=\"font-family: arial, helvetica, sans-serif;\">Set completo de cards.<\/span><\/li>\n<\/ul>","protected":false},"featured_media":36162,"template":"","meta":[],"product_brand":[],"product_cat":[275,230],"product_tag":[],"class_list":{"0":"post-36161","1":"product","2":"type-product","3":"status-publish","4":"has-post-thumbnail","6":"product_cat-colecciones-editorial-berlin","7":"product_cat-colecciones-licenciadas","9":"first","10":"instock","11":"shipping-taxable","12":"purchasable","13":"product-type-simple"},"yoast_head":"<!-- This site is optimized with the Yoast SEO Premium plugin v23.5 (Yoast SEO v27.4) - https:\/\/yoast.com\/product\/yoast-seo-premium-wordpress\/ -->\n<title>Album Animal Planet Tapa Dura Completo con Figuras y Cards<\/title>\n<meta name=\"description\" content=\"album animal planet tapa dura completo con figuras y cards para pegar ideal para ni\u00f1os familias y coleccionistas perfecto para aprender y coleccionar\" \/>\n<meta name=\"robots\" content=\"index, follow, max-snippet:-1, max-image-preview:large, max-video-preview:-1\" \/>\n<link rel=\"canonical\" href=\"https:\/\/megacolecciones.pe\/en\/product\/album-animal-planet-tapa-dura-completo-con-figuras-y-cards\/\" \/>\n<meta property=\"og:locale\" content=\"en_US\" \/>\n<meta property=\"og:type\" content=\"article\" \/>\n<meta property=\"og:title\" content=\"\u00c1lbum Animal Planet Tapa Dura (Editorial Berl\u00edn) + Set completo de figuras y cards\" \/>\n<meta property=\"og:description\" content=\"album animal planet tapa dura completo con figuras y cards para pegar ideal para ni\u00f1os familias y coleccionistas perfecto para aprender y coleccionar\" \/>\n<meta property=\"og:url\" content=\"https:\/\/megacolecciones.pe\/en\/product\/album-animal-planet-tapa-dura-completo-con-figuras-y-cards\/\" \/>\n<meta property=\"og:site_name\" content=\"Megacolecciones\" \/>\n<meta property=\"article:publisher\" content=\"https:\/\/www.facebook.com\/megacolecciones\" \/>\n<meta property=\"article:modified_time\" content=\"2026-04-20T21:58:39+00:00\" \/>\n<meta property=\"og:image\" content=\"https:\/\/megacolecciones.pe\/wp-content\/uploads\/2026\/04\/11-ANIMAL-PLANET-1024x1024.jpg\" \/>\n\t<meta property=\"og:image:width\" content=\"1024\" \/>\n\t<meta property=\"og:image:height\" content=\"1024\" \/>\n\t<meta property=\"og:image:type\" content=\"image\/jpeg\" \/>\n<meta name=\"twitter:card\" content=\"summary_large_image\" \/>\n<meta name=\"twitter:label1\" content=\"Price\" \/>\n\t<meta name=\"twitter:data1\" content=\"S\/190.00\" \/>\n\t<meta name=\"twitter:label2\" content=\"Availability\" \/>\n\t<meta name=\"twitter:data2\" content=\"In stock\" \/>\n<script type=\"application\/ld+json\" class=\"yoast-schema-graph\">{\"@context\":\"https:\\\/\\\/schema.org\",\"@graph\":[{\"@type\":\"WebPage\",\"@id\":\"https:\\\/\\\/megacolecciones.pe\\\/producto\\\/album-animal-planet-tapa-dura-completo-con-figuras-y-cards\\\/\",\"url\":\"https:\\\/\\\/megacolecciones.pe\\\/producto\\\/album-animal-planet-tapa-dura-completo-con-figuras-y-cards\\\/\",\"name\":\"Album Animal Planet Tapa Dura Completo con Figuras y Cards\",\"isPartOf\":{\"@id\":\"https:\\\/\\\/megacolecciones.pe\\\/#website\"},\"primaryImageOfPage\":{\"@id\":\"https:\\\/\\\/megacolecciones.pe\\\/producto\\\/album-animal-planet-tapa-dura-completo-con-figuras-y-cards\\\/#primaryimage\"},\"image\":{\"@id\":\"https:\\\/\\\/megacolecciones.pe\\\/producto\\\/album-animal-planet-tapa-dura-completo-con-figuras-y-cards\\\/#primaryimage\"},\"thumbnailUrl\":\"https:\\\/\\\/megacolecciones.pe\\\/wp-content\\\/uploads\\\/2026\\\/04\\\/11-ANIMAL-PLANET.jpg\",\"datePublished\":\"2026-04-20T21:58:38+00:00\",\"dateModified\":\"2026-04-20T21:58:39+00:00\",\"description\":\"album animal planet tapa dura completo con figuras y cards para pegar ideal para ni\u00f1os familias y coleccionistas perfecto para aprender y coleccionar\",\"breadcrumb\":{\"@id\":\"https:\\\/\\\/megacolecciones.pe\\\/producto\\\/album-animal-planet-tapa-dura-completo-con-figuras-y-cards\\\/#breadcrumb\"},\"inLanguage\":\"en-US\",\"potentialAction\":[{\"@type\":\"ReadAction\",\"target\":[\"https:\\\/\\\/megacolecciones.pe\\\/producto\\\/album-animal-planet-tapa-dura-completo-con-figuras-y-cards\\\/\"]}]},{\"@type\":\"ImageObject\",\"inLanguage\":\"en-US\",\"@id\":\"https:\\\/\\\/megacolecciones.pe\\\/producto\\\/album-animal-planet-tapa-dura-completo-con-figuras-y-cards\\\/#primaryimage\",\"url\":\"https:\\\/\\\/megacolecciones.pe\\\/wp-content\\\/uploads\\\/2026\\\/04\\\/11-ANIMAL-PLANET.jpg\",\"contentUrl\":\"https:\\\/\\\/megacolecciones.pe\\\/wp-content\\\/uploads\\\/2026\\\/04\\\/11-ANIMAL-PLANET.jpg\",\"width\":2400,\"height\":2400},{\"@type\":\"BreadcrumbList\",\"@id\":\"https:\\\/\\\/megacolecciones.pe\\\/producto\\\/album-animal-planet-tapa-dura-completo-con-figuras-y-cards\\\/#breadcrumb\",\"itemListElement\":[{\"@type\":\"ListItem\",\"position\":1,\"name\":\"Home\",\"item\":\"https:\\\/\\\/megacolecciones.pe\\\/\"},{\"@type\":\"ListItem\",\"position\":2,\"name\":\"Tienda\",\"item\":\"https:\\\/\\\/megacolecciones.pe\\\/tienda\\\/\"},{\"@type\":\"ListItem\",\"position\":3,\"name\":\"\u00c1lbum Animal Planet Tapa Dura (Editorial Berl\u00edn) + Set completo de figuras y cards\"}]},{\"@type\":\"WebSite\",\"@id\":\"https:\\\/\\\/megacolecciones.pe\\\/#website\",\"url\":\"https:\\\/\\\/megacolecciones.pe\\\/\",\"name\":\"Mega Colecciones\",\"description\":\"Tienda de \u00e1lbumes, taps y cards\",\"publisher\":{\"@id\":\"https:\\\/\\\/megacolecciones.pe\\\/#organization\"},\"potentialAction\":[{\"@type\":\"SearchAction\",\"target\":{\"@type\":\"EntryPoint\",\"urlTemplate\":\"https:\\\/\\\/megacolecciones.pe\\\/?s={search_term_string}\"},\"query-input\":{\"@type\":\"PropertyValueSpecification\",\"valueRequired\":true,\"valueName\":\"search_term_string\"}}],\"inLanguage\":\"en-US\"},{\"@type\":\"Organization\",\"@id\":\"https:\\\/\\\/megacolecciones.pe\\\/#organization\",\"name\":\"Mega Colecciones\",\"url\":\"https:\\\/\\\/megacolecciones.pe\\\/\",\"logo\":{\"@type\":\"ImageObject\",\"inLanguage\":\"en-US\",\"@id\":\"https:\\\/\\\/megacolecciones.pe\\\/#\\\/schema\\\/logo\\\/image\\\/\",\"url\":\"http:\\\/\\\/megacolecciones.pe\\\/wp-content\\\/uploads\\\/2023\\\/09\\\/logo-mega.png\",\"contentUrl\":\"http:\\\/\\\/megacolecciones.pe\\\/wp-content\\\/uploads\\\/2023\\\/09\\\/logo-mega.png\",\"width\":285,\"height\":100,\"caption\":\"Mega Colecciones\"},\"image\":{\"@id\":\"https:\\\/\\\/megacolecciones.pe\\\/#\\\/schema\\\/logo\\\/image\\\/\"},\"sameAs\":[\"https:\\\/\\\/www.facebook.com\\\/megacolecciones\",\"https:\\\/\\\/www.instagram.com\\\/megacolecciones\\\/\"],\"hasMerchantReturnPolicy\":{\"@type\":\"MerchantReturnPolicy\",\"merchantReturnLink\":\"https:\\\/\\\/megacolecciones.pe\\\/en\\\/terminos-y-condiciones\\\/\"}}]}<\/script>\n<meta property=\"product:price:amount\" content=\"190.00\" \/>\n<meta property=\"product:price:currency\" content=\"PEN\" \/>\n<meta property=\"og:availability\" content=\"instock\" \/>\n<meta property=\"product:availability\" content=\"instock\" \/>\n<meta property=\"product:condition\" content=\"new\" \/>\n<!-- \/ Yoast SEO Premium plugin. -->","yoast_head_json":{"title":"Album Animal Planet Tapa Dura Completo con Figuras y Cards","description":"album animal planet tapa dura completo con figuras y cards para pegar ideal para ni\u00f1os familias y coleccionistas perfecto para aprender y coleccionar","robots":{"index":"index","follow":"follow","max-snippet":"max-snippet:-1","max-image-preview":"max-image-preview:large","max-video-preview":"max-video-preview:-1"},"canonical":"https:\/\/megacolecciones.pe\/en\/product\/album-animal-planet-tapa-dura-completo-con-figuras-y-cards\/","og_locale":"en_US","og_type":"article","og_title":"\u00c1lbum Animal Planet Tapa Dura (Editorial Berl\u00edn) + Set completo de figuras y cards","og_description":"album animal planet tapa dura completo con figuras y cards para pegar ideal para ni\u00f1os familias y coleccionistas perfecto para aprender y coleccionar","og_url":"https:\/\/megacolecciones.pe\/en\/product\/album-animal-planet-tapa-dura-completo-con-figuras-y-cards\/","og_site_name":"Megacolecciones","article_publisher":"https:\/\/www.facebook.com\/megacolecciones","article_modified_time":"2026-04-20T21:58:39+00:00","og_image":[{"width":1024,"height":1024,"url":"https:\/\/megacolecciones.pe\/wp-content\/uploads\/2026\/04\/11-ANIMAL-PLANET-1024x1024.jpg","type":"image\/jpeg"}],"twitter_card":"summary_large_image","twitter_misc":{"Price":"S\/190.00","Availability":"In stock"},"schema":{"@context":"https:\/\/schema.org","@graph":[{"@type":"WebPage","@id":"https:\/\/megacolecciones.pe\/producto\/album-animal-planet-tapa-dura-completo-con-figuras-y-cards\/","url":"https:\/\/megacolecciones.pe\/producto\/album-animal-planet-tapa-dura-completo-con-figuras-y-cards\/","name":"Album Animal Planet Tapa Dura Completo con Figuras y Cards","isPartOf":{"@id":"https:\/\/megacolecciones.pe\/#website"},"primaryImageOfPage":{"@id":"https:\/\/megacolecciones.pe\/producto\/album-animal-planet-tapa-dura-completo-con-figuras-y-cards\/#primaryimage"},"image":{"@id":"https:\/\/megacolecciones.pe\/producto\/album-animal-planet-tapa-dura-completo-con-figuras-y-cards\/#primaryimage"},"thumbnailUrl":"https:\/\/megacolecciones.pe\/wp-content\/uploads\/2026\/04\/11-ANIMAL-PLANET.jpg","datePublished":"2026-04-20T21:58:38+00:00","dateModified":"2026-04-20T21:58:39+00:00","description":"album animal planet tapa dura completo con figuras y cards para pegar ideal para ni\u00f1os familias y coleccionistas perfecto para aprender y coleccionar","breadcrumb":{"@id":"https:\/\/megacolecciones.pe\/producto\/album-animal-planet-tapa-dura-completo-con-figuras-y-cards\/#breadcrumb"},"inLanguage":"en-US","potentialAction":[{"@type":"ReadAction","target":["https:\/\/megacolecciones.pe\/producto\/album-animal-planet-tapa-dura-completo-con-figuras-y-cards\/"]}]},{"@type":"ImageObject","inLanguage":"en-US","@id":"https:\/\/megacolecciones.pe\/producto\/album-animal-planet-tapa-dura-completo-con-figuras-y-cards\/#primaryimage","url":"https:\/\/megacolecciones.pe\/wp-content\/uploads\/2026\/04\/11-ANIMAL-PLANET.jpg","contentUrl":"https:\/\/megacolecciones.pe\/wp-content\/uploads\/2026\/04\/11-ANIMAL-PLANET.jpg","width":2400,"height":2400},{"@type":"BreadcrumbList","@id":"https:\/\/megacolecciones.pe\/producto\/album-animal-planet-tapa-dura-completo-con-figuras-y-cards\/#breadcrumb","itemListElement":[{"@type":"ListItem","position":1,"name":"Home","item":"https:\/\/megacolecciones.pe\/"},{"@type":"ListItem","position":2,"name":"Tienda","item":"https:\/\/megacolecciones.pe\/tienda\/"},{"@type":"ListItem","position":3,"name":"\u00c1lbum Animal Planet Tapa Dura (Editorial Berl\u00edn) + Set completo de figuras y cards"}]},{"@type":"WebSite","@id":"https:\/\/megacolecciones.pe\/#website","url":"https:\/\/megacolecciones.pe\/","name":"Mega Collections","description":"Tienda de \u00e1lbumes, taps y cards","publisher":{"@id":"https:\/\/megacolecciones.pe\/#organization"},"potentialAction":[{"@type":"SearchAction","target":{"@type":"EntryPoint","urlTemplate":"https:\/\/megacolecciones.pe\/?s={search_term_string}"},"query-input":{"@type":"PropertyValueSpecification","valueRequired":true,"valueName":"search_term_string"}}],"inLanguage":"en-US"},{"@type":"Organization","@id":"https:\/\/megacolecciones.pe\/#organization","name":"Mega Collections","url":"https:\/\/megacolecciones.pe\/","logo":{"@type":"ImageObject","inLanguage":"en-US","@id":"https:\/\/megacolecciones.pe\/#\/schema\/logo\/image\/","url":"http:\/\/megacolecciones.pe\/wp-content\/uploads\/2023\/09\/logo-mega.png","contentUrl":"http:\/\/megacolecciones.pe\/wp-content\/uploads\/2023\/09\/logo-mega.png","width":285,"height":100,"caption":"Mega Colecciones"},"image":{"@id":"https:\/\/megacolecciones.pe\/#\/schema\/logo\/image\/"},"sameAs":["https:\/\/www.facebook.com\/megacolecciones","https:\/\/www.instagram.com\/megacolecciones\/"],"hasMerchantReturnPolicy":{"@type":"MerchantReturnPolicy","merchantReturnLink":"https:\/\/megacolecciones.pe\/en\/terminos-y-condiciones\/"}}]},"product_price_amount":"190.00","product_price_currency":"PEN","og_availability":"instock","product_availability":"instock","product_condition":"new"},"_links":{"self":[{"href":"https:\/\/megacolecciones.pe\/en\/wp-json\/wp\/v2\/product\/36161","targetHints":{"allow":["GET"]}}],"collection":[{"href":"https:\/\/megacolecciones.pe\/en\/wp-json\/wp\/v2\/product"}],"about":[{"href":"https:\/\/megacolecciones.pe\/en\/wp-json\/wp\/v2\/types\/product"}],"version-history":[{"count":1,"href":"https:\/\/megacolecciones.pe\/en\/wp-json\/wp\/v2\/product\/36161\/revisions"}],"predecessor-version":[{"id":36163,"href":"https:\/\/megacolecciones.pe\/en\/wp-json\/wp\/v2\/product\/36161\/revisions\/36163"}],"wp:featuredmedia":[{"embeddable":true,"href":"https:\/\/megacolecciones.pe\/en\/wp-json\/wp\/v2\/media\/36162"}],"wp:attachment":[{"href":"https:\/\/megacolecciones.pe\/en\/wp-json\/wp\/v2\/media?parent=36161"}],"wp:term":[{"taxonomy":"product_brand","embeddable":true,"href":"https:\/\/megacolecciones.pe\/en\/wp-json\/wp\/v2\/product_brand?post=36161"},{"taxonomy":"product_cat","embeddable":true,"href":"https:\/\/megacolecciones.pe\/en\/wp-json\/wp\/v2\/product_cat?post=36161"},{"taxonomy":"product_tag","embeddable":true,"href":"https:\/\/megacolecciones.pe\/en\/wp-json\/wp\/v2\/product_tag?post=36161"}],"curies":[{"name":"wp","href":"https:\/\/api.w.org\/{rel}","templated":true}]}}