{"id":36158,"date":"2026-04-20T16:52:47","date_gmt":"2026-04-20T21:52:47","guid":{"rendered":"https:\/\/megacolecciones.pe\/?post_type=product&#038;p=36158"},"modified":"2026-04-20T16:52:48","modified_gmt":"2026-04-20T21:52:48","slug":"album-margarita-panini-set-completo-de-figuras-para-pegar","status":"publish","type":"product","link":"https:\/\/megacolecciones.pe\/en\/product\/album-margarita-panini-set-completo-de-figuras-para-pegar\/","title":{"rendered":"\u00c1lbum Margarita (Panini)+ Set completo de figuras para pegar"},"content":{"rendered":"<p data-start=\"289\" data-end=\"537\"><span style=\"font-family: arial, helvetica, sans-serif;\">Revive una historia llena de m\u00fasica, emociones y descubrimiento personal con el <strong data-start=\"369\" data-end=\"388\">\u00c1lbum Margarita<\/strong>, una colecci\u00f3n inspirada en la serie <strong data-start=\"426\" data-end=\"467\"><span class=\"hover:entity-accent entity-underline inline cursor-pointer align-baseline\"><span class=\"whitespace-normal\">Margarita<\/span><\/span><\/strong>, que contin\u00faa el legado de <span class=\"hover:entity-accent entity-underline inline cursor-pointer align-baseline\"><span class=\"whitespace-normal\">Floricienta<\/span><\/span>.<\/span><\/p>\n<p data-start=\"539\" data-end=\"765\"><span style=\"font-family: arial, helvetica, sans-serif;\">Este \u00e1lbum sigue la historia de Margarita, hija de Florencia, mientras enfrenta nuevos desaf\u00edos, romances y el proceso de descubrir su identidad, manteniendo el estilo m\u00e1gico, musical y emotivo que marc\u00f3 a toda una generaci\u00f3n.<\/span><\/p>\n<p data-start=\"767\" data-end=\"901\"><span style=\"font-family: arial, helvetica, sans-serif;\">Cada p\u00e1gina est\u00e1 dise\u00f1ada para acompa\u00f1arte en esta aventura, con escenas y momentos que conectan con los fans de la historia original.<\/span><\/p>\n<p data-start=\"903\" data-end=\"1084\"><span style=\"font-family: arial, helvetica, sans-serif;\">Incluye <strong data-start=\"911\" data-end=\"952\">el set completo de figuras para pegar<\/strong>, permiti\u00e9ndote completar el \u00e1lbum desde el inicio sin depender de sobres adicionales, logrando una experiencia completa y ordenada.<\/span><\/p>","protected":false},"excerpt":{"rendered":"<p><span style=\"font-family: arial, helvetica, sans-serif;\">La megacolecci\u00f3n contiene:<\/span><\/p>\n<ul>\n<li><span style=\"font-family: arial, helvetica, sans-serif;\">\u00c1lbum vac\u00edo a full color.<\/span><\/li>\n<li><span style=\"font-family: arial, helvetica, sans-serif;\">Set completo de figuras para pegar.<\/span><\/li>\n<\/ul>","protected":false},"featured_media":36159,"template":"","meta":[],"product_brand":[],"product_cat":[230,234],"product_tag":[],"class_list":{"0":"post-36158","1":"product","2":"type-product","3":"status-publish","4":"has-post-thumbnail","6":"product_cat-colecciones-licenciadas","7":"product_cat-colecciones-panini","9":"first","10":"instock","11":"shipping-taxable","12":"purchasable","13":"product-type-simple"},"yoast_head":"<!-- This site is optimized with the Yoast SEO Premium plugin v23.5 (Yoast SEO v27.4) - https:\/\/yoast.com\/product\/yoast-seo-premium-wordpress\/ -->\n<title>\u00c1lbum Margarita (Panini) + Set Completo de Figuras<\/title>\n<meta name=\"description\" content=\"album margarita completo con figuras para pegar ideal para fans de la serie y de floricienta perfecto para coleccionar revivir la historia y regalar\" \/>\n<meta name=\"robots\" content=\"index, follow, max-snippet:-1, max-image-preview:large, max-video-preview:-1\" \/>\n<link rel=\"canonical\" href=\"https:\/\/megacolecciones.pe\/en\/product\/album-margarita-panini-set-completo-de-figuras-para-pegar\/\" \/>\n<meta property=\"og:locale\" content=\"en_US\" \/>\n<meta property=\"og:type\" content=\"article\" \/>\n<meta property=\"og:title\" content=\"\u00c1lbum Margarita (Panini)+ Set completo de figuras para pegar\" \/>\n<meta property=\"og:description\" content=\"album margarita completo con figuras para pegar ideal para fans de la serie y de floricienta perfecto para coleccionar revivir la historia y regalar\" \/>\n<meta property=\"og:url\" content=\"https:\/\/megacolecciones.pe\/en\/product\/album-margarita-panini-set-completo-de-figuras-para-pegar\/\" \/>\n<meta property=\"og:site_name\" content=\"Megacolecciones\" \/>\n<meta property=\"article:publisher\" content=\"https:\/\/www.facebook.com\/megacolecciones\" \/>\n<meta property=\"article:modified_time\" content=\"2026-04-20T21:52:48+00:00\" \/>\n<meta property=\"og:image\" content=\"https:\/\/megacolecciones.pe\/wp-content\/uploads\/2026\/04\/11MARGARITA-1024x1024.jpg\" \/>\n\t<meta property=\"og:image:width\" content=\"1024\" \/>\n\t<meta property=\"og:image:height\" content=\"1024\" \/>\n\t<meta property=\"og:image:type\" content=\"image\/jpeg\" \/>\n<meta name=\"twitter:card\" content=\"summary_large_image\" \/>\n<meta name=\"twitter:label1\" content=\"Price\" \/>\n\t<meta name=\"twitter:data1\" content=\"S\/80.00\" \/>\n\t<meta name=\"twitter:label2\" content=\"Availability\" \/>\n\t<meta name=\"twitter:data2\" content=\"In stock\" \/>\n<script type=\"application\/ld+json\" class=\"yoast-schema-graph\">{\"@context\":\"https:\\\/\\\/schema.org\",\"@graph\":[{\"@type\":\"WebPage\",\"@id\":\"https:\\\/\\\/megacolecciones.pe\\\/producto\\\/album-margarita-panini-set-completo-de-figuras-para-pegar\\\/\",\"url\":\"https:\\\/\\\/megacolecciones.pe\\\/producto\\\/album-margarita-panini-set-completo-de-figuras-para-pegar\\\/\",\"name\":\"\u00c1lbum Margarita (Panini) + Set Completo de Figuras\",\"isPartOf\":{\"@id\":\"https:\\\/\\\/megacolecciones.pe\\\/#website\"},\"primaryImageOfPage\":{\"@id\":\"https:\\\/\\\/megacolecciones.pe\\\/producto\\\/album-margarita-panini-set-completo-de-figuras-para-pegar\\\/#primaryimage\"},\"image\":{\"@id\":\"https:\\\/\\\/megacolecciones.pe\\\/producto\\\/album-margarita-panini-set-completo-de-figuras-para-pegar\\\/#primaryimage\"},\"thumbnailUrl\":\"https:\\\/\\\/megacolecciones.pe\\\/wp-content\\\/uploads\\\/2026\\\/04\\\/11MARGARITA.jpg\",\"datePublished\":\"2026-04-20T21:52:47+00:00\",\"dateModified\":\"2026-04-20T21:52:48+00:00\",\"description\":\"album margarita completo con figuras para pegar ideal para fans de la serie y de floricienta perfecto para coleccionar revivir la historia y regalar\",\"breadcrumb\":{\"@id\":\"https:\\\/\\\/megacolecciones.pe\\\/producto\\\/album-margarita-panini-set-completo-de-figuras-para-pegar\\\/#breadcrumb\"},\"inLanguage\":\"en-US\",\"potentialAction\":[{\"@type\":\"ReadAction\",\"target\":[\"https:\\\/\\\/megacolecciones.pe\\\/producto\\\/album-margarita-panini-set-completo-de-figuras-para-pegar\\\/\"]}]},{\"@type\":\"ImageObject\",\"inLanguage\":\"en-US\",\"@id\":\"https:\\\/\\\/megacolecciones.pe\\\/producto\\\/album-margarita-panini-set-completo-de-figuras-para-pegar\\\/#primaryimage\",\"url\":\"https:\\\/\\\/megacolecciones.pe\\\/wp-content\\\/uploads\\\/2026\\\/04\\\/11MARGARITA.jpg\",\"contentUrl\":\"https:\\\/\\\/megacolecciones.pe\\\/wp-content\\\/uploads\\\/2026\\\/04\\\/11MARGARITA.jpg\",\"width\":2400,\"height\":2400},{\"@type\":\"BreadcrumbList\",\"@id\":\"https:\\\/\\\/megacolecciones.pe\\\/producto\\\/album-margarita-panini-set-completo-de-figuras-para-pegar\\\/#breadcrumb\",\"itemListElement\":[{\"@type\":\"ListItem\",\"position\":1,\"name\":\"Home\",\"item\":\"https:\\\/\\\/megacolecciones.pe\\\/\"},{\"@type\":\"ListItem\",\"position\":2,\"name\":\"Tienda\",\"item\":\"https:\\\/\\\/megacolecciones.pe\\\/tienda\\\/\"},{\"@type\":\"ListItem\",\"position\":3,\"name\":\"\u00c1lbum Margarita (Panini)+ Set completo de figuras para pegar\"}]},{\"@type\":\"WebSite\",\"@id\":\"https:\\\/\\\/megacolecciones.pe\\\/#website\",\"url\":\"https:\\\/\\\/megacolecciones.pe\\\/\",\"name\":\"Mega Colecciones\",\"description\":\"Tienda de \u00e1lbumes, taps y cards\",\"publisher\":{\"@id\":\"https:\\\/\\\/megacolecciones.pe\\\/#organization\"},\"potentialAction\":[{\"@type\":\"SearchAction\",\"target\":{\"@type\":\"EntryPoint\",\"urlTemplate\":\"https:\\\/\\\/megacolecciones.pe\\\/?s={search_term_string}\"},\"query-input\":{\"@type\":\"PropertyValueSpecification\",\"valueRequired\":true,\"valueName\":\"search_term_string\"}}],\"inLanguage\":\"en-US\"},{\"@type\":\"Organization\",\"@id\":\"https:\\\/\\\/megacolecciones.pe\\\/#organization\",\"name\":\"Mega Colecciones\",\"url\":\"https:\\\/\\\/megacolecciones.pe\\\/\",\"logo\":{\"@type\":\"ImageObject\",\"inLanguage\":\"en-US\",\"@id\":\"https:\\\/\\\/megacolecciones.pe\\\/#\\\/schema\\\/logo\\\/image\\\/\",\"url\":\"http:\\\/\\\/megacolecciones.pe\\\/wp-content\\\/uploads\\\/2023\\\/09\\\/logo-mega.png\",\"contentUrl\":\"http:\\\/\\\/megacolecciones.pe\\\/wp-content\\\/uploads\\\/2023\\\/09\\\/logo-mega.png\",\"width\":285,\"height\":100,\"caption\":\"Mega Colecciones\"},\"image\":{\"@id\":\"https:\\\/\\\/megacolecciones.pe\\\/#\\\/schema\\\/logo\\\/image\\\/\"},\"sameAs\":[\"https:\\\/\\\/www.facebook.com\\\/megacolecciones\",\"https:\\\/\\\/www.instagram.com\\\/megacolecciones\\\/\"],\"hasMerchantReturnPolicy\":{\"@type\":\"MerchantReturnPolicy\",\"merchantReturnLink\":\"https:\\\/\\\/megacolecciones.pe\\\/en\\\/terminos-y-condiciones\\\/\"}}]}<\/script>\n<meta property=\"product:price:amount\" content=\"80.00\" \/>\n<meta property=\"product:price:currency\" content=\"PEN\" \/>\n<meta property=\"og:availability\" content=\"instock\" \/>\n<meta property=\"product:availability\" content=\"instock\" \/>\n<meta property=\"product:condition\" content=\"new\" \/>\n<!-- \/ Yoast SEO Premium plugin. -->","yoast_head_json":{"title":"\u00c1lbum Margarita (Panini) + Set Completo de Figuras","description":"album margarita completo con figuras para pegar ideal para fans de la serie y de floricienta perfecto para coleccionar revivir la historia y regalar","robots":{"index":"index","follow":"follow","max-snippet":"max-snippet:-1","max-image-preview":"max-image-preview:large","max-video-preview":"max-video-preview:-1"},"canonical":"https:\/\/megacolecciones.pe\/en\/product\/album-margarita-panini-set-completo-de-figuras-para-pegar\/","og_locale":"en_US","og_type":"article","og_title":"\u00c1lbum Margarita (Panini)+ Set completo de figuras para pegar","og_description":"album margarita completo con figuras para pegar ideal para fans de la serie y de floricienta perfecto para coleccionar revivir la historia y regalar","og_url":"https:\/\/megacolecciones.pe\/en\/product\/album-margarita-panini-set-completo-de-figuras-para-pegar\/","og_site_name":"Megacolecciones","article_publisher":"https:\/\/www.facebook.com\/megacolecciones","article_modified_time":"2026-04-20T21:52:48+00:00","og_image":[{"width":1024,"height":1024,"url":"https:\/\/megacolecciones.pe\/wp-content\/uploads\/2026\/04\/11MARGARITA-1024x1024.jpg","type":"image\/jpeg"}],"twitter_card":"summary_large_image","twitter_misc":{"Price":"S\/80.00","Availability":"In stock"},"schema":{"@context":"https:\/\/schema.org","@graph":[{"@type":"WebPage","@id":"https:\/\/megacolecciones.pe\/producto\/album-margarita-panini-set-completo-de-figuras-para-pegar\/","url":"https:\/\/megacolecciones.pe\/producto\/album-margarita-panini-set-completo-de-figuras-para-pegar\/","name":"\u00c1lbum Margarita (Panini) + Set Completo de Figuras","isPartOf":{"@id":"https:\/\/megacolecciones.pe\/#website"},"primaryImageOfPage":{"@id":"https:\/\/megacolecciones.pe\/producto\/album-margarita-panini-set-completo-de-figuras-para-pegar\/#primaryimage"},"image":{"@id":"https:\/\/megacolecciones.pe\/producto\/album-margarita-panini-set-completo-de-figuras-para-pegar\/#primaryimage"},"thumbnailUrl":"https:\/\/megacolecciones.pe\/wp-content\/uploads\/2026\/04\/11MARGARITA.jpg","datePublished":"2026-04-20T21:52:47+00:00","dateModified":"2026-04-20T21:52:48+00:00","description":"album margarita completo con figuras para pegar ideal para fans de la serie y de floricienta perfecto para coleccionar revivir la historia y regalar","breadcrumb":{"@id":"https:\/\/megacolecciones.pe\/producto\/album-margarita-panini-set-completo-de-figuras-para-pegar\/#breadcrumb"},"inLanguage":"en-US","potentialAction":[{"@type":"ReadAction","target":["https:\/\/megacolecciones.pe\/producto\/album-margarita-panini-set-completo-de-figuras-para-pegar\/"]}]},{"@type":"ImageObject","inLanguage":"en-US","@id":"https:\/\/megacolecciones.pe\/producto\/album-margarita-panini-set-completo-de-figuras-para-pegar\/#primaryimage","url":"https:\/\/megacolecciones.pe\/wp-content\/uploads\/2026\/04\/11MARGARITA.jpg","contentUrl":"https:\/\/megacolecciones.pe\/wp-content\/uploads\/2026\/04\/11MARGARITA.jpg","width":2400,"height":2400},{"@type":"BreadcrumbList","@id":"https:\/\/megacolecciones.pe\/producto\/album-margarita-panini-set-completo-de-figuras-para-pegar\/#breadcrumb","itemListElement":[{"@type":"ListItem","position":1,"name":"Home","item":"https:\/\/megacolecciones.pe\/"},{"@type":"ListItem","position":2,"name":"Tienda","item":"https:\/\/megacolecciones.pe\/tienda\/"},{"@type":"ListItem","position":3,"name":"\u00c1lbum Margarita (Panini)+ Set completo de figuras para pegar"}]},{"@type":"WebSite","@id":"https:\/\/megacolecciones.pe\/#website","url":"https:\/\/megacolecciones.pe\/","name":"Mega Collections","description":"Tienda de \u00e1lbumes, taps y cards","publisher":{"@id":"https:\/\/megacolecciones.pe\/#organization"},"potentialAction":[{"@type":"SearchAction","target":{"@type":"EntryPoint","urlTemplate":"https:\/\/megacolecciones.pe\/?s={search_term_string}"},"query-input":{"@type":"PropertyValueSpecification","valueRequired":true,"valueName":"search_term_string"}}],"inLanguage":"en-US"},{"@type":"Organization","@id":"https:\/\/megacolecciones.pe\/#organization","name":"Mega Collections","url":"https:\/\/megacolecciones.pe\/","logo":{"@type":"ImageObject","inLanguage":"en-US","@id":"https:\/\/megacolecciones.pe\/#\/schema\/logo\/image\/","url":"http:\/\/megacolecciones.pe\/wp-content\/uploads\/2023\/09\/logo-mega.png","contentUrl":"http:\/\/megacolecciones.pe\/wp-content\/uploads\/2023\/09\/logo-mega.png","width":285,"height":100,"caption":"Mega Colecciones"},"image":{"@id":"https:\/\/megacolecciones.pe\/#\/schema\/logo\/image\/"},"sameAs":["https:\/\/www.facebook.com\/megacolecciones","https:\/\/www.instagram.com\/megacolecciones\/"],"hasMerchantReturnPolicy":{"@type":"MerchantReturnPolicy","merchantReturnLink":"https:\/\/megacolecciones.pe\/en\/terminos-y-condiciones\/"}}]},"product_price_amount":"80.00","product_price_currency":"PEN","og_availability":"instock","product_availability":"instock","product_condition":"new"},"_links":{"self":[{"href":"https:\/\/megacolecciones.pe\/en\/wp-json\/wp\/v2\/product\/36158","targetHints":{"allow":["GET"]}}],"collection":[{"href":"https:\/\/megacolecciones.pe\/en\/wp-json\/wp\/v2\/product"}],"about":[{"href":"https:\/\/megacolecciones.pe\/en\/wp-json\/wp\/v2\/types\/product"}],"version-history":[{"count":1,"href":"https:\/\/megacolecciones.pe\/en\/wp-json\/wp\/v2\/product\/36158\/revisions"}],"predecessor-version":[{"id":36160,"href":"https:\/\/megacolecciones.pe\/en\/wp-json\/wp\/v2\/product\/36158\/revisions\/36160"}],"wp:featuredmedia":[{"embeddable":true,"href":"https:\/\/megacolecciones.pe\/en\/wp-json\/wp\/v2\/media\/36159"}],"wp:attachment":[{"href":"https:\/\/megacolecciones.pe\/en\/wp-json\/wp\/v2\/media?parent=36158"}],"wp:term":[{"taxonomy":"product_brand","embeddable":true,"href":"https:\/\/megacolecciones.pe\/en\/wp-json\/wp\/v2\/product_brand?post=36158"},{"taxonomy":"product_cat","embeddable":true,"href":"https:\/\/megacolecciones.pe\/en\/wp-json\/wp\/v2\/product_cat?post=36158"},{"taxonomy":"product_tag","embeddable":true,"href":"https:\/\/megacolecciones.pe\/en\/wp-json\/wp\/v2\/product_tag?post=36158"}],"curies":[{"name":"wp","href":"https:\/\/api.w.org\/{rel}","templated":true}]}}