{"id":36014,"date":"2026-04-09T16:30:50","date_gmt":"2026-04-09T21:30:50","guid":{"rendered":"https:\/\/megacolecciones.pe\/?post_type=product&#038;p=36014"},"modified":"2026-04-09T16:30:51","modified_gmt":"2026-04-09T21:30:51","slug":"album-digimon-universe-enciclopedia-definitiva-set-completo-de-figuras-y-cards","status":"publish","type":"product","link":"https:\/\/megacolecciones.pe\/en\/product\/album-digimon-universe-enciclopedia-definitiva-set-completo-de-figuras-y-cards\/","title":{"rendered":"\u00c1lbum Digimon Universe: Enciclopedia Definitiva + Set completo de figuras y cards"},"content":{"rendered":"<p data-start=\"352\" data-end=\"543\"><span style=\"font-family: arial, helvetica, sans-serif;\">Explora el mundo digital como nunca antes con el <strong data-start=\"401\" data-end=\"452\">\u00c1lbum Digimon Universe: Enciclopedia Definitiva<\/strong>, una colecci\u00f3n completa inspirada en el universo de <span class=\"hover:entity-accent entity-underline inline cursor-pointer align-baseline\"><span class=\"whitespace-normal\">Digimon<\/span><\/span>.<\/span><\/p>\n<p data-start=\"545\" data-end=\"737\"><span style=\"font-family: arial, helvetica, sans-serif;\">Este \u00e1lbum tipo enciclopedia re\u00fane una gran variedad de Digimon, evoluciones, personajes y momentos clave de la saga, ofreciendo una experiencia \u00fanica tanto para fans como para coleccionistas.<\/span><\/p>\n<p data-start=\"739\" data-end=\"953\"><span style=\"font-family: arial, helvetica, sans-serif;\">Incluye <strong data-start=\"747\" data-end=\"796\">el set completo de figuras para pegar y cards<\/strong>, lo que te permite completar la colecci\u00f3n desde el inicio sin depender de sobres adicionales, agregando adem\u00e1s un valor extra con las cartas coleccionables.<\/span><\/p>\n<p data-start=\"955\" data-end=\"966\"><span style=\"font-family: arial, helvetica, sans-serif;\">Ideal para:<\/span><\/p>\n<ul data-start=\"967\" data-end=\"1075\">\n<li data-section-id=\"1co8k3g\" data-start=\"967\" data-end=\"986\"><span style=\"font-family: arial, helvetica, sans-serif;\">Fans de Digimon<\/span><\/li>\n<li data-section-id=\"1owfil2\" data-start=\"987\" data-end=\"1014\"><span style=\"font-family: arial, helvetica, sans-serif;\">Coleccionistas de anime<\/span><\/li>\n<li data-section-id=\"a8x8zd\" data-start=\"1015\" data-end=\"1052\"><span style=\"font-family: arial, helvetica, sans-serif;\">Amantes de las cartas y figuritas<\/span><\/li>\n<li data-section-id=\"mbkzff\" data-start=\"1053\" data-end=\"1075\"><span style=\"font-family: arial, helvetica, sans-serif;\">Regalos especiales<\/span><\/li>\n<\/ul>\n<p data-start=\"1077\" data-end=\"1177\"><span style=\"font-family: arial, helvetica, sans-serif;\">Una colecci\u00f3n imprescindible para quienes quieren tener el universo Digimon en una edici\u00f3n completa.<\/span><\/p>","protected":false},"excerpt":{"rendered":"<p><span style=\"font-family: arial, helvetica, sans-serif;\">La megacolecci\u00f3n contiene:<\/span><\/p>\n<ul>\n<li><span style=\"font-family: arial, helvetica, sans-serif;\">\u00c1lbum vac\u00edo en tapa blanda a full color.<\/span><\/li>\n<li><span style=\"font-family: arial, helvetica, sans-serif;\">1148 figuras stickers para pegar.<\/span><\/li>\n<li><span style=\"font-family: arial, helvetica, sans-serif;\">45\/45 cards.<\/span><\/li>\n<\/ul>","protected":false},"featured_media":36015,"template":"","meta":[],"product_brand":[],"product_cat":[219,228],"product_tag":[],"class_list":{"0":"post-36014","1":"product","2":"type-product","3":"status-publish","4":"has-post-thumbnail","6":"product_cat-albumes-completos","7":"product_cat-mega-colecciones","9":"first","10":"instock","11":"shipping-taxable","12":"purchasable","13":"product-type-simple"},"yoast_head":"<!-- This site is optimized with the Yoast SEO Premium plugin v23.5 (Yoast SEO v27.4) - https:\/\/yoast.com\/product\/yoast-seo-premium-wordpress\/ -->\n<title>Album Digimon Universe Enciclopedia Definitiva Completo<\/title>\n<meta name=\"description\" content=\"album digimon universe enciclopedia definitiva completo con figuras y cards para pegar ideal para fans del anime y coleccionistas de digimon\" \/>\n<meta name=\"robots\" content=\"index, follow, max-snippet:-1, max-image-preview:large, max-video-preview:-1\" \/>\n<link rel=\"canonical\" href=\"https:\/\/megacolecciones.pe\/en\/product\/album-digimon-universe-enciclopedia-definitiva-set-completo-de-figuras-y-cards\/\" \/>\n<meta property=\"og:locale\" content=\"en_US\" \/>\n<meta property=\"og:type\" content=\"article\" \/>\n<meta property=\"og:title\" content=\"\u00c1lbum Digimon Universe: Enciclopedia Definitiva + Set completo de figuras y cards\" \/>\n<meta property=\"og:description\" content=\"album digimon universe enciclopedia definitiva completo con figuras y cards para pegar ideal para fans del anime y coleccionistas de digimon\" \/>\n<meta property=\"og:url\" content=\"https:\/\/megacolecciones.pe\/en\/product\/album-digimon-universe-enciclopedia-definitiva-set-completo-de-figuras-y-cards\/\" \/>\n<meta property=\"og:site_name\" content=\"Megacolecciones\" \/>\n<meta property=\"article:publisher\" content=\"https:\/\/www.facebook.com\/megacolecciones\" \/>\n<meta property=\"article:modified_time\" content=\"2026-04-09T21:30:51+00:00\" \/>\n<meta property=\"og:image\" content=\"https:\/\/megacolecciones.pe\/wp-content\/uploads\/2026\/04\/digimonn-1024x1024.jpg\" \/>\n\t<meta property=\"og:image:width\" content=\"1024\" \/>\n\t<meta property=\"og:image:height\" content=\"1024\" \/>\n\t<meta property=\"og:image:type\" content=\"image\/jpeg\" \/>\n<meta name=\"twitter:card\" content=\"summary_large_image\" \/>\n<meta name=\"twitter:label1\" content=\"Price\" \/>\n\t<meta name=\"twitter:data1\" content=\"S\/150.00\" \/>\n\t<meta name=\"twitter:label2\" content=\"Availability\" \/>\n\t<meta name=\"twitter:data2\" content=\"In stock\" \/>\n<script type=\"application\/ld+json\" class=\"yoast-schema-graph\">{\"@context\":\"https:\\\/\\\/schema.org\",\"@graph\":[{\"@type\":\"WebPage\",\"@id\":\"https:\\\/\\\/megacolecciones.pe\\\/producto\\\/album-digimon-universe-enciclopedia-definitiva-set-completo-de-figuras-y-cards\\\/\",\"url\":\"https:\\\/\\\/megacolecciones.pe\\\/producto\\\/album-digimon-universe-enciclopedia-definitiva-set-completo-de-figuras-y-cards\\\/\",\"name\":\"Album Digimon Universe Enciclopedia Definitiva Completo\",\"isPartOf\":{\"@id\":\"https:\\\/\\\/megacolecciones.pe\\\/#website\"},\"primaryImageOfPage\":{\"@id\":\"https:\\\/\\\/megacolecciones.pe\\\/producto\\\/album-digimon-universe-enciclopedia-definitiva-set-completo-de-figuras-y-cards\\\/#primaryimage\"},\"image\":{\"@id\":\"https:\\\/\\\/megacolecciones.pe\\\/producto\\\/album-digimon-universe-enciclopedia-definitiva-set-completo-de-figuras-y-cards\\\/#primaryimage\"},\"thumbnailUrl\":\"https:\\\/\\\/megacolecciones.pe\\\/wp-content\\\/uploads\\\/2026\\\/04\\\/digimonn.jpg\",\"datePublished\":\"2026-04-09T21:30:50+00:00\",\"dateModified\":\"2026-04-09T21:30:51+00:00\",\"description\":\"album digimon universe enciclopedia definitiva completo con figuras y cards para pegar ideal para fans del anime y coleccionistas de digimon\",\"breadcrumb\":{\"@id\":\"https:\\\/\\\/megacolecciones.pe\\\/producto\\\/album-digimon-universe-enciclopedia-definitiva-set-completo-de-figuras-y-cards\\\/#breadcrumb\"},\"inLanguage\":\"en-US\",\"potentialAction\":[{\"@type\":\"ReadAction\",\"target\":[\"https:\\\/\\\/megacolecciones.pe\\\/producto\\\/album-digimon-universe-enciclopedia-definitiva-set-completo-de-figuras-y-cards\\\/\"]}]},{\"@type\":\"ImageObject\",\"inLanguage\":\"en-US\",\"@id\":\"https:\\\/\\\/megacolecciones.pe\\\/producto\\\/album-digimon-universe-enciclopedia-definitiva-set-completo-de-figuras-y-cards\\\/#primaryimage\",\"url\":\"https:\\\/\\\/megacolecciones.pe\\\/wp-content\\\/uploads\\\/2026\\\/04\\\/digimonn.jpg\",\"contentUrl\":\"https:\\\/\\\/megacolecciones.pe\\\/wp-content\\\/uploads\\\/2026\\\/04\\\/digimonn.jpg\",\"width\":2400,\"height\":2400},{\"@type\":\"BreadcrumbList\",\"@id\":\"https:\\\/\\\/megacolecciones.pe\\\/producto\\\/album-digimon-universe-enciclopedia-definitiva-set-completo-de-figuras-y-cards\\\/#breadcrumb\",\"itemListElement\":[{\"@type\":\"ListItem\",\"position\":1,\"name\":\"Home\",\"item\":\"https:\\\/\\\/megacolecciones.pe\\\/\"},{\"@type\":\"ListItem\",\"position\":2,\"name\":\"Tienda\",\"item\":\"https:\\\/\\\/megacolecciones.pe\\\/tienda\\\/\"},{\"@type\":\"ListItem\",\"position\":3,\"name\":\"\u00c1lbum Digimon Universe: Enciclopedia Definitiva + Set completo de figuras y cards\"}]},{\"@type\":\"WebSite\",\"@id\":\"https:\\\/\\\/megacolecciones.pe\\\/#website\",\"url\":\"https:\\\/\\\/megacolecciones.pe\\\/\",\"name\":\"Mega Colecciones\",\"description\":\"Tienda de \u00e1lbumes, taps y cards\",\"publisher\":{\"@id\":\"https:\\\/\\\/megacolecciones.pe\\\/#organization\"},\"potentialAction\":[{\"@type\":\"SearchAction\",\"target\":{\"@type\":\"EntryPoint\",\"urlTemplate\":\"https:\\\/\\\/megacolecciones.pe\\\/?s={search_term_string}\"},\"query-input\":{\"@type\":\"PropertyValueSpecification\",\"valueRequired\":true,\"valueName\":\"search_term_string\"}}],\"inLanguage\":\"en-US\"},{\"@type\":\"Organization\",\"@id\":\"https:\\\/\\\/megacolecciones.pe\\\/#organization\",\"name\":\"Mega Colecciones\",\"url\":\"https:\\\/\\\/megacolecciones.pe\\\/\",\"logo\":{\"@type\":\"ImageObject\",\"inLanguage\":\"en-US\",\"@id\":\"https:\\\/\\\/megacolecciones.pe\\\/#\\\/schema\\\/logo\\\/image\\\/\",\"url\":\"http:\\\/\\\/megacolecciones.pe\\\/wp-content\\\/uploads\\\/2023\\\/09\\\/logo-mega.png\",\"contentUrl\":\"http:\\\/\\\/megacolecciones.pe\\\/wp-content\\\/uploads\\\/2023\\\/09\\\/logo-mega.png\",\"width\":285,\"height\":100,\"caption\":\"Mega Colecciones\"},\"image\":{\"@id\":\"https:\\\/\\\/megacolecciones.pe\\\/#\\\/schema\\\/logo\\\/image\\\/\"},\"sameAs\":[\"https:\\\/\\\/www.facebook.com\\\/megacolecciones\",\"https:\\\/\\\/www.instagram.com\\\/megacolecciones\\\/\"],\"hasMerchantReturnPolicy\":{\"@type\":\"MerchantReturnPolicy\",\"merchantReturnLink\":\"https:\\\/\\\/megacolecciones.pe\\\/en\\\/terminos-y-condiciones\\\/\"}}]}<\/script>\n<meta property=\"product:price:amount\" content=\"150.00\" \/>\n<meta property=\"product:price:currency\" content=\"PEN\" \/>\n<meta property=\"og:availability\" content=\"instock\" \/>\n<meta property=\"product:availability\" content=\"instock\" \/>\n<meta property=\"product:condition\" content=\"new\" \/>\n<!-- \/ Yoast SEO Premium plugin. -->","yoast_head_json":{"title":"Album Digimon Universe Enciclopedia Definitiva Completo","description":"album digimon universe enciclopedia definitiva completo con figuras y cards para pegar ideal para fans del anime y coleccionistas de digimon","robots":{"index":"index","follow":"follow","max-snippet":"max-snippet:-1","max-image-preview":"max-image-preview:large","max-video-preview":"max-video-preview:-1"},"canonical":"https:\/\/megacolecciones.pe\/en\/product\/album-digimon-universe-enciclopedia-definitiva-set-completo-de-figuras-y-cards\/","og_locale":"en_US","og_type":"article","og_title":"\u00c1lbum Digimon Universe: Enciclopedia Definitiva + Set completo de figuras y cards","og_description":"album digimon universe enciclopedia definitiva completo con figuras y cards para pegar ideal para fans del anime y coleccionistas de digimon","og_url":"https:\/\/megacolecciones.pe\/en\/product\/album-digimon-universe-enciclopedia-definitiva-set-completo-de-figuras-y-cards\/","og_site_name":"Megacolecciones","article_publisher":"https:\/\/www.facebook.com\/megacolecciones","article_modified_time":"2026-04-09T21:30:51+00:00","og_image":[{"width":1024,"height":1024,"url":"https:\/\/megacolecciones.pe\/wp-content\/uploads\/2026\/04\/digimonn-1024x1024.jpg","type":"image\/jpeg"}],"twitter_card":"summary_large_image","twitter_misc":{"Price":"S\/150.00","Availability":"In stock"},"schema":{"@context":"https:\/\/schema.org","@graph":[{"@type":"WebPage","@id":"https:\/\/megacolecciones.pe\/producto\/album-digimon-universe-enciclopedia-definitiva-set-completo-de-figuras-y-cards\/","url":"https:\/\/megacolecciones.pe\/producto\/album-digimon-universe-enciclopedia-definitiva-set-completo-de-figuras-y-cards\/","name":"Album Digimon Universe Enciclopedia Definitiva Completo","isPartOf":{"@id":"https:\/\/megacolecciones.pe\/#website"},"primaryImageOfPage":{"@id":"https:\/\/megacolecciones.pe\/producto\/album-digimon-universe-enciclopedia-definitiva-set-completo-de-figuras-y-cards\/#primaryimage"},"image":{"@id":"https:\/\/megacolecciones.pe\/producto\/album-digimon-universe-enciclopedia-definitiva-set-completo-de-figuras-y-cards\/#primaryimage"},"thumbnailUrl":"https:\/\/megacolecciones.pe\/wp-content\/uploads\/2026\/04\/digimonn.jpg","datePublished":"2026-04-09T21:30:50+00:00","dateModified":"2026-04-09T21:30:51+00:00","description":"album digimon universe enciclopedia definitiva completo con figuras y cards para pegar ideal para fans del anime y coleccionistas de digimon","breadcrumb":{"@id":"https:\/\/megacolecciones.pe\/producto\/album-digimon-universe-enciclopedia-definitiva-set-completo-de-figuras-y-cards\/#breadcrumb"},"inLanguage":"en-US","potentialAction":[{"@type":"ReadAction","target":["https:\/\/megacolecciones.pe\/producto\/album-digimon-universe-enciclopedia-definitiva-set-completo-de-figuras-y-cards\/"]}]},{"@type":"ImageObject","inLanguage":"en-US","@id":"https:\/\/megacolecciones.pe\/producto\/album-digimon-universe-enciclopedia-definitiva-set-completo-de-figuras-y-cards\/#primaryimage","url":"https:\/\/megacolecciones.pe\/wp-content\/uploads\/2026\/04\/digimonn.jpg","contentUrl":"https:\/\/megacolecciones.pe\/wp-content\/uploads\/2026\/04\/digimonn.jpg","width":2400,"height":2400},{"@type":"BreadcrumbList","@id":"https:\/\/megacolecciones.pe\/producto\/album-digimon-universe-enciclopedia-definitiva-set-completo-de-figuras-y-cards\/#breadcrumb","itemListElement":[{"@type":"ListItem","position":1,"name":"Home","item":"https:\/\/megacolecciones.pe\/"},{"@type":"ListItem","position":2,"name":"Tienda","item":"https:\/\/megacolecciones.pe\/tienda\/"},{"@type":"ListItem","position":3,"name":"\u00c1lbum Digimon Universe: Enciclopedia Definitiva + Set completo de figuras y cards"}]},{"@type":"WebSite","@id":"https:\/\/megacolecciones.pe\/#website","url":"https:\/\/megacolecciones.pe\/","name":"Mega Collections","description":"Tienda de \u00e1lbumes, taps y cards","publisher":{"@id":"https:\/\/megacolecciones.pe\/#organization"},"potentialAction":[{"@type":"SearchAction","target":{"@type":"EntryPoint","urlTemplate":"https:\/\/megacolecciones.pe\/?s={search_term_string}"},"query-input":{"@type":"PropertyValueSpecification","valueRequired":true,"valueName":"search_term_string"}}],"inLanguage":"en-US"},{"@type":"Organization","@id":"https:\/\/megacolecciones.pe\/#organization","name":"Mega Collections","url":"https:\/\/megacolecciones.pe\/","logo":{"@type":"ImageObject","inLanguage":"en-US","@id":"https:\/\/megacolecciones.pe\/#\/schema\/logo\/image\/","url":"http:\/\/megacolecciones.pe\/wp-content\/uploads\/2023\/09\/logo-mega.png","contentUrl":"http:\/\/megacolecciones.pe\/wp-content\/uploads\/2023\/09\/logo-mega.png","width":285,"height":100,"caption":"Mega Colecciones"},"image":{"@id":"https:\/\/megacolecciones.pe\/#\/schema\/logo\/image\/"},"sameAs":["https:\/\/www.facebook.com\/megacolecciones","https:\/\/www.instagram.com\/megacolecciones\/"],"hasMerchantReturnPolicy":{"@type":"MerchantReturnPolicy","merchantReturnLink":"https:\/\/megacolecciones.pe\/en\/terminos-y-condiciones\/"}}]},"product_price_amount":"150.00","product_price_currency":"PEN","og_availability":"instock","product_availability":"instock","product_condition":"new"},"_links":{"self":[{"href":"https:\/\/megacolecciones.pe\/en\/wp-json\/wp\/v2\/product\/36014","targetHints":{"allow":["GET"]}}],"collection":[{"href":"https:\/\/megacolecciones.pe\/en\/wp-json\/wp\/v2\/product"}],"about":[{"href":"https:\/\/megacolecciones.pe\/en\/wp-json\/wp\/v2\/types\/product"}],"version-history":[{"count":1,"href":"https:\/\/megacolecciones.pe\/en\/wp-json\/wp\/v2\/product\/36014\/revisions"}],"predecessor-version":[{"id":36016,"href":"https:\/\/megacolecciones.pe\/en\/wp-json\/wp\/v2\/product\/36014\/revisions\/36016"}],"wp:featuredmedia":[{"embeddable":true,"href":"https:\/\/megacolecciones.pe\/en\/wp-json\/wp\/v2\/media\/36015"}],"wp:attachment":[{"href":"https:\/\/megacolecciones.pe\/en\/wp-json\/wp\/v2\/media?parent=36014"}],"wp:term":[{"taxonomy":"product_brand","embeddable":true,"href":"https:\/\/megacolecciones.pe\/en\/wp-json\/wp\/v2\/product_brand?post=36014"},{"taxonomy":"product_cat","embeddable":true,"href":"https:\/\/megacolecciones.pe\/en\/wp-json\/wp\/v2\/product_cat?post=36014"},{"taxonomy":"product_tag","embeddable":true,"href":"https:\/\/megacolecciones.pe\/en\/wp-json\/wp\/v2\/product_tag?post=36014"}],"curies":[{"name":"wp","href":"https:\/\/api.w.org\/{rel}","templated":true}]}}