{"id":36004,"date":"2026-04-09T15:47:02","date_gmt":"2026-04-09T20:47:02","guid":{"rendered":"https:\/\/megacolecciones.pe\/?post_type=product&#038;p=36004"},"modified":"2026-04-09T15:47:02","modified_gmt":"2026-04-09T20:47:02","slug":"album-tapa-dura-spiderman-panini-set-completo-de-figuras-para-pegar","status":"publish","type":"product","link":"https:\/\/megacolecciones.pe\/en\/product\/album-tapa-dura-spiderman-panini-set-completo-de-figuras-para-pegar\/","title":{"rendered":"\u00c1lbum Tapa Dura Spiderman (Panini) + Set completo de figuras para pegar"},"content":{"rendered":"<p data-start=\"366\" data-end=\"598\"><span style=\"font-family: arial, helvetica, sans-serif;\">Celebra la historia de uno de los superh\u00e9roes m\u00e1s ic\u00f3nicos con el <strong data-start=\"432\" data-end=\"524\">\u00c1lbum Tapa Dura Spiderman 60 Aniversario \u2013 Edici\u00f3n <span class=\"hover:entity-accent entity-underline inline cursor-pointer align-baseline\"><span class=\"whitespace-normal\">Panini<\/span><\/span><\/strong>, una colecci\u00f3n especial dedicada a <span class=\"hover:entity-accent entity-underline inline cursor-pointer align-baseline\"><span class=\"whitespace-normal\">Spider-Man<\/span><\/span>.<\/span><\/p>\n<p data-start=\"600\" data-end=\"766\"><span style=\"font-family: arial, helvetica, sans-serif;\">Este \u00e1lbum re\u00fane momentos, personajes y escenas representativas a lo largo de la trayectoria de Spiderman, destacando su evoluci\u00f3n y legado en el mundo de los c\u00f3mics.<\/span><\/p>\n<p data-start=\"768\" data-end=\"883\"><span style=\"font-family: arial, helvetica, sans-serif;\">Su formato <strong data-start=\"779\" data-end=\"792\">tapa dura<\/strong> ofrece una presentaci\u00f3n premium, mayor durabilidad y un acabado ideal para coleccionistas.<\/span><\/p>\n<p data-start=\"885\" data-end=\"1020\"><span style=\"font-family: arial, helvetica, sans-serif;\">Incluye <strong data-start=\"893\" data-end=\"934\">el set completo de figuras para pegar<\/strong>, permiti\u00e9ndote completar el \u00e1lbum desde el inicio sin depender de sobres adicionales.<\/span><\/p>\n<p data-start=\"1022\" data-end=\"1033\"><span style=\"font-family: arial, helvetica, sans-serif;\">Ideal para:<\/span><\/p>\n<ul data-start=\"1034\" data-end=\"1140\">\n<li data-section-id=\"143jcko\" data-start=\"1034\" data-end=\"1055\"><span style=\"font-family: arial, helvetica, sans-serif;\">Fans de Spiderman<\/span><\/li>\n<li data-section-id=\"legxun\" data-start=\"1056\" data-end=\"1098\"><span style=\"font-family: arial, helvetica, sans-serif;\">Coleccionistas de ediciones especiales<\/span><\/li>\n<li data-section-id=\"233961\" data-start=\"1099\" data-end=\"1120\"><span style=\"font-family: arial, helvetica, sans-serif;\">Amantes de Marvel<\/span><\/li>\n<li data-section-id=\"1kxwogi\" data-start=\"1121\" data-end=\"1140\"><span style=\"font-family: arial, helvetica, sans-serif;\">Regalos premium<\/span><\/li>\n<\/ul>\n<p data-start=\"1142\" data-end=\"1201\"><span style=\"font-family: arial, helvetica, sans-serif;\">Una colecci\u00f3n \u00fanica para conmemorar el legado de Spiderman.<\/span><\/p>","protected":false},"excerpt":{"rendered":"<p><span style=\"font-family: arial, helvetica, sans-serif;\">La megacolecci\u00f3n incluye:<\/span><\/p>\n<ul>\n<li><span style=\"font-family: arial, helvetica, sans-serif;\">\u00c1lbum Tapa Dura vac\u00edo a full color con 48 p\u00e1ginas.<\/span><\/li>\n<li><span style=\"font-family: arial, helvetica, sans-serif;\">Set completo de figuras para pegar entre normales y especiales.<\/span><\/li>\n<li><span style=\"font-family: arial, helvetica, sans-serif;\">1 portacards.<\/span><\/li>\n<\/ul>","protected":false},"featured_media":36005,"template":"","meta":[],"product_brand":[],"product_cat":[230,234],"product_tag":[],"class_list":{"0":"post-36004","1":"product","2":"type-product","3":"status-publish","4":"has-post-thumbnail","6":"product_cat-colecciones-licenciadas","7":"product_cat-colecciones-panini","9":"first","10":"instock","11":"shipping-taxable","12":"purchasable","13":"product-type-simple"},"yoast_head":"<!-- This site is optimized with the Yoast SEO Premium plugin v23.5 (Yoast SEO v27.4) - https:\/\/yoast.com\/product\/yoast-seo-premium-wordpress\/ -->\n<title>Album Spiderman Panini Tapa Dura 60 Aniversario Completo<\/title>\n<meta name=\"description\" content=\"album spiderman panini tapa dura 60 aniversario completo con figuras para pegar ideal para fans de spiderman y coleccionistas edicion especial\" \/>\n<meta name=\"robots\" content=\"index, follow, max-snippet:-1, max-image-preview:large, max-video-preview:-1\" \/>\n<link rel=\"canonical\" href=\"https:\/\/megacolecciones.pe\/en\/product\/album-tapa-dura-spiderman-panini-set-completo-de-figuras-para-pegar\/\" \/>\n<meta property=\"og:locale\" content=\"en_US\" \/>\n<meta property=\"og:type\" content=\"article\" \/>\n<meta property=\"og:title\" content=\"\u00c1lbum Tapa Dura Spiderman (Panini) + Set completo de figuras para pegar\" \/>\n<meta property=\"og:description\" content=\"album spiderman panini tapa dura 60 aniversario completo con figuras para pegar ideal para fans de spiderman y coleccionistas edicion especial\" \/>\n<meta property=\"og:url\" content=\"https:\/\/megacolecciones.pe\/en\/product\/album-tapa-dura-spiderman-panini-set-completo-de-figuras-para-pegar\/\" \/>\n<meta property=\"og:site_name\" content=\"Megacolecciones\" \/>\n<meta property=\"article:publisher\" content=\"https:\/\/www.facebook.com\/megacolecciones\" \/>\n<meta property=\"og:image\" content=\"https:\/\/megacolecciones.pe\/wp-content\/uploads\/2026\/04\/spidermanpanini-1024x1024.jpg\" \/>\n\t<meta property=\"og:image:width\" content=\"1024\" \/>\n\t<meta property=\"og:image:height\" content=\"1024\" \/>\n\t<meta property=\"og:image:type\" content=\"image\/jpeg\" \/>\n<meta name=\"twitter:card\" content=\"summary_large_image\" \/>\n<meta name=\"twitter:label1\" content=\"Price\" \/>\n\t<meta name=\"twitter:data1\" content=\"S\/250.00\" \/>\n\t<meta name=\"twitter:label2\" content=\"Availability\" \/>\n\t<meta name=\"twitter:data2\" content=\"In stock\" \/>\n<script type=\"application\/ld+json\" class=\"yoast-schema-graph\">{\"@context\":\"https:\\\/\\\/schema.org\",\"@graph\":[{\"@type\":\"WebPage\",\"@id\":\"https:\\\/\\\/megacolecciones.pe\\\/producto\\\/album-tapa-dura-spiderman-panini-set-completo-de-figuras-para-pegar\\\/\",\"url\":\"https:\\\/\\\/megacolecciones.pe\\\/producto\\\/album-tapa-dura-spiderman-panini-set-completo-de-figuras-para-pegar\\\/\",\"name\":\"Album Spiderman Panini Tapa Dura 60 Aniversario Completo\",\"isPartOf\":{\"@id\":\"https:\\\/\\\/megacolecciones.pe\\\/#website\"},\"primaryImageOfPage\":{\"@id\":\"https:\\\/\\\/megacolecciones.pe\\\/producto\\\/album-tapa-dura-spiderman-panini-set-completo-de-figuras-para-pegar\\\/#primaryimage\"},\"image\":{\"@id\":\"https:\\\/\\\/megacolecciones.pe\\\/producto\\\/album-tapa-dura-spiderman-panini-set-completo-de-figuras-para-pegar\\\/#primaryimage\"},\"thumbnailUrl\":\"https:\\\/\\\/megacolecciones.pe\\\/wp-content\\\/uploads\\\/2026\\\/04\\\/spidermanpanini.jpg\",\"datePublished\":\"2026-04-09T20:47:02+00:00\",\"description\":\"album spiderman panini tapa dura 60 aniversario completo con figuras para pegar ideal para fans de spiderman y coleccionistas edicion especial\",\"breadcrumb\":{\"@id\":\"https:\\\/\\\/megacolecciones.pe\\\/producto\\\/album-tapa-dura-spiderman-panini-set-completo-de-figuras-para-pegar\\\/#breadcrumb\"},\"inLanguage\":\"en-US\",\"potentialAction\":[{\"@type\":\"ReadAction\",\"target\":[\"https:\\\/\\\/megacolecciones.pe\\\/producto\\\/album-tapa-dura-spiderman-panini-set-completo-de-figuras-para-pegar\\\/\"]}]},{\"@type\":\"ImageObject\",\"inLanguage\":\"en-US\",\"@id\":\"https:\\\/\\\/megacolecciones.pe\\\/producto\\\/album-tapa-dura-spiderman-panini-set-completo-de-figuras-para-pegar\\\/#primaryimage\",\"url\":\"https:\\\/\\\/megacolecciones.pe\\\/wp-content\\\/uploads\\\/2026\\\/04\\\/spidermanpanini.jpg\",\"contentUrl\":\"https:\\\/\\\/megacolecciones.pe\\\/wp-content\\\/uploads\\\/2026\\\/04\\\/spidermanpanini.jpg\",\"width\":2400,\"height\":2400},{\"@type\":\"BreadcrumbList\",\"@id\":\"https:\\\/\\\/megacolecciones.pe\\\/producto\\\/album-tapa-dura-spiderman-panini-set-completo-de-figuras-para-pegar\\\/#breadcrumb\",\"itemListElement\":[{\"@type\":\"ListItem\",\"position\":1,\"name\":\"Home\",\"item\":\"https:\\\/\\\/megacolecciones.pe\\\/\"},{\"@type\":\"ListItem\",\"position\":2,\"name\":\"Tienda\",\"item\":\"https:\\\/\\\/megacolecciones.pe\\\/tienda\\\/\"},{\"@type\":\"ListItem\",\"position\":3,\"name\":\"\u00c1lbum Tapa Dura Spiderman (Panini) + Set completo de figuras para pegar\"}]},{\"@type\":\"WebSite\",\"@id\":\"https:\\\/\\\/megacolecciones.pe\\\/#website\",\"url\":\"https:\\\/\\\/megacolecciones.pe\\\/\",\"name\":\"Mega Colecciones\",\"description\":\"Tienda de \u00e1lbumes, taps y cards\",\"publisher\":{\"@id\":\"https:\\\/\\\/megacolecciones.pe\\\/#organization\"},\"potentialAction\":[{\"@type\":\"SearchAction\",\"target\":{\"@type\":\"EntryPoint\",\"urlTemplate\":\"https:\\\/\\\/megacolecciones.pe\\\/?s={search_term_string}\"},\"query-input\":{\"@type\":\"PropertyValueSpecification\",\"valueRequired\":true,\"valueName\":\"search_term_string\"}}],\"inLanguage\":\"en-US\"},{\"@type\":\"Organization\",\"@id\":\"https:\\\/\\\/megacolecciones.pe\\\/#organization\",\"name\":\"Mega Colecciones\",\"url\":\"https:\\\/\\\/megacolecciones.pe\\\/\",\"logo\":{\"@type\":\"ImageObject\",\"inLanguage\":\"en-US\",\"@id\":\"https:\\\/\\\/megacolecciones.pe\\\/#\\\/schema\\\/logo\\\/image\\\/\",\"url\":\"http:\\\/\\\/megacolecciones.pe\\\/wp-content\\\/uploads\\\/2023\\\/09\\\/logo-mega.png\",\"contentUrl\":\"http:\\\/\\\/megacolecciones.pe\\\/wp-content\\\/uploads\\\/2023\\\/09\\\/logo-mega.png\",\"width\":285,\"height\":100,\"caption\":\"Mega Colecciones\"},\"image\":{\"@id\":\"https:\\\/\\\/megacolecciones.pe\\\/#\\\/schema\\\/logo\\\/image\\\/\"},\"sameAs\":[\"https:\\\/\\\/www.facebook.com\\\/megacolecciones\",\"https:\\\/\\\/www.instagram.com\\\/megacolecciones\\\/\"],\"hasMerchantReturnPolicy\":{\"@type\":\"MerchantReturnPolicy\",\"merchantReturnLink\":\"https:\\\/\\\/megacolecciones.pe\\\/en\\\/terminos-y-condiciones\\\/\"}}]}<\/script>\n<meta property=\"product:price:amount\" content=\"250.00\" \/>\n<meta property=\"product:price:currency\" content=\"PEN\" \/>\n<meta property=\"og:availability\" content=\"instock\" \/>\n<meta property=\"product:availability\" content=\"instock\" \/>\n<meta property=\"product:condition\" content=\"new\" \/>\n<!-- \/ Yoast SEO Premium plugin. -->","yoast_head_json":{"title":"Album Spiderman Panini Tapa Dura 60 Aniversario Completo","description":"album spiderman panini tapa dura 60 aniversario completo con figuras para pegar ideal para fans de spiderman y coleccionistas edicion especial","robots":{"index":"index","follow":"follow","max-snippet":"max-snippet:-1","max-image-preview":"max-image-preview:large","max-video-preview":"max-video-preview:-1"},"canonical":"https:\/\/megacolecciones.pe\/en\/product\/album-tapa-dura-spiderman-panini-set-completo-de-figuras-para-pegar\/","og_locale":"en_US","og_type":"article","og_title":"\u00c1lbum Tapa Dura Spiderman (Panini) + Set completo de figuras para pegar","og_description":"album spiderman panini tapa dura 60 aniversario completo con figuras para pegar ideal para fans de spiderman y coleccionistas edicion especial","og_url":"https:\/\/megacolecciones.pe\/en\/product\/album-tapa-dura-spiderman-panini-set-completo-de-figuras-para-pegar\/","og_site_name":"Megacolecciones","article_publisher":"https:\/\/www.facebook.com\/megacolecciones","og_image":[{"width":1024,"height":1024,"url":"https:\/\/megacolecciones.pe\/wp-content\/uploads\/2026\/04\/spidermanpanini-1024x1024.jpg","type":"image\/jpeg"}],"twitter_card":"summary_large_image","twitter_misc":{"Price":"S\/250.00","Availability":"In stock"},"schema":{"@context":"https:\/\/schema.org","@graph":[{"@type":"WebPage","@id":"https:\/\/megacolecciones.pe\/producto\/album-tapa-dura-spiderman-panini-set-completo-de-figuras-para-pegar\/","url":"https:\/\/megacolecciones.pe\/producto\/album-tapa-dura-spiderman-panini-set-completo-de-figuras-para-pegar\/","name":"Album Spiderman Panini Tapa Dura 60 Aniversario Completo","isPartOf":{"@id":"https:\/\/megacolecciones.pe\/#website"},"primaryImageOfPage":{"@id":"https:\/\/megacolecciones.pe\/producto\/album-tapa-dura-spiderman-panini-set-completo-de-figuras-para-pegar\/#primaryimage"},"image":{"@id":"https:\/\/megacolecciones.pe\/producto\/album-tapa-dura-spiderman-panini-set-completo-de-figuras-para-pegar\/#primaryimage"},"thumbnailUrl":"https:\/\/megacolecciones.pe\/wp-content\/uploads\/2026\/04\/spidermanpanini.jpg","datePublished":"2026-04-09T20:47:02+00:00","description":"album spiderman panini tapa dura 60 aniversario completo con figuras para pegar ideal para fans de spiderman y coleccionistas edicion especial","breadcrumb":{"@id":"https:\/\/megacolecciones.pe\/producto\/album-tapa-dura-spiderman-panini-set-completo-de-figuras-para-pegar\/#breadcrumb"},"inLanguage":"en-US","potentialAction":[{"@type":"ReadAction","target":["https:\/\/megacolecciones.pe\/producto\/album-tapa-dura-spiderman-panini-set-completo-de-figuras-para-pegar\/"]}]},{"@type":"ImageObject","inLanguage":"en-US","@id":"https:\/\/megacolecciones.pe\/producto\/album-tapa-dura-spiderman-panini-set-completo-de-figuras-para-pegar\/#primaryimage","url":"https:\/\/megacolecciones.pe\/wp-content\/uploads\/2026\/04\/spidermanpanini.jpg","contentUrl":"https:\/\/megacolecciones.pe\/wp-content\/uploads\/2026\/04\/spidermanpanini.jpg","width":2400,"height":2400},{"@type":"BreadcrumbList","@id":"https:\/\/megacolecciones.pe\/producto\/album-tapa-dura-spiderman-panini-set-completo-de-figuras-para-pegar\/#breadcrumb","itemListElement":[{"@type":"ListItem","position":1,"name":"Home","item":"https:\/\/megacolecciones.pe\/"},{"@type":"ListItem","position":2,"name":"Tienda","item":"https:\/\/megacolecciones.pe\/tienda\/"},{"@type":"ListItem","position":3,"name":"\u00c1lbum Tapa Dura Spiderman (Panini) + Set completo de figuras para pegar"}]},{"@type":"WebSite","@id":"https:\/\/megacolecciones.pe\/#website","url":"https:\/\/megacolecciones.pe\/","name":"Mega Collections","description":"Tienda de \u00e1lbumes, taps y cards","publisher":{"@id":"https:\/\/megacolecciones.pe\/#organization"},"potentialAction":[{"@type":"SearchAction","target":{"@type":"EntryPoint","urlTemplate":"https:\/\/megacolecciones.pe\/?s={search_term_string}"},"query-input":{"@type":"PropertyValueSpecification","valueRequired":true,"valueName":"search_term_string"}}],"inLanguage":"en-US"},{"@type":"Organization","@id":"https:\/\/megacolecciones.pe\/#organization","name":"Mega Collections","url":"https:\/\/megacolecciones.pe\/","logo":{"@type":"ImageObject","inLanguage":"en-US","@id":"https:\/\/megacolecciones.pe\/#\/schema\/logo\/image\/","url":"http:\/\/megacolecciones.pe\/wp-content\/uploads\/2023\/09\/logo-mega.png","contentUrl":"http:\/\/megacolecciones.pe\/wp-content\/uploads\/2023\/09\/logo-mega.png","width":285,"height":100,"caption":"Mega Colecciones"},"image":{"@id":"https:\/\/megacolecciones.pe\/#\/schema\/logo\/image\/"},"sameAs":["https:\/\/www.facebook.com\/megacolecciones","https:\/\/www.instagram.com\/megacolecciones\/"],"hasMerchantReturnPolicy":{"@type":"MerchantReturnPolicy","merchantReturnLink":"https:\/\/megacolecciones.pe\/en\/terminos-y-condiciones\/"}}]},"product_price_amount":"250.00","product_price_currency":"PEN","og_availability":"instock","product_availability":"instock","product_condition":"new"},"_links":{"self":[{"href":"https:\/\/megacolecciones.pe\/en\/wp-json\/wp\/v2\/product\/36004","targetHints":{"allow":["GET"]}}],"collection":[{"href":"https:\/\/megacolecciones.pe\/en\/wp-json\/wp\/v2\/product"}],"about":[{"href":"https:\/\/megacolecciones.pe\/en\/wp-json\/wp\/v2\/types\/product"}],"version-history":[{"count":1,"href":"https:\/\/megacolecciones.pe\/en\/wp-json\/wp\/v2\/product\/36004\/revisions"}],"predecessor-version":[{"id":36006,"href":"https:\/\/megacolecciones.pe\/en\/wp-json\/wp\/v2\/product\/36004\/revisions\/36006"}],"wp:featuredmedia":[{"embeddable":true,"href":"https:\/\/megacolecciones.pe\/en\/wp-json\/wp\/v2\/media\/36005"}],"wp:attachment":[{"href":"https:\/\/megacolecciones.pe\/en\/wp-json\/wp\/v2\/media?parent=36004"}],"wp:term":[{"taxonomy":"product_brand","embeddable":true,"href":"https:\/\/megacolecciones.pe\/en\/wp-json\/wp\/v2\/product_brand?post=36004"},{"taxonomy":"product_cat","embeddable":true,"href":"https:\/\/megacolecciones.pe\/en\/wp-json\/wp\/v2\/product_cat?post=36004"},{"taxonomy":"product_tag","embeddable":true,"href":"https:\/\/megacolecciones.pe\/en\/wp-json\/wp\/v2\/product_tag?post=36004"}],"curies":[{"name":"wp","href":"https:\/\/api.w.org\/{rel}","templated":true}]}}