{"id":35957,"date":"2026-04-07T11:57:29","date_gmt":"2026-04-07T16:57:29","guid":{"rendered":"https:\/\/megacolecciones.pe\/?post_type=product&#038;p=35957"},"modified":"2026-04-07T11:57:30","modified_gmt":"2026-04-07T16:57:30","slug":"album-marvel-comics-panini-tapa-blanda-completo","status":"publish","type":"product","link":"https:\/\/megacolecciones.pe\/en\/product\/album-marvel-comics-panini-tapa-blanda-completo\/","title":{"rendered":"\u00c1lbum Tapa Blanda Marvel Comics (Panini) + Set completo de figuras para pegar"},"content":{"rendered":"<p data-start=\"385\" data-end=\"576\"><span style=\"font-family: arial, helvetica, sans-serif;\">Sum\u00e9rgete en el universo de los superh\u00e9roes con el <strong data-start=\"436\" data-end=\"478\">\u00c1lbum Panini Tapa Blanda Marvel Comics<\/strong>, una colecci\u00f3n inspirada en los personajes m\u00e1s ic\u00f3nicos de <span class=\"hover:entity-accent entity-underline inline cursor-pointer align-baseline\"><span class=\"whitespace-normal\">Marvel Comics<\/span><\/span>.<\/span><\/p>\n<p data-start=\"578\" data-end=\"752\"><span style=\"font-family: arial, helvetica, sans-serif;\">Este \u00e1lbum re\u00fane h\u00e9roes y villanos legendarios como Spider-Man, Iron Man, Hulk, Capit\u00e1n Am\u00e9rica y muchos m\u00e1s, presentando escenas y momentos representativos del mundo Marvel.<\/span><\/p>\n<p data-start=\"754\" data-end=\"911\"><span style=\"font-family: arial, helvetica, sans-serif;\">Gracias a su formato <strong data-start=\"775\" data-end=\"790\">tapa blanda<\/strong>, es pr\u00e1ctico, ligero y perfecto para completar en cualquier lugar, manteniendo la experiencia cl\u00e1sica del coleccionismo.<\/span><\/p>\n<p data-start=\"913\" data-end=\"1061\"><span style=\"font-family: arial, helvetica, sans-serif;\">Incluye <strong data-start=\"921\" data-end=\"971\">el set completo de figuras stickers para pegar<\/strong>, permiti\u00e9ndote completar el \u00e1lbum desde el primer momento sin depender de sobres al azar.<\/span><\/p>\n<p data-start=\"1063\" data-end=\"1176\"><span style=\"font-family: arial, helvetica, sans-serif;\">La edici\u00f3n de <span class=\"hover:entity-accent entity-underline inline cursor-pointer align-baseline\"><span class=\"whitespace-normal\">Panini<\/span><\/span> garantiza calidad y dise\u00f1o, ideal para fans y coleccionistas.<\/span><\/p>","protected":false},"excerpt":{"rendered":"<p><span style=\"font-family: arial, helvetica, sans-serif;\">La megacolecci\u00f3n incluye:<\/span><\/p>\n<ul>\n<li><span style=\"font-family: arial, helvetica, sans-serif;\">\u00c1lbum tapa blanda vac\u00eda a full color de 48 p\u00e1ginas.<\/span><\/li>\n<li><span style=\"font-family: arial, helvetica, sans-serif;\">Set de figuras stickers para pegar.<\/span><\/li>\n<\/ul>","protected":false},"featured_media":35958,"template":"","meta":[],"product_brand":[],"product_cat":[230,234],"product_tag":[],"class_list":{"0":"post-35957","1":"product","2":"type-product","3":"status-publish","4":"has-post-thumbnail","6":"product_cat-colecciones-licenciadas","7":"product_cat-colecciones-panini","9":"first","10":"instock","11":"shipping-taxable","12":"purchasable","13":"product-type-simple"},"yoast_head":"<!-- This site is optimized with the Yoast SEO Premium plugin v23.5 (Yoast SEO v27.4) - https:\/\/yoast.com\/product\/yoast-seo-premium-wordpress\/ -->\n<title>Album Marvel Comics Panini Tapa Blanda Completo<\/title>\n<meta name=\"description\" content=\"Compra el album marvel comics panini tapa blanda completo con set de figuras para pegar. Ideal para fans de Marvel y coleccionistas.\" \/>\n<meta name=\"robots\" content=\"index, follow, max-snippet:-1, max-image-preview:large, max-video-preview:-1\" \/>\n<link rel=\"canonical\" href=\"https:\/\/megacolecciones.pe\/en\/product\/album-marvel-comics-panini-tapa-blanda-completo\/\" \/>\n<meta property=\"og:locale\" content=\"en_US\" \/>\n<meta property=\"og:type\" content=\"article\" \/>\n<meta property=\"og:title\" content=\"\u00c1lbum Tapa Blanda Marvel Comics (Panini) + Set completo de figuras para pegar\" \/>\n<meta property=\"og:description\" content=\"Compra el album marvel comics panini tapa blanda completo con set de figuras para pegar. Ideal para fans de Marvel y coleccionistas.\" \/>\n<meta property=\"og:url\" content=\"https:\/\/megacolecciones.pe\/en\/product\/album-marvel-comics-panini-tapa-blanda-completo\/\" \/>\n<meta property=\"og:site_name\" content=\"Megacolecciones\" \/>\n<meta property=\"article:publisher\" content=\"https:\/\/www.facebook.com\/megacolecciones\" \/>\n<meta property=\"article:modified_time\" content=\"2026-04-07T16:57:30+00:00\" \/>\n<meta property=\"og:image\" content=\"https:\/\/megacolecciones.pe\/wp-content\/uploads\/2026\/04\/1marvel-1024x1024.jpg\" \/>\n\t<meta property=\"og:image:width\" content=\"1024\" \/>\n\t<meta property=\"og:image:height\" content=\"1024\" \/>\n\t<meta property=\"og:image:type\" content=\"image\/jpeg\" \/>\n<meta name=\"twitter:card\" content=\"summary_large_image\" \/>\n<meta name=\"twitter:label1\" content=\"Price\" \/>\n\t<meta name=\"twitter:data1\" content=\"S\/180.00\" \/>\n\t<meta name=\"twitter:label2\" content=\"Availability\" \/>\n\t<meta name=\"twitter:data2\" content=\"In stock\" \/>\n<script type=\"application\/ld+json\" class=\"yoast-schema-graph\">{\"@context\":\"https:\\\/\\\/schema.org\",\"@graph\":[{\"@type\":\"WebPage\",\"@id\":\"https:\\\/\\\/megacolecciones.pe\\\/producto\\\/album-marvel-comics-panini-tapa-blanda-completo\\\/\",\"url\":\"https:\\\/\\\/megacolecciones.pe\\\/producto\\\/album-marvel-comics-panini-tapa-blanda-completo\\\/\",\"name\":\"Album Marvel Comics Panini Tapa Blanda Completo\",\"isPartOf\":{\"@id\":\"https:\\\/\\\/megacolecciones.pe\\\/#website\"},\"primaryImageOfPage\":{\"@id\":\"https:\\\/\\\/megacolecciones.pe\\\/producto\\\/album-marvel-comics-panini-tapa-blanda-completo\\\/#primaryimage\"},\"image\":{\"@id\":\"https:\\\/\\\/megacolecciones.pe\\\/producto\\\/album-marvel-comics-panini-tapa-blanda-completo\\\/#primaryimage\"},\"thumbnailUrl\":\"https:\\\/\\\/megacolecciones.pe\\\/wp-content\\\/uploads\\\/2026\\\/04\\\/1marvel.jpg\",\"datePublished\":\"2026-04-07T16:57:29+00:00\",\"dateModified\":\"2026-04-07T16:57:30+00:00\",\"description\":\"Compra el album marvel comics panini tapa blanda completo con set de figuras para pegar. Ideal para fans de Marvel y coleccionistas.\",\"breadcrumb\":{\"@id\":\"https:\\\/\\\/megacolecciones.pe\\\/producto\\\/album-marvel-comics-panini-tapa-blanda-completo\\\/#breadcrumb\"},\"inLanguage\":\"en-US\",\"potentialAction\":[{\"@type\":\"ReadAction\",\"target\":[\"https:\\\/\\\/megacolecciones.pe\\\/producto\\\/album-marvel-comics-panini-tapa-blanda-completo\\\/\"]}]},{\"@type\":\"ImageObject\",\"inLanguage\":\"en-US\",\"@id\":\"https:\\\/\\\/megacolecciones.pe\\\/producto\\\/album-marvel-comics-panini-tapa-blanda-completo\\\/#primaryimage\",\"url\":\"https:\\\/\\\/megacolecciones.pe\\\/wp-content\\\/uploads\\\/2026\\\/04\\\/1marvel.jpg\",\"contentUrl\":\"https:\\\/\\\/megacolecciones.pe\\\/wp-content\\\/uploads\\\/2026\\\/04\\\/1marvel.jpg\",\"width\":2400,\"height\":2400},{\"@type\":\"BreadcrumbList\",\"@id\":\"https:\\\/\\\/megacolecciones.pe\\\/producto\\\/album-marvel-comics-panini-tapa-blanda-completo\\\/#breadcrumb\",\"itemListElement\":[{\"@type\":\"ListItem\",\"position\":1,\"name\":\"Home\",\"item\":\"https:\\\/\\\/megacolecciones.pe\\\/\"},{\"@type\":\"ListItem\",\"position\":2,\"name\":\"Tienda\",\"item\":\"https:\\\/\\\/megacolecciones.pe\\\/tienda\\\/\"},{\"@type\":\"ListItem\",\"position\":3,\"name\":\"\u00c1lbum Tapa Blanda Marvel Comics (Panini) + Set completo de figuras para pegar\"}]},{\"@type\":\"WebSite\",\"@id\":\"https:\\\/\\\/megacolecciones.pe\\\/#website\",\"url\":\"https:\\\/\\\/megacolecciones.pe\\\/\",\"name\":\"Mega Colecciones\",\"description\":\"Tienda de \u00e1lbumes, taps y cards\",\"publisher\":{\"@id\":\"https:\\\/\\\/megacolecciones.pe\\\/#organization\"},\"potentialAction\":[{\"@type\":\"SearchAction\",\"target\":{\"@type\":\"EntryPoint\",\"urlTemplate\":\"https:\\\/\\\/megacolecciones.pe\\\/?s={search_term_string}\"},\"query-input\":{\"@type\":\"PropertyValueSpecification\",\"valueRequired\":true,\"valueName\":\"search_term_string\"}}],\"inLanguage\":\"en-US\"},{\"@type\":\"Organization\",\"@id\":\"https:\\\/\\\/megacolecciones.pe\\\/#organization\",\"name\":\"Mega Colecciones\",\"url\":\"https:\\\/\\\/megacolecciones.pe\\\/\",\"logo\":{\"@type\":\"ImageObject\",\"inLanguage\":\"en-US\",\"@id\":\"https:\\\/\\\/megacolecciones.pe\\\/#\\\/schema\\\/logo\\\/image\\\/\",\"url\":\"http:\\\/\\\/megacolecciones.pe\\\/wp-content\\\/uploads\\\/2023\\\/09\\\/logo-mega.png\",\"contentUrl\":\"http:\\\/\\\/megacolecciones.pe\\\/wp-content\\\/uploads\\\/2023\\\/09\\\/logo-mega.png\",\"width\":285,\"height\":100,\"caption\":\"Mega Colecciones\"},\"image\":{\"@id\":\"https:\\\/\\\/megacolecciones.pe\\\/#\\\/schema\\\/logo\\\/image\\\/\"},\"sameAs\":[\"https:\\\/\\\/www.facebook.com\\\/megacolecciones\",\"https:\\\/\\\/www.instagram.com\\\/megacolecciones\\\/\"],\"hasMerchantReturnPolicy\":{\"@type\":\"MerchantReturnPolicy\",\"merchantReturnLink\":\"https:\\\/\\\/megacolecciones.pe\\\/en\\\/terminos-y-condiciones\\\/\"}}]}<\/script>\n<meta property=\"product:price:amount\" content=\"180.00\" \/>\n<meta property=\"product:price:currency\" content=\"PEN\" \/>\n<meta property=\"og:availability\" content=\"instock\" \/>\n<meta property=\"product:availability\" content=\"instock\" \/>\n<meta property=\"product:condition\" content=\"new\" \/>\n<!-- \/ Yoast SEO Premium plugin. -->","yoast_head_json":{"title":"Album Marvel Comics Panini Tapa Blanda Completo","description":"Compra el album marvel comics panini tapa blanda completo con set de figuras para pegar. Ideal para fans de Marvel y coleccionistas.","robots":{"index":"index","follow":"follow","max-snippet":"max-snippet:-1","max-image-preview":"max-image-preview:large","max-video-preview":"max-video-preview:-1"},"canonical":"https:\/\/megacolecciones.pe\/en\/product\/album-marvel-comics-panini-tapa-blanda-completo\/","og_locale":"en_US","og_type":"article","og_title":"\u00c1lbum Tapa Blanda Marvel Comics (Panini) + Set completo de figuras para pegar","og_description":"Compra el album marvel comics panini tapa blanda completo con set de figuras para pegar. Ideal para fans de Marvel y coleccionistas.","og_url":"https:\/\/megacolecciones.pe\/en\/product\/album-marvel-comics-panini-tapa-blanda-completo\/","og_site_name":"Megacolecciones","article_publisher":"https:\/\/www.facebook.com\/megacolecciones","article_modified_time":"2026-04-07T16:57:30+00:00","og_image":[{"width":1024,"height":1024,"url":"https:\/\/megacolecciones.pe\/wp-content\/uploads\/2026\/04\/1marvel-1024x1024.jpg","type":"image\/jpeg"}],"twitter_card":"summary_large_image","twitter_misc":{"Price":"S\/180.00","Availability":"In stock"},"schema":{"@context":"https:\/\/schema.org","@graph":[{"@type":"WebPage","@id":"https:\/\/megacolecciones.pe\/producto\/album-marvel-comics-panini-tapa-blanda-completo\/","url":"https:\/\/megacolecciones.pe\/producto\/album-marvel-comics-panini-tapa-blanda-completo\/","name":"Album Marvel Comics Panini Tapa Blanda Completo","isPartOf":{"@id":"https:\/\/megacolecciones.pe\/#website"},"primaryImageOfPage":{"@id":"https:\/\/megacolecciones.pe\/producto\/album-marvel-comics-panini-tapa-blanda-completo\/#primaryimage"},"image":{"@id":"https:\/\/megacolecciones.pe\/producto\/album-marvel-comics-panini-tapa-blanda-completo\/#primaryimage"},"thumbnailUrl":"https:\/\/megacolecciones.pe\/wp-content\/uploads\/2026\/04\/1marvel.jpg","datePublished":"2026-04-07T16:57:29+00:00","dateModified":"2026-04-07T16:57:30+00:00","description":"Compra el album marvel comics panini tapa blanda completo con set de figuras para pegar. Ideal para fans de Marvel y coleccionistas.","breadcrumb":{"@id":"https:\/\/megacolecciones.pe\/producto\/album-marvel-comics-panini-tapa-blanda-completo\/#breadcrumb"},"inLanguage":"en-US","potentialAction":[{"@type":"ReadAction","target":["https:\/\/megacolecciones.pe\/producto\/album-marvel-comics-panini-tapa-blanda-completo\/"]}]},{"@type":"ImageObject","inLanguage":"en-US","@id":"https:\/\/megacolecciones.pe\/producto\/album-marvel-comics-panini-tapa-blanda-completo\/#primaryimage","url":"https:\/\/megacolecciones.pe\/wp-content\/uploads\/2026\/04\/1marvel.jpg","contentUrl":"https:\/\/megacolecciones.pe\/wp-content\/uploads\/2026\/04\/1marvel.jpg","width":2400,"height":2400},{"@type":"BreadcrumbList","@id":"https:\/\/megacolecciones.pe\/producto\/album-marvel-comics-panini-tapa-blanda-completo\/#breadcrumb","itemListElement":[{"@type":"ListItem","position":1,"name":"Home","item":"https:\/\/megacolecciones.pe\/"},{"@type":"ListItem","position":2,"name":"Tienda","item":"https:\/\/megacolecciones.pe\/tienda\/"},{"@type":"ListItem","position":3,"name":"\u00c1lbum Tapa Blanda Marvel Comics (Panini) + Set completo de figuras para pegar"}]},{"@type":"WebSite","@id":"https:\/\/megacolecciones.pe\/#website","url":"https:\/\/megacolecciones.pe\/","name":"Mega Collections","description":"Tienda de \u00e1lbumes, taps y cards","publisher":{"@id":"https:\/\/megacolecciones.pe\/#organization"},"potentialAction":[{"@type":"SearchAction","target":{"@type":"EntryPoint","urlTemplate":"https:\/\/megacolecciones.pe\/?s={search_term_string}"},"query-input":{"@type":"PropertyValueSpecification","valueRequired":true,"valueName":"search_term_string"}}],"inLanguage":"en-US"},{"@type":"Organization","@id":"https:\/\/megacolecciones.pe\/#organization","name":"Mega Collections","url":"https:\/\/megacolecciones.pe\/","logo":{"@type":"ImageObject","inLanguage":"en-US","@id":"https:\/\/megacolecciones.pe\/#\/schema\/logo\/image\/","url":"http:\/\/megacolecciones.pe\/wp-content\/uploads\/2023\/09\/logo-mega.png","contentUrl":"http:\/\/megacolecciones.pe\/wp-content\/uploads\/2023\/09\/logo-mega.png","width":285,"height":100,"caption":"Mega Colecciones"},"image":{"@id":"https:\/\/megacolecciones.pe\/#\/schema\/logo\/image\/"},"sameAs":["https:\/\/www.facebook.com\/megacolecciones","https:\/\/www.instagram.com\/megacolecciones\/"],"hasMerchantReturnPolicy":{"@type":"MerchantReturnPolicy","merchantReturnLink":"https:\/\/megacolecciones.pe\/en\/terminos-y-condiciones\/"}}]},"product_price_amount":"180.00","product_price_currency":"PEN","og_availability":"instock","product_availability":"instock","product_condition":"new"},"_links":{"self":[{"href":"https:\/\/megacolecciones.pe\/en\/wp-json\/wp\/v2\/product\/35957","targetHints":{"allow":["GET"]}}],"collection":[{"href":"https:\/\/megacolecciones.pe\/en\/wp-json\/wp\/v2\/product"}],"about":[{"href":"https:\/\/megacolecciones.pe\/en\/wp-json\/wp\/v2\/types\/product"}],"version-history":[{"count":1,"href":"https:\/\/megacolecciones.pe\/en\/wp-json\/wp\/v2\/product\/35957\/revisions"}],"predecessor-version":[{"id":35959,"href":"https:\/\/megacolecciones.pe\/en\/wp-json\/wp\/v2\/product\/35957\/revisions\/35959"}],"wp:featuredmedia":[{"embeddable":true,"href":"https:\/\/megacolecciones.pe\/en\/wp-json\/wp\/v2\/media\/35958"}],"wp:attachment":[{"href":"https:\/\/megacolecciones.pe\/en\/wp-json\/wp\/v2\/media?parent=35957"}],"wp:term":[{"taxonomy":"product_brand","embeddable":true,"href":"https:\/\/megacolecciones.pe\/en\/wp-json\/wp\/v2\/product_brand?post=35957"},{"taxonomy":"product_cat","embeddable":true,"href":"https:\/\/megacolecciones.pe\/en\/wp-json\/wp\/v2\/product_cat?post=35957"},{"taxonomy":"product_tag","embeddable":true,"href":"https:\/\/megacolecciones.pe\/en\/wp-json\/wp\/v2\/product_tag?post=35957"}],"curies":[{"name":"wp","href":"https:\/\/api.w.org\/{rel}","templated":true}]}}