{"id":35952,"date":"2026-04-07T11:47:28","date_gmt":"2026-04-07T16:47:28","guid":{"rendered":"https:\/\/megacolecciones.pe\/?post_type=product&#038;p=35952"},"modified":"2026-04-07T11:47:28","modified_gmt":"2026-04-07T16:47:28","slug":"album-copa-mundial-espana-82-set-de-figuras-stickers-para-pegar","status":"publish","type":"product","link":"https:\/\/megacolecciones.pe\/en\/product\/album-copa-mundial-espana-82-set-de-figuras-stickers-para-pegar\/","title":{"rendered":"\u00c1lbum Copa Mundial Espa\u00f1a 82 + Set de figuras stickers para pegar"},"content":{"rendered":"<p data-start=\"287\" data-end=\"449\"><span style=\"font-family: arial, helvetica, sans-serif;\">Revive uno de los mundiales m\u00e1s recordados con el <strong data-start=\"337\" data-end=\"369\">\u00c1lbum Copa Mundial Espa\u00f1a 82<\/strong>, una colecci\u00f3n inspirada en la hist\u00f3rica <span class=\"hover:entity-accent entity-underline inline cursor-pointer align-baseline\"><span class=\"whitespace-normal\">1982 FIFA World Cup<\/span><\/span>.<\/span><\/p>\n<p data-start=\"451\" data-end=\"621\"><span style=\"font-family: arial, helvetica, sans-serif;\">Este \u00e1lbum re\u00fane selecciones, jugadores, escudos y momentos ic\u00f3nicos del torneo, permiti\u00e9ndote viajar en el tiempo y disfrutar del f\u00fatbol cl\u00e1sico a trav\u00e9s de cada p\u00e1gina.<\/span><\/p>\n<p data-start=\"623\" data-end=\"779\"><span style=\"font-family: arial, helvetica, sans-serif;\">Incluye <strong data-start=\"631\" data-end=\"681\">el set completo de figuras stickers para pegar<\/strong>, lo que te permite completar el \u00e1lbum desde el primer momento sin depender de sobres adicionales.<\/span><\/p>\n<p data-start=\"781\" data-end=\"866\"><span style=\"font-family: arial, helvetica, sans-serif;\">Ideal para coleccionistas, amantes del f\u00fatbol retro y fans de los mundiales cl\u00e1sicos.<\/span><\/p>\n<p data-start=\"868\" data-end=\"879\"><span style=\"font-family: arial, helvetica, sans-serif;\">Ideal para:<\/span><\/p>\n<ul data-start=\"880\" data-end=\"1010\">\n<li data-section-id=\"u4smbp\" data-start=\"880\" data-end=\"918\"><span style=\"font-family: arial, helvetica, sans-serif;\">Coleccionistas de \u00e1lbumes antiguos<\/span><\/li>\n<li data-section-id=\"111hj9w\" data-start=\"919\" data-end=\"948\"><span style=\"font-family: arial, helvetica, sans-serif;\">Fans del f\u00fatbol hist\u00f3rico<\/span><\/li>\n<li data-section-id=\"nyd7gz\" data-start=\"949\" data-end=\"986\"><span style=\"font-family: arial, helvetica, sans-serif;\">Amantes de los mundiales cl\u00e1sicos<\/span><\/li>\n<li data-section-id=\"8l93jn\" data-start=\"987\" data-end=\"1010\"><span style=\"font-family: arial, helvetica, sans-serif;\">Regalos nost\u00e1lgicos<\/span><\/li>\n<\/ul>\n<p data-start=\"1012\" data-end=\"1083\"><span style=\"font-family: arial, helvetica, sans-serif;\">Una colecci\u00f3n \u00fanica para conservar una parte de la historia del f\u00fatbol.<\/span><\/p>","protected":false},"excerpt":{"rendered":"<p><span style=\"font-family: arial, helvetica, sans-serif;\">La megacolecci\u00f3n contiene:<\/span><\/p>\n<ul>\n<li><span style=\"font-family: arial, helvetica, sans-serif;\">\u00c1lbum vac\u00edo tapa blanda a full color.<\/span><\/li>\n<li><span style=\"font-family: arial, helvetica, sans-serif;\">Set completo de figuras stickers para pegar.<\/span><\/li>\n<\/ul>","protected":false},"featured_media":35955,"template":"","meta":[],"product_brand":[],"product_cat":[219,228],"product_tag":[],"class_list":{"0":"post-35952","1":"product","2":"type-product","3":"status-publish","4":"has-post-thumbnail","6":"product_cat-albumes-completos","7":"product_cat-mega-colecciones","9":"first","10":"instock","11":"shipping-taxable","12":"purchasable","13":"product-type-simple"},"yoast_head":"<!-- This site is optimized with the Yoast SEO Premium plugin v23.5 (Yoast SEO v27.4) - https:\/\/yoast.com\/product\/yoast-seo-premium-wordpress\/ -->\n<title>Album Copa Mundial Espa\u00f1a 82 Completo<\/title>\n<meta name=\"description\" content=\"El album copa mundial espa\u00f1a 82 completo con set de figuras para pegar. Ideal para fans del f\u00fatbol cl\u00e1sico y coleccionistas.\" \/>\n<meta name=\"robots\" content=\"index, follow, max-snippet:-1, max-image-preview:large, max-video-preview:-1\" \/>\n<link rel=\"canonical\" href=\"https:\/\/megacolecciones.pe\/en\/product\/album-copa-mundial-espana-82-set-de-figuras-stickers-para-pegar\/\" \/>\n<meta property=\"og:locale\" content=\"en_US\" \/>\n<meta property=\"og:type\" content=\"article\" \/>\n<meta property=\"og:title\" content=\"\u00c1lbum Copa Mundial Espa\u00f1a 82 + Set de figuras stickers para pegar\" \/>\n<meta property=\"og:description\" content=\"El album copa mundial espa\u00f1a 82 completo con set de figuras para pegar. Ideal para fans del f\u00fatbol cl\u00e1sico y coleccionistas.\" \/>\n<meta property=\"og:url\" content=\"https:\/\/megacolecciones.pe\/en\/product\/album-copa-mundial-espana-82-set-de-figuras-stickers-para-pegar\/\" \/>\n<meta property=\"og:site_name\" content=\"Megacolecciones\" \/>\n<meta property=\"article:publisher\" content=\"https:\/\/www.facebook.com\/megacolecciones\" \/>\n<meta property=\"og:image\" content=\"https:\/\/megacolecciones.pe\/wp-content\/uploads\/2026\/04\/1espanaa-1024x1024.jpg\" \/>\n\t<meta property=\"og:image:width\" content=\"1024\" \/>\n\t<meta property=\"og:image:height\" content=\"1024\" \/>\n\t<meta property=\"og:image:type\" content=\"image\/jpeg\" \/>\n<meta name=\"twitter:card\" content=\"summary_large_image\" \/>\n<meta name=\"twitter:label1\" content=\"Price\" \/>\n\t<meta name=\"twitter:data1\" content=\"S\/80.00\" \/>\n\t<meta name=\"twitter:label2\" content=\"Availability\" \/>\n\t<meta name=\"twitter:data2\" content=\"In stock\" \/>\n<script type=\"application\/ld+json\" class=\"yoast-schema-graph\">{\"@context\":\"https:\\\/\\\/schema.org\",\"@graph\":[{\"@type\":\"WebPage\",\"@id\":\"https:\\\/\\\/megacolecciones.pe\\\/producto\\\/album-copa-mundial-espana-82-set-de-figuras-stickers-para-pegar\\\/\",\"url\":\"https:\\\/\\\/megacolecciones.pe\\\/producto\\\/album-copa-mundial-espana-82-set-de-figuras-stickers-para-pegar\\\/\",\"name\":\"Album Copa Mundial Espa\u00f1a 82 Completo\",\"isPartOf\":{\"@id\":\"https:\\\/\\\/megacolecciones.pe\\\/#website\"},\"primaryImageOfPage\":{\"@id\":\"https:\\\/\\\/megacolecciones.pe\\\/producto\\\/album-copa-mundial-espana-82-set-de-figuras-stickers-para-pegar\\\/#primaryimage\"},\"image\":{\"@id\":\"https:\\\/\\\/megacolecciones.pe\\\/producto\\\/album-copa-mundial-espana-82-set-de-figuras-stickers-para-pegar\\\/#primaryimage\"},\"thumbnailUrl\":\"https:\\\/\\\/megacolecciones.pe\\\/wp-content\\\/uploads\\\/2026\\\/04\\\/1espanaa.jpg\",\"datePublished\":\"2026-04-07T16:47:28+00:00\",\"description\":\"El album copa mundial espa\u00f1a 82 completo con set de figuras para pegar. Ideal para fans del f\u00fatbol cl\u00e1sico y coleccionistas.\",\"breadcrumb\":{\"@id\":\"https:\\\/\\\/megacolecciones.pe\\\/producto\\\/album-copa-mundial-espana-82-set-de-figuras-stickers-para-pegar\\\/#breadcrumb\"},\"inLanguage\":\"en-US\",\"potentialAction\":[{\"@type\":\"ReadAction\",\"target\":[\"https:\\\/\\\/megacolecciones.pe\\\/producto\\\/album-copa-mundial-espana-82-set-de-figuras-stickers-para-pegar\\\/\"]}]},{\"@type\":\"ImageObject\",\"inLanguage\":\"en-US\",\"@id\":\"https:\\\/\\\/megacolecciones.pe\\\/producto\\\/album-copa-mundial-espana-82-set-de-figuras-stickers-para-pegar\\\/#primaryimage\",\"url\":\"https:\\\/\\\/megacolecciones.pe\\\/wp-content\\\/uploads\\\/2026\\\/04\\\/1espanaa.jpg\",\"contentUrl\":\"https:\\\/\\\/megacolecciones.pe\\\/wp-content\\\/uploads\\\/2026\\\/04\\\/1espanaa.jpg\",\"width\":2400,\"height\":2400},{\"@type\":\"BreadcrumbList\",\"@id\":\"https:\\\/\\\/megacolecciones.pe\\\/producto\\\/album-copa-mundial-espana-82-set-de-figuras-stickers-para-pegar\\\/#breadcrumb\",\"itemListElement\":[{\"@type\":\"ListItem\",\"position\":1,\"name\":\"Home\",\"item\":\"https:\\\/\\\/megacolecciones.pe\\\/\"},{\"@type\":\"ListItem\",\"position\":2,\"name\":\"Tienda\",\"item\":\"https:\\\/\\\/megacolecciones.pe\\\/tienda\\\/\"},{\"@type\":\"ListItem\",\"position\":3,\"name\":\"\u00c1lbum Copa Mundial Espa\u00f1a 82 + Set de figuras stickers para pegar\"}]},{\"@type\":\"WebSite\",\"@id\":\"https:\\\/\\\/megacolecciones.pe\\\/#website\",\"url\":\"https:\\\/\\\/megacolecciones.pe\\\/\",\"name\":\"Mega Colecciones\",\"description\":\"Tienda de \u00e1lbumes, taps y cards\",\"publisher\":{\"@id\":\"https:\\\/\\\/megacolecciones.pe\\\/#organization\"},\"potentialAction\":[{\"@type\":\"SearchAction\",\"target\":{\"@type\":\"EntryPoint\",\"urlTemplate\":\"https:\\\/\\\/megacolecciones.pe\\\/?s={search_term_string}\"},\"query-input\":{\"@type\":\"PropertyValueSpecification\",\"valueRequired\":true,\"valueName\":\"search_term_string\"}}],\"inLanguage\":\"en-US\"},{\"@type\":\"Organization\",\"@id\":\"https:\\\/\\\/megacolecciones.pe\\\/#organization\",\"name\":\"Mega Colecciones\",\"url\":\"https:\\\/\\\/megacolecciones.pe\\\/\",\"logo\":{\"@type\":\"ImageObject\",\"inLanguage\":\"en-US\",\"@id\":\"https:\\\/\\\/megacolecciones.pe\\\/#\\\/schema\\\/logo\\\/image\\\/\",\"url\":\"http:\\\/\\\/megacolecciones.pe\\\/wp-content\\\/uploads\\\/2023\\\/09\\\/logo-mega.png\",\"contentUrl\":\"http:\\\/\\\/megacolecciones.pe\\\/wp-content\\\/uploads\\\/2023\\\/09\\\/logo-mega.png\",\"width\":285,\"height\":100,\"caption\":\"Mega Colecciones\"},\"image\":{\"@id\":\"https:\\\/\\\/megacolecciones.pe\\\/#\\\/schema\\\/logo\\\/image\\\/\"},\"sameAs\":[\"https:\\\/\\\/www.facebook.com\\\/megacolecciones\",\"https:\\\/\\\/www.instagram.com\\\/megacolecciones\\\/\"],\"hasMerchantReturnPolicy\":{\"@type\":\"MerchantReturnPolicy\",\"merchantReturnLink\":\"https:\\\/\\\/megacolecciones.pe\\\/en\\\/terminos-y-condiciones\\\/\"}}]}<\/script>\n<meta property=\"product:price:amount\" content=\"80.00\" \/>\n<meta property=\"product:price:currency\" content=\"PEN\" \/>\n<meta property=\"og:availability\" content=\"instock\" \/>\n<meta property=\"product:availability\" content=\"instock\" \/>\n<meta property=\"product:condition\" content=\"new\" \/>\n<!-- \/ Yoast SEO Premium plugin. -->","yoast_head_json":{"title":"Album Copa Mundial Espa\u00f1a 82 Completo","description":"El album copa mundial espa\u00f1a 82 completo con set de figuras para pegar. Ideal para fans del f\u00fatbol cl\u00e1sico y coleccionistas.","robots":{"index":"index","follow":"follow","max-snippet":"max-snippet:-1","max-image-preview":"max-image-preview:large","max-video-preview":"max-video-preview:-1"},"canonical":"https:\/\/megacolecciones.pe\/en\/product\/album-copa-mundial-espana-82-set-de-figuras-stickers-para-pegar\/","og_locale":"en_US","og_type":"article","og_title":"\u00c1lbum Copa Mundial Espa\u00f1a 82 + Set de figuras stickers para pegar","og_description":"El album copa mundial espa\u00f1a 82 completo con set de figuras para pegar. Ideal para fans del f\u00fatbol cl\u00e1sico y coleccionistas.","og_url":"https:\/\/megacolecciones.pe\/en\/product\/album-copa-mundial-espana-82-set-de-figuras-stickers-para-pegar\/","og_site_name":"Megacolecciones","article_publisher":"https:\/\/www.facebook.com\/megacolecciones","og_image":[{"width":1024,"height":1024,"url":"https:\/\/megacolecciones.pe\/wp-content\/uploads\/2026\/04\/1espanaa-1024x1024.jpg","type":"image\/jpeg"}],"twitter_card":"summary_large_image","twitter_misc":{"Price":"S\/80.00","Availability":"In stock"},"schema":{"@context":"https:\/\/schema.org","@graph":[{"@type":"WebPage","@id":"https:\/\/megacolecciones.pe\/producto\/album-copa-mundial-espana-82-set-de-figuras-stickers-para-pegar\/","url":"https:\/\/megacolecciones.pe\/producto\/album-copa-mundial-espana-82-set-de-figuras-stickers-para-pegar\/","name":"Album Copa Mundial Espa\u00f1a 82 Completo","isPartOf":{"@id":"https:\/\/megacolecciones.pe\/#website"},"primaryImageOfPage":{"@id":"https:\/\/megacolecciones.pe\/producto\/album-copa-mundial-espana-82-set-de-figuras-stickers-para-pegar\/#primaryimage"},"image":{"@id":"https:\/\/megacolecciones.pe\/producto\/album-copa-mundial-espana-82-set-de-figuras-stickers-para-pegar\/#primaryimage"},"thumbnailUrl":"https:\/\/megacolecciones.pe\/wp-content\/uploads\/2026\/04\/1espanaa.jpg","datePublished":"2026-04-07T16:47:28+00:00","description":"El album copa mundial espa\u00f1a 82 completo con set de figuras para pegar. Ideal para fans del f\u00fatbol cl\u00e1sico y coleccionistas.","breadcrumb":{"@id":"https:\/\/megacolecciones.pe\/producto\/album-copa-mundial-espana-82-set-de-figuras-stickers-para-pegar\/#breadcrumb"},"inLanguage":"en-US","potentialAction":[{"@type":"ReadAction","target":["https:\/\/megacolecciones.pe\/producto\/album-copa-mundial-espana-82-set-de-figuras-stickers-para-pegar\/"]}]},{"@type":"ImageObject","inLanguage":"en-US","@id":"https:\/\/megacolecciones.pe\/producto\/album-copa-mundial-espana-82-set-de-figuras-stickers-para-pegar\/#primaryimage","url":"https:\/\/megacolecciones.pe\/wp-content\/uploads\/2026\/04\/1espanaa.jpg","contentUrl":"https:\/\/megacolecciones.pe\/wp-content\/uploads\/2026\/04\/1espanaa.jpg","width":2400,"height":2400},{"@type":"BreadcrumbList","@id":"https:\/\/megacolecciones.pe\/producto\/album-copa-mundial-espana-82-set-de-figuras-stickers-para-pegar\/#breadcrumb","itemListElement":[{"@type":"ListItem","position":1,"name":"Home","item":"https:\/\/megacolecciones.pe\/"},{"@type":"ListItem","position":2,"name":"Tienda","item":"https:\/\/megacolecciones.pe\/tienda\/"},{"@type":"ListItem","position":3,"name":"\u00c1lbum Copa Mundial Espa\u00f1a 82 + Set de figuras stickers para pegar"}]},{"@type":"WebSite","@id":"https:\/\/megacolecciones.pe\/#website","url":"https:\/\/megacolecciones.pe\/","name":"Mega Collections","description":"Tienda de \u00e1lbumes, taps y cards","publisher":{"@id":"https:\/\/megacolecciones.pe\/#organization"},"potentialAction":[{"@type":"SearchAction","target":{"@type":"EntryPoint","urlTemplate":"https:\/\/megacolecciones.pe\/?s={search_term_string}"},"query-input":{"@type":"PropertyValueSpecification","valueRequired":true,"valueName":"search_term_string"}}],"inLanguage":"en-US"},{"@type":"Organization","@id":"https:\/\/megacolecciones.pe\/#organization","name":"Mega Collections","url":"https:\/\/megacolecciones.pe\/","logo":{"@type":"ImageObject","inLanguage":"en-US","@id":"https:\/\/megacolecciones.pe\/#\/schema\/logo\/image\/","url":"http:\/\/megacolecciones.pe\/wp-content\/uploads\/2023\/09\/logo-mega.png","contentUrl":"http:\/\/megacolecciones.pe\/wp-content\/uploads\/2023\/09\/logo-mega.png","width":285,"height":100,"caption":"Mega Colecciones"},"image":{"@id":"https:\/\/megacolecciones.pe\/#\/schema\/logo\/image\/"},"sameAs":["https:\/\/www.facebook.com\/megacolecciones","https:\/\/www.instagram.com\/megacolecciones\/"],"hasMerchantReturnPolicy":{"@type":"MerchantReturnPolicy","merchantReturnLink":"https:\/\/megacolecciones.pe\/en\/terminos-y-condiciones\/"}}]},"product_price_amount":"80.00","product_price_currency":"PEN","og_availability":"instock","product_availability":"instock","product_condition":"new"},"_links":{"self":[{"href":"https:\/\/megacolecciones.pe\/en\/wp-json\/wp\/v2\/product\/35952","targetHints":{"allow":["GET"]}}],"collection":[{"href":"https:\/\/megacolecciones.pe\/en\/wp-json\/wp\/v2\/product"}],"about":[{"href":"https:\/\/megacolecciones.pe\/en\/wp-json\/wp\/v2\/types\/product"}],"version-history":[{"count":1,"href":"https:\/\/megacolecciones.pe\/en\/wp-json\/wp\/v2\/product\/35952\/revisions"}],"predecessor-version":[{"id":35956,"href":"https:\/\/megacolecciones.pe\/en\/wp-json\/wp\/v2\/product\/35952\/revisions\/35956"}],"wp:featuredmedia":[{"embeddable":true,"href":"https:\/\/megacolecciones.pe\/en\/wp-json\/wp\/v2\/media\/35955"}],"wp:attachment":[{"href":"https:\/\/megacolecciones.pe\/en\/wp-json\/wp\/v2\/media?parent=35952"}],"wp:term":[{"taxonomy":"product_brand","embeddable":true,"href":"https:\/\/megacolecciones.pe\/en\/wp-json\/wp\/v2\/product_brand?post=35952"},{"taxonomy":"product_cat","embeddable":true,"href":"https:\/\/megacolecciones.pe\/en\/wp-json\/wp\/v2\/product_cat?post=35952"},{"taxonomy":"product_tag","embeddable":true,"href":"https:\/\/megacolecciones.pe\/en\/wp-json\/wp\/v2\/product_tag?post=35952"}],"curies":[{"name":"wp","href":"https:\/\/api.w.org\/{rel}","templated":true}]}}