{"id":35730,"date":"2026-03-14T16:06:41","date_gmt":"2026-03-14T21:06:41","guid":{"rendered":"https:\/\/megacolecciones.pe\/?post_type=product&#038;p=35730"},"modified":"2026-03-14T16:06:42","modified_gmt":"2026-03-14T21:06:42","slug":"album-black-clover-figuras-completas","status":"publish","type":"product","link":"https:\/\/megacolecciones.pe\/en\/product\/album-black-clover-figuras-completas\/","title":{"rendered":"\u00c1lbum Blackclover + Set completo de figuras para pegar"},"content":{"rendered":"<p data-start=\"402\" data-end=\"552\"><span style=\"font-family: arial, helvetica, sans-serif;\">Sum\u00e9rgete en el mundo de la magia con el <strong data-start=\"443\" data-end=\"465\">\u00c1lbum Black Clover (1 y 2 temporada)<\/strong>, una colecci\u00f3n inspirada en el popular anime de <span class=\"hover:entity-accent entity-underline inline cursor-pointer align-baseline\"><span class=\"whitespace-normal\">Black Clover<\/span><\/span>.<\/span><\/p>\n<p data-start=\"554\" data-end=\"832\"><span style=\"font-family: arial, helvetica, sans-serif;\">Este \u00e1lbum re\u00fane a los personajes, escuadrones m\u00e1gicos y momentos m\u00e1s emocionantes de la historia protagonizada por Asta y los Caballeros M\u00e1gicos. A lo largo de sus p\u00e1ginas podr\u00e1s encontrar ilustraciones y escenas que recorren las aventuras y batallas del universo Black Clover.<\/span><\/p>\n<p data-start=\"834\" data-end=\"1097\"><span style=\"font-family: arial, helvetica, sans-serif;\">La colecci\u00f3n incluye <strong data-start=\"855\" data-end=\"896\">el set completo de figuras para pegar<\/strong>, lo que permite completar el \u00e1lbum desde el primer momento sin depender de sobres al azar. De esta manera puedes disfrutar la experiencia completa de colecci\u00f3n mientras recorres cada p\u00e1gina del \u00e1lbum.<\/span><\/p>\n<p data-start=\"1099\" data-end=\"1246\"><span style=\"font-family: arial, helvetica, sans-serif;\">Este \u00e1lbum es ideal para fans del anime y coleccionistas que desean conservar una colecci\u00f3n dedicada al mundo de la magia y los Caballeros M\u00e1gicos.<\/span><\/p>\n<p data-start=\"1248\" data-end=\"1259\"><span style=\"font-family: arial, helvetica, sans-serif;\">Ideal para:<\/span><\/p>\n<ul data-start=\"1260\" data-end=\"1444\">\n<li data-section-id=\"11194dz\" data-start=\"1260\" data-end=\"1291\">\n<p data-start=\"1262\" data-end=\"1291\"><span style=\"font-family: arial, helvetica, sans-serif;\">Fans del anime Black Clover<\/span><\/p>\n<\/li>\n<li data-section-id=\"1gf2xw6\" data-start=\"1292\" data-end=\"1330\">\n<p data-start=\"1294\" data-end=\"1330\"><span style=\"font-family: arial, helvetica, sans-serif;\">Coleccionistas de \u00e1lbumes de anime<\/span><\/p>\n<\/li>\n<li data-section-id=\"1nox20c\" data-start=\"1331\" data-end=\"1374\">\n<p data-start=\"1333\" data-end=\"1374\"><span style=\"font-family: arial, helvetica, sans-serif;\">Amantes de las colecciones de figuritas<\/span><\/p>\n<\/li>\n<li data-section-id=\"1cvkxwj\" data-start=\"1375\" data-end=\"1444\">\n<p data-start=\"1377\" data-end=\"1444\"><span style=\"font-family: arial, helvetica, sans-serif;\">Personas que desean completar el \u00e1lbum sin buscar figuras sueltas<\/span><\/p>\n<\/li>\n<\/ul>\n<p data-start=\"1446\" data-end=\"1568\"><span style=\"font-family: arial, helvetica, sans-serif;\">Una colecci\u00f3n perfecta para quienes desean revivir las aventuras m\u00e1gicas y conservar una pieza especial para su colecci\u00f3n.<\/span><\/p>","protected":false},"excerpt":{"rendered":"<p><span style=\"font-family: arial, helvetica, sans-serif;\">La megacolecci\u00f3n contiene:<\/span><\/p>\n<ul>\n<li><span style=\"font-family: arial, helvetica, sans-serif;\">\u00c1lbum vac\u00edo tapa blanda con 32 p\u00e1ginas a full color.<\/span><\/li>\n<li><span style=\"font-family: arial, helvetica, sans-serif;\">216 Figuras stickers normales.<\/span><\/li>\n<li><span style=\"font-family: arial, helvetica, sans-serif;\">24 Figuras stickers especiales.<\/span><\/li>\n<li><span style=\"font-family: arial, helvetica, sans-serif;\">4 Miniposters.\u00a0<\/span><\/li>\n<\/ul>","protected":false},"featured_media":35732,"template":"","meta":[],"product_brand":[],"product_cat":[219,228],"product_tag":[],"class_list":{"0":"post-35730","1":"product","2":"type-product","3":"status-publish","4":"has-post-thumbnail","6":"product_cat-albumes-completos","7":"product_cat-mega-colecciones","9":"first","10":"instock","11":"shipping-taxable","12":"purchasable","13":"product-type-simple"},"yoast_head":"<!-- This site is optimized with the Yoast SEO Premium plugin v23.5 (Yoast SEO v27.4) - https:\/\/yoast.com\/product\/yoast-seo-premium-wordpress\/ -->\n<title>\u00c1lbum Black Clover con Figuras Completas<\/title>\n<meta name=\"description\" content=\"album-black-clover-figuras-completasCompra el \u00e1lbum Black Clover con set completo de figuras para pegar. Ideal para fans del anime y coleccionistas del universo m\u00e1gico.\" \/>\n<meta name=\"robots\" content=\"index, follow, max-snippet:-1, max-image-preview:large, max-video-preview:-1\" \/>\n<link rel=\"canonical\" href=\"https:\/\/megacolecciones.pe\/en\/product\/album-black-clover-figuras-completas\/\" \/>\n<meta property=\"og:locale\" content=\"en_US\" \/>\n<meta property=\"og:type\" content=\"article\" \/>\n<meta property=\"og:title\" content=\"\u00c1lbum Blackclover + Set completo de figuras para pegar\" \/>\n<meta property=\"og:description\" content=\"album-black-clover-figuras-completasCompra el \u00e1lbum Black Clover con set completo de figuras para pegar. Ideal para fans del anime y coleccionistas del universo m\u00e1gico.\" \/>\n<meta property=\"og:url\" content=\"https:\/\/megacolecciones.pe\/en\/product\/album-black-clover-figuras-completas\/\" \/>\n<meta property=\"og:site_name\" content=\"Megacolecciones\" \/>\n<meta property=\"article:publisher\" content=\"https:\/\/www.facebook.com\/megacolecciones\" \/>\n<meta property=\"article:modified_time\" content=\"2026-03-14T21:06:42+00:00\" \/>\n<meta property=\"og:image\" content=\"https:\/\/megacolecciones.pe\/wp-content\/uploads\/2026\/03\/black-cover-1.jpg\" \/>\n\t<meta property=\"og:image:width\" content=\"2400\" \/>\n\t<meta property=\"og:image:height\" content=\"2400\" \/>\n\t<meta property=\"og:image:type\" content=\"image\/jpeg\" \/>\n<meta name=\"twitter:card\" content=\"summary_large_image\" \/>\n<meta name=\"twitter:label1\" content=\"Price\" \/>\n\t<meta name=\"twitter:data1\" content=\"S\/50.00\" \/>\n\t<meta name=\"twitter:label2\" content=\"Availability\" \/>\n\t<meta name=\"twitter:data2\" content=\"In stock\" \/>\n<script type=\"application\/ld+json\" class=\"yoast-schema-graph\">{\"@context\":\"https:\\\/\\\/schema.org\",\"@graph\":[{\"@type\":\"WebPage\",\"@id\":\"https:\\\/\\\/megacolecciones.pe\\\/producto\\\/album-black-clover-figuras-completas\\\/\",\"url\":\"https:\\\/\\\/megacolecciones.pe\\\/producto\\\/album-black-clover-figuras-completas\\\/\",\"name\":\"\u00c1lbum Black Clover con Figuras Completas\",\"isPartOf\":{\"@id\":\"https:\\\/\\\/megacolecciones.pe\\\/#website\"},\"primaryImageOfPage\":{\"@id\":\"https:\\\/\\\/megacolecciones.pe\\\/producto\\\/album-black-clover-figuras-completas\\\/#primaryimage\"},\"image\":{\"@id\":\"https:\\\/\\\/megacolecciones.pe\\\/producto\\\/album-black-clover-figuras-completas\\\/#primaryimage\"},\"thumbnailUrl\":\"https:\\\/\\\/megacolecciones.pe\\\/wp-content\\\/uploads\\\/2026\\\/03\\\/black-cover-1.jpg\",\"datePublished\":\"2026-03-14T21:06:41+00:00\",\"dateModified\":\"2026-03-14T21:06:42+00:00\",\"description\":\"album-black-clover-figuras-completasCompra el \u00e1lbum Black Clover con set completo de figuras para pegar. Ideal para fans del anime y coleccionistas del universo m\u00e1gico.\",\"breadcrumb\":{\"@id\":\"https:\\\/\\\/megacolecciones.pe\\\/producto\\\/album-black-clover-figuras-completas\\\/#breadcrumb\"},\"inLanguage\":\"en-US\",\"potentialAction\":[{\"@type\":\"ReadAction\",\"target\":[\"https:\\\/\\\/megacolecciones.pe\\\/producto\\\/album-black-clover-figuras-completas\\\/\"]}]},{\"@type\":\"ImageObject\",\"inLanguage\":\"en-US\",\"@id\":\"https:\\\/\\\/megacolecciones.pe\\\/producto\\\/album-black-clover-figuras-completas\\\/#primaryimage\",\"url\":\"https:\\\/\\\/megacolecciones.pe\\\/wp-content\\\/uploads\\\/2026\\\/03\\\/black-cover-1.jpg\",\"contentUrl\":\"https:\\\/\\\/megacolecciones.pe\\\/wp-content\\\/uploads\\\/2026\\\/03\\\/black-cover-1.jpg\",\"width\":2400,\"height\":2400},{\"@type\":\"BreadcrumbList\",\"@id\":\"https:\\\/\\\/megacolecciones.pe\\\/producto\\\/album-black-clover-figuras-completas\\\/#breadcrumb\",\"itemListElement\":[{\"@type\":\"ListItem\",\"position\":1,\"name\":\"Home\",\"item\":\"https:\\\/\\\/megacolecciones.pe\\\/\"},{\"@type\":\"ListItem\",\"position\":2,\"name\":\"Tienda\",\"item\":\"https:\\\/\\\/megacolecciones.pe\\\/tienda\\\/\"},{\"@type\":\"ListItem\",\"position\":3,\"name\":\"\u00c1lbum Blackclover + Set completo de figuras para pegar\"}]},{\"@type\":\"WebSite\",\"@id\":\"https:\\\/\\\/megacolecciones.pe\\\/#website\",\"url\":\"https:\\\/\\\/megacolecciones.pe\\\/\",\"name\":\"Mega Colecciones\",\"description\":\"Tienda de \u00e1lbumes, taps y cards\",\"publisher\":{\"@id\":\"https:\\\/\\\/megacolecciones.pe\\\/#organization\"},\"potentialAction\":[{\"@type\":\"SearchAction\",\"target\":{\"@type\":\"EntryPoint\",\"urlTemplate\":\"https:\\\/\\\/megacolecciones.pe\\\/?s={search_term_string}\"},\"query-input\":{\"@type\":\"PropertyValueSpecification\",\"valueRequired\":true,\"valueName\":\"search_term_string\"}}],\"inLanguage\":\"en-US\"},{\"@type\":\"Organization\",\"@id\":\"https:\\\/\\\/megacolecciones.pe\\\/#organization\",\"name\":\"Mega Colecciones\",\"url\":\"https:\\\/\\\/megacolecciones.pe\\\/\",\"logo\":{\"@type\":\"ImageObject\",\"inLanguage\":\"en-US\",\"@id\":\"https:\\\/\\\/megacolecciones.pe\\\/#\\\/schema\\\/logo\\\/image\\\/\",\"url\":\"http:\\\/\\\/megacolecciones.pe\\\/wp-content\\\/uploads\\\/2023\\\/09\\\/logo-mega.png\",\"contentUrl\":\"http:\\\/\\\/megacolecciones.pe\\\/wp-content\\\/uploads\\\/2023\\\/09\\\/logo-mega.png\",\"width\":285,\"height\":100,\"caption\":\"Mega Colecciones\"},\"image\":{\"@id\":\"https:\\\/\\\/megacolecciones.pe\\\/#\\\/schema\\\/logo\\\/image\\\/\"},\"sameAs\":[\"https:\\\/\\\/www.facebook.com\\\/megacolecciones\",\"https:\\\/\\\/www.instagram.com\\\/megacolecciones\\\/\"],\"hasMerchantReturnPolicy\":{\"@type\":\"MerchantReturnPolicy\",\"merchantReturnLink\":\"https:\\\/\\\/megacolecciones.pe\\\/en\\\/terminos-y-condiciones\\\/\"}}]}<\/script>\n<meta property=\"product:price:amount\" content=\"50.00\" \/>\n<meta property=\"product:price:currency\" content=\"PEN\" \/>\n<meta property=\"og:availability\" content=\"instock\" \/>\n<meta property=\"product:availability\" content=\"instock\" \/>\n<meta property=\"product:condition\" content=\"new\" \/>\n<!-- \/ Yoast SEO Premium plugin. -->","yoast_head_json":{"title":"\u00c1lbum Black Clover con Figuras Completas","description":"album-black-clover-figuras-completasCompra el \u00e1lbum Black Clover con set completo de figuras para pegar. Ideal para fans del anime y coleccionistas del universo m\u00e1gico.","robots":{"index":"index","follow":"follow","max-snippet":"max-snippet:-1","max-image-preview":"max-image-preview:large","max-video-preview":"max-video-preview:-1"},"canonical":"https:\/\/megacolecciones.pe\/en\/product\/album-black-clover-figuras-completas\/","og_locale":"en_US","og_type":"article","og_title":"\u00c1lbum Blackclover + Set completo de figuras para pegar","og_description":"album-black-clover-figuras-completasCompra el \u00e1lbum Black Clover con set completo de figuras para pegar. Ideal para fans del anime y coleccionistas del universo m\u00e1gico.","og_url":"https:\/\/megacolecciones.pe\/en\/product\/album-black-clover-figuras-completas\/","og_site_name":"Megacolecciones","article_publisher":"https:\/\/www.facebook.com\/megacolecciones","article_modified_time":"2026-03-14T21:06:42+00:00","og_image":[{"width":2400,"height":2400,"url":"https:\/\/megacolecciones.pe\/wp-content\/uploads\/2026\/03\/black-cover-1.jpg","type":"image\/jpeg"}],"twitter_card":"summary_large_image","twitter_misc":{"Price":"S\/50.00","Availability":"In stock"},"schema":{"@context":"https:\/\/schema.org","@graph":[{"@type":"WebPage","@id":"https:\/\/megacolecciones.pe\/producto\/album-black-clover-figuras-completas\/","url":"https:\/\/megacolecciones.pe\/producto\/album-black-clover-figuras-completas\/","name":"\u00c1lbum Black Clover con Figuras Completas","isPartOf":{"@id":"https:\/\/megacolecciones.pe\/#website"},"primaryImageOfPage":{"@id":"https:\/\/megacolecciones.pe\/producto\/album-black-clover-figuras-completas\/#primaryimage"},"image":{"@id":"https:\/\/megacolecciones.pe\/producto\/album-black-clover-figuras-completas\/#primaryimage"},"thumbnailUrl":"https:\/\/megacolecciones.pe\/wp-content\/uploads\/2026\/03\/black-cover-1.jpg","datePublished":"2026-03-14T21:06:41+00:00","dateModified":"2026-03-14T21:06:42+00:00","description":"album-black-clover-figuras-completasCompra el \u00e1lbum Black Clover con set completo de figuras para pegar. Ideal para fans del anime y coleccionistas del universo m\u00e1gico.","breadcrumb":{"@id":"https:\/\/megacolecciones.pe\/producto\/album-black-clover-figuras-completas\/#breadcrumb"},"inLanguage":"en-US","potentialAction":[{"@type":"ReadAction","target":["https:\/\/megacolecciones.pe\/producto\/album-black-clover-figuras-completas\/"]}]},{"@type":"ImageObject","inLanguage":"en-US","@id":"https:\/\/megacolecciones.pe\/producto\/album-black-clover-figuras-completas\/#primaryimage","url":"https:\/\/megacolecciones.pe\/wp-content\/uploads\/2026\/03\/black-cover-1.jpg","contentUrl":"https:\/\/megacolecciones.pe\/wp-content\/uploads\/2026\/03\/black-cover-1.jpg","width":2400,"height":2400},{"@type":"BreadcrumbList","@id":"https:\/\/megacolecciones.pe\/producto\/album-black-clover-figuras-completas\/#breadcrumb","itemListElement":[{"@type":"ListItem","position":1,"name":"Home","item":"https:\/\/megacolecciones.pe\/"},{"@type":"ListItem","position":2,"name":"Tienda","item":"https:\/\/megacolecciones.pe\/tienda\/"},{"@type":"ListItem","position":3,"name":"\u00c1lbum Blackclover + Set completo de figuras para pegar"}]},{"@type":"WebSite","@id":"https:\/\/megacolecciones.pe\/#website","url":"https:\/\/megacolecciones.pe\/","name":"Mega Collections","description":"Tienda de \u00e1lbumes, taps y cards","publisher":{"@id":"https:\/\/megacolecciones.pe\/#organization"},"potentialAction":[{"@type":"SearchAction","target":{"@type":"EntryPoint","urlTemplate":"https:\/\/megacolecciones.pe\/?s={search_term_string}"},"query-input":{"@type":"PropertyValueSpecification","valueRequired":true,"valueName":"search_term_string"}}],"inLanguage":"en-US"},{"@type":"Organization","@id":"https:\/\/megacolecciones.pe\/#organization","name":"Mega Collections","url":"https:\/\/megacolecciones.pe\/","logo":{"@type":"ImageObject","inLanguage":"en-US","@id":"https:\/\/megacolecciones.pe\/#\/schema\/logo\/image\/","url":"http:\/\/megacolecciones.pe\/wp-content\/uploads\/2023\/09\/logo-mega.png","contentUrl":"http:\/\/megacolecciones.pe\/wp-content\/uploads\/2023\/09\/logo-mega.png","width":285,"height":100,"caption":"Mega Colecciones"},"image":{"@id":"https:\/\/megacolecciones.pe\/#\/schema\/logo\/image\/"},"sameAs":["https:\/\/www.facebook.com\/megacolecciones","https:\/\/www.instagram.com\/megacolecciones\/"],"hasMerchantReturnPolicy":{"@type":"MerchantReturnPolicy","merchantReturnLink":"https:\/\/megacolecciones.pe\/en\/terminos-y-condiciones\/"}}]},"product_price_amount":"50.00","product_price_currency":"PEN","og_availability":"instock","product_availability":"instock","product_condition":"new"},"_links":{"self":[{"href":"https:\/\/megacolecciones.pe\/en\/wp-json\/wp\/v2\/product\/35730","targetHints":{"allow":["GET"]}}],"collection":[{"href":"https:\/\/megacolecciones.pe\/en\/wp-json\/wp\/v2\/product"}],"about":[{"href":"https:\/\/megacolecciones.pe\/en\/wp-json\/wp\/v2\/types\/product"}],"version-history":[{"count":1,"href":"https:\/\/megacolecciones.pe\/en\/wp-json\/wp\/v2\/product\/35730\/revisions"}],"predecessor-version":[{"id":35733,"href":"https:\/\/megacolecciones.pe\/en\/wp-json\/wp\/v2\/product\/35730\/revisions\/35733"}],"wp:featuredmedia":[{"embeddable":true,"href":"https:\/\/megacolecciones.pe\/en\/wp-json\/wp\/v2\/media\/35732"}],"wp:attachment":[{"href":"https:\/\/megacolecciones.pe\/en\/wp-json\/wp\/v2\/media?parent=35730"}],"wp:term":[{"taxonomy":"product_brand","embeddable":true,"href":"https:\/\/megacolecciones.pe\/en\/wp-json\/wp\/v2\/product_brand?post=35730"},{"taxonomy":"product_cat","embeddable":true,"href":"https:\/\/megacolecciones.pe\/en\/wp-json\/wp\/v2\/product_cat?post=35730"},{"taxonomy":"product_tag","embeddable":true,"href":"https:\/\/megacolecciones.pe\/en\/wp-json\/wp\/v2\/product_tag?post=35730"}],"curies":[{"name":"wp","href":"https:\/\/api.w.org\/{rel}","templated":true}]}}