{"id":35727,"date":"2026-03-14T15:37:43","date_gmt":"2026-03-14T20:37:43","guid":{"rendered":"https:\/\/megacolecciones.pe\/?post_type=product&#038;p=35727"},"modified":"2026-04-18T14:51:50","modified_gmt":"2026-04-18T19:51:50","slug":"enciclopedia-digimon-universe-set-completo","status":"publish","type":"product","link":"https:\/\/megacolecciones.pe\/en\/product\/enciclopedia-digimon-universe-set-completo\/","title":{"rendered":"\u00c1lbum Digimon Universe: Enciclopedia Definitiva + Set completo de figuras para pegar"},"content":{"rendered":"<p data-start=\"296\" data-end=\"579\"><span style=\"font-family: arial, helvetica, sans-serif;\">Descubre la <strong data-start=\"308\" data-end=\"353\">Enciclopedia Definitiva: Digimon Universe<\/strong>, un \u00e1lbum especial dedicado al universo digital de <span class=\"hover:entity-accent entity-underline inline cursor-pointer align-baseline\"><span class=\"whitespace-normal\">Digimon<\/span><\/span>. Esta colecci\u00f3n re\u00fane una gran variedad de Digimon, evoluciones y personajes que han formado parte de esta popular franquicia del anime.<\/span><\/p>\n<p data-start=\"581\" data-end=\"755\"><span style=\"font-family: arial, helvetica, sans-serif;\">El \u00e1lbum presenta un formato tipo <strong data-start=\"615\" data-end=\"631\">enciclopedia<\/strong>, ideal para fans y coleccionistas que desean explorar el mundo de los Digimon mientras completan su colecci\u00f3n de figuritas.<\/span><\/p>\n<p data-start=\"757\" data-end=\"1053\"><span style=\"font-family: arial, helvetica, sans-serif;\">La colecci\u00f3n incluye <strong data-start=\"778\" data-end=\"819\">el set completo de figuras para pegar<\/strong>, lo que te permite completar el \u00e1lbum desde el primer momento sin depender de sobres al azar. A lo largo de sus p\u00e1ginas encontrar\u00e1s una amplia recopilaci\u00f3n de criaturas digitales, evoluciones y momentos ic\u00f3nicos del universo Digimon.<\/span><\/p>\n<p data-start=\"1055\" data-end=\"1218\"><span style=\"font-family: arial, helvetica, sans-serif;\">Es una colecci\u00f3n perfecta tanto para quienes crecieron con la serie como para nuevos fans que desean descubrir el mundo digital a trav\u00e9s de un \u00e1lbum coleccionable.<\/span><\/p>\n<p data-start=\"1220\" data-end=\"1231\"><span style=\"font-family: arial, helvetica, sans-serif;\">Ideal para:<\/span><\/p>\n<ul data-start=\"1232\" data-end=\"1409\">\n<li data-section-id=\"1co8k3g\" data-start=\"1232\" data-end=\"1251\">\n<p data-start=\"1234\" data-end=\"1251\"><span style=\"font-family: arial, helvetica, sans-serif;\">Fans de Digimon.<\/span><\/p>\n<\/li>\n<li data-section-id=\"1gf2xw6\" data-start=\"1252\" data-end=\"1290\">\n<p data-start=\"1254\" data-end=\"1290\"><span style=\"font-family: arial, helvetica, sans-serif;\">Coleccionistas de \u00e1lbumes de anime.<\/span><\/p>\n<\/li>\n<li data-section-id=\"1f99cgk\" data-start=\"1291\" data-end=\"1337\">\n<p data-start=\"1293\" data-end=\"1337\"><span style=\"font-family: arial, helvetica, sans-serif;\">Amantes de las enciclopedias de personajes.<\/span><\/p>\n<\/li>\n<li data-section-id=\"15fwuou\" data-start=\"1338\" data-end=\"1409\">\n<p data-start=\"1340\" data-end=\"1409\"><span style=\"font-family: arial, helvetica, sans-serif;\">Personas que desean completar el \u00e1lbum sin buscar figuritas sueltas.<\/span><\/p>\n<\/li>\n<\/ul>\n<p data-start=\"1411\" data-end=\"1519\"><span style=\"font-family: arial, helvetica, sans-serif;\">Una colecci\u00f3n imprescindible para revivir el mundo digital y conservar una pieza especial para tu colecci\u00f3n.<\/span><\/p>","protected":false},"excerpt":{"rendered":"<p><span style=\"font-family: arial, helvetica, sans-serif;\">La megacolecci\u00f3n contiene:<\/span><\/p>\n<ul>\n<li><span style=\"font-family: arial, helvetica, sans-serif;\">\u00c1lbum vac\u00edo tapa blanda con 92 p\u00e1ginas a full color.<\/span><\/li>\n<li><span style=\"font-family: arial, helvetica, sans-serif;\">856 Figuras stickers normales.<\/span><\/li>\n<li><span style=\"font-family: arial, helvetica, sans-serif;\">80 Figuras stickers especiales.<\/span><\/li>\n<li><span style=\"font-family: arial, helvetica, sans-serif;\">4 Minip\u00f3sters de regalo.<\/span><\/li>\n<\/ul>","protected":false},"featured_media":35728,"template":"","meta":[],"product_brand":[],"product_cat":[219,228],"product_tag":[],"class_list":{"0":"post-35727","1":"product","2":"type-product","3":"status-publish","4":"has-post-thumbnail","6":"product_cat-albumes-completos","7":"product_cat-mega-colecciones","9":"first","10":"outofstock","11":"shipping-taxable","12":"purchasable","13":"product-type-simple"},"yoast_head":"<!-- This site is optimized with the Yoast SEO Premium plugin v23.5 (Yoast SEO v27.4) - https:\/\/yoast.com\/product\/yoast-seo-premium-wordpress\/ -->\n<title>\u00c1lbum Enciclopedia Digimon Universe Set Completo<\/title>\n<meta name=\"description\" content=\"\u00c1lbum Enciclopedia Digimon Universe con set completo de figuras para pegar. Una colecci\u00f3n ideal para fans y coleccionistas del mundo Digimon.\" \/>\n<meta name=\"robots\" content=\"index, follow, max-snippet:-1, max-image-preview:large, max-video-preview:-1\" \/>\n<link rel=\"canonical\" href=\"https:\/\/megacolecciones.pe\/en\/product\/enciclopedia-digimon-universe-set-completo\/\" \/>\n<meta property=\"og:locale\" content=\"en_US\" \/>\n<meta property=\"og:type\" content=\"article\" \/>\n<meta property=\"og:title\" content=\"\u00c1lbum Digimon Universe: Enciclopedia Definitiva + Set completo de figuras para pegar\" \/>\n<meta property=\"og:description\" content=\"\u00c1lbum Enciclopedia Digimon Universe con set completo de figuras para pegar. Una colecci\u00f3n ideal para fans y coleccionistas del mundo Digimon.\" \/>\n<meta property=\"og:url\" content=\"https:\/\/megacolecciones.pe\/en\/product\/enciclopedia-digimon-universe-set-completo\/\" \/>\n<meta property=\"og:site_name\" content=\"Megacolecciones\" \/>\n<meta property=\"article:publisher\" content=\"https:\/\/www.facebook.com\/megacolecciones\" \/>\n<meta property=\"article:modified_time\" content=\"2026-04-18T19:51:50+00:00\" \/>\n<meta property=\"og:image\" content=\"https:\/\/megacolecciones.pe\/wp-content\/uploads\/2026\/03\/digimon-universe.jpg\" \/>\n\t<meta property=\"og:image:width\" content=\"2400\" \/>\n\t<meta property=\"og:image:height\" content=\"2400\" \/>\n\t<meta property=\"og:image:type\" content=\"image\/jpeg\" \/>\n<meta name=\"twitter:card\" content=\"summary_large_image\" \/>\n<meta name=\"twitter:label1\" content=\"Price\" \/>\n\t<meta name=\"twitter:data1\" content=\"S\/120.00\" \/>\n\t<meta name=\"twitter:label2\" content=\"Availability\" \/>\n\t<meta name=\"twitter:data2\" content=\"Out of stock\" \/>\n<script type=\"application\/ld+json\" class=\"yoast-schema-graph\">{\"@context\":\"https:\\\/\\\/schema.org\",\"@graph\":[{\"@type\":\"WebPage\",\"@id\":\"https:\\\/\\\/megacolecciones.pe\\\/producto\\\/enciclopedia-digimon-universe-set-completo\\\/\",\"url\":\"https:\\\/\\\/megacolecciones.pe\\\/producto\\\/enciclopedia-digimon-universe-set-completo\\\/\",\"name\":\"\u00c1lbum Enciclopedia Digimon Universe Set Completo\",\"isPartOf\":{\"@id\":\"https:\\\/\\\/megacolecciones.pe\\\/#website\"},\"primaryImageOfPage\":{\"@id\":\"https:\\\/\\\/megacolecciones.pe\\\/producto\\\/enciclopedia-digimon-universe-set-completo\\\/#primaryimage\"},\"image\":{\"@id\":\"https:\\\/\\\/megacolecciones.pe\\\/producto\\\/enciclopedia-digimon-universe-set-completo\\\/#primaryimage\"},\"thumbnailUrl\":\"https:\\\/\\\/megacolecciones.pe\\\/wp-content\\\/uploads\\\/2026\\\/03\\\/digimon-universe.jpg\",\"datePublished\":\"2026-03-14T20:37:43+00:00\",\"dateModified\":\"2026-04-18T19:51:50+00:00\",\"description\":\"\u00c1lbum Enciclopedia Digimon Universe con set completo de figuras para pegar. Una colecci\u00f3n ideal para fans y coleccionistas del mundo Digimon.\",\"breadcrumb\":{\"@id\":\"https:\\\/\\\/megacolecciones.pe\\\/producto\\\/enciclopedia-digimon-universe-set-completo\\\/#breadcrumb\"},\"inLanguage\":\"en-US\",\"potentialAction\":[{\"@type\":\"ReadAction\",\"target\":[\"https:\\\/\\\/megacolecciones.pe\\\/producto\\\/enciclopedia-digimon-universe-set-completo\\\/\"]}]},{\"@type\":\"ImageObject\",\"inLanguage\":\"en-US\",\"@id\":\"https:\\\/\\\/megacolecciones.pe\\\/producto\\\/enciclopedia-digimon-universe-set-completo\\\/#primaryimage\",\"url\":\"https:\\\/\\\/megacolecciones.pe\\\/wp-content\\\/uploads\\\/2026\\\/03\\\/digimon-universe.jpg\",\"contentUrl\":\"https:\\\/\\\/megacolecciones.pe\\\/wp-content\\\/uploads\\\/2026\\\/03\\\/digimon-universe.jpg\",\"width\":2400,\"height\":2400},{\"@type\":\"BreadcrumbList\",\"@id\":\"https:\\\/\\\/megacolecciones.pe\\\/producto\\\/enciclopedia-digimon-universe-set-completo\\\/#breadcrumb\",\"itemListElement\":[{\"@type\":\"ListItem\",\"position\":1,\"name\":\"Home\",\"item\":\"https:\\\/\\\/megacolecciones.pe\\\/\"},{\"@type\":\"ListItem\",\"position\":2,\"name\":\"Tienda\",\"item\":\"https:\\\/\\\/megacolecciones.pe\\\/tienda\\\/\"},{\"@type\":\"ListItem\",\"position\":3,\"name\":\"\u00c1lbum Digimon Universe: Enciclopedia Definitiva + Set completo de figuras para pegar\"}]},{\"@type\":\"WebSite\",\"@id\":\"https:\\\/\\\/megacolecciones.pe\\\/#website\",\"url\":\"https:\\\/\\\/megacolecciones.pe\\\/\",\"name\":\"Mega Colecciones\",\"description\":\"Tienda de \u00e1lbumes, taps y cards\",\"publisher\":{\"@id\":\"https:\\\/\\\/megacolecciones.pe\\\/#organization\"},\"potentialAction\":[{\"@type\":\"SearchAction\",\"target\":{\"@type\":\"EntryPoint\",\"urlTemplate\":\"https:\\\/\\\/megacolecciones.pe\\\/?s={search_term_string}\"},\"query-input\":{\"@type\":\"PropertyValueSpecification\",\"valueRequired\":true,\"valueName\":\"search_term_string\"}}],\"inLanguage\":\"en-US\"},{\"@type\":\"Organization\",\"@id\":\"https:\\\/\\\/megacolecciones.pe\\\/#organization\",\"name\":\"Mega Colecciones\",\"url\":\"https:\\\/\\\/megacolecciones.pe\\\/\",\"logo\":{\"@type\":\"ImageObject\",\"inLanguage\":\"en-US\",\"@id\":\"https:\\\/\\\/megacolecciones.pe\\\/#\\\/schema\\\/logo\\\/image\\\/\",\"url\":\"http:\\\/\\\/megacolecciones.pe\\\/wp-content\\\/uploads\\\/2023\\\/09\\\/logo-mega.png\",\"contentUrl\":\"http:\\\/\\\/megacolecciones.pe\\\/wp-content\\\/uploads\\\/2023\\\/09\\\/logo-mega.png\",\"width\":285,\"height\":100,\"caption\":\"Mega Colecciones\"},\"image\":{\"@id\":\"https:\\\/\\\/megacolecciones.pe\\\/#\\\/schema\\\/logo\\\/image\\\/\"},\"sameAs\":[\"https:\\\/\\\/www.facebook.com\\\/megacolecciones\",\"https:\\\/\\\/www.instagram.com\\\/megacolecciones\\\/\"],\"hasMerchantReturnPolicy\":{\"@type\":\"MerchantReturnPolicy\",\"merchantReturnLink\":\"https:\\\/\\\/megacolecciones.pe\\\/en\\\/terminos-y-condiciones\\\/\"}}]}<\/script>\n<meta property=\"product:price:amount\" content=\"120.00\" \/>\n<meta property=\"product:price:currency\" content=\"PEN\" \/>\n<meta property=\"og:availability\" content=\"out of stock\" \/>\n<meta property=\"product:availability\" content=\"out of stock\" \/>\n<meta property=\"product:condition\" content=\"new\" \/>\n<!-- \/ Yoast SEO Premium plugin. -->","yoast_head_json":{"title":"\u00c1lbum Enciclopedia Digimon Universe Set Completo","description":"\u00c1lbum Enciclopedia Digimon Universe con set completo de figuras para pegar. Una colecci\u00f3n ideal para fans y coleccionistas del mundo Digimon.","robots":{"index":"index","follow":"follow","max-snippet":"max-snippet:-1","max-image-preview":"max-image-preview:large","max-video-preview":"max-video-preview:-1"},"canonical":"https:\/\/megacolecciones.pe\/en\/product\/enciclopedia-digimon-universe-set-completo\/","og_locale":"en_US","og_type":"article","og_title":"\u00c1lbum Digimon Universe: Enciclopedia Definitiva + Set completo de figuras para pegar","og_description":"\u00c1lbum Enciclopedia Digimon Universe con set completo de figuras para pegar. Una colecci\u00f3n ideal para fans y coleccionistas del mundo Digimon.","og_url":"https:\/\/megacolecciones.pe\/en\/product\/enciclopedia-digimon-universe-set-completo\/","og_site_name":"Megacolecciones","article_publisher":"https:\/\/www.facebook.com\/megacolecciones","article_modified_time":"2026-04-18T19:51:50+00:00","og_image":[{"width":2400,"height":2400,"url":"https:\/\/megacolecciones.pe\/wp-content\/uploads\/2026\/03\/digimon-universe.jpg","type":"image\/jpeg"}],"twitter_card":"summary_large_image","twitter_misc":{"Price":"S\/120.00","Availability":"Out of stock"},"schema":{"@context":"https:\/\/schema.org","@graph":[{"@type":"WebPage","@id":"https:\/\/megacolecciones.pe\/producto\/enciclopedia-digimon-universe-set-completo\/","url":"https:\/\/megacolecciones.pe\/producto\/enciclopedia-digimon-universe-set-completo\/","name":"\u00c1lbum Enciclopedia Digimon Universe Set Completo","isPartOf":{"@id":"https:\/\/megacolecciones.pe\/#website"},"primaryImageOfPage":{"@id":"https:\/\/megacolecciones.pe\/producto\/enciclopedia-digimon-universe-set-completo\/#primaryimage"},"image":{"@id":"https:\/\/megacolecciones.pe\/producto\/enciclopedia-digimon-universe-set-completo\/#primaryimage"},"thumbnailUrl":"https:\/\/megacolecciones.pe\/wp-content\/uploads\/2026\/03\/digimon-universe.jpg","datePublished":"2026-03-14T20:37:43+00:00","dateModified":"2026-04-18T19:51:50+00:00","description":"\u00c1lbum Enciclopedia Digimon Universe con set completo de figuras para pegar. Una colecci\u00f3n ideal para fans y coleccionistas del mundo Digimon.","breadcrumb":{"@id":"https:\/\/megacolecciones.pe\/producto\/enciclopedia-digimon-universe-set-completo\/#breadcrumb"},"inLanguage":"en-US","potentialAction":[{"@type":"ReadAction","target":["https:\/\/megacolecciones.pe\/producto\/enciclopedia-digimon-universe-set-completo\/"]}]},{"@type":"ImageObject","inLanguage":"en-US","@id":"https:\/\/megacolecciones.pe\/producto\/enciclopedia-digimon-universe-set-completo\/#primaryimage","url":"https:\/\/megacolecciones.pe\/wp-content\/uploads\/2026\/03\/digimon-universe.jpg","contentUrl":"https:\/\/megacolecciones.pe\/wp-content\/uploads\/2026\/03\/digimon-universe.jpg","width":2400,"height":2400},{"@type":"BreadcrumbList","@id":"https:\/\/megacolecciones.pe\/producto\/enciclopedia-digimon-universe-set-completo\/#breadcrumb","itemListElement":[{"@type":"ListItem","position":1,"name":"Home","item":"https:\/\/megacolecciones.pe\/"},{"@type":"ListItem","position":2,"name":"Tienda","item":"https:\/\/megacolecciones.pe\/tienda\/"},{"@type":"ListItem","position":3,"name":"\u00c1lbum Digimon Universe: Enciclopedia Definitiva + Set completo de figuras para pegar"}]},{"@type":"WebSite","@id":"https:\/\/megacolecciones.pe\/#website","url":"https:\/\/megacolecciones.pe\/","name":"Mega Collections","description":"Tienda de \u00e1lbumes, taps y cards","publisher":{"@id":"https:\/\/megacolecciones.pe\/#organization"},"potentialAction":[{"@type":"SearchAction","target":{"@type":"EntryPoint","urlTemplate":"https:\/\/megacolecciones.pe\/?s={search_term_string}"},"query-input":{"@type":"PropertyValueSpecification","valueRequired":true,"valueName":"search_term_string"}}],"inLanguage":"en-US"},{"@type":"Organization","@id":"https:\/\/megacolecciones.pe\/#organization","name":"Mega Collections","url":"https:\/\/megacolecciones.pe\/","logo":{"@type":"ImageObject","inLanguage":"en-US","@id":"https:\/\/megacolecciones.pe\/#\/schema\/logo\/image\/","url":"http:\/\/megacolecciones.pe\/wp-content\/uploads\/2023\/09\/logo-mega.png","contentUrl":"http:\/\/megacolecciones.pe\/wp-content\/uploads\/2023\/09\/logo-mega.png","width":285,"height":100,"caption":"Mega Colecciones"},"image":{"@id":"https:\/\/megacolecciones.pe\/#\/schema\/logo\/image\/"},"sameAs":["https:\/\/www.facebook.com\/megacolecciones","https:\/\/www.instagram.com\/megacolecciones\/"],"hasMerchantReturnPolicy":{"@type":"MerchantReturnPolicy","merchantReturnLink":"https:\/\/megacolecciones.pe\/en\/terminos-y-condiciones\/"}}]},"product_price_amount":"120.00","product_price_currency":"PEN","og_availability":"out of stock","product_availability":"out of stock","product_condition":"new"},"_links":{"self":[{"href":"https:\/\/megacolecciones.pe\/en\/wp-json\/wp\/v2\/product\/35727","targetHints":{"allow":["GET"]}}],"collection":[{"href":"https:\/\/megacolecciones.pe\/en\/wp-json\/wp\/v2\/product"}],"about":[{"href":"https:\/\/megacolecciones.pe\/en\/wp-json\/wp\/v2\/types\/product"}],"version-history":[{"count":1,"href":"https:\/\/megacolecciones.pe\/en\/wp-json\/wp\/v2\/product\/35727\/revisions"}],"predecessor-version":[{"id":35729,"href":"https:\/\/megacolecciones.pe\/en\/wp-json\/wp\/v2\/product\/35727\/revisions\/35729"}],"wp:featuredmedia":[{"embeddable":true,"href":"https:\/\/megacolecciones.pe\/en\/wp-json\/wp\/v2\/media\/35728"}],"wp:attachment":[{"href":"https:\/\/megacolecciones.pe\/en\/wp-json\/wp\/v2\/media?parent=35727"}],"wp:term":[{"taxonomy":"product_brand","embeddable":true,"href":"https:\/\/megacolecciones.pe\/en\/wp-json\/wp\/v2\/product_brand?post=35727"},{"taxonomy":"product_cat","embeddable":true,"href":"https:\/\/megacolecciones.pe\/en\/wp-json\/wp\/v2\/product_cat?post=35727"},{"taxonomy":"product_tag","embeddable":true,"href":"https:\/\/megacolecciones.pe\/en\/wp-json\/wp\/v2\/product_tag?post=35727"}],"curies":[{"name":"wp","href":"https:\/\/api.w.org\/{rel}","templated":true}]}}