{"id":35722,"date":"2026-03-14T15:13:39","date_gmt":"2026-03-14T20:13:39","guid":{"rendered":"https:\/\/megacolecciones.pe\/?post_type=product&#038;p=35722"},"modified":"2026-03-14T15:17:00","modified_gmt":"2026-03-14T20:17:00","slug":"enciclopedia-dragon-ball-40-aniversario-set-completo","status":"publish","type":"product","link":"https:\/\/megacolecciones.pe\/en\/product\/enciclopedia-dragon-ball-40-aniversario-set-completo\/","title":{"rendered":"\u00c1lbum Enciclopedia Dragon Ball (Edici\u00f3n 40\u00b0 Aniv.) + Set completo de figuras para pegar + Caps"},"content":{"rendered":"<p data-start=\"368\" data-end=\"549\"><span style=\"font-family: arial, helvetica, sans-serif;\">Descubre la <strong data-start=\"380\" data-end=\"431\">Enciclopedia Dragon Ball Edici\u00f3n 40 Aniversario<\/strong>, una colecci\u00f3n especial que celebra el legado completo del universo creado por <span class=\"hover:entity-accent entity-underline inline cursor-pointer align-baseline\"><span class=\"whitespace-normal\">Akira Toriyama<\/span><\/span>.<\/span><\/p>\n<p data-start=\"551\" data-end=\"803\"><span style=\"font-family: arial, helvetica, sans-serif;\">Este \u00e1lbum enciclopedia recorre toda la historia de <strong data-start=\"603\" data-end=\"644\"><span class=\"hover:entity-accent entity-underline inline cursor-pointer align-baseline\"><span class=\"whitespace-normal\">Dragon Ball<\/span><\/span><\/strong>, incluyendo personajes, sagas y momentos ic\u00f3nicos <strong data-start=\"695\" data-end=\"802\">desde la serie original hasta las producciones m\u00e1s recientes como <span class=\"hover:entity-accent entity-underline inline cursor-pointer align-baseline\"><span class=\"whitespace-normal\">Dragon Ball Daima<\/span><\/span><\/strong>.<\/span><\/p>\n<p data-start=\"805\" data-end=\"1124\"><span style=\"font-family: arial, helvetica, sans-serif;\">La colecci\u00f3n incluye <strong data-start=\"826\" data-end=\"867\">el set completo de figuras para pegar<\/strong>, lo que te permite completar el \u00e1lbum desde el primer momento sin depender de sobres al azar. A lo largo de sus p\u00e1ginas podr\u00e1s encontrar una gran recopilaci\u00f3n de personajes, transformaciones, batallas y escenas inolvidables de todo el universo Dragon Ball.<\/span><\/p>\n<p data-start=\"1126\" data-end=\"1318\"><span style=\"font-family: arial, helvetica, sans-serif;\">Esta edici\u00f3n tipo enciclopedia es perfecta para fans que desean recorrer toda la evoluci\u00f3n de la saga en un solo \u00e1lbum, convirti\u00e9ndose en una pieza imprescindible para cualquier coleccionista.<\/span><\/p>\n<p data-start=\"1320\" data-end=\"1331\"><span style=\"font-family: arial, helvetica, sans-serif;\">Ideal para:<\/span><\/p>\n<ul data-start=\"1332\" data-end=\"1524\">\n<li data-section-id=\"b8gcms\" data-start=\"1332\" data-end=\"1381\">\n<p data-start=\"1334\" data-end=\"1381\"><span style=\"font-family: arial, helvetica, sans-serif;\">Fans de Dragon Ball de todas las generaciones<\/span><\/p>\n<\/li>\n<li data-section-id=\"1gf2xw6\" data-start=\"1382\" data-end=\"1420\">\n<p data-start=\"1384\" data-end=\"1420\"><span style=\"font-family: arial, helvetica, sans-serif;\">Coleccionistas de \u00e1lbumes de anime<\/span><\/p>\n<\/li>\n<li data-section-id=\"q7sbej\" data-start=\"1421\" data-end=\"1462\">\n<p data-start=\"1423\" data-end=\"1462\"><span style=\"font-family: arial, helvetica, sans-serif;\">Amantes de las ediciones enciclopedia<\/span><\/p>\n<\/li>\n<li data-section-id=\"1o1ozke\" data-start=\"1463\" data-end=\"1524\">\n<p data-start=\"1465\" data-end=\"1524\"><span style=\"font-family: arial, helvetica, sans-serif;\">Seguidores de toda la saga, desde Dragon Ball hasta Daima<\/span><\/p>\n<\/li>\n<\/ul>\n<p data-start=\"1526\" data-end=\"1609\"><span style=\"font-family: arial, helvetica, sans-serif;\">Una colecci\u00f3n \u00fanica que re\u00fane <strong data-start=\"1556\" data-end=\"1608\">todo los personajes de Dragon Ball en un solo \u00e1lbum<\/strong>.<\/span><\/p>","protected":false},"excerpt":{"rendered":"<p><span style=\"font-family: arial, helvetica, sans-serif;\">La megacolecci\u00f3n contiene:\u00a0<\/span><\/p>\n<ul>\n<li dir=\"auto\"><span style=\"font-family: arial, helvetica, sans-serif;\">91 p\u00e1ginas a full color.<\/span><\/li>\n<li dir=\"auto\"><span style=\"font-family: arial, helvetica, sans-serif;\">693 figuras normales.<\/span><\/li>\n<li dir=\"auto\"><span style=\"font-family: arial, helvetica, sans-serif;\">78 figuras especiales.<\/span><\/li>\n<li dir=\"auto\"><span style=\"font-family: arial, helvetica, sans-serif;\">108 caps + coleccionador.<\/span><\/li>\n<li dir=\"auto\"><span style=\"font-family: arial, helvetica, sans-serif;\">Poster con 30 figuras especiales de las mejores batallas.<\/span><\/li>\n<\/ul>","protected":false},"featured_media":35723,"template":"","meta":[],"product_brand":[],"product_cat":[219,273,228],"product_tag":[],"class_list":{"0":"post-35722","1":"product","2":"type-product","3":"status-publish","4":"has-post-thumbnail","6":"product_cat-albumes-completos","7":"product_cat-los-mas-vendidos","8":"product_cat-mega-colecciones","10":"first","11":"instock","12":"shipping-taxable","13":"purchasable","14":"product-type-simple"},"yoast_head":"<!-- This site is optimized with the Yoast SEO Premium plugin v23.5 (Yoast SEO v27.4) - https:\/\/yoast.com\/product\/yoast-seo-premium-wordpress\/ -->\n<title>Enciclopedia Dragon Ball 40 Aniversario con Figuras Completas<\/title>\n<meta name=\"description\" content=\"\u00c1lbum Enciclopedia Dragon Ball Edici\u00f3n 40 Aniversario con el set completo de figuras. Incluye toda la saga desde Dragon Ball hasta Dragon Ball Daima.\" \/>\n<meta name=\"robots\" content=\"index, follow, max-snippet:-1, max-image-preview:large, max-video-preview:-1\" \/>\n<link rel=\"canonical\" href=\"https:\/\/megacolecciones.pe\/en\/product\/enciclopedia-dragon-ball-40-aniversario-set-completo\/\" \/>\n<meta property=\"og:locale\" content=\"en_US\" \/>\n<meta property=\"og:type\" content=\"article\" \/>\n<meta property=\"og:title\" content=\"\u00c1lbum Enciclopedia Dragon Ball (Edici\u00f3n 40\u00b0 Aniv.) + Set completo de figuras para pegar + Caps\" \/>\n<meta property=\"og:description\" content=\"\u00c1lbum Enciclopedia Dragon Ball Edici\u00f3n 40 Aniversario con el set completo de figuras. Incluye toda la saga desde Dragon Ball hasta Dragon Ball Daima.\" \/>\n<meta property=\"og:url\" content=\"https:\/\/megacolecciones.pe\/en\/product\/enciclopedia-dragon-ball-40-aniversario-set-completo\/\" \/>\n<meta property=\"og:site_name\" content=\"Megacolecciones\" \/>\n<meta property=\"article:publisher\" content=\"https:\/\/www.facebook.com\/megacolecciones\" \/>\n<meta property=\"article:modified_time\" content=\"2026-03-14T20:17:00+00:00\" \/>\n<meta property=\"og:image\" content=\"https:\/\/megacolecciones.pe\/wp-content\/uploads\/2026\/03\/dragon-ball-enciclopedia.jpg\" \/>\n\t<meta property=\"og:image:width\" content=\"2400\" \/>\n\t<meta property=\"og:image:height\" content=\"2400\" \/>\n\t<meta property=\"og:image:type\" content=\"image\/jpeg\" \/>\n<meta name=\"twitter:card\" content=\"summary_large_image\" \/>\n<meta name=\"twitter:label1\" content=\"Price\" \/>\n\t<meta name=\"twitter:data1\" content=\"S\/140.00\" \/>\n\t<meta name=\"twitter:label2\" content=\"Availability\" \/>\n\t<meta name=\"twitter:data2\" content=\"In stock\" \/>\n<script type=\"application\/ld+json\" class=\"yoast-schema-graph\">{\"@context\":\"https:\\\/\\\/schema.org\",\"@graph\":[{\"@type\":\"WebPage\",\"@id\":\"https:\\\/\\\/megacolecciones.pe\\\/producto\\\/enciclopedia-dragon-ball-40-aniversario-set-completo\\\/\",\"url\":\"https:\\\/\\\/megacolecciones.pe\\\/producto\\\/enciclopedia-dragon-ball-40-aniversario-set-completo\\\/\",\"name\":\"Enciclopedia Dragon Ball 40 Aniversario con Figuras Completas\",\"isPartOf\":{\"@id\":\"https:\\\/\\\/megacolecciones.pe\\\/#website\"},\"primaryImageOfPage\":{\"@id\":\"https:\\\/\\\/megacolecciones.pe\\\/producto\\\/enciclopedia-dragon-ball-40-aniversario-set-completo\\\/#primaryimage\"},\"image\":{\"@id\":\"https:\\\/\\\/megacolecciones.pe\\\/producto\\\/enciclopedia-dragon-ball-40-aniversario-set-completo\\\/#primaryimage\"},\"thumbnailUrl\":\"https:\\\/\\\/megacolecciones.pe\\\/wp-content\\\/uploads\\\/2026\\\/03\\\/dragon-ball-enciclopedia.jpg\",\"datePublished\":\"2026-03-14T20:13:39+00:00\",\"dateModified\":\"2026-03-14T20:17:00+00:00\",\"description\":\"\u00c1lbum Enciclopedia Dragon Ball Edici\u00f3n 40 Aniversario con el set completo de figuras. Incluye toda la saga desde Dragon Ball hasta Dragon Ball Daima.\",\"breadcrumb\":{\"@id\":\"https:\\\/\\\/megacolecciones.pe\\\/producto\\\/enciclopedia-dragon-ball-40-aniversario-set-completo\\\/#breadcrumb\"},\"inLanguage\":\"en-US\",\"potentialAction\":[{\"@type\":\"ReadAction\",\"target\":[\"https:\\\/\\\/megacolecciones.pe\\\/producto\\\/enciclopedia-dragon-ball-40-aniversario-set-completo\\\/\"]}]},{\"@type\":\"ImageObject\",\"inLanguage\":\"en-US\",\"@id\":\"https:\\\/\\\/megacolecciones.pe\\\/producto\\\/enciclopedia-dragon-ball-40-aniversario-set-completo\\\/#primaryimage\",\"url\":\"https:\\\/\\\/megacolecciones.pe\\\/wp-content\\\/uploads\\\/2026\\\/03\\\/dragon-ball-enciclopedia.jpg\",\"contentUrl\":\"https:\\\/\\\/megacolecciones.pe\\\/wp-content\\\/uploads\\\/2026\\\/03\\\/dragon-ball-enciclopedia.jpg\",\"width\":2400,\"height\":2400},{\"@type\":\"BreadcrumbList\",\"@id\":\"https:\\\/\\\/megacolecciones.pe\\\/producto\\\/enciclopedia-dragon-ball-40-aniversario-set-completo\\\/#breadcrumb\",\"itemListElement\":[{\"@type\":\"ListItem\",\"position\":1,\"name\":\"Home\",\"item\":\"https:\\\/\\\/megacolecciones.pe\\\/\"},{\"@type\":\"ListItem\",\"position\":2,\"name\":\"Tienda\",\"item\":\"https:\\\/\\\/megacolecciones.pe\\\/tienda\\\/\"},{\"@type\":\"ListItem\",\"position\":3,\"name\":\"\u00c1lbum Enciclopedia Dragon Ball (Edici\u00f3n 40\u00b0 Aniv.) + Set completo de figuras para pegar + Caps\"}]},{\"@type\":\"WebSite\",\"@id\":\"https:\\\/\\\/megacolecciones.pe\\\/#website\",\"url\":\"https:\\\/\\\/megacolecciones.pe\\\/\",\"name\":\"Mega Colecciones\",\"description\":\"Tienda de \u00e1lbumes, taps y cards\",\"publisher\":{\"@id\":\"https:\\\/\\\/megacolecciones.pe\\\/#organization\"},\"potentialAction\":[{\"@type\":\"SearchAction\",\"target\":{\"@type\":\"EntryPoint\",\"urlTemplate\":\"https:\\\/\\\/megacolecciones.pe\\\/?s={search_term_string}\"},\"query-input\":{\"@type\":\"PropertyValueSpecification\",\"valueRequired\":true,\"valueName\":\"search_term_string\"}}],\"inLanguage\":\"en-US\"},{\"@type\":\"Organization\",\"@id\":\"https:\\\/\\\/megacolecciones.pe\\\/#organization\",\"name\":\"Mega Colecciones\",\"url\":\"https:\\\/\\\/megacolecciones.pe\\\/\",\"logo\":{\"@type\":\"ImageObject\",\"inLanguage\":\"en-US\",\"@id\":\"https:\\\/\\\/megacolecciones.pe\\\/#\\\/schema\\\/logo\\\/image\\\/\",\"url\":\"http:\\\/\\\/megacolecciones.pe\\\/wp-content\\\/uploads\\\/2023\\\/09\\\/logo-mega.png\",\"contentUrl\":\"http:\\\/\\\/megacolecciones.pe\\\/wp-content\\\/uploads\\\/2023\\\/09\\\/logo-mega.png\",\"width\":285,\"height\":100,\"caption\":\"Mega Colecciones\"},\"image\":{\"@id\":\"https:\\\/\\\/megacolecciones.pe\\\/#\\\/schema\\\/logo\\\/image\\\/\"},\"sameAs\":[\"https:\\\/\\\/www.facebook.com\\\/megacolecciones\",\"https:\\\/\\\/www.instagram.com\\\/megacolecciones\\\/\"],\"hasMerchantReturnPolicy\":{\"@type\":\"MerchantReturnPolicy\",\"merchantReturnLink\":\"https:\\\/\\\/megacolecciones.pe\\\/en\\\/terminos-y-condiciones\\\/\"}}]}<\/script>\n<meta property=\"product:price:amount\" content=\"140.00\" \/>\n<meta property=\"product:price:currency\" content=\"PEN\" \/>\n<meta property=\"og:availability\" content=\"instock\" \/>\n<meta property=\"product:availability\" content=\"instock\" \/>\n<meta property=\"product:condition\" content=\"new\" \/>\n<!-- \/ Yoast SEO Premium plugin. -->","yoast_head_json":{"title":"Enciclopedia Dragon Ball 40 Aniversario con Figuras Completas","description":"\u00c1lbum Enciclopedia Dragon Ball Edici\u00f3n 40 Aniversario con el set completo de figuras. Incluye toda la saga desde Dragon Ball hasta Dragon Ball Daima.","robots":{"index":"index","follow":"follow","max-snippet":"max-snippet:-1","max-image-preview":"max-image-preview:large","max-video-preview":"max-video-preview:-1"},"canonical":"https:\/\/megacolecciones.pe\/en\/product\/enciclopedia-dragon-ball-40-aniversario-set-completo\/","og_locale":"en_US","og_type":"article","og_title":"\u00c1lbum Enciclopedia Dragon Ball (Edici\u00f3n 40\u00b0 Aniv.) + Set completo de figuras para pegar + Caps","og_description":"\u00c1lbum Enciclopedia Dragon Ball Edici\u00f3n 40 Aniversario con el set completo de figuras. Incluye toda la saga desde Dragon Ball hasta Dragon Ball Daima.","og_url":"https:\/\/megacolecciones.pe\/en\/product\/enciclopedia-dragon-ball-40-aniversario-set-completo\/","og_site_name":"Megacolecciones","article_publisher":"https:\/\/www.facebook.com\/megacolecciones","article_modified_time":"2026-03-14T20:17:00+00:00","og_image":[{"width":2400,"height":2400,"url":"https:\/\/megacolecciones.pe\/wp-content\/uploads\/2026\/03\/dragon-ball-enciclopedia.jpg","type":"image\/jpeg"}],"twitter_card":"summary_large_image","twitter_misc":{"Price":"S\/140.00","Availability":"In stock"},"schema":{"@context":"https:\/\/schema.org","@graph":[{"@type":"WebPage","@id":"https:\/\/megacolecciones.pe\/producto\/enciclopedia-dragon-ball-40-aniversario-set-completo\/","url":"https:\/\/megacolecciones.pe\/producto\/enciclopedia-dragon-ball-40-aniversario-set-completo\/","name":"Enciclopedia Dragon Ball 40 Aniversario con Figuras Completas","isPartOf":{"@id":"https:\/\/megacolecciones.pe\/#website"},"primaryImageOfPage":{"@id":"https:\/\/megacolecciones.pe\/producto\/enciclopedia-dragon-ball-40-aniversario-set-completo\/#primaryimage"},"image":{"@id":"https:\/\/megacolecciones.pe\/producto\/enciclopedia-dragon-ball-40-aniversario-set-completo\/#primaryimage"},"thumbnailUrl":"https:\/\/megacolecciones.pe\/wp-content\/uploads\/2026\/03\/dragon-ball-enciclopedia.jpg","datePublished":"2026-03-14T20:13:39+00:00","dateModified":"2026-03-14T20:17:00+00:00","description":"\u00c1lbum Enciclopedia Dragon Ball Edici\u00f3n 40 Aniversario con el set completo de figuras. Incluye toda la saga desde Dragon Ball hasta Dragon Ball Daima.","breadcrumb":{"@id":"https:\/\/megacolecciones.pe\/producto\/enciclopedia-dragon-ball-40-aniversario-set-completo\/#breadcrumb"},"inLanguage":"en-US","potentialAction":[{"@type":"ReadAction","target":["https:\/\/megacolecciones.pe\/producto\/enciclopedia-dragon-ball-40-aniversario-set-completo\/"]}]},{"@type":"ImageObject","inLanguage":"en-US","@id":"https:\/\/megacolecciones.pe\/producto\/enciclopedia-dragon-ball-40-aniversario-set-completo\/#primaryimage","url":"https:\/\/megacolecciones.pe\/wp-content\/uploads\/2026\/03\/dragon-ball-enciclopedia.jpg","contentUrl":"https:\/\/megacolecciones.pe\/wp-content\/uploads\/2026\/03\/dragon-ball-enciclopedia.jpg","width":2400,"height":2400},{"@type":"BreadcrumbList","@id":"https:\/\/megacolecciones.pe\/producto\/enciclopedia-dragon-ball-40-aniversario-set-completo\/#breadcrumb","itemListElement":[{"@type":"ListItem","position":1,"name":"Home","item":"https:\/\/megacolecciones.pe\/"},{"@type":"ListItem","position":2,"name":"Tienda","item":"https:\/\/megacolecciones.pe\/tienda\/"},{"@type":"ListItem","position":3,"name":"\u00c1lbum Enciclopedia Dragon Ball (Edici\u00f3n 40\u00b0 Aniv.) + Set completo de figuras para pegar + Caps"}]},{"@type":"WebSite","@id":"https:\/\/megacolecciones.pe\/#website","url":"https:\/\/megacolecciones.pe\/","name":"Mega Collections","description":"Tienda de \u00e1lbumes, taps y cards","publisher":{"@id":"https:\/\/megacolecciones.pe\/#organization"},"potentialAction":[{"@type":"SearchAction","target":{"@type":"EntryPoint","urlTemplate":"https:\/\/megacolecciones.pe\/?s={search_term_string}"},"query-input":{"@type":"PropertyValueSpecification","valueRequired":true,"valueName":"search_term_string"}}],"inLanguage":"en-US"},{"@type":"Organization","@id":"https:\/\/megacolecciones.pe\/#organization","name":"Mega Collections","url":"https:\/\/megacolecciones.pe\/","logo":{"@type":"ImageObject","inLanguage":"en-US","@id":"https:\/\/megacolecciones.pe\/#\/schema\/logo\/image\/","url":"http:\/\/megacolecciones.pe\/wp-content\/uploads\/2023\/09\/logo-mega.png","contentUrl":"http:\/\/megacolecciones.pe\/wp-content\/uploads\/2023\/09\/logo-mega.png","width":285,"height":100,"caption":"Mega Colecciones"},"image":{"@id":"https:\/\/megacolecciones.pe\/#\/schema\/logo\/image\/"},"sameAs":["https:\/\/www.facebook.com\/megacolecciones","https:\/\/www.instagram.com\/megacolecciones\/"],"hasMerchantReturnPolicy":{"@type":"MerchantReturnPolicy","merchantReturnLink":"https:\/\/megacolecciones.pe\/en\/terminos-y-condiciones\/"}}]},"product_price_amount":"140.00","product_price_currency":"PEN","og_availability":"instock","product_availability":"instock","product_condition":"new"},"_links":{"self":[{"href":"https:\/\/megacolecciones.pe\/en\/wp-json\/wp\/v2\/product\/35722","targetHints":{"allow":["GET"]}}],"collection":[{"href":"https:\/\/megacolecciones.pe\/en\/wp-json\/wp\/v2\/product"}],"about":[{"href":"https:\/\/megacolecciones.pe\/en\/wp-json\/wp\/v2\/types\/product"}],"version-history":[{"count":3,"href":"https:\/\/megacolecciones.pe\/en\/wp-json\/wp\/v2\/product\/35722\/revisions"}],"predecessor-version":[{"id":35726,"href":"https:\/\/megacolecciones.pe\/en\/wp-json\/wp\/v2\/product\/35722\/revisions\/35726"}],"wp:featuredmedia":[{"embeddable":true,"href":"https:\/\/megacolecciones.pe\/en\/wp-json\/wp\/v2\/media\/35723"}],"wp:attachment":[{"href":"https:\/\/megacolecciones.pe\/en\/wp-json\/wp\/v2\/media?parent=35722"}],"wp:term":[{"taxonomy":"product_brand","embeddable":true,"href":"https:\/\/megacolecciones.pe\/en\/wp-json\/wp\/v2\/product_brand?post=35722"},{"taxonomy":"product_cat","embeddable":true,"href":"https:\/\/megacolecciones.pe\/en\/wp-json\/wp\/v2\/product_cat?post=35722"},{"taxonomy":"product_tag","embeddable":true,"href":"https:\/\/megacolecciones.pe\/en\/wp-json\/wp\/v2\/product_tag?post=35722"}],"curies":[{"name":"wp","href":"https:\/\/api.w.org\/{rel}","templated":true}]}}