{"id":35715,"date":"2026-03-14T13:37:48","date_gmt":"2026-03-14T18:37:48","guid":{"rendered":"https:\/\/megacolecciones.pe\/?post_type=product&#038;p=35715"},"modified":"2026-03-14T13:37:49","modified_gmt":"2026-03-14T18:37:49","slug":"album-dragon-ball-z6-reedicion-navarrete","status":"publish","type":"product","link":"https:\/\/megacolecciones.pe\/en\/product\/album-dragon-ball-z6-reedicion-navarrete\/","title":{"rendered":"\u00c1lbum Dragon Ball Z6 (Reedici\u00f3n Navarrete) + Set completo de figuras para pegar"},"content":{"rendered":"<p data-start=\"406\" data-end=\"621\"><span style=\"font-family: arial, helvetica, sans-serif;\">Revive uno de los \u00e1lbumes m\u00e1s recordados por los fans del anime con el <strong data-start=\"477\" data-end=\"523\">\u00c1lbum Dragon Ball Z6 \u2013 Reedici\u00f3n Navarrete<\/strong>, una colecci\u00f3n cl\u00e1sica inspirada en la legendaria serie de <span class=\"hover:entity-accent entity-underline inline cursor-pointer align-baseline\"><span class=\"whitespace-normal\">Dragon Ball Z<\/span><\/span>.<\/span><\/p>\n<p data-start=\"623\" data-end=\"807\"><span style=\"font-family: arial, helvetica, sans-serif;\">Esta edici\u00f3n es una <strong data-start=\"643\" data-end=\"740\">reedici\u00f3n del \u00e1lbum original publicado por la editorial <span class=\"hover:entity-accent entity-underline inline cursor-pointer align-baseline\"><span class=\"whitespace-normal\">Navarrete<\/span><\/span><\/strong>, muy popular en los a\u00f1os 90 entre los coleccionistas de figuritas.<\/span><\/p>\n<p data-start=\"809\" data-end=\"1085\"><span style=\"font-family: arial, helvetica, sans-serif;\">La colecci\u00f3n incluye <strong data-start=\"830\" data-end=\"871\">el set completo de figuras para pegar<\/strong>, permiti\u00e9ndote completar el \u00e1lbum sin depender de sobres al azar. Es una excelente oportunidad para revivir la experiencia de colecci\u00f3n cl\u00e1sica o para quienes desean tener esta pieza hist\u00f3rica totalmente completa.<\/span><\/p>\n<p data-start=\"1087\" data-end=\"1278\"><span style=\"font-family: arial, helvetica, sans-serif;\">Dentro del \u00e1lbum podr\u00e1s encontrar escenas, personajes y momentos emblem\u00e1ticos del universo Dragon Ball Z, convirti\u00e9ndolo en una pieza ideal tanto para coleccionistas como para fans del anime.<\/span><\/p>\n<p data-start=\"1280\" data-end=\"1291\"><span style=\"font-family: arial, helvetica, sans-serif;\">Ideal para:<\/span><\/p>\n<ul data-start=\"1292\" data-end=\"1465\">\n<li data-section-id=\"5qzxmj\" data-start=\"1292\" data-end=\"1317\">\n<p data-start=\"1294\" data-end=\"1317\"><span style=\"font-family: arial, helvetica, sans-serif;\">Fans de Dragon Ball Z.<\/span><\/p>\n<\/li>\n<li data-section-id=\"ca8zua\" data-start=\"1318\" data-end=\"1356\">\n<p data-start=\"1320\" data-end=\"1356\"><span style=\"font-family: arial, helvetica, sans-serif;\">Coleccionistas de \u00e1lbumes cl\u00e1sicos.<\/span><\/p>\n<\/li>\n<li data-section-id=\"1j0uhgq\" data-start=\"1357\" data-end=\"1393\">\n<p data-start=\"1359\" data-end=\"1393\"><span style=\"font-family: arial, helvetica, sans-serif;\">Amantes de las reediciones retro.<\/span><\/p>\n<\/li>\n<li data-section-id=\"15fwuou\" data-start=\"1394\" data-end=\"1465\">\n<p data-start=\"1396\" data-end=\"1465\"><span style=\"font-family: arial, helvetica, sans-serif;\">Personas que desean completar el \u00e1lbum sin buscar figuritas sueltas.<\/span><\/p>\n<\/li>\n<\/ul>\n<p data-start=\"1467\" data-end=\"1549\"><span style=\"font-family: arial, helvetica, sans-serif;\">Una colecci\u00f3n nost\u00e1lgica que revive la \u00e9poca dorada de los \u00e1lbumes de los a\u00f1os 90.<\/span><\/p>","protected":false},"excerpt":{"rendered":"<p><span style=\"font-family: arial, helvetica, sans-serif;\">La megacolecci\u00f3n contiene:<\/span><\/p>\n<ul>\n<li><span style=\"font-family: arial, helvetica, sans-serif;\">\u00c1lbum vac\u00edo con 48 p\u00e1ginas a full color.<\/span><\/li>\n<li><span style=\"font-family: arial, helvetica, sans-serif;\">288 Figuras stickers normales.<\/span><\/li>\n<li><span style=\"font-family: arial, helvetica, sans-serif;\">16 Figuras stickers especiales.<\/span><\/li>\n<li><span style=\"font-family: arial, helvetica, sans-serif;\">4 Minip\u00f3sters de regalo.<\/span><\/li>\n<\/ul>\n<p>&nbsp;<\/p>","protected":false},"featured_media":35719,"template":"","meta":[],"product_brand":[],"product_cat":[219,228],"product_tag":[],"class_list":{"0":"post-35715","1":"product","2":"type-product","3":"status-publish","4":"has-post-thumbnail","6":"product_cat-albumes-completos","7":"product_cat-mega-colecciones","9":"first","10":"instock","11":"shipping-taxable","12":"purchasable","13":"product-type-simple"},"yoast_head":"<!-- This site is optimized with the Yoast SEO Premium plugin v23.5 (Yoast SEO v27.4) - https:\/\/yoast.com\/product\/yoast-seo-premium-wordpress\/ -->\n<title>\u00c1lbum Dragon Ball Z6 Reedici\u00f3n Navarrete con Figuras Completas<\/title>\n<meta name=\"description\" content=\"Compra el \u00e1lbum Dragon Ball Z6 reedici\u00f3n Navarrete con set completo de figuras para pegar. Una colecci\u00f3n cl\u00e1sica ideal para fans y coleccionistas del anime.\" \/>\n<meta name=\"robots\" content=\"index, follow, max-snippet:-1, max-image-preview:large, max-video-preview:-1\" \/>\n<link rel=\"canonical\" href=\"https:\/\/megacolecciones.pe\/en\/product\/album-dragon-ball-z6-reedicion-navarrete\/\" \/>\n<meta property=\"og:locale\" content=\"en_US\" \/>\n<meta property=\"og:type\" content=\"article\" \/>\n<meta property=\"og:title\" content=\"\u00c1lbum Dragon Ball Z6 (Reedici\u00f3n Navarrete) + Set completo de figuras para pegar\" \/>\n<meta property=\"og:description\" content=\"Compra el \u00e1lbum Dragon Ball Z6 reedici\u00f3n Navarrete con set completo de figuras para pegar. Una colecci\u00f3n cl\u00e1sica ideal para fans y coleccionistas del anime.\" \/>\n<meta property=\"og:url\" content=\"https:\/\/megacolecciones.pe\/en\/product\/album-dragon-ball-z6-reedicion-navarrete\/\" \/>\n<meta property=\"og:site_name\" content=\"Megacolecciones\" \/>\n<meta property=\"article:publisher\" content=\"https:\/\/www.facebook.com\/megacolecciones\" \/>\n<meta property=\"article:modified_time\" content=\"2026-03-14T18:37:49+00:00\" \/>\n<meta property=\"og:image\" content=\"https:\/\/megacolecciones.pe\/wp-content\/uploads\/2026\/03\/DBZ6.jpg\" \/>\n\t<meta property=\"og:image:width\" content=\"2400\" \/>\n\t<meta property=\"og:image:height\" content=\"2400\" \/>\n\t<meta property=\"og:image:type\" content=\"image\/jpeg\" \/>\n<meta name=\"twitter:card\" content=\"summary_large_image\" \/>\n<meta name=\"twitter:label1\" content=\"Price\" \/>\n\t<meta name=\"twitter:data1\" content=\"S\/50.00\" \/>\n\t<meta name=\"twitter:label2\" content=\"Availability\" \/>\n\t<meta name=\"twitter:data2\" content=\"In stock\" \/>\n<script type=\"application\/ld+json\" class=\"yoast-schema-graph\">{\"@context\":\"https:\\\/\\\/schema.org\",\"@graph\":[{\"@type\":\"WebPage\",\"@id\":\"https:\\\/\\\/megacolecciones.pe\\\/producto\\\/album-dragon-ball-z6-reedicion-navarrete\\\/\",\"url\":\"https:\\\/\\\/megacolecciones.pe\\\/producto\\\/album-dragon-ball-z6-reedicion-navarrete\\\/\",\"name\":\"\u00c1lbum Dragon Ball Z6 Reedici\u00f3n Navarrete con Figuras Completas\",\"isPartOf\":{\"@id\":\"https:\\\/\\\/megacolecciones.pe\\\/#website\"},\"primaryImageOfPage\":{\"@id\":\"https:\\\/\\\/megacolecciones.pe\\\/producto\\\/album-dragon-ball-z6-reedicion-navarrete\\\/#primaryimage\"},\"image\":{\"@id\":\"https:\\\/\\\/megacolecciones.pe\\\/producto\\\/album-dragon-ball-z6-reedicion-navarrete\\\/#primaryimage\"},\"thumbnailUrl\":\"https:\\\/\\\/megacolecciones.pe\\\/wp-content\\\/uploads\\\/2026\\\/03\\\/DBZ6.jpg\",\"datePublished\":\"2026-03-14T18:37:48+00:00\",\"dateModified\":\"2026-03-14T18:37:49+00:00\",\"description\":\"Compra el \u00e1lbum Dragon Ball Z6 reedici\u00f3n Navarrete con set completo de figuras para pegar. Una colecci\u00f3n cl\u00e1sica ideal para fans y coleccionistas del anime.\",\"breadcrumb\":{\"@id\":\"https:\\\/\\\/megacolecciones.pe\\\/producto\\\/album-dragon-ball-z6-reedicion-navarrete\\\/#breadcrumb\"},\"inLanguage\":\"en-US\",\"potentialAction\":[{\"@type\":\"ReadAction\",\"target\":[\"https:\\\/\\\/megacolecciones.pe\\\/producto\\\/album-dragon-ball-z6-reedicion-navarrete\\\/\"]}]},{\"@type\":\"ImageObject\",\"inLanguage\":\"en-US\",\"@id\":\"https:\\\/\\\/megacolecciones.pe\\\/producto\\\/album-dragon-ball-z6-reedicion-navarrete\\\/#primaryimage\",\"url\":\"https:\\\/\\\/megacolecciones.pe\\\/wp-content\\\/uploads\\\/2026\\\/03\\\/DBZ6.jpg\",\"contentUrl\":\"https:\\\/\\\/megacolecciones.pe\\\/wp-content\\\/uploads\\\/2026\\\/03\\\/DBZ6.jpg\",\"width\":2400,\"height\":2400},{\"@type\":\"BreadcrumbList\",\"@id\":\"https:\\\/\\\/megacolecciones.pe\\\/producto\\\/album-dragon-ball-z6-reedicion-navarrete\\\/#breadcrumb\",\"itemListElement\":[{\"@type\":\"ListItem\",\"position\":1,\"name\":\"Home\",\"item\":\"https:\\\/\\\/megacolecciones.pe\\\/\"},{\"@type\":\"ListItem\",\"position\":2,\"name\":\"Tienda\",\"item\":\"https:\\\/\\\/megacolecciones.pe\\\/tienda\\\/\"},{\"@type\":\"ListItem\",\"position\":3,\"name\":\"\u00c1lbum Dragon Ball Z6 (Reedici\u00f3n Navarrete) + Set completo de figuras para pegar\"}]},{\"@type\":\"WebSite\",\"@id\":\"https:\\\/\\\/megacolecciones.pe\\\/#website\",\"url\":\"https:\\\/\\\/megacolecciones.pe\\\/\",\"name\":\"Mega Colecciones\",\"description\":\"Tienda de \u00e1lbumes, taps y cards\",\"publisher\":{\"@id\":\"https:\\\/\\\/megacolecciones.pe\\\/#organization\"},\"potentialAction\":[{\"@type\":\"SearchAction\",\"target\":{\"@type\":\"EntryPoint\",\"urlTemplate\":\"https:\\\/\\\/megacolecciones.pe\\\/?s={search_term_string}\"},\"query-input\":{\"@type\":\"PropertyValueSpecification\",\"valueRequired\":true,\"valueName\":\"search_term_string\"}}],\"inLanguage\":\"en-US\"},{\"@type\":\"Organization\",\"@id\":\"https:\\\/\\\/megacolecciones.pe\\\/#organization\",\"name\":\"Mega Colecciones\",\"url\":\"https:\\\/\\\/megacolecciones.pe\\\/\",\"logo\":{\"@type\":\"ImageObject\",\"inLanguage\":\"en-US\",\"@id\":\"https:\\\/\\\/megacolecciones.pe\\\/#\\\/schema\\\/logo\\\/image\\\/\",\"url\":\"http:\\\/\\\/megacolecciones.pe\\\/wp-content\\\/uploads\\\/2023\\\/09\\\/logo-mega.png\",\"contentUrl\":\"http:\\\/\\\/megacolecciones.pe\\\/wp-content\\\/uploads\\\/2023\\\/09\\\/logo-mega.png\",\"width\":285,\"height\":100,\"caption\":\"Mega Colecciones\"},\"image\":{\"@id\":\"https:\\\/\\\/megacolecciones.pe\\\/#\\\/schema\\\/logo\\\/image\\\/\"},\"sameAs\":[\"https:\\\/\\\/www.facebook.com\\\/megacolecciones\",\"https:\\\/\\\/www.instagram.com\\\/megacolecciones\\\/\"],\"hasMerchantReturnPolicy\":{\"@type\":\"MerchantReturnPolicy\",\"merchantReturnLink\":\"https:\\\/\\\/megacolecciones.pe\\\/en\\\/terminos-y-condiciones\\\/\"}}]}<\/script>\n<meta property=\"product:price:amount\" content=\"50.00\" \/>\n<meta property=\"product:price:currency\" content=\"PEN\" \/>\n<meta property=\"og:availability\" content=\"instock\" \/>\n<meta property=\"product:availability\" content=\"instock\" \/>\n<meta property=\"product:condition\" content=\"new\" \/>\n<!-- \/ Yoast SEO Premium plugin. -->","yoast_head_json":{"title":"\u00c1lbum Dragon Ball Z6 Reedici\u00f3n Navarrete con Figuras Completas","description":"Compra el \u00e1lbum Dragon Ball Z6 reedici\u00f3n Navarrete con set completo de figuras para pegar. Una colecci\u00f3n cl\u00e1sica ideal para fans y coleccionistas del anime.","robots":{"index":"index","follow":"follow","max-snippet":"max-snippet:-1","max-image-preview":"max-image-preview:large","max-video-preview":"max-video-preview:-1"},"canonical":"https:\/\/megacolecciones.pe\/en\/product\/album-dragon-ball-z6-reedicion-navarrete\/","og_locale":"en_US","og_type":"article","og_title":"\u00c1lbum Dragon Ball Z6 (Reedici\u00f3n Navarrete) + Set completo de figuras para pegar","og_description":"Compra el \u00e1lbum Dragon Ball Z6 reedici\u00f3n Navarrete con set completo de figuras para pegar. Una colecci\u00f3n cl\u00e1sica ideal para fans y coleccionistas del anime.","og_url":"https:\/\/megacolecciones.pe\/en\/product\/album-dragon-ball-z6-reedicion-navarrete\/","og_site_name":"Megacolecciones","article_publisher":"https:\/\/www.facebook.com\/megacolecciones","article_modified_time":"2026-03-14T18:37:49+00:00","og_image":[{"width":2400,"height":2400,"url":"https:\/\/megacolecciones.pe\/wp-content\/uploads\/2026\/03\/DBZ6.jpg","type":"image\/jpeg"}],"twitter_card":"summary_large_image","twitter_misc":{"Price":"S\/50.00","Availability":"In stock"},"schema":{"@context":"https:\/\/schema.org","@graph":[{"@type":"WebPage","@id":"https:\/\/megacolecciones.pe\/producto\/album-dragon-ball-z6-reedicion-navarrete\/","url":"https:\/\/megacolecciones.pe\/producto\/album-dragon-ball-z6-reedicion-navarrete\/","name":"\u00c1lbum Dragon Ball Z6 Reedici\u00f3n Navarrete con Figuras Completas","isPartOf":{"@id":"https:\/\/megacolecciones.pe\/#website"},"primaryImageOfPage":{"@id":"https:\/\/megacolecciones.pe\/producto\/album-dragon-ball-z6-reedicion-navarrete\/#primaryimage"},"image":{"@id":"https:\/\/megacolecciones.pe\/producto\/album-dragon-ball-z6-reedicion-navarrete\/#primaryimage"},"thumbnailUrl":"https:\/\/megacolecciones.pe\/wp-content\/uploads\/2026\/03\/DBZ6.jpg","datePublished":"2026-03-14T18:37:48+00:00","dateModified":"2026-03-14T18:37:49+00:00","description":"Compra el \u00e1lbum Dragon Ball Z6 reedici\u00f3n Navarrete con set completo de figuras para pegar. Una colecci\u00f3n cl\u00e1sica ideal para fans y coleccionistas del anime.","breadcrumb":{"@id":"https:\/\/megacolecciones.pe\/producto\/album-dragon-ball-z6-reedicion-navarrete\/#breadcrumb"},"inLanguage":"en-US","potentialAction":[{"@type":"ReadAction","target":["https:\/\/megacolecciones.pe\/producto\/album-dragon-ball-z6-reedicion-navarrete\/"]}]},{"@type":"ImageObject","inLanguage":"en-US","@id":"https:\/\/megacolecciones.pe\/producto\/album-dragon-ball-z6-reedicion-navarrete\/#primaryimage","url":"https:\/\/megacolecciones.pe\/wp-content\/uploads\/2026\/03\/DBZ6.jpg","contentUrl":"https:\/\/megacolecciones.pe\/wp-content\/uploads\/2026\/03\/DBZ6.jpg","width":2400,"height":2400},{"@type":"BreadcrumbList","@id":"https:\/\/megacolecciones.pe\/producto\/album-dragon-ball-z6-reedicion-navarrete\/#breadcrumb","itemListElement":[{"@type":"ListItem","position":1,"name":"Home","item":"https:\/\/megacolecciones.pe\/"},{"@type":"ListItem","position":2,"name":"Tienda","item":"https:\/\/megacolecciones.pe\/tienda\/"},{"@type":"ListItem","position":3,"name":"\u00c1lbum Dragon Ball Z6 (Reedici\u00f3n Navarrete) + Set completo de figuras para pegar"}]},{"@type":"WebSite","@id":"https:\/\/megacolecciones.pe\/#website","url":"https:\/\/megacolecciones.pe\/","name":"Mega Collections","description":"Tienda de \u00e1lbumes, taps y cards","publisher":{"@id":"https:\/\/megacolecciones.pe\/#organization"},"potentialAction":[{"@type":"SearchAction","target":{"@type":"EntryPoint","urlTemplate":"https:\/\/megacolecciones.pe\/?s={search_term_string}"},"query-input":{"@type":"PropertyValueSpecification","valueRequired":true,"valueName":"search_term_string"}}],"inLanguage":"en-US"},{"@type":"Organization","@id":"https:\/\/megacolecciones.pe\/#organization","name":"Mega Collections","url":"https:\/\/megacolecciones.pe\/","logo":{"@type":"ImageObject","inLanguage":"en-US","@id":"https:\/\/megacolecciones.pe\/#\/schema\/logo\/image\/","url":"http:\/\/megacolecciones.pe\/wp-content\/uploads\/2023\/09\/logo-mega.png","contentUrl":"http:\/\/megacolecciones.pe\/wp-content\/uploads\/2023\/09\/logo-mega.png","width":285,"height":100,"caption":"Mega Colecciones"},"image":{"@id":"https:\/\/megacolecciones.pe\/#\/schema\/logo\/image\/"},"sameAs":["https:\/\/www.facebook.com\/megacolecciones","https:\/\/www.instagram.com\/megacolecciones\/"],"hasMerchantReturnPolicy":{"@type":"MerchantReturnPolicy","merchantReturnLink":"https:\/\/megacolecciones.pe\/en\/terminos-y-condiciones\/"}}]},"product_price_amount":"50.00","product_price_currency":"PEN","og_availability":"instock","product_availability":"instock","product_condition":"new"},"_links":{"self":[{"href":"https:\/\/megacolecciones.pe\/en\/wp-json\/wp\/v2\/product\/35715","targetHints":{"allow":["GET"]}}],"collection":[{"href":"https:\/\/megacolecciones.pe\/en\/wp-json\/wp\/v2\/product"}],"about":[{"href":"https:\/\/megacolecciones.pe\/en\/wp-json\/wp\/v2\/types\/product"}],"version-history":[{"count":2,"href":"https:\/\/megacolecciones.pe\/en\/wp-json\/wp\/v2\/product\/35715\/revisions"}],"predecessor-version":[{"id":35721,"href":"https:\/\/megacolecciones.pe\/en\/wp-json\/wp\/v2\/product\/35715\/revisions\/35721"}],"wp:featuredmedia":[{"embeddable":true,"href":"https:\/\/megacolecciones.pe\/en\/wp-json\/wp\/v2\/media\/35719"}],"wp:attachment":[{"href":"https:\/\/megacolecciones.pe\/en\/wp-json\/wp\/v2\/media?parent=35715"}],"wp:term":[{"taxonomy":"product_brand","embeddable":true,"href":"https:\/\/megacolecciones.pe\/en\/wp-json\/wp\/v2\/product_brand?post=35715"},{"taxonomy":"product_cat","embeddable":true,"href":"https:\/\/megacolecciones.pe\/en\/wp-json\/wp\/v2\/product_cat?post=35715"},{"taxonomy":"product_tag","embeddable":true,"href":"https:\/\/megacolecciones.pe\/en\/wp-json\/wp\/v2\/product_tag?post=35715"}],"curies":[{"name":"wp","href":"https:\/\/api.w.org\/{rel}","templated":true}]}}