{"id":35705,"date":"2026-03-12T17:34:41","date_gmt":"2026-03-12T22:34:41","guid":{"rendered":"https:\/\/megacolecciones.pe\/?post_type=product&#038;p=35705"},"modified":"2026-03-30T13:19:32","modified_gmt":"2026-03-30T18:19:32","slug":"coleccion-completa-pokemon-primera-generacion","status":"publish","type":"product","link":"https:\/\/megacolecciones.pe\/en\/product\/coleccion-completa-pokemon-primera-generacion\/","title":{"rendered":"Taps Primera Generaci\u00f3n (Kanto)"},"content":{"rendered":"<p data-start=\"540\" data-end=\"762\"><span style=\"font-family: arial, helvetica, sans-serif;\"><span class=\"BZ_Pyq_fadeIn\">Descubre <\/span><span class=\"BZ_Pyq_fadeIn\">la <\/span><strong data-start=\"552\" data-end=\"627\"><span class=\"BZ_Pyq_fadeIn\">colecci\u00f3n <\/span><span class=\"BZ_Pyq_fadeIn\">completa <\/span><span class=\"BZ_Pyq_fadeIn\">de <\/span><span class=\"BZ_Pyq_fadeIn\">la <\/span><span class=\"BZ_Pyq_fadeIn\">primera <\/span><span class=\"BZ_Pyq_fadeIn\">generaci\u00f3n <\/span><span class=\"BZ_Pyq_fadeIn\">versi\u00f3n <\/span><span class=\"BZ_Pyq_fadeIn\">importada <\/span><span class=\"BZ_Pyq_fadeIn\">en <\/span><span class=\"BZ_Pyq_fadeIn\">ingl\u00e9s<\/span><\/strong><span class=\"BZ_Pyq_fadeIn\">, <\/span><span class=\"BZ_Pyq_fadeIn\">una <\/span><span class=\"BZ_Pyq_fadeIn\">edici\u00f3n <\/span><span class=\"BZ_Pyq_fadeIn\">especial <\/span><span class=\"BZ_Pyq_fadeIn\">dedicada <\/span><span class=\"BZ_Pyq_fadeIn\">a <\/span><span class=\"BZ_Pyq_fadeIn\">los <\/span><span class=\"BZ_Pyq_fadeIn\">Pok\u00e9mon <\/span><span class=\"BZ_Pyq_fadeIn\">cl\u00e1sicos <\/span><span class=\"BZ_Pyq_fadeIn\">que <\/span><span class=\"BZ_Pyq_fadeIn\">iniciaron <\/span><span class=\"BZ_Pyq_fadeIn\">la <\/span><span class=\"BZ_Pyq_fadeIn\">historia <\/span><span class=\"BZ_Pyq_fadeIn\">del <\/span><span class=\"BZ_Pyq_fadeIn\">universo <\/span><span class=\"BZ_Pyq_fadeIn\">de <\/span><span class=\"hover:entity-accent entity-underline inline cursor-pointer align-baseline\"><span class=\"whitespace-normal\">Pok\u00e9mon<\/span><\/span><span class=\"BZ_Pyq_fadeIn\">.<\/span><\/span><\/p>\n<p data-start=\"764\" data-end=\"965\"><span style=\"font-family: arial, helvetica, sans-serif;\"><span class=\"BZ_Pyq_fadeIn\">Esta <\/span><span class=\"BZ_Pyq_fadeIn\">colecci\u00f3n <\/span><span class=\"BZ_Pyq_fadeIn\">re\u00fane <\/span><span class=\"BZ_Pyq_fadeIn\">a <\/span><span class=\"BZ_Pyq_fadeIn\">los <\/span><span class=\"BZ_Pyq_fadeIn\">Pok\u00e9mon <\/span><span class=\"BZ_Pyq_fadeIn\">originales <\/span><span class=\"BZ_Pyq_fadeIn\">provenientes <\/span><span class=\"BZ_Pyq_fadeIn\">de <\/span><span class=\"BZ_Pyq_fadeIn\">la <\/span><span class=\"BZ_Pyq_fadeIn\">regi\u00f3n <\/span><span class=\"BZ_Pyq_fadeIn\">de <\/span><span class=\"hover:entity-accent entity-underline inline cursor-pointer align-baseline\"><span class=\"whitespace-normal\">Kanto<\/span><\/span><span class=\"BZ_Pyq_fadeIn\">, <\/span><span class=\"BZ_Pyq_fadeIn\">personajes <\/span><span class=\"BZ_Pyq_fadeIn\">que <\/span><span class=\"BZ_Pyq_fadeIn\">marcaron <\/span><span class=\"BZ_Pyq_fadeIn\">a <\/span><span class=\"BZ_Pyq_fadeIn\">toda <\/span><span class=\"BZ_Pyq_fadeIn\">una <\/span><span class=\"BZ_Pyq_fadeIn\">generaci\u00f3n <\/span><span class=\"BZ_Pyq_fadeIn\">de <\/span><span class=\"BZ_Pyq_fadeIn\">fans <\/span><span class=\"BZ_Pyq_fadeIn\">desde <\/span><span class=\"BZ_Pyq_fadeIn\">el <\/span><span class=\"BZ_Pyq_fadeIn\">inicio <\/span><span class=\"BZ_Pyq_fadeIn\">de <\/span><span class=\"BZ_Pyq_fadeIn\">la <\/span><span class=\"BZ_Pyq_fadeIn\">franquicia.<\/span><\/span><\/p>\n<p data-start=\"1169\" data-end=\"1325\"><span style=\"font-family: arial, helvetica, sans-serif;\"><span class=\"BZ_Pyq_fadeIn\">Tener <\/span><span class=\"BZ_Pyq_fadeIn\">la <\/span><span class=\"BZ_Pyq_fadeIn\">colecci\u00f3n <\/span><span class=\"BZ_Pyq_fadeIn\">completa <\/span><span class=\"BZ_Pyq_fadeIn\">permite <\/span><span class=\"BZ_Pyq_fadeIn\">disfrutar <\/span><span class=\"BZ_Pyq_fadeIn\">de <\/span><span class=\"BZ_Pyq_fadeIn\">todos <\/span><span class=\"BZ_Pyq_fadeIn\">los <\/span><span class=\"BZ_Pyq_fadeIn\">Pok\u00e9mon <\/span><span class=\"BZ_Pyq_fadeIn\">cl\u00e1sicos <\/span><span class=\"BZ_Pyq_fadeIn\">que <\/span><span class=\"BZ_Pyq_fadeIn\">dieron <\/span><span class=\"BZ_Pyq_fadeIn\">origen <\/span><span class=\"BZ_Pyq_fadeIn\">a <\/span><span class=\"BZ_Pyq_fadeIn\">la <\/span><span class=\"BZ_Pyq_fadeIn\">saga <\/span><span class=\"BZ_Pyq_fadeIn\">y <\/span><span class=\"BZ_Pyq_fadeIn\">que <\/span><span class=\"BZ_Pyq_fadeIn\">siguen <\/span><span class=\"BZ_Pyq_fadeIn\">siendo <\/span><span class=\"BZ_Pyq_fadeIn\">los <\/span><span class=\"BZ_Pyq_fadeIn\">m\u00e1s <\/span><span class=\"BZ_Pyq_fadeIn\">recordados <\/span><span class=\"BZ_Pyq_fadeIn\">por <\/span><span class=\"BZ_Pyq_fadeIn\">los <\/span><span class=\"BZ_Pyq_fadeIn\">fans.<\/span><\/span><\/p>\n<p data-start=\"1327\" data-end=\"1355\"><span style=\"font-family: arial, helvetica, sans-serif;\"><span class=\"BZ_Pyq_fadeIn\">Es <\/span><span class=\"BZ_Pyq_fadeIn\">una <\/span><span class=\"BZ_Pyq_fadeIn\">colecci\u00f3n <\/span><span class=\"BZ_Pyq_fadeIn\">ideal <\/span><span class=\"BZ_Pyq_fadeIn\">para:<\/span><\/span><\/p>\n<ul data-start=\"1356\" data-end=\"1522\">\n<li data-section-id=\"12qa1yx\" data-start=\"1356\" data-end=\"1388\">\n<p data-start=\"1358\" data-end=\"1388\"><span style=\"font-family: arial, helvetica, sans-serif;\"><span class=\"BZ_Pyq_fadeIn\">Fans <\/span><span class=\"BZ_Pyq_fadeIn\">de <\/span><span class=\"BZ_Pyq_fadeIn\">los <\/span><span class=\"BZ_Pyq_fadeIn\">Pok\u00e9mon <\/span><span class=\"BZ_Pyq_fadeIn\">cl\u00e1sicos.<\/span><\/span><\/p>\n<\/li>\n<li data-section-id=\"1sjpg3p\" data-start=\"1389\" data-end=\"1428\">\n<p data-start=\"1391\" data-end=\"1428\"><span style=\"font-family: arial, helvetica, sans-serif;\"><span class=\"BZ_Pyq_fadeIn\">Coleccionistas <\/span><span class=\"BZ_Pyq_fadeIn\">de <\/span><span class=\"BZ_Pyq_fadeIn\">art\u00edculos <\/span><span class=\"BZ_Pyq_fadeIn\">Pok\u00e9mon.<\/span><\/span><\/p>\n<\/li>\n<li data-section-id=\"1t77no8\" data-start=\"1429\" data-end=\"1465\">\n<p data-start=\"1431\" data-end=\"1465\"><span style=\"font-family: arial, helvetica, sans-serif;\"><span class=\"BZ_Pyq_fadeIn\">Amantes <\/span><span class=\"BZ_Pyq_fadeIn\">de <\/span><span class=\"BZ_Pyq_fadeIn\">la <\/span><span class=\"BZ_Pyq_fadeIn\">primera <\/span><span class=\"BZ_Pyq_fadeIn\">generaci\u00f3n.<\/span><\/span><\/p>\n<\/li>\n<\/ul>\n<p data-start=\"1524\" data-end=\"1636\"><span style=\"font-family: arial, helvetica, sans-serif;\"><span class=\"BZ_Pyq_fadeIn\">Una <\/span><span class=\"BZ_Pyq_fadeIn\">pieza <\/span><span class=\"BZ_Pyq_fadeIn\">imprescindible <\/span><span class=\"BZ_Pyq_fadeIn\">para <\/span><span class=\"BZ_Pyq_fadeIn\">quienes <\/span><span class=\"BZ_Pyq_fadeIn\">desean <\/span><span class=\"BZ_Pyq_fadeIn\">conservar <\/span><span class=\"BZ_Pyq_fadeIn\">una <\/span><span class=\"BZ_Pyq_fadeIn\">colecci\u00f3n <\/span><span class=\"BZ_Pyq_fadeIn\">especial <\/span><span class=\"BZ_Pyq_fadeIn\">de <\/span><span class=\"BZ_Pyq_fadeIn\">los <\/span><span class=\"BZ_Pyq_fadeIn\">Pok\u00e9mon <\/span><span class=\"BZ_Pyq_fadeIn\">que <\/span><span class=\"BZ_Pyq_fadeIn\">iniciaron <\/span><span class=\"BZ_Pyq_fadeIn\">todo.<\/span><\/span><\/p>","protected":false},"excerpt":{"rendered":"<p><span style=\"font-family: arial, helvetica, sans-serif;\">La megacolecci\u00f3n contiene:<\/span><\/p>\n<ul>\n<li><span style=\"font-family: arial, helvetica, sans-serif;\">151 Taps de pok\u00e9mon regi\u00f3n Kanto.<\/span><\/li>\n<li><span style=\"font-family: arial, helvetica, sans-serif;\">Cajita portataps.<\/span><\/li>\n<\/ul>","protected":false},"featured_media":35699,"template":"","meta":[],"product_brand":[],"product_cat":[219,231,228],"product_tag":[],"class_list":{"0":"post-35705","1":"product","2":"type-product","3":"status-publish","4":"has-post-thumbnail","6":"product_cat-albumes-completos","7":"product_cat-colecciones-de-taps","8":"product_cat-mega-colecciones","10":"first","11":"outofstock","12":"shipping-taxable","13":"purchasable","14":"product-type-simple"},"yoast_head":"<!-- This site is optimized with the Yoast SEO Premium plugin v23.5 (Yoast SEO v27.4) - https:\/\/yoast.com\/product\/yoast-seo-premium-wordpress\/ -->\n<title>Taps Pok\u00e9mon Primera Generaci\u00f3n Colecci\u00f3n Completa Importada<\/title>\n<meta name=\"description\" content=\"Compra la colecci\u00f3n completa Pok\u00e9mon primera generaci\u00f3n versi\u00f3n. Ideal para fans y coleccionistas de los Pok\u00e9mon cl\u00e1sicos de Kanto.\" \/>\n<meta name=\"robots\" content=\"index, follow, max-snippet:-1, max-image-preview:large, max-video-preview:-1\" \/>\n<link rel=\"canonical\" href=\"https:\/\/megacolecciones.pe\/en\/product\/coleccion-completa-pokemon-primera-generacion\/\" \/>\n<meta property=\"og:locale\" content=\"en_US\" \/>\n<meta property=\"og:type\" content=\"article\" \/>\n<meta property=\"og:title\" content=\"Taps Primera Generaci\u00f3n (Kanto)\" \/>\n<meta property=\"og:description\" content=\"Compra la colecci\u00f3n completa Pok\u00e9mon primera generaci\u00f3n versi\u00f3n. Ideal para fans y coleccionistas de los Pok\u00e9mon cl\u00e1sicos de Kanto.\" \/>\n<meta property=\"og:url\" content=\"https:\/\/megacolecciones.pe\/en\/product\/coleccion-completa-pokemon-primera-generacion\/\" \/>\n<meta property=\"og:site_name\" content=\"Megacolecciones\" \/>\n<meta property=\"article:publisher\" content=\"https:\/\/www.facebook.com\/megacolecciones\" \/>\n<meta property=\"article:modified_time\" content=\"2026-03-30T18:19:32+00:00\" \/>\n<meta property=\"og:image\" content=\"https:\/\/megacolecciones.pe\/wp-content\/uploads\/2026\/03\/taps-importados-1024x1024.jpg\" \/>\n\t<meta property=\"og:image:width\" content=\"1024\" \/>\n\t<meta property=\"og:image:height\" content=\"1024\" \/>\n\t<meta property=\"og:image:type\" content=\"image\/jpeg\" \/>\n<meta name=\"twitter:card\" content=\"summary_large_image\" \/>\n<meta name=\"twitter:label1\" content=\"Price\" \/>\n\t<meta name=\"twitter:data1\" content=\"S\/160.00\" \/>\n\t<meta name=\"twitter:label2\" content=\"Availability\" \/>\n\t<meta name=\"twitter:data2\" content=\"Out of stock\" \/>\n<script type=\"application\/ld+json\" class=\"yoast-schema-graph\">{\"@context\":\"https:\\\/\\\/schema.org\",\"@graph\":[{\"@type\":\"WebPage\",\"@id\":\"https:\\\/\\\/megacolecciones.pe\\\/producto\\\/coleccion-completa-pokemon-primera-generacion\\\/\",\"url\":\"https:\\\/\\\/megacolecciones.pe\\\/producto\\\/coleccion-completa-pokemon-primera-generacion\\\/\",\"name\":\"Taps Pok\u00e9mon Primera Generaci\u00f3n Colecci\u00f3n Completa Importada\",\"isPartOf\":{\"@id\":\"https:\\\/\\\/megacolecciones.pe\\\/#website\"},\"primaryImageOfPage\":{\"@id\":\"https:\\\/\\\/megacolecciones.pe\\\/producto\\\/coleccion-completa-pokemon-primera-generacion\\\/#primaryimage\"},\"image\":{\"@id\":\"https:\\\/\\\/megacolecciones.pe\\\/producto\\\/coleccion-completa-pokemon-primera-generacion\\\/#primaryimage\"},\"thumbnailUrl\":\"https:\\\/\\\/megacolecciones.pe\\\/wp-content\\\/uploads\\\/2026\\\/03\\\/taps-importados.jpg\",\"datePublished\":\"2026-03-12T22:34:41+00:00\",\"dateModified\":\"2026-03-30T18:19:32+00:00\",\"description\":\"Compra la colecci\u00f3n completa Pok\u00e9mon primera generaci\u00f3n versi\u00f3n. Ideal para fans y coleccionistas de los Pok\u00e9mon cl\u00e1sicos de Kanto.\",\"breadcrumb\":{\"@id\":\"https:\\\/\\\/megacolecciones.pe\\\/producto\\\/coleccion-completa-pokemon-primera-generacion\\\/#breadcrumb\"},\"inLanguage\":\"en-US\",\"potentialAction\":[{\"@type\":\"ReadAction\",\"target\":[\"https:\\\/\\\/megacolecciones.pe\\\/producto\\\/coleccion-completa-pokemon-primera-generacion\\\/\"]}]},{\"@type\":\"ImageObject\",\"inLanguage\":\"en-US\",\"@id\":\"https:\\\/\\\/megacolecciones.pe\\\/producto\\\/coleccion-completa-pokemon-primera-generacion\\\/#primaryimage\",\"url\":\"https:\\\/\\\/megacolecciones.pe\\\/wp-content\\\/uploads\\\/2026\\\/03\\\/taps-importados.jpg\",\"contentUrl\":\"https:\\\/\\\/megacolecciones.pe\\\/wp-content\\\/uploads\\\/2026\\\/03\\\/taps-importados.jpg\",\"width\":2400,\"height\":2400},{\"@type\":\"BreadcrumbList\",\"@id\":\"https:\\\/\\\/megacolecciones.pe\\\/producto\\\/coleccion-completa-pokemon-primera-generacion\\\/#breadcrumb\",\"itemListElement\":[{\"@type\":\"ListItem\",\"position\":1,\"name\":\"Home\",\"item\":\"https:\\\/\\\/megacolecciones.pe\\\/\"},{\"@type\":\"ListItem\",\"position\":2,\"name\":\"Tienda\",\"item\":\"https:\\\/\\\/megacolecciones.pe\\\/tienda\\\/\"},{\"@type\":\"ListItem\",\"position\":3,\"name\":\"Taps Primera Generaci\u00f3n (Kanto)\"}]},{\"@type\":\"WebSite\",\"@id\":\"https:\\\/\\\/megacolecciones.pe\\\/#website\",\"url\":\"https:\\\/\\\/megacolecciones.pe\\\/\",\"name\":\"Mega Colecciones\",\"description\":\"Tienda de \u00e1lbumes, taps y cards\",\"publisher\":{\"@id\":\"https:\\\/\\\/megacolecciones.pe\\\/#organization\"},\"potentialAction\":[{\"@type\":\"SearchAction\",\"target\":{\"@type\":\"EntryPoint\",\"urlTemplate\":\"https:\\\/\\\/megacolecciones.pe\\\/?s={search_term_string}\"},\"query-input\":{\"@type\":\"PropertyValueSpecification\",\"valueRequired\":true,\"valueName\":\"search_term_string\"}}],\"inLanguage\":\"en-US\"},{\"@type\":\"Organization\",\"@id\":\"https:\\\/\\\/megacolecciones.pe\\\/#organization\",\"name\":\"Mega Colecciones\",\"url\":\"https:\\\/\\\/megacolecciones.pe\\\/\",\"logo\":{\"@type\":\"ImageObject\",\"inLanguage\":\"en-US\",\"@id\":\"https:\\\/\\\/megacolecciones.pe\\\/#\\\/schema\\\/logo\\\/image\\\/\",\"url\":\"http:\\\/\\\/megacolecciones.pe\\\/wp-content\\\/uploads\\\/2023\\\/09\\\/logo-mega.png\",\"contentUrl\":\"http:\\\/\\\/megacolecciones.pe\\\/wp-content\\\/uploads\\\/2023\\\/09\\\/logo-mega.png\",\"width\":285,\"height\":100,\"caption\":\"Mega Colecciones\"},\"image\":{\"@id\":\"https:\\\/\\\/megacolecciones.pe\\\/#\\\/schema\\\/logo\\\/image\\\/\"},\"sameAs\":[\"https:\\\/\\\/www.facebook.com\\\/megacolecciones\",\"https:\\\/\\\/www.instagram.com\\\/megacolecciones\\\/\"],\"hasMerchantReturnPolicy\":{\"@type\":\"MerchantReturnPolicy\",\"merchantReturnLink\":\"https:\\\/\\\/megacolecciones.pe\\\/en\\\/terminos-y-condiciones\\\/\"}}]}<\/script>\n<meta property=\"product:price:amount\" content=\"160.00\" \/>\n<meta property=\"product:price:currency\" content=\"PEN\" \/>\n<meta property=\"og:availability\" content=\"out of stock\" \/>\n<meta property=\"product:availability\" content=\"out of stock\" \/>\n<meta property=\"product:condition\" content=\"new\" \/>\n<!-- \/ Yoast SEO Premium plugin. -->","yoast_head_json":{"title":"Taps Pok\u00e9mon Primera Generaci\u00f3n Colecci\u00f3n Completa Importada","description":"Compra la colecci\u00f3n completa Pok\u00e9mon primera generaci\u00f3n versi\u00f3n. Ideal para fans y coleccionistas de los Pok\u00e9mon cl\u00e1sicos de Kanto.","robots":{"index":"index","follow":"follow","max-snippet":"max-snippet:-1","max-image-preview":"max-image-preview:large","max-video-preview":"max-video-preview:-1"},"canonical":"https:\/\/megacolecciones.pe\/en\/product\/coleccion-completa-pokemon-primera-generacion\/","og_locale":"en_US","og_type":"article","og_title":"Taps Primera Generaci\u00f3n (Kanto)","og_description":"Compra la colecci\u00f3n completa Pok\u00e9mon primera generaci\u00f3n versi\u00f3n. Ideal para fans y coleccionistas de los Pok\u00e9mon cl\u00e1sicos de Kanto.","og_url":"https:\/\/megacolecciones.pe\/en\/product\/coleccion-completa-pokemon-primera-generacion\/","og_site_name":"Megacolecciones","article_publisher":"https:\/\/www.facebook.com\/megacolecciones","article_modified_time":"2026-03-30T18:19:32+00:00","og_image":[{"width":1024,"height":1024,"url":"https:\/\/megacolecciones.pe\/wp-content\/uploads\/2026\/03\/taps-importados-1024x1024.jpg","type":"image\/jpeg"}],"twitter_card":"summary_large_image","twitter_misc":{"Price":"S\/160.00","Availability":"Out of stock"},"schema":{"@context":"https:\/\/schema.org","@graph":[{"@type":"WebPage","@id":"https:\/\/megacolecciones.pe\/producto\/coleccion-completa-pokemon-primera-generacion\/","url":"https:\/\/megacolecciones.pe\/producto\/coleccion-completa-pokemon-primera-generacion\/","name":"Taps Pok\u00e9mon Primera Generaci\u00f3n Colecci\u00f3n Completa Importada","isPartOf":{"@id":"https:\/\/megacolecciones.pe\/#website"},"primaryImageOfPage":{"@id":"https:\/\/megacolecciones.pe\/producto\/coleccion-completa-pokemon-primera-generacion\/#primaryimage"},"image":{"@id":"https:\/\/megacolecciones.pe\/producto\/coleccion-completa-pokemon-primera-generacion\/#primaryimage"},"thumbnailUrl":"https:\/\/megacolecciones.pe\/wp-content\/uploads\/2026\/03\/taps-importados.jpg","datePublished":"2026-03-12T22:34:41+00:00","dateModified":"2026-03-30T18:19:32+00:00","description":"Compra la colecci\u00f3n completa Pok\u00e9mon primera generaci\u00f3n versi\u00f3n. Ideal para fans y coleccionistas de los Pok\u00e9mon cl\u00e1sicos de Kanto.","breadcrumb":{"@id":"https:\/\/megacolecciones.pe\/producto\/coleccion-completa-pokemon-primera-generacion\/#breadcrumb"},"inLanguage":"en-US","potentialAction":[{"@type":"ReadAction","target":["https:\/\/megacolecciones.pe\/producto\/coleccion-completa-pokemon-primera-generacion\/"]}]},{"@type":"ImageObject","inLanguage":"en-US","@id":"https:\/\/megacolecciones.pe\/producto\/coleccion-completa-pokemon-primera-generacion\/#primaryimage","url":"https:\/\/megacolecciones.pe\/wp-content\/uploads\/2026\/03\/taps-importados.jpg","contentUrl":"https:\/\/megacolecciones.pe\/wp-content\/uploads\/2026\/03\/taps-importados.jpg","width":2400,"height":2400},{"@type":"BreadcrumbList","@id":"https:\/\/megacolecciones.pe\/producto\/coleccion-completa-pokemon-primera-generacion\/#breadcrumb","itemListElement":[{"@type":"ListItem","position":1,"name":"Home","item":"https:\/\/megacolecciones.pe\/"},{"@type":"ListItem","position":2,"name":"Tienda","item":"https:\/\/megacolecciones.pe\/tienda\/"},{"@type":"ListItem","position":3,"name":"Taps Primera Generaci\u00f3n (Kanto)"}]},{"@type":"WebSite","@id":"https:\/\/megacolecciones.pe\/#website","url":"https:\/\/megacolecciones.pe\/","name":"Mega Collections","description":"Tienda de \u00e1lbumes, taps y cards","publisher":{"@id":"https:\/\/megacolecciones.pe\/#organization"},"potentialAction":[{"@type":"SearchAction","target":{"@type":"EntryPoint","urlTemplate":"https:\/\/megacolecciones.pe\/?s={search_term_string}"},"query-input":{"@type":"PropertyValueSpecification","valueRequired":true,"valueName":"search_term_string"}}],"inLanguage":"en-US"},{"@type":"Organization","@id":"https:\/\/megacolecciones.pe\/#organization","name":"Mega Collections","url":"https:\/\/megacolecciones.pe\/","logo":{"@type":"ImageObject","inLanguage":"en-US","@id":"https:\/\/megacolecciones.pe\/#\/schema\/logo\/image\/","url":"http:\/\/megacolecciones.pe\/wp-content\/uploads\/2023\/09\/logo-mega.png","contentUrl":"http:\/\/megacolecciones.pe\/wp-content\/uploads\/2023\/09\/logo-mega.png","width":285,"height":100,"caption":"Mega Colecciones"},"image":{"@id":"https:\/\/megacolecciones.pe\/#\/schema\/logo\/image\/"},"sameAs":["https:\/\/www.facebook.com\/megacolecciones","https:\/\/www.instagram.com\/megacolecciones\/"],"hasMerchantReturnPolicy":{"@type":"MerchantReturnPolicy","merchantReturnLink":"https:\/\/megacolecciones.pe\/en\/terminos-y-condiciones\/"}}]},"product_price_amount":"160.00","product_price_currency":"PEN","og_availability":"out of stock","product_availability":"out of stock","product_condition":"new"},"_links":{"self":[{"href":"https:\/\/megacolecciones.pe\/en\/wp-json\/wp\/v2\/product\/35705","targetHints":{"allow":["GET"]}}],"collection":[{"href":"https:\/\/megacolecciones.pe\/en\/wp-json\/wp\/v2\/product"}],"about":[{"href":"https:\/\/megacolecciones.pe\/en\/wp-json\/wp\/v2\/types\/product"}],"version-history":[{"count":1,"href":"https:\/\/megacolecciones.pe\/en\/wp-json\/wp\/v2\/product\/35705\/revisions"}],"predecessor-version":[{"id":35707,"href":"https:\/\/megacolecciones.pe\/en\/wp-json\/wp\/v2\/product\/35705\/revisions\/35707"}],"wp:featuredmedia":[{"embeddable":true,"href":"https:\/\/megacolecciones.pe\/en\/wp-json\/wp\/v2\/media\/35699"}],"wp:attachment":[{"href":"https:\/\/megacolecciones.pe\/en\/wp-json\/wp\/v2\/media?parent=35705"}],"wp:term":[{"taxonomy":"product_brand","embeddable":true,"href":"https:\/\/megacolecciones.pe\/en\/wp-json\/wp\/v2\/product_brand?post=35705"},{"taxonomy":"product_cat","embeddable":true,"href":"https:\/\/megacolecciones.pe\/en\/wp-json\/wp\/v2\/product_cat?post=35705"},{"taxonomy":"product_tag","embeddable":true,"href":"https:\/\/megacolecciones.pe\/en\/wp-json\/wp\/v2\/product_tag?post=35705"}],"curies":[{"name":"wp","href":"https:\/\/api.w.org\/{rel}","templated":true}]}}