{"id":35702,"date":"2026-03-12T17:19:38","date_gmt":"2026-03-12T22:19:38","guid":{"rendered":"https:\/\/megacolecciones.pe\/?post_type=product&#038;p=35702"},"modified":"2026-04-06T12:20:37","modified_gmt":"2026-04-06T17:20:37","slug":"album-harry-potter-todas-las-sagas-figuras","status":"publish","type":"product","link":"https:\/\/megacolecciones.pe\/en\/product\/album-harry-potter-todas-las-sagas-figuras\/","title":{"rendered":"\u00c1lbum Harry Potter: Todas las sagas + Set completo de figuras para pegar"},"content":{"rendered":"<p data-start=\"386\" data-end=\"658\"><span style=\"font-family: arial, helvetica, sans-serif;\"><span class=\"BZ_Pyq_fadeIn\">Revive <\/span><span class=\"BZ_Pyq_fadeIn\">la <\/span><span class=\"BZ_Pyq_fadeIn\">magia <\/span><span class=\"BZ_Pyq_fadeIn\">del <\/span><span class=\"BZ_Pyq_fadeIn\">mundo <\/span><span class=\"BZ_Pyq_fadeIn\">de <\/span><strong data-start=\"415\" data-end=\"456\"><span class=\"hover:entity-accent entity-underline inline cursor-pointer align-baseline\"><span class=\"whitespace-normal\">Harry Potter<\/span><\/span><\/strong> <span class=\"BZ_Pyq_fadeIn\">con <\/span><span class=\"BZ_Pyq_fadeIn\">este <\/span><strong data-start=\"466\" data-end=\"506\"><span class=\"BZ_Pyq_fadeIn\">\u00c1lbum <\/span><span class=\"BZ_Pyq_fadeIn\">Harry <\/span><span class=\"BZ_Pyq_fadeIn\">Potter \u2013 <\/span><span class=\"BZ_Pyq_fadeIn\">Todas <\/span><span class=\"BZ_Pyq_fadeIn\">las <\/span><span class=\"BZ_Pyq_fadeIn\">Sagas<\/span><\/strong><span class=\"BZ_Pyq_fadeIn\">, <\/span><span class=\"BZ_Pyq_fadeIn\">una <\/span><span class=\"BZ_Pyq_fadeIn\">colecci\u00f3n <\/span><span class=\"BZ_Pyq_fadeIn\">pensada <\/span><span class=\"BZ_Pyq_fadeIn\">para <\/span><span class=\"BZ_Pyq_fadeIn\">recorrer <\/span><span class=\"BZ_Pyq_fadeIn\">toda <\/span><span class=\"BZ_Pyq_fadeIn\">la <\/span><span class=\"BZ_Pyq_fadeIn\">historia <\/span><span class=\"BZ_Pyq_fadeIn\">del <\/span><span class=\"BZ_Pyq_fadeIn\">joven <\/span><span class=\"BZ_Pyq_fadeIn\">mago <\/span><span class=\"BZ_Pyq_fadeIn\">desde <\/span><span class=\"BZ_Pyq_fadeIn\">su <\/span><span class=\"BZ_Pyq_fadeIn\">llegada <\/span><span class=\"BZ_Pyq_fadeIn\">a <\/span><span class=\"BZ_Pyq_fadeIn\">Hogwarts <\/span><span class=\"BZ_Pyq_fadeIn\">hasta <\/span><span class=\"BZ_Pyq_fadeIn\">las <\/span><span class=\"BZ_Pyq_fadeIn\">batallas <\/span><span class=\"BZ_Pyq_fadeIn\">finales <\/span><span class=\"BZ_Pyq_fadeIn\">contra <\/span><span class=\"BZ_Pyq_fadeIn\">las <\/span><span class=\"BZ_Pyq_fadeIn\">fuerzas <\/span><span class=\"BZ_Pyq_fadeIn\">oscuras.<\/span><\/span><\/p>\n<p data-start=\"660\" data-end=\"834\"><span style=\"font-family: arial, helvetica, sans-serif;\"><span class=\"BZ_Pyq_fadeIn\">El <\/span><span class=\"BZ_Pyq_fadeIn\">\u00e1lbum <\/span><span class=\"BZ_Pyq_fadeIn\">re\u00fane <\/span><span class=\"BZ_Pyq_fadeIn\">escenas <\/span><span class=\"BZ_Pyq_fadeIn\">ic\u00f3nicas, <\/span><span class=\"BZ_Pyq_fadeIn\">personajes <\/span><span class=\"BZ_Pyq_fadeIn\">inolvidables <\/span><span class=\"BZ_Pyq_fadeIn\">y <\/span><span class=\"BZ_Pyq_fadeIn\">momentos <\/span><span class=\"BZ_Pyq_fadeIn\">clave <\/span><span class=\"BZ_Pyq_fadeIn\">de <\/span><span class=\"BZ_Pyq_fadeIn\">todas <\/span><span class=\"BZ_Pyq_fadeIn\">las <\/span><span class=\"BZ_Pyq_fadeIn\">pel\u00edculas <\/span><span class=\"BZ_Pyq_fadeIn\">de <\/span><span class=\"BZ_Pyq_fadeIn\">la <\/span><span class=\"BZ_Pyq_fadeIn\">saga, <\/span><span class=\"BZ_Pyq_fadeIn\">permitiendo <\/span><span class=\"BZ_Pyq_fadeIn\">a <\/span><span class=\"BZ_Pyq_fadeIn\">los <\/span><span class=\"BZ_Pyq_fadeIn\">fans <\/span><span class=\"BZ_Pyq_fadeIn\">recordar <\/span><span class=\"BZ_Pyq_fadeIn\">cada <\/span><span class=\"BZ_Pyq_fadeIn\">etapa <\/span><span class=\"BZ_Pyq_fadeIn\">de <\/span><span class=\"BZ_Pyq_fadeIn\">la <\/span><span class=\"BZ_Pyq_fadeIn\">aventura <\/span><span class=\"BZ_Pyq_fadeIn\">m\u00e1gica.<\/span><\/span><\/p>\n<p data-start=\"836\" data-end=\"1031\"><span style=\"font-family: arial, helvetica, sans-serif;\"><span class=\"BZ_Pyq_fadeIn\">Esta <\/span><span class=\"BZ_Pyq_fadeIn\">edici\u00f3n <\/span><span class=\"BZ_Pyq_fadeIn\">incluye <\/span><strong data-start=\"857\" data-end=\"898\"><span class=\"BZ_Pyq_fadeIn\">el <\/span><span class=\"BZ_Pyq_fadeIn\">set <\/span><span class=\"BZ_Pyq_fadeIn\">completo <\/span><span class=\"BZ_Pyq_fadeIn\">de <\/span><span class=\"BZ_Pyq_fadeIn\">figuras <\/span><span class=\"BZ_Pyq_fadeIn\">para <\/span><span class=\"BZ_Pyq_fadeIn\">pegar<\/span><\/strong><span class=\"BZ_Pyq_fadeIn\">, <\/span><span class=\"BZ_Pyq_fadeIn\">lo <\/span><span class=\"BZ_Pyq_fadeIn\">que <\/span><span class=\"BZ_Pyq_fadeIn\">te <\/span><span class=\"BZ_Pyq_fadeIn\">permite <\/span><span class=\"BZ_Pyq_fadeIn\">completar <\/span><span class=\"BZ_Pyq_fadeIn\">el <\/span><span class=\"BZ_Pyq_fadeIn\">\u00e1lbum <\/span><span class=\"BZ_Pyq_fadeIn\">sin <\/span><span class=\"BZ_Pyq_fadeIn\">depender <\/span><span class=\"BZ_Pyq_fadeIn\">de <\/span><span class=\"BZ_Pyq_fadeIn\">sobres <\/span><span class=\"BZ_Pyq_fadeIn\">al <\/span><span class=\"BZ_Pyq_fadeIn\">azar <\/span><span class=\"BZ_Pyq_fadeIn\">ni <\/span><span class=\"BZ_Pyq_fadeIn\">intercambios, <\/span><span class=\"BZ_Pyq_fadeIn\">disfrutando <\/span><span class=\"BZ_Pyq_fadeIn\">directamente <\/span><span class=\"BZ_Pyq_fadeIn\">de <\/span><span class=\"BZ_Pyq_fadeIn\">toda <\/span><span class=\"BZ_Pyq_fadeIn\">la <\/span><span class=\"BZ_Pyq_fadeIn\">colecci\u00f3n.<\/span><\/span><\/p>\n<p data-start=\"1033\" data-end=\"1057\"><span style=\"font-family: arial, helvetica, sans-serif;\"><span class=\"BZ_Pyq_fadeIn\">Es <\/span><span class=\"BZ_Pyq_fadeIn\">una <\/span><span class=\"BZ_Pyq_fadeIn\">pieza <\/span><span class=\"BZ_Pyq_fadeIn\">ideal <\/span><span class=\"BZ_Pyq_fadeIn\">para:<\/span><\/span><\/p>\n<ul data-start=\"1058\" data-end=\"1206\">\n<li data-section-id=\"bewmln\" data-start=\"1058\" data-end=\"1082\">\n<p data-start=\"1060\" data-end=\"1082\"><span style=\"font-family: arial, helvetica, sans-serif;\"><span class=\"BZ_Pyq_fadeIn\">Fans <\/span><span class=\"BZ_Pyq_fadeIn\">de <\/span><span class=\"BZ_Pyq_fadeIn\">Harry <\/span><span class=\"BZ_Pyq_fadeIn\">Potter.<\/span><\/span><\/p>\n<\/li>\n<li data-section-id=\"1vxz34w\" data-start=\"1083\" data-end=\"1124\">\n<p data-start=\"1085\" data-end=\"1124\"><span style=\"font-family: arial, helvetica, sans-serif;\"><span class=\"BZ_Pyq_fadeIn\">Coleccionistas <\/span><span class=\"BZ_Pyq_fadeIn\">de <\/span><span class=\"BZ_Pyq_fadeIn\">\u00e1lbumes <\/span><span class=\"BZ_Pyq_fadeIn\">y <\/span><span class=\"BZ_Pyq_fadeIn\">figuritas.<\/span><\/span><\/p>\n<\/li>\n<li data-section-id=\"yu35az\" data-start=\"1125\" data-end=\"1156\">\n<p data-start=\"1127\" data-end=\"1156\"><span style=\"font-family: arial, helvetica, sans-serif;\"><span class=\"BZ_Pyq_fadeIn\">Amantes <\/span><span class=\"BZ_Pyq_fadeIn\">del <\/span><span class=\"BZ_Pyq_fadeIn\">cine <\/span><span class=\"BZ_Pyq_fadeIn\">fant\u00e1stico.<\/span><\/span><\/p>\n<\/li>\n<li data-section-id=\"1vj1g8z\" data-start=\"1157\" data-end=\"1206\">\n<p data-start=\"1159\" data-end=\"1206\"><span style=\"font-family: arial, helvetica, sans-serif;\"><span class=\"BZ_Pyq_fadeIn\">Regalos <\/span><span class=\"BZ_Pyq_fadeIn\">especiales <\/span><span class=\"BZ_Pyq_fadeIn\">para <\/span><span class=\"BZ_Pyq_fadeIn\">seguidores <\/span><span class=\"BZ_Pyq_fadeIn\">de <\/span><span class=\"BZ_Pyq_fadeIn\">la <\/span><span class=\"BZ_Pyq_fadeIn\">saga.<\/span><\/span><\/p>\n<\/li>\n<\/ul>\n<p data-start=\"1208\" data-end=\"1297\"><span style=\"font-family: arial, helvetica, sans-serif;\"><span class=\"BZ_Pyq_fadeIn\">Una <\/span><span class=\"BZ_Pyq_fadeIn\">colecci\u00f3n <\/span><span class=\"BZ_Pyq_fadeIn\">perfecta <\/span><span class=\"BZ_Pyq_fadeIn\">para <\/span><span class=\"BZ_Pyq_fadeIn\">tener <\/span><span class=\"BZ_Pyq_fadeIn\">toda <\/span><span class=\"BZ_Pyq_fadeIn\">la <\/span><span class=\"BZ_Pyq_fadeIn\">magia <\/span><span class=\"BZ_Pyq_fadeIn\">de <\/span><span class=\"BZ_Pyq_fadeIn\">Harry <\/span><span class=\"BZ_Pyq_fadeIn\">Potter <\/span><span class=\"BZ_Pyq_fadeIn\">reunida <\/span><span class=\"BZ_Pyq_fadeIn\">en <\/span><span class=\"BZ_Pyq_fadeIn\">un <\/span><span class=\"BZ_Pyq_fadeIn\">solo <\/span><span class=\"BZ_Pyq_fadeIn\">\u00e1lbum.<\/span><\/span><\/p>","protected":false},"excerpt":{"rendered":"<p><span style=\"font-family: arial, helvetica, sans-serif;\">La megacolecci\u00f3n contiene:\u00a0<\/span><\/p>\n<ul>\n<li><span style=\"font-family: arial, helvetica, sans-serif;\">400 Figuras stickers normales.<\/span><\/li>\n<li><span style=\"font-family: arial, helvetica, sans-serif;\">24 Figuras stickers especiales.<\/span><\/li>\n<li><span style=\"font-family: arial, helvetica, sans-serif;\">14 Figuras stickers troqueladas.<\/span><\/li>\n<li><span style=\"font-family: arial, helvetica, sans-serif;\">\u00c1lbum vac\u00edo a full color.<\/span><\/li>\n<li><span style=\"font-family: arial, helvetica, sans-serif;\">04 Posters de regalo.<\/span><\/li>\n<\/ul>","protected":false},"featured_media":35703,"template":"","meta":[],"product_brand":[],"product_cat":[219,228],"product_tag":[],"class_list":{"0":"post-35702","1":"product","2":"type-product","3":"status-publish","4":"has-post-thumbnail","6":"product_cat-albumes-completos","7":"product_cat-mega-colecciones","9":"first","10":"outofstock","11":"shipping-taxable","12":"purchasable","13":"product-type-simple"},"yoast_head":"<!-- This site is optimized with the Yoast SEO Premium plugin v23.5 (Yoast SEO v27.4) - https:\/\/yoast.com\/product\/yoast-seo-premium-wordpress\/ -->\n<title>\u00c1lbum Harry Potter Todas las Sagas con Figuras | Colecci\u00f3n Completa<\/title>\n<meta name=\"description\" content=\"Compra el \u00e1lbum Harry Potter Todas las Sagas con set completo de figuras para pegar. Una colecci\u00f3n ideal para fans del mundo m\u00e1gico y coleccionistas.\" \/>\n<meta name=\"robots\" content=\"index, follow, max-snippet:-1, max-image-preview:large, max-video-preview:-1\" \/>\n<link rel=\"canonical\" href=\"https:\/\/megacolecciones.pe\/en\/product\/album-harry-potter-todas-las-sagas-figuras\/\" \/>\n<meta property=\"og:locale\" content=\"en_US\" \/>\n<meta property=\"og:type\" content=\"article\" \/>\n<meta property=\"og:title\" content=\"\u00c1lbum Harry Potter: Todas las sagas + Set completo de figuras para pegar\" \/>\n<meta property=\"og:description\" content=\"Compra el \u00e1lbum Harry Potter Todas las Sagas con set completo de figuras para pegar. Una colecci\u00f3n ideal para fans del mundo m\u00e1gico y coleccionistas.\" \/>\n<meta property=\"og:url\" content=\"https:\/\/megacolecciones.pe\/en\/product\/album-harry-potter-todas-las-sagas-figuras\/\" \/>\n<meta property=\"og:site_name\" content=\"Megacolecciones\" \/>\n<meta property=\"article:publisher\" content=\"https:\/\/www.facebook.com\/megacolecciones\" \/>\n<meta property=\"article:modified_time\" content=\"2026-04-06T17:20:37+00:00\" \/>\n<meta property=\"og:image\" content=\"https:\/\/megacolecciones.pe\/wp-content\/uploads\/2026\/03\/harry-potter-enciclopedia-1024x1024.jpg\" \/>\n\t<meta property=\"og:image:width\" content=\"1024\" \/>\n\t<meta property=\"og:image:height\" content=\"1024\" \/>\n\t<meta property=\"og:image:type\" content=\"image\/jpeg\" \/>\n<meta name=\"twitter:card\" content=\"summary_large_image\" \/>\n<meta name=\"twitter:label1\" content=\"Price\" \/>\n\t<meta name=\"twitter:data1\" content=\"S\/120.00\" \/>\n\t<meta name=\"twitter:label2\" content=\"Availability\" \/>\n\t<meta name=\"twitter:data2\" content=\"Out of stock\" \/>\n<script type=\"application\/ld+json\" class=\"yoast-schema-graph\">{\"@context\":\"https:\\\/\\\/schema.org\",\"@graph\":[{\"@type\":\"WebPage\",\"@id\":\"https:\\\/\\\/megacolecciones.pe\\\/producto\\\/album-harry-potter-todas-las-sagas-figuras\\\/\",\"url\":\"https:\\\/\\\/megacolecciones.pe\\\/producto\\\/album-harry-potter-todas-las-sagas-figuras\\\/\",\"name\":\"\u00c1lbum Harry Potter Todas las Sagas con Figuras | Colecci\u00f3n Completa\",\"isPartOf\":{\"@id\":\"https:\\\/\\\/megacolecciones.pe\\\/#website\"},\"primaryImageOfPage\":{\"@id\":\"https:\\\/\\\/megacolecciones.pe\\\/producto\\\/album-harry-potter-todas-las-sagas-figuras\\\/#primaryimage\"},\"image\":{\"@id\":\"https:\\\/\\\/megacolecciones.pe\\\/producto\\\/album-harry-potter-todas-las-sagas-figuras\\\/#primaryimage\"},\"thumbnailUrl\":\"https:\\\/\\\/megacolecciones.pe\\\/wp-content\\\/uploads\\\/2026\\\/03\\\/harry-potter-enciclopedia.jpg\",\"datePublished\":\"2026-03-12T22:19:38+00:00\",\"dateModified\":\"2026-04-06T17:20:37+00:00\",\"description\":\"Compra el \u00e1lbum Harry Potter Todas las Sagas con set completo de figuras para pegar. Una colecci\u00f3n ideal para fans del mundo m\u00e1gico y coleccionistas.\",\"breadcrumb\":{\"@id\":\"https:\\\/\\\/megacolecciones.pe\\\/producto\\\/album-harry-potter-todas-las-sagas-figuras\\\/#breadcrumb\"},\"inLanguage\":\"en-US\",\"potentialAction\":[{\"@type\":\"ReadAction\",\"target\":[\"https:\\\/\\\/megacolecciones.pe\\\/producto\\\/album-harry-potter-todas-las-sagas-figuras\\\/\"]}]},{\"@type\":\"ImageObject\",\"inLanguage\":\"en-US\",\"@id\":\"https:\\\/\\\/megacolecciones.pe\\\/producto\\\/album-harry-potter-todas-las-sagas-figuras\\\/#primaryimage\",\"url\":\"https:\\\/\\\/megacolecciones.pe\\\/wp-content\\\/uploads\\\/2026\\\/03\\\/harry-potter-enciclopedia.jpg\",\"contentUrl\":\"https:\\\/\\\/megacolecciones.pe\\\/wp-content\\\/uploads\\\/2026\\\/03\\\/harry-potter-enciclopedia.jpg\",\"width\":2400,\"height\":2400},{\"@type\":\"BreadcrumbList\",\"@id\":\"https:\\\/\\\/megacolecciones.pe\\\/producto\\\/album-harry-potter-todas-las-sagas-figuras\\\/#breadcrumb\",\"itemListElement\":[{\"@type\":\"ListItem\",\"position\":1,\"name\":\"Home\",\"item\":\"https:\\\/\\\/megacolecciones.pe\\\/\"},{\"@type\":\"ListItem\",\"position\":2,\"name\":\"Tienda\",\"item\":\"https:\\\/\\\/megacolecciones.pe\\\/tienda\\\/\"},{\"@type\":\"ListItem\",\"position\":3,\"name\":\"\u00c1lbum Harry Potter: Todas las sagas + Set completo de figuras para pegar\"}]},{\"@type\":\"WebSite\",\"@id\":\"https:\\\/\\\/megacolecciones.pe\\\/#website\",\"url\":\"https:\\\/\\\/megacolecciones.pe\\\/\",\"name\":\"Mega Colecciones\",\"description\":\"Tienda de \u00e1lbumes, taps y cards\",\"publisher\":{\"@id\":\"https:\\\/\\\/megacolecciones.pe\\\/#organization\"},\"potentialAction\":[{\"@type\":\"SearchAction\",\"target\":{\"@type\":\"EntryPoint\",\"urlTemplate\":\"https:\\\/\\\/megacolecciones.pe\\\/?s={search_term_string}\"},\"query-input\":{\"@type\":\"PropertyValueSpecification\",\"valueRequired\":true,\"valueName\":\"search_term_string\"}}],\"inLanguage\":\"en-US\"},{\"@type\":\"Organization\",\"@id\":\"https:\\\/\\\/megacolecciones.pe\\\/#organization\",\"name\":\"Mega Colecciones\",\"url\":\"https:\\\/\\\/megacolecciones.pe\\\/\",\"logo\":{\"@type\":\"ImageObject\",\"inLanguage\":\"en-US\",\"@id\":\"https:\\\/\\\/megacolecciones.pe\\\/#\\\/schema\\\/logo\\\/image\\\/\",\"url\":\"http:\\\/\\\/megacolecciones.pe\\\/wp-content\\\/uploads\\\/2023\\\/09\\\/logo-mega.png\",\"contentUrl\":\"http:\\\/\\\/megacolecciones.pe\\\/wp-content\\\/uploads\\\/2023\\\/09\\\/logo-mega.png\",\"width\":285,\"height\":100,\"caption\":\"Mega Colecciones\"},\"image\":{\"@id\":\"https:\\\/\\\/megacolecciones.pe\\\/#\\\/schema\\\/logo\\\/image\\\/\"},\"sameAs\":[\"https:\\\/\\\/www.facebook.com\\\/megacolecciones\",\"https:\\\/\\\/www.instagram.com\\\/megacolecciones\\\/\"],\"hasMerchantReturnPolicy\":{\"@type\":\"MerchantReturnPolicy\",\"merchantReturnLink\":\"https:\\\/\\\/megacolecciones.pe\\\/en\\\/terminos-y-condiciones\\\/\"}}]}<\/script>\n<meta property=\"product:price:amount\" content=\"120.00\" \/>\n<meta property=\"product:price:currency\" content=\"PEN\" \/>\n<meta property=\"og:availability\" content=\"out of stock\" \/>\n<meta property=\"product:availability\" content=\"out of stock\" \/>\n<meta property=\"product:condition\" content=\"new\" \/>\n<!-- \/ Yoast SEO Premium plugin. -->","yoast_head_json":{"title":"\u00c1lbum Harry Potter Todas las Sagas con Figuras | Colecci\u00f3n Completa","description":"Compra el \u00e1lbum Harry Potter Todas las Sagas con set completo de figuras para pegar. Una colecci\u00f3n ideal para fans del mundo m\u00e1gico y coleccionistas.","robots":{"index":"index","follow":"follow","max-snippet":"max-snippet:-1","max-image-preview":"max-image-preview:large","max-video-preview":"max-video-preview:-1"},"canonical":"https:\/\/megacolecciones.pe\/en\/product\/album-harry-potter-todas-las-sagas-figuras\/","og_locale":"en_US","og_type":"article","og_title":"\u00c1lbum Harry Potter: Todas las sagas + Set completo de figuras para pegar","og_description":"Compra el \u00e1lbum Harry Potter Todas las Sagas con set completo de figuras para pegar. Una colecci\u00f3n ideal para fans del mundo m\u00e1gico y coleccionistas.","og_url":"https:\/\/megacolecciones.pe\/en\/product\/album-harry-potter-todas-las-sagas-figuras\/","og_site_name":"Megacolecciones","article_publisher":"https:\/\/www.facebook.com\/megacolecciones","article_modified_time":"2026-04-06T17:20:37+00:00","og_image":[{"width":1024,"height":1024,"url":"https:\/\/megacolecciones.pe\/wp-content\/uploads\/2026\/03\/harry-potter-enciclopedia-1024x1024.jpg","type":"image\/jpeg"}],"twitter_card":"summary_large_image","twitter_misc":{"Price":"S\/120.00","Availability":"Out of stock"},"schema":{"@context":"https:\/\/schema.org","@graph":[{"@type":"WebPage","@id":"https:\/\/megacolecciones.pe\/producto\/album-harry-potter-todas-las-sagas-figuras\/","url":"https:\/\/megacolecciones.pe\/producto\/album-harry-potter-todas-las-sagas-figuras\/","name":"\u00c1lbum Harry Potter Todas las Sagas con Figuras | Colecci\u00f3n Completa","isPartOf":{"@id":"https:\/\/megacolecciones.pe\/#website"},"primaryImageOfPage":{"@id":"https:\/\/megacolecciones.pe\/producto\/album-harry-potter-todas-las-sagas-figuras\/#primaryimage"},"image":{"@id":"https:\/\/megacolecciones.pe\/producto\/album-harry-potter-todas-las-sagas-figuras\/#primaryimage"},"thumbnailUrl":"https:\/\/megacolecciones.pe\/wp-content\/uploads\/2026\/03\/harry-potter-enciclopedia.jpg","datePublished":"2026-03-12T22:19:38+00:00","dateModified":"2026-04-06T17:20:37+00:00","description":"Compra el \u00e1lbum Harry Potter Todas las Sagas con set completo de figuras para pegar. Una colecci\u00f3n ideal para fans del mundo m\u00e1gico y coleccionistas.","breadcrumb":{"@id":"https:\/\/megacolecciones.pe\/producto\/album-harry-potter-todas-las-sagas-figuras\/#breadcrumb"},"inLanguage":"en-US","potentialAction":[{"@type":"ReadAction","target":["https:\/\/megacolecciones.pe\/producto\/album-harry-potter-todas-las-sagas-figuras\/"]}]},{"@type":"ImageObject","inLanguage":"en-US","@id":"https:\/\/megacolecciones.pe\/producto\/album-harry-potter-todas-las-sagas-figuras\/#primaryimage","url":"https:\/\/megacolecciones.pe\/wp-content\/uploads\/2026\/03\/harry-potter-enciclopedia.jpg","contentUrl":"https:\/\/megacolecciones.pe\/wp-content\/uploads\/2026\/03\/harry-potter-enciclopedia.jpg","width":2400,"height":2400},{"@type":"BreadcrumbList","@id":"https:\/\/megacolecciones.pe\/producto\/album-harry-potter-todas-las-sagas-figuras\/#breadcrumb","itemListElement":[{"@type":"ListItem","position":1,"name":"Home","item":"https:\/\/megacolecciones.pe\/"},{"@type":"ListItem","position":2,"name":"Tienda","item":"https:\/\/megacolecciones.pe\/tienda\/"},{"@type":"ListItem","position":3,"name":"\u00c1lbum Harry Potter: Todas las sagas + Set completo de figuras para pegar"}]},{"@type":"WebSite","@id":"https:\/\/megacolecciones.pe\/#website","url":"https:\/\/megacolecciones.pe\/","name":"Mega Collections","description":"Tienda de \u00e1lbumes, taps y cards","publisher":{"@id":"https:\/\/megacolecciones.pe\/#organization"},"potentialAction":[{"@type":"SearchAction","target":{"@type":"EntryPoint","urlTemplate":"https:\/\/megacolecciones.pe\/?s={search_term_string}"},"query-input":{"@type":"PropertyValueSpecification","valueRequired":true,"valueName":"search_term_string"}}],"inLanguage":"en-US"},{"@type":"Organization","@id":"https:\/\/megacolecciones.pe\/#organization","name":"Mega Collections","url":"https:\/\/megacolecciones.pe\/","logo":{"@type":"ImageObject","inLanguage":"en-US","@id":"https:\/\/megacolecciones.pe\/#\/schema\/logo\/image\/","url":"http:\/\/megacolecciones.pe\/wp-content\/uploads\/2023\/09\/logo-mega.png","contentUrl":"http:\/\/megacolecciones.pe\/wp-content\/uploads\/2023\/09\/logo-mega.png","width":285,"height":100,"caption":"Mega Colecciones"},"image":{"@id":"https:\/\/megacolecciones.pe\/#\/schema\/logo\/image\/"},"sameAs":["https:\/\/www.facebook.com\/megacolecciones","https:\/\/www.instagram.com\/megacolecciones\/"],"hasMerchantReturnPolicy":{"@type":"MerchantReturnPolicy","merchantReturnLink":"https:\/\/megacolecciones.pe\/en\/terminos-y-condiciones\/"}}]},"product_price_amount":"120.00","product_price_currency":"PEN","og_availability":"out of stock","product_availability":"out of stock","product_condition":"new"},"_links":{"self":[{"href":"https:\/\/megacolecciones.pe\/en\/wp-json\/wp\/v2\/product\/35702","targetHints":{"allow":["GET"]}}],"collection":[{"href":"https:\/\/megacolecciones.pe\/en\/wp-json\/wp\/v2\/product"}],"about":[{"href":"https:\/\/megacolecciones.pe\/en\/wp-json\/wp\/v2\/types\/product"}],"version-history":[{"count":1,"href":"https:\/\/megacolecciones.pe\/en\/wp-json\/wp\/v2\/product\/35702\/revisions"}],"predecessor-version":[{"id":35704,"href":"https:\/\/megacolecciones.pe\/en\/wp-json\/wp\/v2\/product\/35702\/revisions\/35704"}],"wp:featuredmedia":[{"embeddable":true,"href":"https:\/\/megacolecciones.pe\/en\/wp-json\/wp\/v2\/media\/35703"}],"wp:attachment":[{"href":"https:\/\/megacolecciones.pe\/en\/wp-json\/wp\/v2\/media?parent=35702"}],"wp:term":[{"taxonomy":"product_brand","embeddable":true,"href":"https:\/\/megacolecciones.pe\/en\/wp-json\/wp\/v2\/product_brand?post=35702"},{"taxonomy":"product_cat","embeddable":true,"href":"https:\/\/megacolecciones.pe\/en\/wp-json\/wp\/v2\/product_cat?post=35702"},{"taxonomy":"product_tag","embeddable":true,"href":"https:\/\/megacolecciones.pe\/en\/wp-json\/wp\/v2\/product_tag?post=35702"}],"curies":[{"name":"wp","href":"https:\/\/api.w.org\/{rel}","templated":true}]}}