{"id":35669,"date":"2026-02-20T17:37:35","date_gmt":"2026-02-20T22:37:35","guid":{"rendered":"https:\/\/megacolecciones.pe\/?post_type=product&#038;p=35669"},"modified":"2026-02-20T17:38:16","modified_gmt":"2026-02-20T22:38:16","slug":"album-one-piece-la-historia-completa-set-completo","status":"publish","type":"product","link":"https:\/\/megacolecciones.pe\/en\/product\/album-one-piece-la-historia-completa-set-completo\/","title":{"rendered":"\u00c1lbum One Piece: La Historia Completa + Set completo de figuras para pegar y taps"},"content":{"rendered":"<p data-start=\"387\" data-end=\"618\"><span style=\"font-family: arial, helvetica, sans-serif;\">Sum\u00e9rgete en la aventura m\u00e1s grande del anime con <strong data-start=\"437\" data-end=\"472\">One Piece: La Historia Completa<\/strong>, un \u00e1lbum pensado para recorrer toda la traves\u00eda de <strong data-start=\"525\" data-end=\"566\"><span class=\"hover:entity-accent entity-underline inline cursor-pointer align-baseline\"><span class=\"whitespace-normal\">One Piece<\/span><\/span><\/strong> desde sus inicios hasta los arcos m\u00e1s emocionantes.<\/span><\/p>\n<p data-start=\"620\" data-end=\"932\"><span style=\"font-family: arial, helvetica, sans-serif;\">Cada p\u00e1gina repasa personajes, tripulaciones, enemigos legendarios, batallas memorables y momentos clave del viaje de Luffy y los Sombrero de Paja, con ilustraciones vibrantes y escenas que todo fan reconoce al instante. Es una colecci\u00f3n dise\u00f1ada para revivir la historia paso a paso mientras completas el \u00e1lbum.<\/span><\/p>\n<p data-start=\"934\" data-end=\"1165\"><span style=\"font-family: arial, helvetica, sans-serif;\">Incluye el <strong data-start=\"945\" data-end=\"983\">set completo de figuras para pegar<\/strong>, lo que permite llenarlo de forma directa y ordenada, adem\u00e1s de <strong data-start=\"1048\" data-end=\"1082\">caps coleccionables exclusivos<\/strong> que complementan la experiencia y lo convierten en una edici\u00f3n mucho m\u00e1s especial.<\/span><\/p>\n<p data-start=\"1167\" data-end=\"1178\"><span style=\"font-family: arial, helvetica, sans-serif;\">Ideal para:<\/span><\/p>\n<ul data-start=\"1179\" data-end=\"1320\">\n<li data-start=\"1179\" data-end=\"1205\">\n<p data-start=\"1181\" data-end=\"1205\"><span style=\"font-family: arial, helvetica, sans-serif;\">Fans del anime y manga<\/span><\/p>\n<\/li>\n<li data-start=\"1206\" data-end=\"1234\">\n<p data-start=\"1208\" data-end=\"1234\"><span style=\"font-family: arial, helvetica, sans-serif;\">Coleccionistas tem\u00e1ticos<\/span><\/p>\n<\/li>\n<li data-start=\"1235\" data-end=\"1257\">\n<p data-start=\"1237\" data-end=\"1257\"><span style=\"font-family: arial, helvetica, sans-serif;\">Regalos originales<\/span><\/p>\n<\/li>\n<li data-start=\"1258\" data-end=\"1320\">\n<p data-start=\"1260\" data-end=\"1320\"><span style=\"font-family: arial, helvetica, sans-serif;\">Quienes buscan una colecci\u00f3n completa sin piezas faltantes<\/span><\/p>\n<\/li>\n<\/ul>\n<p data-start=\"1322\" data-end=\"1438\"><span style=\"font-family: arial, helvetica, sans-serif;\">Un \u00e1lbum din\u00e1mico, lleno de acci\u00f3n y nostalgia, perfecto para tener toda la aventura de One Piece en formato f\u00edsico.<\/span><\/p>","protected":false},"excerpt":{"rendered":"<p><span style=\"font-family: arial, helvetica, sans-serif;\">La megacolecci\u00f3n incluye:<\/span><\/p>\n<p><span style=\"font-family: arial, helvetica, sans-serif;\">-\u00c1lbum vac\u00edo con portada metalizada.<\/span><br \/>\n<span style=\"font-family: arial, helvetica, sans-serif;\">-500 Figuras stickers.<\/span><br \/>\n<span style=\"font-family: arial, helvetica, sans-serif;\">-80 Figuras stickers hologr\u00e1ficas.<\/span><br \/>\n<span style=\"font-family: arial, helvetica, sans-serif;\">-10 Figuras stickers troqueladas.<\/span><br \/>\n<span style=\"font-family: arial, helvetica, sans-serif;\">-1 Megaposter.<\/span><br \/>\n<span style=\"font-family: arial, helvetica, sans-serif;\">-54 Caps.<\/span><br \/>\n<span style=\"font-family: arial, helvetica, sans-serif;\">-6 Postales.<\/span><\/p>","protected":false},"featured_media":35670,"template":"","meta":[],"product_brand":[],"product_cat":[219,228],"product_tag":[],"class_list":{"0":"post-35669","1":"product","2":"type-product","3":"status-publish","4":"has-post-thumbnail","6":"product_cat-albumes-completos","7":"product_cat-mega-colecciones","9":"first","10":"instock","11":"shipping-taxable","12":"purchasable","13":"product-type-simple"},"yoast_head":"<!-- This site is optimized with the Yoast SEO Premium plugin v23.5 (Yoast SEO v27.4) - https:\/\/yoast.com\/product\/yoast-seo-premium-wordpress\/ -->\n<title>\u00c1lbum One Piece La Historia Completa| Colecci\u00f3n Completa<\/title>\n<meta name=\"description\" content=\"\u00c1lbum One Piece La Historia Completa con set completo de figuras para pegar y caps coleccionables. Revive toda la aventura del anime en una edici\u00f3n ideal para fans.\" \/>\n<meta name=\"robots\" content=\"index, follow, max-snippet:-1, max-image-preview:large, max-video-preview:-1\" \/>\n<link rel=\"canonical\" href=\"https:\/\/megacolecciones.pe\/en\/product\/album-one-piece-la-historia-completa-set-completo\/\" \/>\n<meta property=\"og:locale\" content=\"en_US\" \/>\n<meta property=\"og:type\" content=\"article\" \/>\n<meta property=\"og:title\" content=\"\u00c1lbum One Piece: La Historia Completa + Set completo de figuras para pegar y taps\" \/>\n<meta property=\"og:description\" content=\"\u00c1lbum One Piece La Historia Completa con set completo de figuras para pegar y caps coleccionables. Revive toda la aventura del anime en una edici\u00f3n ideal para fans.\" \/>\n<meta property=\"og:url\" content=\"https:\/\/megacolecciones.pe\/en\/product\/album-one-piece-la-historia-completa-set-completo\/\" \/>\n<meta property=\"og:site_name\" content=\"Megacolecciones\" \/>\n<meta property=\"article:publisher\" content=\"https:\/\/www.facebook.com\/megacolecciones\" \/>\n<meta property=\"article:modified_time\" content=\"2026-02-20T22:38:16+00:00\" \/>\n<meta property=\"og:image\" content=\"https:\/\/megacolecciones.pe\/wp-content\/uploads\/2026\/02\/one-piece-enciclopedia-1024x1024.jpg\" \/>\n\t<meta property=\"og:image:width\" content=\"1024\" \/>\n\t<meta property=\"og:image:height\" content=\"1024\" \/>\n\t<meta property=\"og:image:type\" content=\"image\/jpeg\" \/>\n<meta name=\"twitter:card\" content=\"summary_large_image\" \/>\n<meta name=\"twitter:label1\" content=\"Price\" \/>\n\t<meta name=\"twitter:data1\" content=\"S\/140.00\" \/>\n\t<meta name=\"twitter:label2\" content=\"Availability\" \/>\n\t<meta name=\"twitter:data2\" content=\"In stock\" \/>\n<script type=\"application\/ld+json\" class=\"yoast-schema-graph\">{\"@context\":\"https:\\\/\\\/schema.org\",\"@graph\":[{\"@type\":\"WebPage\",\"@id\":\"https:\\\/\\\/megacolecciones.pe\\\/producto\\\/album-one-piece-la-historia-completa-set-completo\\\/\",\"url\":\"https:\\\/\\\/megacolecciones.pe\\\/producto\\\/album-one-piece-la-historia-completa-set-completo\\\/\",\"name\":\"\u00c1lbum One Piece La Historia Completa| Colecci\u00f3n Completa\",\"isPartOf\":{\"@id\":\"https:\\\/\\\/megacolecciones.pe\\\/#website\"},\"primaryImageOfPage\":{\"@id\":\"https:\\\/\\\/megacolecciones.pe\\\/producto\\\/album-one-piece-la-historia-completa-set-completo\\\/#primaryimage\"},\"image\":{\"@id\":\"https:\\\/\\\/megacolecciones.pe\\\/producto\\\/album-one-piece-la-historia-completa-set-completo\\\/#primaryimage\"},\"thumbnailUrl\":\"https:\\\/\\\/megacolecciones.pe\\\/wp-content\\\/uploads\\\/2026\\\/02\\\/one-piece-enciclopedia.jpg\",\"datePublished\":\"2026-02-20T22:37:35+00:00\",\"dateModified\":\"2026-02-20T22:38:16+00:00\",\"description\":\"\u00c1lbum One Piece La Historia Completa con set completo de figuras para pegar y caps coleccionables. Revive toda la aventura del anime en una edici\u00f3n ideal para fans.\",\"breadcrumb\":{\"@id\":\"https:\\\/\\\/megacolecciones.pe\\\/producto\\\/album-one-piece-la-historia-completa-set-completo\\\/#breadcrumb\"},\"inLanguage\":\"en-US\",\"potentialAction\":[{\"@type\":\"ReadAction\",\"target\":[\"https:\\\/\\\/megacolecciones.pe\\\/producto\\\/album-one-piece-la-historia-completa-set-completo\\\/\"]}]},{\"@type\":\"ImageObject\",\"inLanguage\":\"en-US\",\"@id\":\"https:\\\/\\\/megacolecciones.pe\\\/producto\\\/album-one-piece-la-historia-completa-set-completo\\\/#primaryimage\",\"url\":\"https:\\\/\\\/megacolecciones.pe\\\/wp-content\\\/uploads\\\/2026\\\/02\\\/one-piece-enciclopedia.jpg\",\"contentUrl\":\"https:\\\/\\\/megacolecciones.pe\\\/wp-content\\\/uploads\\\/2026\\\/02\\\/one-piece-enciclopedia.jpg\",\"width\":2400,\"height\":2400},{\"@type\":\"BreadcrumbList\",\"@id\":\"https:\\\/\\\/megacolecciones.pe\\\/producto\\\/album-one-piece-la-historia-completa-set-completo\\\/#breadcrumb\",\"itemListElement\":[{\"@type\":\"ListItem\",\"position\":1,\"name\":\"Home\",\"item\":\"https:\\\/\\\/megacolecciones.pe\\\/\"},{\"@type\":\"ListItem\",\"position\":2,\"name\":\"Tienda\",\"item\":\"https:\\\/\\\/megacolecciones.pe\\\/tienda\\\/\"},{\"@type\":\"ListItem\",\"position\":3,\"name\":\"\u00c1lbum One Piece: La Historia Completa + Set completo de figuras para pegar y taps\"}]},{\"@type\":\"WebSite\",\"@id\":\"https:\\\/\\\/megacolecciones.pe\\\/#website\",\"url\":\"https:\\\/\\\/megacolecciones.pe\\\/\",\"name\":\"Mega Colecciones\",\"description\":\"Tienda de \u00e1lbumes, taps y cards\",\"publisher\":{\"@id\":\"https:\\\/\\\/megacolecciones.pe\\\/#organization\"},\"potentialAction\":[{\"@type\":\"SearchAction\",\"target\":{\"@type\":\"EntryPoint\",\"urlTemplate\":\"https:\\\/\\\/megacolecciones.pe\\\/?s={search_term_string}\"},\"query-input\":{\"@type\":\"PropertyValueSpecification\",\"valueRequired\":true,\"valueName\":\"search_term_string\"}}],\"inLanguage\":\"en-US\"},{\"@type\":\"Organization\",\"@id\":\"https:\\\/\\\/megacolecciones.pe\\\/#organization\",\"name\":\"Mega Colecciones\",\"url\":\"https:\\\/\\\/megacolecciones.pe\\\/\",\"logo\":{\"@type\":\"ImageObject\",\"inLanguage\":\"en-US\",\"@id\":\"https:\\\/\\\/megacolecciones.pe\\\/#\\\/schema\\\/logo\\\/image\\\/\",\"url\":\"http:\\\/\\\/megacolecciones.pe\\\/wp-content\\\/uploads\\\/2023\\\/09\\\/logo-mega.png\",\"contentUrl\":\"http:\\\/\\\/megacolecciones.pe\\\/wp-content\\\/uploads\\\/2023\\\/09\\\/logo-mega.png\",\"width\":285,\"height\":100,\"caption\":\"Mega Colecciones\"},\"image\":{\"@id\":\"https:\\\/\\\/megacolecciones.pe\\\/#\\\/schema\\\/logo\\\/image\\\/\"},\"sameAs\":[\"https:\\\/\\\/www.facebook.com\\\/megacolecciones\",\"https:\\\/\\\/www.instagram.com\\\/megacolecciones\\\/\"],\"hasMerchantReturnPolicy\":{\"@type\":\"MerchantReturnPolicy\",\"merchantReturnLink\":\"https:\\\/\\\/megacolecciones.pe\\\/en\\\/terminos-y-condiciones\\\/\"}}]}<\/script>\n<meta property=\"product:price:amount\" content=\"140.00\" \/>\n<meta property=\"product:price:currency\" content=\"PEN\" \/>\n<meta property=\"og:availability\" content=\"instock\" \/>\n<meta property=\"product:availability\" content=\"instock\" \/>\n<meta property=\"product:condition\" content=\"new\" \/>\n<!-- \/ Yoast SEO Premium plugin. -->","yoast_head_json":{"title":"\u00c1lbum One Piece La Historia Completa| Colecci\u00f3n Completa","description":"\u00c1lbum One Piece La Historia Completa con set completo de figuras para pegar y caps coleccionables. Revive toda la aventura del anime en una edici\u00f3n ideal para fans.","robots":{"index":"index","follow":"follow","max-snippet":"max-snippet:-1","max-image-preview":"max-image-preview:large","max-video-preview":"max-video-preview:-1"},"canonical":"https:\/\/megacolecciones.pe\/en\/product\/album-one-piece-la-historia-completa-set-completo\/","og_locale":"en_US","og_type":"article","og_title":"\u00c1lbum One Piece: La Historia Completa + Set completo de figuras para pegar y taps","og_description":"\u00c1lbum One Piece La Historia Completa con set completo de figuras para pegar y caps coleccionables. Revive toda la aventura del anime en una edici\u00f3n ideal para fans.","og_url":"https:\/\/megacolecciones.pe\/en\/product\/album-one-piece-la-historia-completa-set-completo\/","og_site_name":"Megacolecciones","article_publisher":"https:\/\/www.facebook.com\/megacolecciones","article_modified_time":"2026-02-20T22:38:16+00:00","og_image":[{"width":1024,"height":1024,"url":"https:\/\/megacolecciones.pe\/wp-content\/uploads\/2026\/02\/one-piece-enciclopedia-1024x1024.jpg","type":"image\/jpeg"}],"twitter_card":"summary_large_image","twitter_misc":{"Price":"S\/140.00","Availability":"In stock"},"schema":{"@context":"https:\/\/schema.org","@graph":[{"@type":"WebPage","@id":"https:\/\/megacolecciones.pe\/producto\/album-one-piece-la-historia-completa-set-completo\/","url":"https:\/\/megacolecciones.pe\/producto\/album-one-piece-la-historia-completa-set-completo\/","name":"\u00c1lbum One Piece La Historia Completa| Colecci\u00f3n Completa","isPartOf":{"@id":"https:\/\/megacolecciones.pe\/#website"},"primaryImageOfPage":{"@id":"https:\/\/megacolecciones.pe\/producto\/album-one-piece-la-historia-completa-set-completo\/#primaryimage"},"image":{"@id":"https:\/\/megacolecciones.pe\/producto\/album-one-piece-la-historia-completa-set-completo\/#primaryimage"},"thumbnailUrl":"https:\/\/megacolecciones.pe\/wp-content\/uploads\/2026\/02\/one-piece-enciclopedia.jpg","datePublished":"2026-02-20T22:37:35+00:00","dateModified":"2026-02-20T22:38:16+00:00","description":"\u00c1lbum One Piece La Historia Completa con set completo de figuras para pegar y caps coleccionables. Revive toda la aventura del anime en una edici\u00f3n ideal para fans.","breadcrumb":{"@id":"https:\/\/megacolecciones.pe\/producto\/album-one-piece-la-historia-completa-set-completo\/#breadcrumb"},"inLanguage":"en-US","potentialAction":[{"@type":"ReadAction","target":["https:\/\/megacolecciones.pe\/producto\/album-one-piece-la-historia-completa-set-completo\/"]}]},{"@type":"ImageObject","inLanguage":"en-US","@id":"https:\/\/megacolecciones.pe\/producto\/album-one-piece-la-historia-completa-set-completo\/#primaryimage","url":"https:\/\/megacolecciones.pe\/wp-content\/uploads\/2026\/02\/one-piece-enciclopedia.jpg","contentUrl":"https:\/\/megacolecciones.pe\/wp-content\/uploads\/2026\/02\/one-piece-enciclopedia.jpg","width":2400,"height":2400},{"@type":"BreadcrumbList","@id":"https:\/\/megacolecciones.pe\/producto\/album-one-piece-la-historia-completa-set-completo\/#breadcrumb","itemListElement":[{"@type":"ListItem","position":1,"name":"Home","item":"https:\/\/megacolecciones.pe\/"},{"@type":"ListItem","position":2,"name":"Tienda","item":"https:\/\/megacolecciones.pe\/tienda\/"},{"@type":"ListItem","position":3,"name":"\u00c1lbum One Piece: La Historia Completa + Set completo de figuras para pegar y taps"}]},{"@type":"WebSite","@id":"https:\/\/megacolecciones.pe\/#website","url":"https:\/\/megacolecciones.pe\/","name":"Mega Collections","description":"Tienda de \u00e1lbumes, taps y cards","publisher":{"@id":"https:\/\/megacolecciones.pe\/#organization"},"potentialAction":[{"@type":"SearchAction","target":{"@type":"EntryPoint","urlTemplate":"https:\/\/megacolecciones.pe\/?s={search_term_string}"},"query-input":{"@type":"PropertyValueSpecification","valueRequired":true,"valueName":"search_term_string"}}],"inLanguage":"en-US"},{"@type":"Organization","@id":"https:\/\/megacolecciones.pe\/#organization","name":"Mega Collections","url":"https:\/\/megacolecciones.pe\/","logo":{"@type":"ImageObject","inLanguage":"en-US","@id":"https:\/\/megacolecciones.pe\/#\/schema\/logo\/image\/","url":"http:\/\/megacolecciones.pe\/wp-content\/uploads\/2023\/09\/logo-mega.png","contentUrl":"http:\/\/megacolecciones.pe\/wp-content\/uploads\/2023\/09\/logo-mega.png","width":285,"height":100,"caption":"Mega Colecciones"},"image":{"@id":"https:\/\/megacolecciones.pe\/#\/schema\/logo\/image\/"},"sameAs":["https:\/\/www.facebook.com\/megacolecciones","https:\/\/www.instagram.com\/megacolecciones\/"],"hasMerchantReturnPolicy":{"@type":"MerchantReturnPolicy","merchantReturnLink":"https:\/\/megacolecciones.pe\/en\/terminos-y-condiciones\/"}}]},"product_price_amount":"140.00","product_price_currency":"PEN","og_availability":"instock","product_availability":"instock","product_condition":"new"},"_links":{"self":[{"href":"https:\/\/megacolecciones.pe\/en\/wp-json\/wp\/v2\/product\/35669","targetHints":{"allow":["GET"]}}],"collection":[{"href":"https:\/\/megacolecciones.pe\/en\/wp-json\/wp\/v2\/product"}],"about":[{"href":"https:\/\/megacolecciones.pe\/en\/wp-json\/wp\/v2\/types\/product"}],"version-history":[{"count":1,"href":"https:\/\/megacolecciones.pe\/en\/wp-json\/wp\/v2\/product\/35669\/revisions"}],"predecessor-version":[{"id":35671,"href":"https:\/\/megacolecciones.pe\/en\/wp-json\/wp\/v2\/product\/35669\/revisions\/35671"}],"wp:featuredmedia":[{"embeddable":true,"href":"https:\/\/megacolecciones.pe\/en\/wp-json\/wp\/v2\/media\/35670"}],"wp:attachment":[{"href":"https:\/\/megacolecciones.pe\/en\/wp-json\/wp\/v2\/media?parent=35669"}],"wp:term":[{"taxonomy":"product_brand","embeddable":true,"href":"https:\/\/megacolecciones.pe\/en\/wp-json\/wp\/v2\/product_brand?post=35669"},{"taxonomy":"product_cat","embeddable":true,"href":"https:\/\/megacolecciones.pe\/en\/wp-json\/wp\/v2\/product_cat?post=35669"},{"taxonomy":"product_tag","embeddable":true,"href":"https:\/\/megacolecciones.pe\/en\/wp-json\/wp\/v2\/product_tag?post=35669"}],"curies":[{"name":"wp","href":"https:\/\/api.w.org\/{rel}","templated":true}]}}