{"id":35666,"date":"2026-02-20T17:05:44","date_gmt":"2026-02-20T22:05:44","guid":{"rendered":"https:\/\/megacolecciones.pe\/?post_type=product&#038;p=35666"},"modified":"2026-02-20T17:05:45","modified_gmt":"2026-02-20T22:05:45","slug":"album-mis-amigos-las-mascotas-completo-antartida","status":"publish","type":"product","link":"https:\/\/megacolecciones.pe\/en\/product\/album-mis-amigos-las-mascotas-completo-antartida\/","title":{"rendered":"\u00c1lbum Mis amigos las mascotas (Editorial Ant\u00e1rtida) + Set completo de figuras para pegar"},"content":{"rendered":"<p data-start=\"365\" data-end=\"541\"><span style=\"font-family: arial, helvetica, sans-serif;\">Revive la ternura de los \u00e1lbumes educativos cl\u00e1sicos con <strong data-start=\"422\" data-end=\"450\">Mis Amigos: Las Mascotas<\/strong>, una colecci\u00f3n original lanzada en <strong data-start=\"486\" data-end=\"494\">2002<\/strong> por <strong data-start=\"499\" data-end=\"540\"><span class=\"hover:entity-accent entity-underline inline cursor-pointer align-baseline\"><span class=\"whitespace-normal\">Editorial Ant\u00e1rtida<\/span><\/span><\/strong>.<\/span><\/p>\n<p data-start=\"543\" data-end=\"882\"><span style=\"font-family: arial, helvetica, sans-serif;\">Este \u00e1lbum combina aprendizaje y diversi\u00f3n, ense\u00f1ando sobre perros, gatos, aves, conejos y muchas otras mascotas a trav\u00e9s de ilustraciones coloridas y contenido did\u00e1ctico. Cada p\u00e1gina invita a completar la experiencia pegando las figuras mientras los peque\u00f1os desarrollan memoria, coordinaci\u00f3n y amor por los animales.<\/span><\/p>\n<p data-start=\"884\" data-end=\"1097\"><span style=\"font-family: arial, helvetica, sans-serif;\">Incluye el <strong data-start=\"895\" data-end=\"933\">set completo de figuras para pegar<\/strong>, por lo que se llena al 100% sin sobres repetidos. Ideal para regalar, coleccionar o compartir con tus hijos una colecci\u00f3n cl\u00e1sica que muchos recuerdan con cari\u00f1o.<\/span><\/p>\n<p data-start=\"1099\" data-end=\"1113\"><span style=\"font-family: arial, helvetica, sans-serif;\">Perfecto para:<\/span><\/p>\n<ul data-start=\"1114\" data-end=\"1276\">\n<li data-start=\"1114\" data-end=\"1136\">\n<p data-start=\"1116\" data-end=\"1136\"><span style=\"font-family: arial, helvetica, sans-serif;\">Regalos educativos.<\/span><\/p>\n<\/li>\n<li data-start=\"1229\" data-end=\"1276\">\n<p data-start=\"1231\" data-end=\"1276\"><span style=\"font-family: arial, helvetica, sans-serif;\">Coleccionistas de \u00e1lbumes retro de los 2000.<\/span><\/p>\n<\/li>\n<\/ul>\n<p data-start=\"1278\" data-end=\"1363\"><span style=\"font-family: arial, helvetica, sans-serif;\">Un \u00e1lbum tierno, did\u00e1ctico y nost\u00e1lgico que marc\u00f3 la infancia de toda una generaci\u00f3n.<\/span><\/p>","protected":false},"excerpt":{"rendered":"<p><span style=\"font-family: arial, helvetica, sans-serif;\">La megacolecci\u00f3n incluye:\u00a0<\/span><\/p>\n<ul>\n<li><span style=\"font-family: arial, helvetica, sans-serif;\">\u00c1lbum vac\u00edo a full color.<\/span><\/li>\n<li><span style=\"font-family: arial, helvetica, sans-serif;\">Set completo de figuras para pegar.<\/span><\/li>\n<\/ul>","protected":false},"featured_media":35667,"template":"","meta":[],"product_brand":[],"product_cat":[230],"product_tag":[],"class_list":{"0":"post-35666","1":"product","2":"type-product","3":"status-publish","4":"has-post-thumbnail","6":"product_cat-colecciones-licenciadas","8":"first","9":"instock","10":"shipping-taxable","11":"purchasable","12":"product-type-simple"},"yoast_head":"<!-- This site is optimized with the Yoast SEO Premium plugin v23.5 (Yoast SEO v27.4) - https:\/\/yoast.com\/product\/yoast-seo-premium-wordpress\/ -->\n<title>\u00c1lbum Mis Amigos Las Mascotas Completo | Editorial Ant\u00e1rtida<\/title>\n<meta name=\"description\" content=\"\u00c1lbum Mis Amigos Las Mascotas de Editorial Ant\u00e1rtida con set completo de figuras para pegar. Colecci\u00f3n educativa. \u00a1Listo para completar!\" \/>\n<meta name=\"robots\" content=\"index, follow, max-snippet:-1, max-image-preview:large, max-video-preview:-1\" \/>\n<link rel=\"canonical\" href=\"https:\/\/megacolecciones.pe\/en\/product\/album-mis-amigos-las-mascotas-completo-antartida\/\" \/>\n<meta property=\"og:locale\" content=\"en_US\" \/>\n<meta property=\"og:type\" content=\"article\" \/>\n<meta property=\"og:title\" content=\"\u00c1lbum Mis amigos las mascotas (Editorial Ant\u00e1rtida) + Set completo de figuras para pegar\" \/>\n<meta property=\"og:description\" content=\"\u00c1lbum Mis Amigos Las Mascotas de Editorial Ant\u00e1rtida con set completo de figuras para pegar. Colecci\u00f3n educativa. \u00a1Listo para completar!\" \/>\n<meta property=\"og:url\" content=\"https:\/\/megacolecciones.pe\/en\/product\/album-mis-amigos-las-mascotas-completo-antartida\/\" \/>\n<meta property=\"og:site_name\" content=\"Megacolecciones\" \/>\n<meta property=\"article:publisher\" content=\"https:\/\/www.facebook.com\/megacolecciones\" \/>\n<meta property=\"article:modified_time\" content=\"2026-02-20T22:05:45+00:00\" \/>\n<meta property=\"og:image\" content=\"https:\/\/megacolecciones.pe\/wp-content\/uploads\/2026\/02\/mis-animales-1024x1024.jpg\" \/>\n\t<meta property=\"og:image:width\" content=\"1024\" \/>\n\t<meta property=\"og:image:height\" content=\"1024\" \/>\n\t<meta property=\"og:image:type\" content=\"image\/jpeg\" \/>\n<meta name=\"twitter:card\" content=\"summary_large_image\" \/>\n<meta name=\"twitter:label1\" content=\"Price\" \/>\n\t<meta name=\"twitter:data1\" content=\"S\/70.00\" \/>\n\t<meta name=\"twitter:label2\" content=\"Availability\" \/>\n\t<meta name=\"twitter:data2\" content=\"In stock\" \/>\n<script type=\"application\/ld+json\" class=\"yoast-schema-graph\">{\"@context\":\"https:\\\/\\\/schema.org\",\"@graph\":[{\"@type\":\"WebPage\",\"@id\":\"https:\\\/\\\/megacolecciones.pe\\\/producto\\\/album-mis-amigos-las-mascotas-completo-antartida\\\/\",\"url\":\"https:\\\/\\\/megacolecciones.pe\\\/producto\\\/album-mis-amigos-las-mascotas-completo-antartida\\\/\",\"name\":\"\u00c1lbum Mis Amigos Las Mascotas Completo | Editorial Ant\u00e1rtida\",\"isPartOf\":{\"@id\":\"https:\\\/\\\/megacolecciones.pe\\\/#website\"},\"primaryImageOfPage\":{\"@id\":\"https:\\\/\\\/megacolecciones.pe\\\/producto\\\/album-mis-amigos-las-mascotas-completo-antartida\\\/#primaryimage\"},\"image\":{\"@id\":\"https:\\\/\\\/megacolecciones.pe\\\/producto\\\/album-mis-amigos-las-mascotas-completo-antartida\\\/#primaryimage\"},\"thumbnailUrl\":\"https:\\\/\\\/megacolecciones.pe\\\/wp-content\\\/uploads\\\/2026\\\/02\\\/mis-animales.jpg\",\"datePublished\":\"2026-02-20T22:05:44+00:00\",\"dateModified\":\"2026-02-20T22:05:45+00:00\",\"description\":\"\u00c1lbum Mis Amigos Las Mascotas de Editorial Ant\u00e1rtida con set completo de figuras para pegar. Colecci\u00f3n educativa. \u00a1Listo para completar!\",\"breadcrumb\":{\"@id\":\"https:\\\/\\\/megacolecciones.pe\\\/producto\\\/album-mis-amigos-las-mascotas-completo-antartida\\\/#breadcrumb\"},\"inLanguage\":\"en-US\",\"potentialAction\":[{\"@type\":\"ReadAction\",\"target\":[\"https:\\\/\\\/megacolecciones.pe\\\/producto\\\/album-mis-amigos-las-mascotas-completo-antartida\\\/\"]}]},{\"@type\":\"ImageObject\",\"inLanguage\":\"en-US\",\"@id\":\"https:\\\/\\\/megacolecciones.pe\\\/producto\\\/album-mis-amigos-las-mascotas-completo-antartida\\\/#primaryimage\",\"url\":\"https:\\\/\\\/megacolecciones.pe\\\/wp-content\\\/uploads\\\/2026\\\/02\\\/mis-animales.jpg\",\"contentUrl\":\"https:\\\/\\\/megacolecciones.pe\\\/wp-content\\\/uploads\\\/2026\\\/02\\\/mis-animales.jpg\",\"width\":2400,\"height\":2400},{\"@type\":\"BreadcrumbList\",\"@id\":\"https:\\\/\\\/megacolecciones.pe\\\/producto\\\/album-mis-amigos-las-mascotas-completo-antartida\\\/#breadcrumb\",\"itemListElement\":[{\"@type\":\"ListItem\",\"position\":1,\"name\":\"Home\",\"item\":\"https:\\\/\\\/megacolecciones.pe\\\/\"},{\"@type\":\"ListItem\",\"position\":2,\"name\":\"Tienda\",\"item\":\"https:\\\/\\\/megacolecciones.pe\\\/tienda\\\/\"},{\"@type\":\"ListItem\",\"position\":3,\"name\":\"\u00c1lbum Mis amigos las mascotas (Editorial Ant\u00e1rtida) + Set completo de figuras para pegar\"}]},{\"@type\":\"WebSite\",\"@id\":\"https:\\\/\\\/megacolecciones.pe\\\/#website\",\"url\":\"https:\\\/\\\/megacolecciones.pe\\\/\",\"name\":\"Mega Colecciones\",\"description\":\"Tienda de \u00e1lbumes, taps y cards\",\"publisher\":{\"@id\":\"https:\\\/\\\/megacolecciones.pe\\\/#organization\"},\"potentialAction\":[{\"@type\":\"SearchAction\",\"target\":{\"@type\":\"EntryPoint\",\"urlTemplate\":\"https:\\\/\\\/megacolecciones.pe\\\/?s={search_term_string}\"},\"query-input\":{\"@type\":\"PropertyValueSpecification\",\"valueRequired\":true,\"valueName\":\"search_term_string\"}}],\"inLanguage\":\"en-US\"},{\"@type\":\"Organization\",\"@id\":\"https:\\\/\\\/megacolecciones.pe\\\/#organization\",\"name\":\"Mega Colecciones\",\"url\":\"https:\\\/\\\/megacolecciones.pe\\\/\",\"logo\":{\"@type\":\"ImageObject\",\"inLanguage\":\"en-US\",\"@id\":\"https:\\\/\\\/megacolecciones.pe\\\/#\\\/schema\\\/logo\\\/image\\\/\",\"url\":\"http:\\\/\\\/megacolecciones.pe\\\/wp-content\\\/uploads\\\/2023\\\/09\\\/logo-mega.png\",\"contentUrl\":\"http:\\\/\\\/megacolecciones.pe\\\/wp-content\\\/uploads\\\/2023\\\/09\\\/logo-mega.png\",\"width\":285,\"height\":100,\"caption\":\"Mega Colecciones\"},\"image\":{\"@id\":\"https:\\\/\\\/megacolecciones.pe\\\/#\\\/schema\\\/logo\\\/image\\\/\"},\"sameAs\":[\"https:\\\/\\\/www.facebook.com\\\/megacolecciones\",\"https:\\\/\\\/www.instagram.com\\\/megacolecciones\\\/\"],\"hasMerchantReturnPolicy\":{\"@type\":\"MerchantReturnPolicy\",\"merchantReturnLink\":\"https:\\\/\\\/megacolecciones.pe\\\/en\\\/terminos-y-condiciones\\\/\"}}]}<\/script>\n<meta property=\"product:price:amount\" content=\"70.00\" \/>\n<meta property=\"product:price:currency\" content=\"PEN\" \/>\n<meta property=\"og:availability\" content=\"instock\" \/>\n<meta property=\"product:availability\" content=\"instock\" \/>\n<meta property=\"product:condition\" content=\"new\" \/>\n<!-- \/ Yoast SEO Premium plugin. -->","yoast_head_json":{"title":"\u00c1lbum Mis Amigos Las Mascotas Completo | Editorial Ant\u00e1rtida","description":"\u00c1lbum Mis Amigos Las Mascotas de Editorial Ant\u00e1rtida con set completo de figuras para pegar. Colecci\u00f3n educativa. \u00a1Listo para completar!","robots":{"index":"index","follow":"follow","max-snippet":"max-snippet:-1","max-image-preview":"max-image-preview:large","max-video-preview":"max-video-preview:-1"},"canonical":"https:\/\/megacolecciones.pe\/en\/product\/album-mis-amigos-las-mascotas-completo-antartida\/","og_locale":"en_US","og_type":"article","og_title":"\u00c1lbum Mis amigos las mascotas (Editorial Ant\u00e1rtida) + Set completo de figuras para pegar","og_description":"\u00c1lbum Mis Amigos Las Mascotas de Editorial Ant\u00e1rtida con set completo de figuras para pegar. Colecci\u00f3n educativa. \u00a1Listo para completar!","og_url":"https:\/\/megacolecciones.pe\/en\/product\/album-mis-amigos-las-mascotas-completo-antartida\/","og_site_name":"Megacolecciones","article_publisher":"https:\/\/www.facebook.com\/megacolecciones","article_modified_time":"2026-02-20T22:05:45+00:00","og_image":[{"width":1024,"height":1024,"url":"https:\/\/megacolecciones.pe\/wp-content\/uploads\/2026\/02\/mis-animales-1024x1024.jpg","type":"image\/jpeg"}],"twitter_card":"summary_large_image","twitter_misc":{"Price":"S\/70.00","Availability":"In stock"},"schema":{"@context":"https:\/\/schema.org","@graph":[{"@type":"WebPage","@id":"https:\/\/megacolecciones.pe\/producto\/album-mis-amigos-las-mascotas-completo-antartida\/","url":"https:\/\/megacolecciones.pe\/producto\/album-mis-amigos-las-mascotas-completo-antartida\/","name":"\u00c1lbum Mis Amigos Las Mascotas Completo | Editorial Ant\u00e1rtida","isPartOf":{"@id":"https:\/\/megacolecciones.pe\/#website"},"primaryImageOfPage":{"@id":"https:\/\/megacolecciones.pe\/producto\/album-mis-amigos-las-mascotas-completo-antartida\/#primaryimage"},"image":{"@id":"https:\/\/megacolecciones.pe\/producto\/album-mis-amigos-las-mascotas-completo-antartida\/#primaryimage"},"thumbnailUrl":"https:\/\/megacolecciones.pe\/wp-content\/uploads\/2026\/02\/mis-animales.jpg","datePublished":"2026-02-20T22:05:44+00:00","dateModified":"2026-02-20T22:05:45+00:00","description":"\u00c1lbum Mis Amigos Las Mascotas de Editorial Ant\u00e1rtida con set completo de figuras para pegar. Colecci\u00f3n educativa. \u00a1Listo para completar!","breadcrumb":{"@id":"https:\/\/megacolecciones.pe\/producto\/album-mis-amigos-las-mascotas-completo-antartida\/#breadcrumb"},"inLanguage":"en-US","potentialAction":[{"@type":"ReadAction","target":["https:\/\/megacolecciones.pe\/producto\/album-mis-amigos-las-mascotas-completo-antartida\/"]}]},{"@type":"ImageObject","inLanguage":"en-US","@id":"https:\/\/megacolecciones.pe\/producto\/album-mis-amigos-las-mascotas-completo-antartida\/#primaryimage","url":"https:\/\/megacolecciones.pe\/wp-content\/uploads\/2026\/02\/mis-animales.jpg","contentUrl":"https:\/\/megacolecciones.pe\/wp-content\/uploads\/2026\/02\/mis-animales.jpg","width":2400,"height":2400},{"@type":"BreadcrumbList","@id":"https:\/\/megacolecciones.pe\/producto\/album-mis-amigos-las-mascotas-completo-antartida\/#breadcrumb","itemListElement":[{"@type":"ListItem","position":1,"name":"Home","item":"https:\/\/megacolecciones.pe\/"},{"@type":"ListItem","position":2,"name":"Tienda","item":"https:\/\/megacolecciones.pe\/tienda\/"},{"@type":"ListItem","position":3,"name":"\u00c1lbum Mis amigos las mascotas (Editorial Ant\u00e1rtida) + Set completo de figuras para pegar"}]},{"@type":"WebSite","@id":"https:\/\/megacolecciones.pe\/#website","url":"https:\/\/megacolecciones.pe\/","name":"Mega Collections","description":"Tienda de \u00e1lbumes, taps y cards","publisher":{"@id":"https:\/\/megacolecciones.pe\/#organization"},"potentialAction":[{"@type":"SearchAction","target":{"@type":"EntryPoint","urlTemplate":"https:\/\/megacolecciones.pe\/?s={search_term_string}"},"query-input":{"@type":"PropertyValueSpecification","valueRequired":true,"valueName":"search_term_string"}}],"inLanguage":"en-US"},{"@type":"Organization","@id":"https:\/\/megacolecciones.pe\/#organization","name":"Mega Collections","url":"https:\/\/megacolecciones.pe\/","logo":{"@type":"ImageObject","inLanguage":"en-US","@id":"https:\/\/megacolecciones.pe\/#\/schema\/logo\/image\/","url":"http:\/\/megacolecciones.pe\/wp-content\/uploads\/2023\/09\/logo-mega.png","contentUrl":"http:\/\/megacolecciones.pe\/wp-content\/uploads\/2023\/09\/logo-mega.png","width":285,"height":100,"caption":"Mega Colecciones"},"image":{"@id":"https:\/\/megacolecciones.pe\/#\/schema\/logo\/image\/"},"sameAs":["https:\/\/www.facebook.com\/megacolecciones","https:\/\/www.instagram.com\/megacolecciones\/"],"hasMerchantReturnPolicy":{"@type":"MerchantReturnPolicy","merchantReturnLink":"https:\/\/megacolecciones.pe\/en\/terminos-y-condiciones\/"}}]},"product_price_amount":"70.00","product_price_currency":"PEN","og_availability":"instock","product_availability":"instock","product_condition":"new"},"_links":{"self":[{"href":"https:\/\/megacolecciones.pe\/en\/wp-json\/wp\/v2\/product\/35666","targetHints":{"allow":["GET"]}}],"collection":[{"href":"https:\/\/megacolecciones.pe\/en\/wp-json\/wp\/v2\/product"}],"about":[{"href":"https:\/\/megacolecciones.pe\/en\/wp-json\/wp\/v2\/types\/product"}],"version-history":[{"count":1,"href":"https:\/\/megacolecciones.pe\/en\/wp-json\/wp\/v2\/product\/35666\/revisions"}],"predecessor-version":[{"id":35668,"href":"https:\/\/megacolecciones.pe\/en\/wp-json\/wp\/v2\/product\/35666\/revisions\/35668"}],"wp:featuredmedia":[{"embeddable":true,"href":"https:\/\/megacolecciones.pe\/en\/wp-json\/wp\/v2\/media\/35667"}],"wp:attachment":[{"href":"https:\/\/megacolecciones.pe\/en\/wp-json\/wp\/v2\/media?parent=35666"}],"wp:term":[{"taxonomy":"product_brand","embeddable":true,"href":"https:\/\/megacolecciones.pe\/en\/wp-json\/wp\/v2\/product_brand?post=35666"},{"taxonomy":"product_cat","embeddable":true,"href":"https:\/\/megacolecciones.pe\/en\/wp-json\/wp\/v2\/product_cat?post=35666"},{"taxonomy":"product_tag","embeddable":true,"href":"https:\/\/megacolecciones.pe\/en\/wp-json\/wp\/v2\/product_tag?post=35666"}],"curies":[{"name":"wp","href":"https:\/\/api.w.org\/{rel}","templated":true}]}}