{"id":35626,"date":"2026-02-07T19:47:20","date_gmt":"2026-02-08T00:47:20","guid":{"rendered":"https:\/\/megacolecciones.pe\/?post_type=product&#038;p=35626"},"modified":"2026-02-07T19:47:20","modified_gmt":"2026-02-08T00:47:20","slug":"album-animales-educativo-set-completo-figuritas","status":"publish","type":"product","link":"https:\/\/megacolecciones.pe\/en\/product\/album-animales-educativo-set-completo-figuritas\/","title":{"rendered":"\u00c1lbum Educativo: El Asombroso Mundo de los Animales + Set completo de figuras para pegar"},"content":{"rendered":"<p data-start=\"1436\" data-end=\"1476\"><span style=\"font-family: arial, helvetica, sans-serif;\">Aprender tambi\u00e9n puede ser una aventura.<\/span><\/p>\n<p data-start=\"1478\" data-end=\"1679\"><span style=\"font-family: arial, helvetica, sans-serif;\">Con el <strong data-start=\"1485\" data-end=\"1559\">\u00c1lbum El Asombroso Mundo de los Animales: Un viaje por la vida salvaje<\/strong>, los ni\u00f1os explorar\u00e1n selvas, oc\u00e9anos, desiertos y monta\u00f1as mientras descubren las especies m\u00e1s incre\u00edbles del planeta.<\/span><\/p>\n<p data-start=\"1681\" data-end=\"1863\"><span style=\"font-family: arial, helvetica, sans-serif;\">Cada p\u00e1gina combina <strong data-start=\"1701\" data-end=\"1726\">diversi\u00f3n y educaci\u00f3n<\/strong>, mostrando animales salvajes, sus h\u00e1bitats, curiosidades y datos interesantes que despiertan la imaginaci\u00f3n y el amor por la naturaleza.<\/span><\/p>\n<p data-start=\"1865\" data-end=\"1991\"><span style=\"font-family: arial, helvetica, sans-serif;\">Es perfecto para complementar el aprendizaje escolar, fomentar la lectura y desarrollar la memoria mientras pegan sus figuras.<\/span><\/p>\n<p data-start=\"1993\" data-end=\"2204\"><span style=\"font-family: arial, helvetica, sans-serif;\">Y como siempre en Megacolecciones:<\/span><br data-start=\"2027\" data-end=\"2030\" \/><span style=\"font-family: arial, helvetica, sans-serif;\">Incluye el <strong data-start=\"2041\" data-end=\"2079\">set completo de figuras para pegar<\/strong>, para llenar el \u00e1lbum de inmediato, sin sobres al azar ni repetidos. M\u00e1s pr\u00e1ctico para pap\u00e1s y m\u00e1s divertido para los ni\u00f1os.<\/span><\/p>\n<p data-start=\"2387\" data-end=\"2519\"><span style=\"font-family: arial, helvetica, sans-serif;\">Una colecci\u00f3n que mezcla <strong data-start=\"2412\" data-end=\"2451\">juego, aprendizaje y descubrimiento<\/strong>, convirtiendo cada figurita en una nueva historia del mundo animal.<\/span><\/p>","protected":false},"excerpt":{"rendered":"<p><span style=\"font-family: arial, helvetica, sans-serif;\">La megacolecci\u00f3n contiene:\u00a0<\/span><\/p>\n<ul>\n<li><span style=\"font-family: arial, helvetica, sans-serif;\">\u00c1lbum vac\u00edo a full color.<\/span><\/li>\n<li><span style=\"font-family: arial, helvetica, sans-serif;\">Set completo de figuras para pegar (normales y especiales).<\/span><\/li>\n<li><span style=\"font-family: arial, helvetica, sans-serif;\">4 Minip\u00f3sters de regalo.<\/span><\/li>\n<\/ul>","protected":false},"featured_media":35627,"template":"","meta":[],"product_brand":[],"product_cat":[219,228],"product_tag":[],"class_list":{"0":"post-35626","1":"product","2":"type-product","3":"status-publish","4":"has-post-thumbnail","6":"product_cat-albumes-completos","7":"product_cat-mega-colecciones","9":"first","10":"instock","11":"shipping-taxable","12":"purchasable","13":"product-type-simple"},"yoast_head":"<!-- This site is optimized with the Yoast SEO Premium plugin v23.5 (Yoast SEO v27.4) - https:\/\/yoast.com\/product\/yoast-seo-premium-wordpress\/ -->\n<title>\u00c1lbum Animales | Set Completo Educativo<\/title>\n<meta name=\"description\" content=\"Descubre el \u00c1lbum Animales con set completo de figuras para pegar. Una colecci\u00f3n educativa y divertida para ni\u00f1os y adultos aprendan sobre la vida salvaje.\" \/>\n<meta name=\"robots\" content=\"index, follow, max-snippet:-1, max-image-preview:large, max-video-preview:-1\" \/>\n<link rel=\"canonical\" href=\"https:\/\/megacolecciones.pe\/en\/product\/album-animales-educativo-set-completo-figuritas\/\" \/>\n<meta property=\"og:locale\" content=\"en_US\" \/>\n<meta property=\"og:type\" content=\"article\" \/>\n<meta property=\"og:title\" content=\"\u00c1lbum Educativo: El Asombroso Mundo de los Animales + Set completo de figuras para pegar\" \/>\n<meta property=\"og:description\" content=\"Descubre el \u00c1lbum Animales con set completo de figuras para pegar. Una colecci\u00f3n educativa y divertida para ni\u00f1os y adultos aprendan sobre la vida salvaje.\" \/>\n<meta property=\"og:url\" content=\"https:\/\/megacolecciones.pe\/en\/product\/album-animales-educativo-set-completo-figuritas\/\" \/>\n<meta property=\"og:site_name\" content=\"Megacolecciones\" \/>\n<meta property=\"article:publisher\" content=\"https:\/\/www.facebook.com\/megacolecciones\" \/>\n<meta property=\"og:image\" content=\"https:\/\/megacolecciones.pe\/wp-content\/uploads\/2026\/02\/IMG_5305-1024x1024.jpg\" \/>\n\t<meta property=\"og:image:width\" content=\"1024\" \/>\n\t<meta property=\"og:image:height\" content=\"1024\" \/>\n\t<meta property=\"og:image:type\" content=\"image\/jpeg\" \/>\n<meta name=\"twitter:card\" content=\"summary_large_image\" \/>\n<meta name=\"twitter:label1\" content=\"Price\" \/>\n\t<meta name=\"twitter:data1\" content=\"S\/40.00\" \/>\n\t<meta name=\"twitter:label2\" content=\"Availability\" \/>\n\t<meta name=\"twitter:data2\" content=\"In stock\" \/>\n<script type=\"application\/ld+json\" class=\"yoast-schema-graph\">{\"@context\":\"https:\\\/\\\/schema.org\",\"@graph\":[{\"@type\":\"WebPage\",\"@id\":\"https:\\\/\\\/megacolecciones.pe\\\/producto\\\/album-animales-educativo-set-completo-figuritas\\\/\",\"url\":\"https:\\\/\\\/megacolecciones.pe\\\/producto\\\/album-animales-educativo-set-completo-figuritas\\\/\",\"name\":\"\u00c1lbum Animales | Set Completo Educativo\",\"isPartOf\":{\"@id\":\"https:\\\/\\\/megacolecciones.pe\\\/#website\"},\"primaryImageOfPage\":{\"@id\":\"https:\\\/\\\/megacolecciones.pe\\\/producto\\\/album-animales-educativo-set-completo-figuritas\\\/#primaryimage\"},\"image\":{\"@id\":\"https:\\\/\\\/megacolecciones.pe\\\/producto\\\/album-animales-educativo-set-completo-figuritas\\\/#primaryimage\"},\"thumbnailUrl\":\"https:\\\/\\\/megacolecciones.pe\\\/wp-content\\\/uploads\\\/2026\\\/02\\\/IMG_5305.jpg\",\"datePublished\":\"2026-02-08T00:47:20+00:00\",\"description\":\"Descubre el \u00c1lbum Animales con set completo de figuras para pegar. Una colecci\u00f3n educativa y divertida para ni\u00f1os y adultos aprendan sobre la vida salvaje.\",\"breadcrumb\":{\"@id\":\"https:\\\/\\\/megacolecciones.pe\\\/producto\\\/album-animales-educativo-set-completo-figuritas\\\/#breadcrumb\"},\"inLanguage\":\"en-US\",\"potentialAction\":[{\"@type\":\"ReadAction\",\"target\":[\"https:\\\/\\\/megacolecciones.pe\\\/producto\\\/album-animales-educativo-set-completo-figuritas\\\/\"]}]},{\"@type\":\"ImageObject\",\"inLanguage\":\"en-US\",\"@id\":\"https:\\\/\\\/megacolecciones.pe\\\/producto\\\/album-animales-educativo-set-completo-figuritas\\\/#primaryimage\",\"url\":\"https:\\\/\\\/megacolecciones.pe\\\/wp-content\\\/uploads\\\/2026\\\/02\\\/IMG_5305.jpg\",\"contentUrl\":\"https:\\\/\\\/megacolecciones.pe\\\/wp-content\\\/uploads\\\/2026\\\/02\\\/IMG_5305.jpg\",\"width\":2400,\"height\":2400},{\"@type\":\"BreadcrumbList\",\"@id\":\"https:\\\/\\\/megacolecciones.pe\\\/producto\\\/album-animales-educativo-set-completo-figuritas\\\/#breadcrumb\",\"itemListElement\":[{\"@type\":\"ListItem\",\"position\":1,\"name\":\"Home\",\"item\":\"https:\\\/\\\/megacolecciones.pe\\\/\"},{\"@type\":\"ListItem\",\"position\":2,\"name\":\"Tienda\",\"item\":\"https:\\\/\\\/megacolecciones.pe\\\/tienda\\\/\"},{\"@type\":\"ListItem\",\"position\":3,\"name\":\"\u00c1lbum Educativo: El Asombroso Mundo de los Animales + Set completo de figuras para pegar\"}]},{\"@type\":\"WebSite\",\"@id\":\"https:\\\/\\\/megacolecciones.pe\\\/#website\",\"url\":\"https:\\\/\\\/megacolecciones.pe\\\/\",\"name\":\"Mega Colecciones\",\"description\":\"Tienda de \u00e1lbumes, taps y cards\",\"publisher\":{\"@id\":\"https:\\\/\\\/megacolecciones.pe\\\/#organization\"},\"potentialAction\":[{\"@type\":\"SearchAction\",\"target\":{\"@type\":\"EntryPoint\",\"urlTemplate\":\"https:\\\/\\\/megacolecciones.pe\\\/?s={search_term_string}\"},\"query-input\":{\"@type\":\"PropertyValueSpecification\",\"valueRequired\":true,\"valueName\":\"search_term_string\"}}],\"inLanguage\":\"en-US\"},{\"@type\":\"Organization\",\"@id\":\"https:\\\/\\\/megacolecciones.pe\\\/#organization\",\"name\":\"Mega Colecciones\",\"url\":\"https:\\\/\\\/megacolecciones.pe\\\/\",\"logo\":{\"@type\":\"ImageObject\",\"inLanguage\":\"en-US\",\"@id\":\"https:\\\/\\\/megacolecciones.pe\\\/#\\\/schema\\\/logo\\\/image\\\/\",\"url\":\"http:\\\/\\\/megacolecciones.pe\\\/wp-content\\\/uploads\\\/2023\\\/09\\\/logo-mega.png\",\"contentUrl\":\"http:\\\/\\\/megacolecciones.pe\\\/wp-content\\\/uploads\\\/2023\\\/09\\\/logo-mega.png\",\"width\":285,\"height\":100,\"caption\":\"Mega Colecciones\"},\"image\":{\"@id\":\"https:\\\/\\\/megacolecciones.pe\\\/#\\\/schema\\\/logo\\\/image\\\/\"},\"sameAs\":[\"https:\\\/\\\/www.facebook.com\\\/megacolecciones\",\"https:\\\/\\\/www.instagram.com\\\/megacolecciones\\\/\"],\"hasMerchantReturnPolicy\":{\"@type\":\"MerchantReturnPolicy\",\"merchantReturnLink\":\"https:\\\/\\\/megacolecciones.pe\\\/en\\\/terminos-y-condiciones\\\/\"}}]}<\/script>\n<meta property=\"product:price:amount\" content=\"40.00\" \/>\n<meta property=\"product:price:currency\" content=\"PEN\" \/>\n<meta property=\"og:availability\" content=\"instock\" \/>\n<meta property=\"product:availability\" content=\"instock\" \/>\n<meta property=\"product:condition\" content=\"new\" \/>\n<!-- \/ Yoast SEO Premium plugin. -->","yoast_head_json":{"title":"\u00c1lbum Animales | Set Completo Educativo","description":"Descubre el \u00c1lbum Animales con set completo de figuras para pegar. Una colecci\u00f3n educativa y divertida para ni\u00f1os y adultos aprendan sobre la vida salvaje.","robots":{"index":"index","follow":"follow","max-snippet":"max-snippet:-1","max-image-preview":"max-image-preview:large","max-video-preview":"max-video-preview:-1"},"canonical":"https:\/\/megacolecciones.pe\/en\/product\/album-animales-educativo-set-completo-figuritas\/","og_locale":"en_US","og_type":"article","og_title":"\u00c1lbum Educativo: El Asombroso Mundo de los Animales + Set completo de figuras para pegar","og_description":"Descubre el \u00c1lbum Animales con set completo de figuras para pegar. Una colecci\u00f3n educativa y divertida para ni\u00f1os y adultos aprendan sobre la vida salvaje.","og_url":"https:\/\/megacolecciones.pe\/en\/product\/album-animales-educativo-set-completo-figuritas\/","og_site_name":"Megacolecciones","article_publisher":"https:\/\/www.facebook.com\/megacolecciones","og_image":[{"width":1024,"height":1024,"url":"https:\/\/megacolecciones.pe\/wp-content\/uploads\/2026\/02\/IMG_5305-1024x1024.jpg","type":"image\/jpeg"}],"twitter_card":"summary_large_image","twitter_misc":{"Price":"S\/40.00","Availability":"In stock"},"schema":{"@context":"https:\/\/schema.org","@graph":[{"@type":"WebPage","@id":"https:\/\/megacolecciones.pe\/producto\/album-animales-educativo-set-completo-figuritas\/","url":"https:\/\/megacolecciones.pe\/producto\/album-animales-educativo-set-completo-figuritas\/","name":"\u00c1lbum Animales | Set Completo Educativo","isPartOf":{"@id":"https:\/\/megacolecciones.pe\/#website"},"primaryImageOfPage":{"@id":"https:\/\/megacolecciones.pe\/producto\/album-animales-educativo-set-completo-figuritas\/#primaryimage"},"image":{"@id":"https:\/\/megacolecciones.pe\/producto\/album-animales-educativo-set-completo-figuritas\/#primaryimage"},"thumbnailUrl":"https:\/\/megacolecciones.pe\/wp-content\/uploads\/2026\/02\/IMG_5305.jpg","datePublished":"2026-02-08T00:47:20+00:00","description":"Descubre el \u00c1lbum Animales con set completo de figuras para pegar. Una colecci\u00f3n educativa y divertida para ni\u00f1os y adultos aprendan sobre la vida salvaje.","breadcrumb":{"@id":"https:\/\/megacolecciones.pe\/producto\/album-animales-educativo-set-completo-figuritas\/#breadcrumb"},"inLanguage":"en-US","potentialAction":[{"@type":"ReadAction","target":["https:\/\/megacolecciones.pe\/producto\/album-animales-educativo-set-completo-figuritas\/"]}]},{"@type":"ImageObject","inLanguage":"en-US","@id":"https:\/\/megacolecciones.pe\/producto\/album-animales-educativo-set-completo-figuritas\/#primaryimage","url":"https:\/\/megacolecciones.pe\/wp-content\/uploads\/2026\/02\/IMG_5305.jpg","contentUrl":"https:\/\/megacolecciones.pe\/wp-content\/uploads\/2026\/02\/IMG_5305.jpg","width":2400,"height":2400},{"@type":"BreadcrumbList","@id":"https:\/\/megacolecciones.pe\/producto\/album-animales-educativo-set-completo-figuritas\/#breadcrumb","itemListElement":[{"@type":"ListItem","position":1,"name":"Home","item":"https:\/\/megacolecciones.pe\/"},{"@type":"ListItem","position":2,"name":"Tienda","item":"https:\/\/megacolecciones.pe\/tienda\/"},{"@type":"ListItem","position":3,"name":"\u00c1lbum Educativo: El Asombroso Mundo de los Animales + Set completo de figuras para pegar"}]},{"@type":"WebSite","@id":"https:\/\/megacolecciones.pe\/#website","url":"https:\/\/megacolecciones.pe\/","name":"Mega Collections","description":"Tienda de \u00e1lbumes, taps y cards","publisher":{"@id":"https:\/\/megacolecciones.pe\/#organization"},"potentialAction":[{"@type":"SearchAction","target":{"@type":"EntryPoint","urlTemplate":"https:\/\/megacolecciones.pe\/?s={search_term_string}"},"query-input":{"@type":"PropertyValueSpecification","valueRequired":true,"valueName":"search_term_string"}}],"inLanguage":"en-US"},{"@type":"Organization","@id":"https:\/\/megacolecciones.pe\/#organization","name":"Mega Collections","url":"https:\/\/megacolecciones.pe\/","logo":{"@type":"ImageObject","inLanguage":"en-US","@id":"https:\/\/megacolecciones.pe\/#\/schema\/logo\/image\/","url":"http:\/\/megacolecciones.pe\/wp-content\/uploads\/2023\/09\/logo-mega.png","contentUrl":"http:\/\/megacolecciones.pe\/wp-content\/uploads\/2023\/09\/logo-mega.png","width":285,"height":100,"caption":"Mega Colecciones"},"image":{"@id":"https:\/\/megacolecciones.pe\/#\/schema\/logo\/image\/"},"sameAs":["https:\/\/www.facebook.com\/megacolecciones","https:\/\/www.instagram.com\/megacolecciones\/"],"hasMerchantReturnPolicy":{"@type":"MerchantReturnPolicy","merchantReturnLink":"https:\/\/megacolecciones.pe\/en\/terminos-y-condiciones\/"}}]},"product_price_amount":"40.00","product_price_currency":"PEN","og_availability":"instock","product_availability":"instock","product_condition":"new"},"_links":{"self":[{"href":"https:\/\/megacolecciones.pe\/en\/wp-json\/wp\/v2\/product\/35626","targetHints":{"allow":["GET"]}}],"collection":[{"href":"https:\/\/megacolecciones.pe\/en\/wp-json\/wp\/v2\/product"}],"about":[{"href":"https:\/\/megacolecciones.pe\/en\/wp-json\/wp\/v2\/types\/product"}],"version-history":[{"count":1,"href":"https:\/\/megacolecciones.pe\/en\/wp-json\/wp\/v2\/product\/35626\/revisions"}],"predecessor-version":[{"id":35628,"href":"https:\/\/megacolecciones.pe\/en\/wp-json\/wp\/v2\/product\/35626\/revisions\/35628"}],"wp:featuredmedia":[{"embeddable":true,"href":"https:\/\/megacolecciones.pe\/en\/wp-json\/wp\/v2\/media\/35627"}],"wp:attachment":[{"href":"https:\/\/megacolecciones.pe\/en\/wp-json\/wp\/v2\/media?parent=35626"}],"wp:term":[{"taxonomy":"product_brand","embeddable":true,"href":"https:\/\/megacolecciones.pe\/en\/wp-json\/wp\/v2\/product_brand?post=35626"},{"taxonomy":"product_cat","embeddable":true,"href":"https:\/\/megacolecciones.pe\/en\/wp-json\/wp\/v2\/product_cat?post=35626"},{"taxonomy":"product_tag","embeddable":true,"href":"https:\/\/megacolecciones.pe\/en\/wp-json\/wp\/v2\/product_tag?post=35626"}],"curies":[{"name":"wp","href":"https:\/\/api.w.org\/{rel}","templated":true}]}}