{"id":35615,"date":"2026-02-05T18:02:13","date_gmt":"2026-02-05T23:02:13","guid":{"rendered":"https:\/\/megacolecciones.pe\/?post_type=product&#038;p=35615"},"modified":"2026-02-05T18:02:14","modified_gmt":"2026-02-05T23:02:14","slug":"album-the-beatles-set-completo-figuritas-coleccionable","status":"publish","type":"product","link":"https:\/\/megacolecciones.pe\/en\/product\/album-the-beatles-set-completo-figuritas-coleccionable\/","title":{"rendered":"\u00c1lbum The Beatles + Set completo de figuras para pegar"},"content":{"rendered":"<p data-start=\"1335\" data-end=\"1508\"><span style=\"font-family: arial, helvetica, sans-serif;\">Revive la historia de la banda que cambi\u00f3 la m\u00fasica para siempre con el <strong data-start=\"1407\" data-end=\"1442\">\u00c1lbum The Beatles,<\/strong>\u00a0una colecci\u00f3n alternativa dedicada a John, Paul, George y Ringo.<\/span><\/p>\n<p data-start=\"1510\" data-end=\"1724\"><span style=\"font-family: arial, helvetica, sans-serif;\">Este \u00e1lbum re\u00fane im\u00e1genes, etapas ic\u00f3nicas, portadas memorables y momentos legendarios que marcaron generaciones, convirti\u00e9ndose en una pieza imprescindible para fans del rock cl\u00e1sico y amantes de la cultura retro.<\/span><\/p>\n<p data-start=\"1726\" data-end=\"1847\"><span style=\"font-family: arial, helvetica, sans-serif;\">Desde sus inicios en Liverpool hasta su impacto mundial, cada p\u00e1gina celebra la magia de The Beatles y su legado musical.<\/span><\/p>\n<p data-start=\"1849\" data-end=\"2023\"><span style=\"font-family: arial, helvetica, sans-serif;\">Adem\u00e1s, incluye el <strong data-start=\"1868\" data-end=\"1906\">set completo de figuras para pegar<\/strong>, para que puedas llenar tu \u00e1lbum de una sola vez y disfrutar la colecci\u00f3n completa sin sobres extra ni repeticiones.<\/span><\/p>\n<p data-start=\"2025\" data-end=\"2170\"><span style=\"font-family: arial, helvetica, sans-serif;\">Ideal para coleccionistas, regalos especiales o para quienes quieren conservar un recuerdo \u00fanico de la banda m\u00e1s influyente de todos los tiempos.<\/span><\/p>","protected":false},"excerpt":{"rendered":"<p><span style=\"font-family: arial, helvetica, sans-serif;\">La megacolecci\u00f3n incluye:<\/span><\/p>\n<ul>\n<li><span style=\"font-family: arial, helvetica, sans-serif;\">\u00c1lbum vac\u00edo a full color<\/span><\/li>\n<li><span style=\"font-family: arial, helvetica, sans-serif;\">Set completo de figuras para pegar<\/span><\/li>\n<li><span style=\"font-family: arial, helvetica, sans-serif;\">Poster coleccionable.<\/span><\/li>\n<\/ul>","protected":false},"featured_media":35616,"template":"","meta":[],"product_brand":[],"product_cat":[219,228],"product_tag":[],"class_list":{"0":"post-35615","1":"product","2":"type-product","3":"status-publish","4":"has-post-thumbnail","6":"product_cat-albumes-completos","7":"product_cat-mega-colecciones","9":"first","10":"instock","11":"shipping-taxable","12":"purchasable","13":"product-type-simple"},"yoast_head":"<!-- This site is optimized with the Yoast SEO Premium plugin v23.5 (Yoast SEO v27.4) - https:\/\/yoast.com\/product\/yoast-seo-premium-wordpress\/ -->\n<title>\u00c1lbum The Beatles | Set Completo de Figuras para Pegar<\/title>\n<meta name=\"description\" content=\"Consigue el \u00c1lbum The Beatles con set completo de figuras para pegar. Colecci\u00f3n alternativa ideal para fans del rock cl\u00e1sico y coleccionistas.\" \/>\n<meta name=\"robots\" content=\"index, follow, max-snippet:-1, max-image-preview:large, max-video-preview:-1\" \/>\n<link rel=\"canonical\" href=\"https:\/\/megacolecciones.pe\/en\/product\/album-the-beatles-set-completo-figuritas-coleccionable\/\" \/>\n<meta property=\"og:locale\" content=\"en_US\" \/>\n<meta property=\"og:type\" content=\"article\" \/>\n<meta property=\"og:title\" content=\"\u00c1lbum The Beatles + Set completo de figuras para pegar\" \/>\n<meta property=\"og:description\" content=\"Consigue el \u00c1lbum The Beatles con set completo de figuras para pegar. Colecci\u00f3n alternativa ideal para fans del rock cl\u00e1sico y coleccionistas.\" \/>\n<meta property=\"og:url\" content=\"https:\/\/megacolecciones.pe\/en\/product\/album-the-beatles-set-completo-figuritas-coleccionable\/\" \/>\n<meta property=\"og:site_name\" content=\"Megacolecciones\" \/>\n<meta property=\"article:publisher\" content=\"https:\/\/www.facebook.com\/megacolecciones\" \/>\n<meta property=\"article:modified_time\" content=\"2026-02-05T23:02:14+00:00\" \/>\n<meta property=\"og:image\" content=\"https:\/\/megacolecciones.pe\/wp-content\/uploads\/2026\/02\/the-beatles-1024x1024.jpg\" \/>\n\t<meta property=\"og:image:width\" content=\"1024\" \/>\n\t<meta property=\"og:image:height\" content=\"1024\" \/>\n\t<meta property=\"og:image:type\" content=\"image\/jpeg\" \/>\n<meta name=\"twitter:card\" content=\"summary_large_image\" \/>\n<meta name=\"twitter:label1\" content=\"Price\" \/>\n\t<meta name=\"twitter:data1\" content=\"S\/70.00\" \/>\n\t<meta name=\"twitter:label2\" content=\"Availability\" \/>\n\t<meta name=\"twitter:data2\" content=\"In stock\" \/>\n<script type=\"application\/ld+json\" class=\"yoast-schema-graph\">{\"@context\":\"https:\\\/\\\/schema.org\",\"@graph\":[{\"@type\":\"WebPage\",\"@id\":\"https:\\\/\\\/megacolecciones.pe\\\/producto\\\/album-the-beatles-set-completo-figuritas-coleccionable\\\/\",\"url\":\"https:\\\/\\\/megacolecciones.pe\\\/producto\\\/album-the-beatles-set-completo-figuritas-coleccionable\\\/\",\"name\":\"\u00c1lbum The Beatles | Set Completo de Figuras para Pegar\",\"isPartOf\":{\"@id\":\"https:\\\/\\\/megacolecciones.pe\\\/#website\"},\"primaryImageOfPage\":{\"@id\":\"https:\\\/\\\/megacolecciones.pe\\\/producto\\\/album-the-beatles-set-completo-figuritas-coleccionable\\\/#primaryimage\"},\"image\":{\"@id\":\"https:\\\/\\\/megacolecciones.pe\\\/producto\\\/album-the-beatles-set-completo-figuritas-coleccionable\\\/#primaryimage\"},\"thumbnailUrl\":\"https:\\\/\\\/megacolecciones.pe\\\/wp-content\\\/uploads\\\/2026\\\/02\\\/the-beatles.jpg\",\"datePublished\":\"2026-02-05T23:02:13+00:00\",\"dateModified\":\"2026-02-05T23:02:14+00:00\",\"description\":\"Consigue el \u00c1lbum The Beatles con set completo de figuras para pegar. Colecci\u00f3n alternativa ideal para fans del rock cl\u00e1sico y coleccionistas.\",\"breadcrumb\":{\"@id\":\"https:\\\/\\\/megacolecciones.pe\\\/producto\\\/album-the-beatles-set-completo-figuritas-coleccionable\\\/#breadcrumb\"},\"inLanguage\":\"en-US\",\"potentialAction\":[{\"@type\":\"ReadAction\",\"target\":[\"https:\\\/\\\/megacolecciones.pe\\\/producto\\\/album-the-beatles-set-completo-figuritas-coleccionable\\\/\"]}]},{\"@type\":\"ImageObject\",\"inLanguage\":\"en-US\",\"@id\":\"https:\\\/\\\/megacolecciones.pe\\\/producto\\\/album-the-beatles-set-completo-figuritas-coleccionable\\\/#primaryimage\",\"url\":\"https:\\\/\\\/megacolecciones.pe\\\/wp-content\\\/uploads\\\/2026\\\/02\\\/the-beatles.jpg\",\"contentUrl\":\"https:\\\/\\\/megacolecciones.pe\\\/wp-content\\\/uploads\\\/2026\\\/02\\\/the-beatles.jpg\",\"width\":2400,\"height\":2400},{\"@type\":\"BreadcrumbList\",\"@id\":\"https:\\\/\\\/megacolecciones.pe\\\/producto\\\/album-the-beatles-set-completo-figuritas-coleccionable\\\/#breadcrumb\",\"itemListElement\":[{\"@type\":\"ListItem\",\"position\":1,\"name\":\"Home\",\"item\":\"https:\\\/\\\/megacolecciones.pe\\\/\"},{\"@type\":\"ListItem\",\"position\":2,\"name\":\"Tienda\",\"item\":\"https:\\\/\\\/megacolecciones.pe\\\/tienda\\\/\"},{\"@type\":\"ListItem\",\"position\":3,\"name\":\"\u00c1lbum The Beatles + Set completo de figuras para pegar\"}]},{\"@type\":\"WebSite\",\"@id\":\"https:\\\/\\\/megacolecciones.pe\\\/#website\",\"url\":\"https:\\\/\\\/megacolecciones.pe\\\/\",\"name\":\"Mega Colecciones\",\"description\":\"Tienda de \u00e1lbumes, taps y cards\",\"publisher\":{\"@id\":\"https:\\\/\\\/megacolecciones.pe\\\/#organization\"},\"potentialAction\":[{\"@type\":\"SearchAction\",\"target\":{\"@type\":\"EntryPoint\",\"urlTemplate\":\"https:\\\/\\\/megacolecciones.pe\\\/?s={search_term_string}\"},\"query-input\":{\"@type\":\"PropertyValueSpecification\",\"valueRequired\":true,\"valueName\":\"search_term_string\"}}],\"inLanguage\":\"en-US\"},{\"@type\":\"Organization\",\"@id\":\"https:\\\/\\\/megacolecciones.pe\\\/#organization\",\"name\":\"Mega Colecciones\",\"url\":\"https:\\\/\\\/megacolecciones.pe\\\/\",\"logo\":{\"@type\":\"ImageObject\",\"inLanguage\":\"en-US\",\"@id\":\"https:\\\/\\\/megacolecciones.pe\\\/#\\\/schema\\\/logo\\\/image\\\/\",\"url\":\"http:\\\/\\\/megacolecciones.pe\\\/wp-content\\\/uploads\\\/2023\\\/09\\\/logo-mega.png\",\"contentUrl\":\"http:\\\/\\\/megacolecciones.pe\\\/wp-content\\\/uploads\\\/2023\\\/09\\\/logo-mega.png\",\"width\":285,\"height\":100,\"caption\":\"Mega Colecciones\"},\"image\":{\"@id\":\"https:\\\/\\\/megacolecciones.pe\\\/#\\\/schema\\\/logo\\\/image\\\/\"},\"sameAs\":[\"https:\\\/\\\/www.facebook.com\\\/megacolecciones\",\"https:\\\/\\\/www.instagram.com\\\/megacolecciones\\\/\"],\"hasMerchantReturnPolicy\":{\"@type\":\"MerchantReturnPolicy\",\"merchantReturnLink\":\"https:\\\/\\\/megacolecciones.pe\\\/en\\\/terminos-y-condiciones\\\/\"}}]}<\/script>\n<meta property=\"product:price:amount\" content=\"70.00\" \/>\n<meta property=\"product:price:currency\" content=\"PEN\" \/>\n<meta property=\"og:availability\" content=\"instock\" \/>\n<meta property=\"product:availability\" content=\"instock\" \/>\n<meta property=\"product:condition\" content=\"new\" \/>\n<!-- \/ Yoast SEO Premium plugin. -->","yoast_head_json":{"title":"\u00c1lbum The Beatles | Set Completo de Figuras para Pegar","description":"Consigue el \u00c1lbum The Beatles con set completo de figuras para pegar. Colecci\u00f3n alternativa ideal para fans del rock cl\u00e1sico y coleccionistas.","robots":{"index":"index","follow":"follow","max-snippet":"max-snippet:-1","max-image-preview":"max-image-preview:large","max-video-preview":"max-video-preview:-1"},"canonical":"https:\/\/megacolecciones.pe\/en\/product\/album-the-beatles-set-completo-figuritas-coleccionable\/","og_locale":"en_US","og_type":"article","og_title":"\u00c1lbum The Beatles + Set completo de figuras para pegar","og_description":"Consigue el \u00c1lbum The Beatles con set completo de figuras para pegar. Colecci\u00f3n alternativa ideal para fans del rock cl\u00e1sico y coleccionistas.","og_url":"https:\/\/megacolecciones.pe\/en\/product\/album-the-beatles-set-completo-figuritas-coleccionable\/","og_site_name":"Megacolecciones","article_publisher":"https:\/\/www.facebook.com\/megacolecciones","article_modified_time":"2026-02-05T23:02:14+00:00","og_image":[{"width":1024,"height":1024,"url":"https:\/\/megacolecciones.pe\/wp-content\/uploads\/2026\/02\/the-beatles-1024x1024.jpg","type":"image\/jpeg"}],"twitter_card":"summary_large_image","twitter_misc":{"Price":"S\/70.00","Availability":"In stock"},"schema":{"@context":"https:\/\/schema.org","@graph":[{"@type":"WebPage","@id":"https:\/\/megacolecciones.pe\/producto\/album-the-beatles-set-completo-figuritas-coleccionable\/","url":"https:\/\/megacolecciones.pe\/producto\/album-the-beatles-set-completo-figuritas-coleccionable\/","name":"\u00c1lbum The Beatles | Set Completo de Figuras para Pegar","isPartOf":{"@id":"https:\/\/megacolecciones.pe\/#website"},"primaryImageOfPage":{"@id":"https:\/\/megacolecciones.pe\/producto\/album-the-beatles-set-completo-figuritas-coleccionable\/#primaryimage"},"image":{"@id":"https:\/\/megacolecciones.pe\/producto\/album-the-beatles-set-completo-figuritas-coleccionable\/#primaryimage"},"thumbnailUrl":"https:\/\/megacolecciones.pe\/wp-content\/uploads\/2026\/02\/the-beatles.jpg","datePublished":"2026-02-05T23:02:13+00:00","dateModified":"2026-02-05T23:02:14+00:00","description":"Consigue el \u00c1lbum The Beatles con set completo de figuras para pegar. Colecci\u00f3n alternativa ideal para fans del rock cl\u00e1sico y coleccionistas.","breadcrumb":{"@id":"https:\/\/megacolecciones.pe\/producto\/album-the-beatles-set-completo-figuritas-coleccionable\/#breadcrumb"},"inLanguage":"en-US","potentialAction":[{"@type":"ReadAction","target":["https:\/\/megacolecciones.pe\/producto\/album-the-beatles-set-completo-figuritas-coleccionable\/"]}]},{"@type":"ImageObject","inLanguage":"en-US","@id":"https:\/\/megacolecciones.pe\/producto\/album-the-beatles-set-completo-figuritas-coleccionable\/#primaryimage","url":"https:\/\/megacolecciones.pe\/wp-content\/uploads\/2026\/02\/the-beatles.jpg","contentUrl":"https:\/\/megacolecciones.pe\/wp-content\/uploads\/2026\/02\/the-beatles.jpg","width":2400,"height":2400},{"@type":"BreadcrumbList","@id":"https:\/\/megacolecciones.pe\/producto\/album-the-beatles-set-completo-figuritas-coleccionable\/#breadcrumb","itemListElement":[{"@type":"ListItem","position":1,"name":"Home","item":"https:\/\/megacolecciones.pe\/"},{"@type":"ListItem","position":2,"name":"Tienda","item":"https:\/\/megacolecciones.pe\/tienda\/"},{"@type":"ListItem","position":3,"name":"\u00c1lbum The Beatles + Set completo de figuras para pegar"}]},{"@type":"WebSite","@id":"https:\/\/megacolecciones.pe\/#website","url":"https:\/\/megacolecciones.pe\/","name":"Mega Collections","description":"Tienda de \u00e1lbumes, taps y cards","publisher":{"@id":"https:\/\/megacolecciones.pe\/#organization"},"potentialAction":[{"@type":"SearchAction","target":{"@type":"EntryPoint","urlTemplate":"https:\/\/megacolecciones.pe\/?s={search_term_string}"},"query-input":{"@type":"PropertyValueSpecification","valueRequired":true,"valueName":"search_term_string"}}],"inLanguage":"en-US"},{"@type":"Organization","@id":"https:\/\/megacolecciones.pe\/#organization","name":"Mega Collections","url":"https:\/\/megacolecciones.pe\/","logo":{"@type":"ImageObject","inLanguage":"en-US","@id":"https:\/\/megacolecciones.pe\/#\/schema\/logo\/image\/","url":"http:\/\/megacolecciones.pe\/wp-content\/uploads\/2023\/09\/logo-mega.png","contentUrl":"http:\/\/megacolecciones.pe\/wp-content\/uploads\/2023\/09\/logo-mega.png","width":285,"height":100,"caption":"Mega Colecciones"},"image":{"@id":"https:\/\/megacolecciones.pe\/#\/schema\/logo\/image\/"},"sameAs":["https:\/\/www.facebook.com\/megacolecciones","https:\/\/www.instagram.com\/megacolecciones\/"],"hasMerchantReturnPolicy":{"@type":"MerchantReturnPolicy","merchantReturnLink":"https:\/\/megacolecciones.pe\/en\/terminos-y-condiciones\/"}}]},"product_price_amount":"70.00","product_price_currency":"PEN","og_availability":"instock","product_availability":"instock","product_condition":"new"},"_links":{"self":[{"href":"https:\/\/megacolecciones.pe\/en\/wp-json\/wp\/v2\/product\/35615","targetHints":{"allow":["GET"]}}],"collection":[{"href":"https:\/\/megacolecciones.pe\/en\/wp-json\/wp\/v2\/product"}],"about":[{"href":"https:\/\/megacolecciones.pe\/en\/wp-json\/wp\/v2\/types\/product"}],"version-history":[{"count":1,"href":"https:\/\/megacolecciones.pe\/en\/wp-json\/wp\/v2\/product\/35615\/revisions"}],"predecessor-version":[{"id":35617,"href":"https:\/\/megacolecciones.pe\/en\/wp-json\/wp\/v2\/product\/35615\/revisions\/35617"}],"wp:featuredmedia":[{"embeddable":true,"href":"https:\/\/megacolecciones.pe\/en\/wp-json\/wp\/v2\/media\/35616"}],"wp:attachment":[{"href":"https:\/\/megacolecciones.pe\/en\/wp-json\/wp\/v2\/media?parent=35615"}],"wp:term":[{"taxonomy":"product_brand","embeddable":true,"href":"https:\/\/megacolecciones.pe\/en\/wp-json\/wp\/v2\/product_brand?post=35615"},{"taxonomy":"product_cat","embeddable":true,"href":"https:\/\/megacolecciones.pe\/en\/wp-json\/wp\/v2\/product_cat?post=35615"},{"taxonomy":"product_tag","embeddable":true,"href":"https:\/\/megacolecciones.pe\/en\/wp-json\/wp\/v2\/product_tag?post=35615"}],"curies":[{"name":"wp","href":"https:\/\/api.w.org\/{rel}","templated":true}]}}