{"id":35603,"date":"2026-02-05T16:57:38","date_gmt":"2026-02-05T21:57:38","guid":{"rendered":"https:\/\/megacolecciones.pe\/?post_type=product&#038;p=35603"},"modified":"2026-02-14T16:26:25","modified_gmt":"2026-02-14T21:26:25","slug":"album-wf-lucha-libre-set-completo","status":"publish","type":"product","link":"https:\/\/megacolecciones.pe\/en\/product\/album-wf-lucha-libre-set-completo\/","title":{"rendered":"\u00c1lbum WWF Lucha Libre + Set completo de figuras para pegar"},"content":{"rendered":"<p data-start=\"1123\" data-end=\"1338\"><span style=\"font-family: arial, helvetica, sans-serif;\">El <strong data-start=\"1126\" data-end=\"1150\">\u00c1lbum WF Lucha Libre<\/strong> es una colecci\u00f3n alternativa inspirada en el espect\u00e1culo del wrestling y la lucha libre, con una propuesta visual centrada en la intensidad, la acci\u00f3n y la personalidad de los luchadores.<\/span><\/p>\n<p data-start=\"1340\" data-end=\"1574\"><span style=\"font-family: arial, helvetica, sans-serif;\">Dise\u00f1ado para disfrutarse como una colecci\u00f3n completa, esta edici\u00f3n incorpora el <strong data-start=\"1421\" data-end=\"1445\">set total de figuras<\/strong>, lo que permite llenar cada p\u00e1gina de manera directa y continua, ideal para quienes prefieren armar el \u00e1lbum sin interrupciones.<\/span><\/p>\n<p data-start=\"1576\" data-end=\"1837\"><span style=\"font-family: arial, helvetica, sans-serif;\">Es una opci\u00f3n pensada para fans de la lucha libre, seguidores del entretenimiento deportivo y coleccionistas que buscan \u00e1lbumes tem\u00e1ticos con estilo din\u00e1mico y car\u00e1cter propio. Perfecto para sumar una colecci\u00f3n diferente dentro del mundo de los \u00e1lbumes f\u00edsicos.<\/span><\/p>","protected":false},"excerpt":{"rendered":"<p><span style=\"font-family: arial, helvetica, sans-serif;\">La megacolecci\u00f3n contiene:<\/span><\/p>\n<ul>\n<li><span style=\"font-family: arial, helvetica, sans-serif;\">\u00c1lbum vac\u00edo full color.<\/span><\/li>\n<li><span style=\"font-family: arial, helvetica, sans-serif;\">Set completo de figuras para pegar.<\/span><\/li>\n<li><span style=\"font-family: arial, helvetica, sans-serif;\">1 P\u00f3ster de colecci\u00f3n.<\/span><\/li>\n<\/ul>","protected":false},"featured_media":35604,"template":"","meta":[],"product_brand":[],"product_cat":[219,228],"product_tag":[],"class_list":{"0":"post-35603","1":"product","2":"type-product","3":"status-publish","4":"has-post-thumbnail","6":"product_cat-albumes-completos","7":"product_cat-mega-colecciones","9":"first","10":"instock","11":"shipping-taxable","12":"purchasable","13":"product-type-simple"},"yoast_head":"<!-- This site is optimized with the Yoast SEO Premium plugin v23.5 (Yoast SEO v27.4) - https:\/\/yoast.com\/product\/yoast-seo-premium-wordpress\/ -->\n<title>\u00c1lbum WF Lucha Libre | Set Completo Colecci\u00f3n<\/title>\n<meta name=\"description\" content=\"\u00c1lbum WF Lucha Libre colecci\u00f3n alternativa con set completo de figuras para pegar. Inspirado en el mundo del wrestling y sus luchadores.\" \/>\n<meta name=\"robots\" content=\"index, follow, max-snippet:-1, max-image-preview:large, max-video-preview:-1\" \/>\n<link rel=\"canonical\" href=\"https:\/\/megacolecciones.pe\/en\/product\/album-wf-lucha-libre-set-completo\/\" \/>\n<meta property=\"og:locale\" content=\"en_US\" \/>\n<meta property=\"og:type\" content=\"article\" \/>\n<meta property=\"og:title\" content=\"\u00c1lbum WWF Lucha Libre + Set completo de figuras para pegar\" \/>\n<meta property=\"og:description\" content=\"\u00c1lbum WF Lucha Libre colecci\u00f3n alternativa con set completo de figuras para pegar. Inspirado en el mundo del wrestling y sus luchadores.\" \/>\n<meta property=\"og:url\" content=\"https:\/\/megacolecciones.pe\/en\/product\/album-wf-lucha-libre-set-completo\/\" \/>\n<meta property=\"og:site_name\" content=\"Megacolecciones\" \/>\n<meta property=\"article:publisher\" content=\"https:\/\/www.facebook.com\/megacolecciones\" \/>\n<meta property=\"article:modified_time\" content=\"2026-02-14T21:26:25+00:00\" \/>\n<meta property=\"og:image\" content=\"https:\/\/megacolecciones.pe\/wp-content\/uploads\/2026\/02\/wf-lucha-1024x1024.jpg\" \/>\n\t<meta property=\"og:image:width\" content=\"1024\" \/>\n\t<meta property=\"og:image:height\" content=\"1024\" \/>\n\t<meta property=\"og:image:type\" content=\"image\/jpeg\" \/>\n<meta name=\"twitter:card\" content=\"summary_large_image\" \/>\n<meta name=\"twitter:label1\" content=\"Price\" \/>\n\t<meta name=\"twitter:data1\" content=\"S\/90.00\" \/>\n\t<meta name=\"twitter:label2\" content=\"Availability\" \/>\n\t<meta name=\"twitter:data2\" content=\"In stock\" \/>\n<script type=\"application\/ld+json\" class=\"yoast-schema-graph\">{\"@context\":\"https:\\\/\\\/schema.org\",\"@graph\":[{\"@type\":\"WebPage\",\"@id\":\"https:\\\/\\\/megacolecciones.pe\\\/producto\\\/album-wf-lucha-libre-set-completo\\\/\",\"url\":\"https:\\\/\\\/megacolecciones.pe\\\/producto\\\/album-wf-lucha-libre-set-completo\\\/\",\"name\":\"\u00c1lbum WF Lucha Libre | Set Completo Colecci\u00f3n\",\"isPartOf\":{\"@id\":\"https:\\\/\\\/megacolecciones.pe\\\/#website\"},\"primaryImageOfPage\":{\"@id\":\"https:\\\/\\\/megacolecciones.pe\\\/producto\\\/album-wf-lucha-libre-set-completo\\\/#primaryimage\"},\"image\":{\"@id\":\"https:\\\/\\\/megacolecciones.pe\\\/producto\\\/album-wf-lucha-libre-set-completo\\\/#primaryimage\"},\"thumbnailUrl\":\"https:\\\/\\\/megacolecciones.pe\\\/wp-content\\\/uploads\\\/2026\\\/02\\\/wf-lucha.jpg\",\"datePublished\":\"2026-02-05T21:57:38+00:00\",\"dateModified\":\"2026-02-14T21:26:25+00:00\",\"description\":\"\u00c1lbum WF Lucha Libre colecci\u00f3n alternativa con set completo de figuras para pegar. Inspirado en el mundo del wrestling y sus luchadores.\",\"breadcrumb\":{\"@id\":\"https:\\\/\\\/megacolecciones.pe\\\/producto\\\/album-wf-lucha-libre-set-completo\\\/#breadcrumb\"},\"inLanguage\":\"en-US\",\"potentialAction\":[{\"@type\":\"ReadAction\",\"target\":[\"https:\\\/\\\/megacolecciones.pe\\\/producto\\\/album-wf-lucha-libre-set-completo\\\/\"]}]},{\"@type\":\"ImageObject\",\"inLanguage\":\"en-US\",\"@id\":\"https:\\\/\\\/megacolecciones.pe\\\/producto\\\/album-wf-lucha-libre-set-completo\\\/#primaryimage\",\"url\":\"https:\\\/\\\/megacolecciones.pe\\\/wp-content\\\/uploads\\\/2026\\\/02\\\/wf-lucha.jpg\",\"contentUrl\":\"https:\\\/\\\/megacolecciones.pe\\\/wp-content\\\/uploads\\\/2026\\\/02\\\/wf-lucha.jpg\",\"width\":2400,\"height\":2400},{\"@type\":\"BreadcrumbList\",\"@id\":\"https:\\\/\\\/megacolecciones.pe\\\/producto\\\/album-wf-lucha-libre-set-completo\\\/#breadcrumb\",\"itemListElement\":[{\"@type\":\"ListItem\",\"position\":1,\"name\":\"Home\",\"item\":\"https:\\\/\\\/megacolecciones.pe\\\/\"},{\"@type\":\"ListItem\",\"position\":2,\"name\":\"Tienda\",\"item\":\"https:\\\/\\\/megacolecciones.pe\\\/tienda\\\/\"},{\"@type\":\"ListItem\",\"position\":3,\"name\":\"\u00c1lbum WWF Lucha Libre + Set completo de figuras para pegar\"}]},{\"@type\":\"WebSite\",\"@id\":\"https:\\\/\\\/megacolecciones.pe\\\/#website\",\"url\":\"https:\\\/\\\/megacolecciones.pe\\\/\",\"name\":\"Mega Colecciones\",\"description\":\"Tienda de \u00e1lbumes, taps y cards\",\"publisher\":{\"@id\":\"https:\\\/\\\/megacolecciones.pe\\\/#organization\"},\"potentialAction\":[{\"@type\":\"SearchAction\",\"target\":{\"@type\":\"EntryPoint\",\"urlTemplate\":\"https:\\\/\\\/megacolecciones.pe\\\/?s={search_term_string}\"},\"query-input\":{\"@type\":\"PropertyValueSpecification\",\"valueRequired\":true,\"valueName\":\"search_term_string\"}}],\"inLanguage\":\"en-US\"},{\"@type\":\"Organization\",\"@id\":\"https:\\\/\\\/megacolecciones.pe\\\/#organization\",\"name\":\"Mega Colecciones\",\"url\":\"https:\\\/\\\/megacolecciones.pe\\\/\",\"logo\":{\"@type\":\"ImageObject\",\"inLanguage\":\"en-US\",\"@id\":\"https:\\\/\\\/megacolecciones.pe\\\/#\\\/schema\\\/logo\\\/image\\\/\",\"url\":\"http:\\\/\\\/megacolecciones.pe\\\/wp-content\\\/uploads\\\/2023\\\/09\\\/logo-mega.png\",\"contentUrl\":\"http:\\\/\\\/megacolecciones.pe\\\/wp-content\\\/uploads\\\/2023\\\/09\\\/logo-mega.png\",\"width\":285,\"height\":100,\"caption\":\"Mega Colecciones\"},\"image\":{\"@id\":\"https:\\\/\\\/megacolecciones.pe\\\/#\\\/schema\\\/logo\\\/image\\\/\"},\"sameAs\":[\"https:\\\/\\\/www.facebook.com\\\/megacolecciones\",\"https:\\\/\\\/www.instagram.com\\\/megacolecciones\\\/\"],\"hasMerchantReturnPolicy\":{\"@type\":\"MerchantReturnPolicy\",\"merchantReturnLink\":\"https:\\\/\\\/megacolecciones.pe\\\/en\\\/terminos-y-condiciones\\\/\"}}]}<\/script>\n<meta property=\"product:price:amount\" content=\"90.00\" \/>\n<meta property=\"product:price:currency\" content=\"PEN\" \/>\n<meta property=\"og:availability\" content=\"instock\" \/>\n<meta property=\"product:availability\" content=\"instock\" \/>\n<meta property=\"product:condition\" content=\"new\" \/>\n<!-- \/ Yoast SEO Premium plugin. -->","yoast_head_json":{"title":"\u00c1lbum WF Lucha Libre | Set Completo Colecci\u00f3n","description":"\u00c1lbum WF Lucha Libre colecci\u00f3n alternativa con set completo de figuras para pegar. Inspirado en el mundo del wrestling y sus luchadores.","robots":{"index":"index","follow":"follow","max-snippet":"max-snippet:-1","max-image-preview":"max-image-preview:large","max-video-preview":"max-video-preview:-1"},"canonical":"https:\/\/megacolecciones.pe\/en\/product\/album-wf-lucha-libre-set-completo\/","og_locale":"en_US","og_type":"article","og_title":"\u00c1lbum WWF Lucha Libre + Set completo de figuras para pegar","og_description":"\u00c1lbum WF Lucha Libre colecci\u00f3n alternativa con set completo de figuras para pegar. Inspirado en el mundo del wrestling y sus luchadores.","og_url":"https:\/\/megacolecciones.pe\/en\/product\/album-wf-lucha-libre-set-completo\/","og_site_name":"Megacolecciones","article_publisher":"https:\/\/www.facebook.com\/megacolecciones","article_modified_time":"2026-02-14T21:26:25+00:00","og_image":[{"width":1024,"height":1024,"url":"https:\/\/megacolecciones.pe\/wp-content\/uploads\/2026\/02\/wf-lucha-1024x1024.jpg","type":"image\/jpeg"}],"twitter_card":"summary_large_image","twitter_misc":{"Price":"S\/90.00","Availability":"In stock"},"schema":{"@context":"https:\/\/schema.org","@graph":[{"@type":"WebPage","@id":"https:\/\/megacolecciones.pe\/producto\/album-wf-lucha-libre-set-completo\/","url":"https:\/\/megacolecciones.pe\/producto\/album-wf-lucha-libre-set-completo\/","name":"\u00c1lbum WF Lucha Libre | Set Completo Colecci\u00f3n","isPartOf":{"@id":"https:\/\/megacolecciones.pe\/#website"},"primaryImageOfPage":{"@id":"https:\/\/megacolecciones.pe\/producto\/album-wf-lucha-libre-set-completo\/#primaryimage"},"image":{"@id":"https:\/\/megacolecciones.pe\/producto\/album-wf-lucha-libre-set-completo\/#primaryimage"},"thumbnailUrl":"https:\/\/megacolecciones.pe\/wp-content\/uploads\/2026\/02\/wf-lucha.jpg","datePublished":"2026-02-05T21:57:38+00:00","dateModified":"2026-02-14T21:26:25+00:00","description":"\u00c1lbum WF Lucha Libre colecci\u00f3n alternativa con set completo de figuras para pegar. Inspirado en el mundo del wrestling y sus luchadores.","breadcrumb":{"@id":"https:\/\/megacolecciones.pe\/producto\/album-wf-lucha-libre-set-completo\/#breadcrumb"},"inLanguage":"en-US","potentialAction":[{"@type":"ReadAction","target":["https:\/\/megacolecciones.pe\/producto\/album-wf-lucha-libre-set-completo\/"]}]},{"@type":"ImageObject","inLanguage":"en-US","@id":"https:\/\/megacolecciones.pe\/producto\/album-wf-lucha-libre-set-completo\/#primaryimage","url":"https:\/\/megacolecciones.pe\/wp-content\/uploads\/2026\/02\/wf-lucha.jpg","contentUrl":"https:\/\/megacolecciones.pe\/wp-content\/uploads\/2026\/02\/wf-lucha.jpg","width":2400,"height":2400},{"@type":"BreadcrumbList","@id":"https:\/\/megacolecciones.pe\/producto\/album-wf-lucha-libre-set-completo\/#breadcrumb","itemListElement":[{"@type":"ListItem","position":1,"name":"Home","item":"https:\/\/megacolecciones.pe\/"},{"@type":"ListItem","position":2,"name":"Tienda","item":"https:\/\/megacolecciones.pe\/tienda\/"},{"@type":"ListItem","position":3,"name":"\u00c1lbum WWF Lucha Libre + Set completo de figuras para pegar"}]},{"@type":"WebSite","@id":"https:\/\/megacolecciones.pe\/#website","url":"https:\/\/megacolecciones.pe\/","name":"Mega Collections","description":"Tienda de \u00e1lbumes, taps y cards","publisher":{"@id":"https:\/\/megacolecciones.pe\/#organization"},"potentialAction":[{"@type":"SearchAction","target":{"@type":"EntryPoint","urlTemplate":"https:\/\/megacolecciones.pe\/?s={search_term_string}"},"query-input":{"@type":"PropertyValueSpecification","valueRequired":true,"valueName":"search_term_string"}}],"inLanguage":"en-US"},{"@type":"Organization","@id":"https:\/\/megacolecciones.pe\/#organization","name":"Mega Collections","url":"https:\/\/megacolecciones.pe\/","logo":{"@type":"ImageObject","inLanguage":"en-US","@id":"https:\/\/megacolecciones.pe\/#\/schema\/logo\/image\/","url":"http:\/\/megacolecciones.pe\/wp-content\/uploads\/2023\/09\/logo-mega.png","contentUrl":"http:\/\/megacolecciones.pe\/wp-content\/uploads\/2023\/09\/logo-mega.png","width":285,"height":100,"caption":"Mega Colecciones"},"image":{"@id":"https:\/\/megacolecciones.pe\/#\/schema\/logo\/image\/"},"sameAs":["https:\/\/www.facebook.com\/megacolecciones","https:\/\/www.instagram.com\/megacolecciones\/"],"hasMerchantReturnPolicy":{"@type":"MerchantReturnPolicy","merchantReturnLink":"https:\/\/megacolecciones.pe\/en\/terminos-y-condiciones\/"}}]},"product_price_amount":"90.00","product_price_currency":"PEN","og_availability":"instock","product_availability":"instock","product_condition":"new"},"_links":{"self":[{"href":"https:\/\/megacolecciones.pe\/en\/wp-json\/wp\/v2\/product\/35603","targetHints":{"allow":["GET"]}}],"collection":[{"href":"https:\/\/megacolecciones.pe\/en\/wp-json\/wp\/v2\/product"}],"about":[{"href":"https:\/\/megacolecciones.pe\/en\/wp-json\/wp\/v2\/types\/product"}],"version-history":[{"count":2,"href":"https:\/\/megacolecciones.pe\/en\/wp-json\/wp\/v2\/product\/35603\/revisions"}],"predecessor-version":[{"id":35640,"href":"https:\/\/megacolecciones.pe\/en\/wp-json\/wp\/v2\/product\/35603\/revisions\/35640"}],"wp:featuredmedia":[{"embeddable":true,"href":"https:\/\/megacolecciones.pe\/en\/wp-json\/wp\/v2\/media\/35604"}],"wp:attachment":[{"href":"https:\/\/megacolecciones.pe\/en\/wp-json\/wp\/v2\/media?parent=35603"}],"wp:term":[{"taxonomy":"product_brand","embeddable":true,"href":"https:\/\/megacolecciones.pe\/en\/wp-json\/wp\/v2\/product_brand?post=35603"},{"taxonomy":"product_cat","embeddable":true,"href":"https:\/\/megacolecciones.pe\/en\/wp-json\/wp\/v2\/product_cat?post=35603"},{"taxonomy":"product_tag","embeddable":true,"href":"https:\/\/megacolecciones.pe\/en\/wp-json\/wp\/v2\/product_tag?post=35603"}],"curies":[{"name":"wp","href":"https:\/\/api.w.org\/{rel}","templated":true}]}}