{"id":35591,"date":"2026-02-05T16:05:53","date_gmt":"2026-02-05T21:05:53","guid":{"rendered":"https:\/\/megacolecciones.pe\/?post_type=product&#038;p=35591"},"modified":"2026-02-05T16:05:54","modified_gmt":"2026-02-05T21:05:54","slug":"album-enciclopedia-demon-slayer-set-completo","status":"publish","type":"product","link":"https:\/\/megacolecciones.pe\/en\/product\/album-enciclopedia-demon-slayer-set-completo\/","title":{"rendered":"\u00c1lbum Enciclopedia Demon Slayer + Set completo de figuras para pegar"},"content":{"rendered":"<p data-start=\"1209\" data-end=\"1457\"><span style=\"font-family: arial, helvetica, sans-serif;\">El <strong data-start=\"1212\" data-end=\"1262\">\u00c1lbum Enciclopedia Demon Slayer<\/strong>\u00a0es una colecci\u00f3n alternativa inspirada en el universo del popular anime, presentada en un formato tipo enciclopedia que re\u00fane contenido visual y tem\u00e1tico pensado para los seguidores de la serie.<\/span><\/p>\n<p data-start=\"1459\" data-end=\"1687\"><span style=\"font-family: arial, helvetica, sans-serif;\">A diferencia de un \u00e1lbum tradicional, esta edici\u00f3n propone una experiencia m\u00e1s completa y organizada, ideal para quienes disfrutan explorar personajes, escenas y momentos representativos del mundo Demon Slayer en formato f\u00edsico.<\/span><\/p>\n<p data-start=\"1689\" data-end=\"1905\"><span style=\"font-family: arial, helvetica, sans-serif;\">Incluye el <strong data-start=\"1700\" data-end=\"1727\">set completo de figuras<\/strong>, lo que permite armar el \u00e1lbum de principio a fin de forma directa, convirti\u00e9ndolo en una opci\u00f3n pr\u00e1ctica para coleccionistas y fans del anime que buscan una colecci\u00f3n integral.<\/span><\/p>\n<p data-start=\"1907\" data-end=\"1979\"><span style=\"font-family: arial, helvetica, sans-serif;\">Una propuesta moderna para sumar a cualquier colecci\u00f3n de anime y manga.<\/span><\/p>","protected":false},"excerpt":{"rendered":"<p><span style=\"font-family: arial, helvetica, sans-serif;\">La megacolecci\u00f3n incluye:\u00a0<\/span><\/p>\n<ul>\n<li><span style=\"font-family: arial, helvetica, sans-serif;\">\u00c1lbum vac\u00edo a full color.<\/span><\/li>\n<li><span style=\"font-family: arial, helvetica, sans-serif;\">Set completo de figuras para pegar.<\/span><\/li>\n<li><span style=\"font-family: arial, helvetica, sans-serif;\">Cajita portafiguras.<\/span><\/li>\n<li><span style=\"font-family: arial, helvetica, sans-serif;\">Minip\u00f3sters.<\/span><\/li>\n<\/ul>","protected":false},"featured_media":35592,"template":"","meta":[],"product_brand":[],"product_cat":[219,228],"product_tag":[],"class_list":{"0":"post-35591","1":"product","2":"type-product","3":"status-publish","4":"has-post-thumbnail","6":"product_cat-albumes-completos","7":"product_cat-mega-colecciones","9":"first","10":"instock","11":"shipping-taxable","12":"purchasable","13":"product-type-simple"},"yoast_head":"<!-- This site is optimized with the Yoast SEO Premium plugin v23.5 (Yoast SEO v27.4) - https:\/\/yoast.com\/product\/yoast-seo-premium-wordpress\/ -->\n<title>\u00c1lbum Enciclopedia Demon Slayer | Set Completo Colecci\u00f3n<\/title>\n<meta name=\"description\" content=\"\u00c1lbum Enciclopedia Demon Slayer, colecci\u00f3n alternativa con set completo de figuras para pegar. Edici\u00f3n ideal para fans del anime.\" \/>\n<meta name=\"robots\" content=\"index, follow, max-snippet:-1, max-image-preview:large, max-video-preview:-1\" \/>\n<link rel=\"canonical\" href=\"https:\/\/megacolecciones.pe\/en\/product\/album-enciclopedia-demon-slayer-set-completo\/\" \/>\n<meta property=\"og:locale\" content=\"en_US\" \/>\n<meta property=\"og:type\" content=\"article\" \/>\n<meta property=\"og:title\" content=\"\u00c1lbum Enciclopedia Demon Slayer + Set completo de figuras para pegar\" \/>\n<meta property=\"og:description\" content=\"\u00c1lbum Enciclopedia Demon Slayer, colecci\u00f3n alternativa con set completo de figuras para pegar. Edici\u00f3n ideal para fans del anime.\" \/>\n<meta property=\"og:url\" content=\"https:\/\/megacolecciones.pe\/en\/product\/album-enciclopedia-demon-slayer-set-completo\/\" \/>\n<meta property=\"og:site_name\" content=\"Megacolecciones\" \/>\n<meta property=\"article:publisher\" content=\"https:\/\/www.facebook.com\/megacolecciones\" \/>\n<meta property=\"article:modified_time\" content=\"2026-02-05T21:05:54+00:00\" \/>\n<meta property=\"og:image\" content=\"https:\/\/megacolecciones.pe\/wp-content\/uploads\/2026\/02\/enciclopedia-demon-slayer-1024x1024.jpg\" \/>\n\t<meta property=\"og:image:width\" content=\"1024\" \/>\n\t<meta property=\"og:image:height\" content=\"1024\" \/>\n\t<meta property=\"og:image:type\" content=\"image\/jpeg\" \/>\n<meta name=\"twitter:card\" content=\"summary_large_image\" \/>\n<meta name=\"twitter:label1\" content=\"Price\" \/>\n\t<meta name=\"twitter:data1\" content=\"S\/120.00\" \/>\n\t<meta name=\"twitter:label2\" content=\"Availability\" \/>\n\t<meta name=\"twitter:data2\" content=\"In stock\" \/>\n<script type=\"application\/ld+json\" class=\"yoast-schema-graph\">{\"@context\":\"https:\\\/\\\/schema.org\",\"@graph\":[{\"@type\":\"WebPage\",\"@id\":\"https:\\\/\\\/megacolecciones.pe\\\/producto\\\/album-enciclopedia-demon-slayer-set-completo\\\/\",\"url\":\"https:\\\/\\\/megacolecciones.pe\\\/producto\\\/album-enciclopedia-demon-slayer-set-completo\\\/\",\"name\":\"\u00c1lbum Enciclopedia Demon Slayer | Set Completo Colecci\u00f3n\",\"isPartOf\":{\"@id\":\"https:\\\/\\\/megacolecciones.pe\\\/#website\"},\"primaryImageOfPage\":{\"@id\":\"https:\\\/\\\/megacolecciones.pe\\\/producto\\\/album-enciclopedia-demon-slayer-set-completo\\\/#primaryimage\"},\"image\":{\"@id\":\"https:\\\/\\\/megacolecciones.pe\\\/producto\\\/album-enciclopedia-demon-slayer-set-completo\\\/#primaryimage\"},\"thumbnailUrl\":\"https:\\\/\\\/megacolecciones.pe\\\/wp-content\\\/uploads\\\/2026\\\/02\\\/enciclopedia-demon-slayer.jpg\",\"datePublished\":\"2026-02-05T21:05:53+00:00\",\"dateModified\":\"2026-02-05T21:05:54+00:00\",\"description\":\"\u00c1lbum Enciclopedia Demon Slayer, colecci\u00f3n alternativa con set completo de figuras para pegar. Edici\u00f3n ideal para fans del anime.\",\"breadcrumb\":{\"@id\":\"https:\\\/\\\/megacolecciones.pe\\\/producto\\\/album-enciclopedia-demon-slayer-set-completo\\\/#breadcrumb\"},\"inLanguage\":\"en-US\",\"potentialAction\":[{\"@type\":\"ReadAction\",\"target\":[\"https:\\\/\\\/megacolecciones.pe\\\/producto\\\/album-enciclopedia-demon-slayer-set-completo\\\/\"]}]},{\"@type\":\"ImageObject\",\"inLanguage\":\"en-US\",\"@id\":\"https:\\\/\\\/megacolecciones.pe\\\/producto\\\/album-enciclopedia-demon-slayer-set-completo\\\/#primaryimage\",\"url\":\"https:\\\/\\\/megacolecciones.pe\\\/wp-content\\\/uploads\\\/2026\\\/02\\\/enciclopedia-demon-slayer.jpg\",\"contentUrl\":\"https:\\\/\\\/megacolecciones.pe\\\/wp-content\\\/uploads\\\/2026\\\/02\\\/enciclopedia-demon-slayer.jpg\",\"width\":2400,\"height\":2400},{\"@type\":\"BreadcrumbList\",\"@id\":\"https:\\\/\\\/megacolecciones.pe\\\/producto\\\/album-enciclopedia-demon-slayer-set-completo\\\/#breadcrumb\",\"itemListElement\":[{\"@type\":\"ListItem\",\"position\":1,\"name\":\"Home\",\"item\":\"https:\\\/\\\/megacolecciones.pe\\\/\"},{\"@type\":\"ListItem\",\"position\":2,\"name\":\"Tienda\",\"item\":\"https:\\\/\\\/megacolecciones.pe\\\/tienda\\\/\"},{\"@type\":\"ListItem\",\"position\":3,\"name\":\"\u00c1lbum Enciclopedia Demon Slayer + Set completo de figuras para pegar\"}]},{\"@type\":\"WebSite\",\"@id\":\"https:\\\/\\\/megacolecciones.pe\\\/#website\",\"url\":\"https:\\\/\\\/megacolecciones.pe\\\/\",\"name\":\"Mega Colecciones\",\"description\":\"Tienda de \u00e1lbumes, taps y cards\",\"publisher\":{\"@id\":\"https:\\\/\\\/megacolecciones.pe\\\/#organization\"},\"potentialAction\":[{\"@type\":\"SearchAction\",\"target\":{\"@type\":\"EntryPoint\",\"urlTemplate\":\"https:\\\/\\\/megacolecciones.pe\\\/?s={search_term_string}\"},\"query-input\":{\"@type\":\"PropertyValueSpecification\",\"valueRequired\":true,\"valueName\":\"search_term_string\"}}],\"inLanguage\":\"en-US\"},{\"@type\":\"Organization\",\"@id\":\"https:\\\/\\\/megacolecciones.pe\\\/#organization\",\"name\":\"Mega Colecciones\",\"url\":\"https:\\\/\\\/megacolecciones.pe\\\/\",\"logo\":{\"@type\":\"ImageObject\",\"inLanguage\":\"en-US\",\"@id\":\"https:\\\/\\\/megacolecciones.pe\\\/#\\\/schema\\\/logo\\\/image\\\/\",\"url\":\"http:\\\/\\\/megacolecciones.pe\\\/wp-content\\\/uploads\\\/2023\\\/09\\\/logo-mega.png\",\"contentUrl\":\"http:\\\/\\\/megacolecciones.pe\\\/wp-content\\\/uploads\\\/2023\\\/09\\\/logo-mega.png\",\"width\":285,\"height\":100,\"caption\":\"Mega Colecciones\"},\"image\":{\"@id\":\"https:\\\/\\\/megacolecciones.pe\\\/#\\\/schema\\\/logo\\\/image\\\/\"},\"sameAs\":[\"https:\\\/\\\/www.facebook.com\\\/megacolecciones\",\"https:\\\/\\\/www.instagram.com\\\/megacolecciones\\\/\"],\"hasMerchantReturnPolicy\":{\"@type\":\"MerchantReturnPolicy\",\"merchantReturnLink\":\"https:\\\/\\\/megacolecciones.pe\\\/en\\\/terminos-y-condiciones\\\/\"}}]}<\/script>\n<meta property=\"product:price:amount\" content=\"120.00\" \/>\n<meta property=\"product:price:currency\" content=\"PEN\" \/>\n<meta property=\"og:availability\" content=\"instock\" \/>\n<meta property=\"product:availability\" content=\"instock\" \/>\n<meta property=\"product:condition\" content=\"new\" \/>\n<!-- \/ Yoast SEO Premium plugin. -->","yoast_head_json":{"title":"\u00c1lbum Enciclopedia Demon Slayer | Set Completo Colecci\u00f3n","description":"\u00c1lbum Enciclopedia Demon Slayer, colecci\u00f3n alternativa con set completo de figuras para pegar. Edici\u00f3n ideal para fans del anime.","robots":{"index":"index","follow":"follow","max-snippet":"max-snippet:-1","max-image-preview":"max-image-preview:large","max-video-preview":"max-video-preview:-1"},"canonical":"https:\/\/megacolecciones.pe\/en\/product\/album-enciclopedia-demon-slayer-set-completo\/","og_locale":"en_US","og_type":"article","og_title":"\u00c1lbum Enciclopedia Demon Slayer + Set completo de figuras para pegar","og_description":"\u00c1lbum Enciclopedia Demon Slayer, colecci\u00f3n alternativa con set completo de figuras para pegar. Edici\u00f3n ideal para fans del anime.","og_url":"https:\/\/megacolecciones.pe\/en\/product\/album-enciclopedia-demon-slayer-set-completo\/","og_site_name":"Megacolecciones","article_publisher":"https:\/\/www.facebook.com\/megacolecciones","article_modified_time":"2026-02-05T21:05:54+00:00","og_image":[{"width":1024,"height":1024,"url":"https:\/\/megacolecciones.pe\/wp-content\/uploads\/2026\/02\/enciclopedia-demon-slayer-1024x1024.jpg","type":"image\/jpeg"}],"twitter_card":"summary_large_image","twitter_misc":{"Price":"S\/120.00","Availability":"In stock"},"schema":{"@context":"https:\/\/schema.org","@graph":[{"@type":"WebPage","@id":"https:\/\/megacolecciones.pe\/producto\/album-enciclopedia-demon-slayer-set-completo\/","url":"https:\/\/megacolecciones.pe\/producto\/album-enciclopedia-demon-slayer-set-completo\/","name":"\u00c1lbum Enciclopedia Demon Slayer | Set Completo Colecci\u00f3n","isPartOf":{"@id":"https:\/\/megacolecciones.pe\/#website"},"primaryImageOfPage":{"@id":"https:\/\/megacolecciones.pe\/producto\/album-enciclopedia-demon-slayer-set-completo\/#primaryimage"},"image":{"@id":"https:\/\/megacolecciones.pe\/producto\/album-enciclopedia-demon-slayer-set-completo\/#primaryimage"},"thumbnailUrl":"https:\/\/megacolecciones.pe\/wp-content\/uploads\/2026\/02\/enciclopedia-demon-slayer.jpg","datePublished":"2026-02-05T21:05:53+00:00","dateModified":"2026-02-05T21:05:54+00:00","description":"\u00c1lbum Enciclopedia Demon Slayer, colecci\u00f3n alternativa con set completo de figuras para pegar. Edici\u00f3n ideal para fans del anime.","breadcrumb":{"@id":"https:\/\/megacolecciones.pe\/producto\/album-enciclopedia-demon-slayer-set-completo\/#breadcrumb"},"inLanguage":"en-US","potentialAction":[{"@type":"ReadAction","target":["https:\/\/megacolecciones.pe\/producto\/album-enciclopedia-demon-slayer-set-completo\/"]}]},{"@type":"ImageObject","inLanguage":"en-US","@id":"https:\/\/megacolecciones.pe\/producto\/album-enciclopedia-demon-slayer-set-completo\/#primaryimage","url":"https:\/\/megacolecciones.pe\/wp-content\/uploads\/2026\/02\/enciclopedia-demon-slayer.jpg","contentUrl":"https:\/\/megacolecciones.pe\/wp-content\/uploads\/2026\/02\/enciclopedia-demon-slayer.jpg","width":2400,"height":2400},{"@type":"BreadcrumbList","@id":"https:\/\/megacolecciones.pe\/producto\/album-enciclopedia-demon-slayer-set-completo\/#breadcrumb","itemListElement":[{"@type":"ListItem","position":1,"name":"Home","item":"https:\/\/megacolecciones.pe\/"},{"@type":"ListItem","position":2,"name":"Tienda","item":"https:\/\/megacolecciones.pe\/tienda\/"},{"@type":"ListItem","position":3,"name":"\u00c1lbum Enciclopedia Demon Slayer + Set completo de figuras para pegar"}]},{"@type":"WebSite","@id":"https:\/\/megacolecciones.pe\/#website","url":"https:\/\/megacolecciones.pe\/","name":"Mega Collections","description":"Tienda de \u00e1lbumes, taps y cards","publisher":{"@id":"https:\/\/megacolecciones.pe\/#organization"},"potentialAction":[{"@type":"SearchAction","target":{"@type":"EntryPoint","urlTemplate":"https:\/\/megacolecciones.pe\/?s={search_term_string}"},"query-input":{"@type":"PropertyValueSpecification","valueRequired":true,"valueName":"search_term_string"}}],"inLanguage":"en-US"},{"@type":"Organization","@id":"https:\/\/megacolecciones.pe\/#organization","name":"Mega Collections","url":"https:\/\/megacolecciones.pe\/","logo":{"@type":"ImageObject","inLanguage":"en-US","@id":"https:\/\/megacolecciones.pe\/#\/schema\/logo\/image\/","url":"http:\/\/megacolecciones.pe\/wp-content\/uploads\/2023\/09\/logo-mega.png","contentUrl":"http:\/\/megacolecciones.pe\/wp-content\/uploads\/2023\/09\/logo-mega.png","width":285,"height":100,"caption":"Mega Colecciones"},"image":{"@id":"https:\/\/megacolecciones.pe\/#\/schema\/logo\/image\/"},"sameAs":["https:\/\/www.facebook.com\/megacolecciones","https:\/\/www.instagram.com\/megacolecciones\/"],"hasMerchantReturnPolicy":{"@type":"MerchantReturnPolicy","merchantReturnLink":"https:\/\/megacolecciones.pe\/en\/terminos-y-condiciones\/"}}]},"product_price_amount":"120.00","product_price_currency":"PEN","og_availability":"instock","product_availability":"instock","product_condition":"new"},"_links":{"self":[{"href":"https:\/\/megacolecciones.pe\/en\/wp-json\/wp\/v2\/product\/35591","targetHints":{"allow":["GET"]}}],"collection":[{"href":"https:\/\/megacolecciones.pe\/en\/wp-json\/wp\/v2\/product"}],"about":[{"href":"https:\/\/megacolecciones.pe\/en\/wp-json\/wp\/v2\/types\/product"}],"version-history":[{"count":1,"href":"https:\/\/megacolecciones.pe\/en\/wp-json\/wp\/v2\/product\/35591\/revisions"}],"predecessor-version":[{"id":35593,"href":"https:\/\/megacolecciones.pe\/en\/wp-json\/wp\/v2\/product\/35591\/revisions\/35593"}],"wp:featuredmedia":[{"embeddable":true,"href":"https:\/\/megacolecciones.pe\/en\/wp-json\/wp\/v2\/media\/35592"}],"wp:attachment":[{"href":"https:\/\/megacolecciones.pe\/en\/wp-json\/wp\/v2\/media?parent=35591"}],"wp:term":[{"taxonomy":"product_brand","embeddable":true,"href":"https:\/\/megacolecciones.pe\/en\/wp-json\/wp\/v2\/product_brand?post=35591"},{"taxonomy":"product_cat","embeddable":true,"href":"https:\/\/megacolecciones.pe\/en\/wp-json\/wp\/v2\/product_cat?post=35591"},{"taxonomy":"product_tag","embeddable":true,"href":"https:\/\/megacolecciones.pe\/en\/wp-json\/wp\/v2\/product_tag?post=35591"}],"curies":[{"name":"wp","href":"https:\/\/api.w.org\/{rel}","templated":true}]}}