{"id":35569,"date":"2026-01-26T15:06:11","date_gmt":"2026-01-26T20:06:11","guid":{"rendered":"https:\/\/megacolecciones.pe\/?post_type=product&#038;p=35569"},"modified":"2026-01-26T15:06:12","modified_gmt":"2026-01-26T20:06:12","slug":"album-asi-es-donald-panini-1996","status":"publish","type":"product","link":"https:\/\/megacolecciones.pe\/en\/product\/album-asi-es-donald-panini-1996\/","title":{"rendered":"\u00c1lbum \u00a1As\u00ed es Donald! (Panini) + Set completo de figuras para pegar"},"content":{"rendered":"<p data-start=\"1075\" data-end=\"1261\"><span style=\"font-family: arial, helvetica, sans-serif;\">El <strong data-start=\"1078\" data-end=\"1101\">\u00c1lbum As\u00ed es Donald<\/strong> es una colecci\u00f3n licenciada de <strong data-start=\"1133\" data-end=\"1153\">Editorial Panini<\/strong>, publicada originalmente en <strong data-start=\"1182\" data-end=\"1190\">1996<\/strong>, que forma parte de los \u00e1lbumes cl\u00e1sicos dedicados al universo Disney.<\/span><\/p>\n<p data-start=\"1263\" data-end=\"1468\"><span style=\"font-family: arial, helvetica, sans-serif;\">Esta edici\u00f3n re\u00fane contenido inspirado en el personaje de Donald, presentado en formato f\u00edsico y acompa\u00f1ado del <strong data-start=\"1375\" data-end=\"1402\">set completo de figuras<\/strong>, lo que permite completar el \u00e1lbum de manera ordenada y continua.<\/span><\/p>\n<p data-start=\"1470\" data-end=\"1704\"><span style=\"font-family: arial, helvetica, sans-serif;\">Es una colecci\u00f3n pensada para coleccionistas de \u00e1lbumes cl\u00e1sicos, seguidores del universo Disney y para quienes buscan conservar una edici\u00f3n representativa de Panini de los a\u00f1os noventa, manteniendo el encanto y el estilo de la \u00e9poca.<\/span><\/p>","protected":false},"excerpt":{"rendered":"<p><span style=\"font-family: arial, helvetica, sans-serif;\">La megacolecci\u00f3n contiene:<\/span><\/p>\n<ul>\n<li><span style=\"font-family: arial, helvetica, sans-serif;\">\u00c1lbum vac\u00edo a full color (1996).<\/span><\/li>\n<li><span style=\"font-family: arial, helvetica, sans-serif;\">Set completo de figuras para pegar.<\/span><\/li>\n<\/ul>","protected":false},"featured_media":35570,"template":"","meta":[],"product_brand":[],"product_cat":[230,234],"product_tag":[],"class_list":{"0":"post-35569","1":"product","2":"type-product","3":"status-publish","4":"has-post-thumbnail","6":"product_cat-colecciones-licenciadas","7":"product_cat-colecciones-panini","9":"first","10":"instock","11":"shipping-taxable","12":"purchasable","13":"product-type-simple"},"yoast_head":"<!-- This site is optimized with the Yoast SEO Premium plugin v23.5 (Yoast SEO v27.4) - https:\/\/yoast.com\/product\/yoast-seo-premium-wordpress\/ -->\n<title>\u00c1lbum As\u00ed es Donald Panini 1996 | Set Completo Licenciado<\/title>\n<meta name=\"description\" content=\"\u00c1lbum As\u00ed es Donald Panini 1996, colecci\u00f3n licenciada con set completo de figuras para pegar. Ideal para coleccionistas Disney.\" \/>\n<meta name=\"robots\" content=\"index, follow, max-snippet:-1, max-image-preview:large, max-video-preview:-1\" \/>\n<link rel=\"canonical\" href=\"https:\/\/megacolecciones.pe\/en\/product\/album-asi-es-donald-panini-1996\/\" \/>\n<meta property=\"og:locale\" content=\"en_US\" \/>\n<meta property=\"og:type\" content=\"article\" \/>\n<meta property=\"og:title\" content=\"\u00c1lbum \u00a1As\u00ed es Donald! (Panini) + Set completo de figuras para pegar\" \/>\n<meta property=\"og:description\" content=\"\u00c1lbum As\u00ed es Donald Panini 1996, colecci\u00f3n licenciada con set completo de figuras para pegar. Ideal para coleccionistas Disney.\" \/>\n<meta property=\"og:url\" content=\"https:\/\/megacolecciones.pe\/en\/product\/album-asi-es-donald-panini-1996\/\" \/>\n<meta property=\"og:site_name\" content=\"Megacolecciones\" \/>\n<meta property=\"article:publisher\" content=\"https:\/\/www.facebook.com\/megacolecciones\" \/>\n<meta property=\"article:modified_time\" content=\"2026-01-26T20:06:12+00:00\" \/>\n<meta property=\"og:image\" content=\"https:\/\/megacolecciones.pe\/wp-content\/uploads\/2026\/01\/donald-web.jpg\" \/>\n\t<meta property=\"og:image:width\" content=\"1200\" \/>\n\t<meta property=\"og:image:height\" content=\"1200\" \/>\n\t<meta property=\"og:image:type\" content=\"image\/jpeg\" \/>\n<meta name=\"twitter:card\" content=\"summary_large_image\" \/>\n<meta name=\"twitter:label1\" content=\"Price\" \/>\n\t<meta name=\"twitter:data1\" content=\"S\/120.00\" \/>\n\t<meta name=\"twitter:label2\" content=\"Availability\" \/>\n\t<meta name=\"twitter:data2\" content=\"In stock\" \/>\n<script type=\"application\/ld+json\" class=\"yoast-schema-graph\">{\"@context\":\"https:\\\/\\\/schema.org\",\"@graph\":[{\"@type\":\"WebPage\",\"@id\":\"https:\\\/\\\/megacolecciones.pe\\\/producto\\\/album-asi-es-donald-panini-1996\\\/\",\"url\":\"https:\\\/\\\/megacolecciones.pe\\\/producto\\\/album-asi-es-donald-panini-1996\\\/\",\"name\":\"\u00c1lbum As\u00ed es Donald Panini 1996 | Set Completo Licenciado\",\"isPartOf\":{\"@id\":\"https:\\\/\\\/megacolecciones.pe\\\/#website\"},\"primaryImageOfPage\":{\"@id\":\"https:\\\/\\\/megacolecciones.pe\\\/producto\\\/album-asi-es-donald-panini-1996\\\/#primaryimage\"},\"image\":{\"@id\":\"https:\\\/\\\/megacolecciones.pe\\\/producto\\\/album-asi-es-donald-panini-1996\\\/#primaryimage\"},\"thumbnailUrl\":\"https:\\\/\\\/megacolecciones.pe\\\/wp-content\\\/uploads\\\/2026\\\/01\\\/donald-web.jpg\",\"datePublished\":\"2026-01-26T20:06:11+00:00\",\"dateModified\":\"2026-01-26T20:06:12+00:00\",\"description\":\"\u00c1lbum As\u00ed es Donald Panini 1996, colecci\u00f3n licenciada con set completo de figuras para pegar. Ideal para coleccionistas Disney.\",\"breadcrumb\":{\"@id\":\"https:\\\/\\\/megacolecciones.pe\\\/producto\\\/album-asi-es-donald-panini-1996\\\/#breadcrumb\"},\"inLanguage\":\"en-US\",\"potentialAction\":[{\"@type\":\"ReadAction\",\"target\":[\"https:\\\/\\\/megacolecciones.pe\\\/producto\\\/album-asi-es-donald-panini-1996\\\/\"]}]},{\"@type\":\"ImageObject\",\"inLanguage\":\"en-US\",\"@id\":\"https:\\\/\\\/megacolecciones.pe\\\/producto\\\/album-asi-es-donald-panini-1996\\\/#primaryimage\",\"url\":\"https:\\\/\\\/megacolecciones.pe\\\/wp-content\\\/uploads\\\/2026\\\/01\\\/donald-web.jpg\",\"contentUrl\":\"https:\\\/\\\/megacolecciones.pe\\\/wp-content\\\/uploads\\\/2026\\\/01\\\/donald-web.jpg\",\"width\":1200,\"height\":1200},{\"@type\":\"BreadcrumbList\",\"@id\":\"https:\\\/\\\/megacolecciones.pe\\\/producto\\\/album-asi-es-donald-panini-1996\\\/#breadcrumb\",\"itemListElement\":[{\"@type\":\"ListItem\",\"position\":1,\"name\":\"Home\",\"item\":\"https:\\\/\\\/megacolecciones.pe\\\/\"},{\"@type\":\"ListItem\",\"position\":2,\"name\":\"Tienda\",\"item\":\"https:\\\/\\\/megacolecciones.pe\\\/tienda\\\/\"},{\"@type\":\"ListItem\",\"position\":3,\"name\":\"\u00c1lbum \u00a1As\u00ed es Donald! (Panini) + Set completo de figuras para pegar\"}]},{\"@type\":\"WebSite\",\"@id\":\"https:\\\/\\\/megacolecciones.pe\\\/#website\",\"url\":\"https:\\\/\\\/megacolecciones.pe\\\/\",\"name\":\"Mega Colecciones\",\"description\":\"Tienda de \u00e1lbumes, taps y cards\",\"publisher\":{\"@id\":\"https:\\\/\\\/megacolecciones.pe\\\/#organization\"},\"potentialAction\":[{\"@type\":\"SearchAction\",\"target\":{\"@type\":\"EntryPoint\",\"urlTemplate\":\"https:\\\/\\\/megacolecciones.pe\\\/?s={search_term_string}\"},\"query-input\":{\"@type\":\"PropertyValueSpecification\",\"valueRequired\":true,\"valueName\":\"search_term_string\"}}],\"inLanguage\":\"en-US\"},{\"@type\":\"Organization\",\"@id\":\"https:\\\/\\\/megacolecciones.pe\\\/#organization\",\"name\":\"Mega Colecciones\",\"url\":\"https:\\\/\\\/megacolecciones.pe\\\/\",\"logo\":{\"@type\":\"ImageObject\",\"inLanguage\":\"en-US\",\"@id\":\"https:\\\/\\\/megacolecciones.pe\\\/#\\\/schema\\\/logo\\\/image\\\/\",\"url\":\"http:\\\/\\\/megacolecciones.pe\\\/wp-content\\\/uploads\\\/2023\\\/09\\\/logo-mega.png\",\"contentUrl\":\"http:\\\/\\\/megacolecciones.pe\\\/wp-content\\\/uploads\\\/2023\\\/09\\\/logo-mega.png\",\"width\":285,\"height\":100,\"caption\":\"Mega Colecciones\"},\"image\":{\"@id\":\"https:\\\/\\\/megacolecciones.pe\\\/#\\\/schema\\\/logo\\\/image\\\/\"},\"sameAs\":[\"https:\\\/\\\/www.facebook.com\\\/megacolecciones\",\"https:\\\/\\\/www.instagram.com\\\/megacolecciones\\\/\"],\"hasMerchantReturnPolicy\":{\"@type\":\"MerchantReturnPolicy\",\"merchantReturnLink\":\"https:\\\/\\\/megacolecciones.pe\\\/en\\\/terminos-y-condiciones\\\/\"}}]}<\/script>\n<meta property=\"product:price:amount\" content=\"120.00\" \/>\n<meta property=\"product:price:currency\" content=\"PEN\" \/>\n<meta property=\"og:availability\" content=\"instock\" \/>\n<meta property=\"product:availability\" content=\"instock\" \/>\n<meta property=\"product:condition\" content=\"new\" \/>\n<!-- \/ Yoast SEO Premium plugin. -->","yoast_head_json":{"title":"\u00c1lbum As\u00ed es Donald Panini 1996 | Set Completo Licenciado","description":"\u00c1lbum As\u00ed es Donald Panini 1996, colecci\u00f3n licenciada con set completo de figuras para pegar. Ideal para coleccionistas Disney.","robots":{"index":"index","follow":"follow","max-snippet":"max-snippet:-1","max-image-preview":"max-image-preview:large","max-video-preview":"max-video-preview:-1"},"canonical":"https:\/\/megacolecciones.pe\/en\/product\/album-asi-es-donald-panini-1996\/","og_locale":"en_US","og_type":"article","og_title":"\u00c1lbum \u00a1As\u00ed es Donald! (Panini) + Set completo de figuras para pegar","og_description":"\u00c1lbum As\u00ed es Donald Panini 1996, colecci\u00f3n licenciada con set completo de figuras para pegar. Ideal para coleccionistas Disney.","og_url":"https:\/\/megacolecciones.pe\/en\/product\/album-asi-es-donald-panini-1996\/","og_site_name":"Megacolecciones","article_publisher":"https:\/\/www.facebook.com\/megacolecciones","article_modified_time":"2026-01-26T20:06:12+00:00","og_image":[{"width":1200,"height":1200,"url":"https:\/\/megacolecciones.pe\/wp-content\/uploads\/2026\/01\/donald-web.jpg","type":"image\/jpeg"}],"twitter_card":"summary_large_image","twitter_misc":{"Price":"S\/120.00","Availability":"In stock"},"schema":{"@context":"https:\/\/schema.org","@graph":[{"@type":"WebPage","@id":"https:\/\/megacolecciones.pe\/producto\/album-asi-es-donald-panini-1996\/","url":"https:\/\/megacolecciones.pe\/producto\/album-asi-es-donald-panini-1996\/","name":"\u00c1lbum As\u00ed es Donald Panini 1996 | Set Completo Licenciado","isPartOf":{"@id":"https:\/\/megacolecciones.pe\/#website"},"primaryImageOfPage":{"@id":"https:\/\/megacolecciones.pe\/producto\/album-asi-es-donald-panini-1996\/#primaryimage"},"image":{"@id":"https:\/\/megacolecciones.pe\/producto\/album-asi-es-donald-panini-1996\/#primaryimage"},"thumbnailUrl":"https:\/\/megacolecciones.pe\/wp-content\/uploads\/2026\/01\/donald-web.jpg","datePublished":"2026-01-26T20:06:11+00:00","dateModified":"2026-01-26T20:06:12+00:00","description":"\u00c1lbum As\u00ed es Donald Panini 1996, colecci\u00f3n licenciada con set completo de figuras para pegar. Ideal para coleccionistas Disney.","breadcrumb":{"@id":"https:\/\/megacolecciones.pe\/producto\/album-asi-es-donald-panini-1996\/#breadcrumb"},"inLanguage":"en-US","potentialAction":[{"@type":"ReadAction","target":["https:\/\/megacolecciones.pe\/producto\/album-asi-es-donald-panini-1996\/"]}]},{"@type":"ImageObject","inLanguage":"en-US","@id":"https:\/\/megacolecciones.pe\/producto\/album-asi-es-donald-panini-1996\/#primaryimage","url":"https:\/\/megacolecciones.pe\/wp-content\/uploads\/2026\/01\/donald-web.jpg","contentUrl":"https:\/\/megacolecciones.pe\/wp-content\/uploads\/2026\/01\/donald-web.jpg","width":1200,"height":1200},{"@type":"BreadcrumbList","@id":"https:\/\/megacolecciones.pe\/producto\/album-asi-es-donald-panini-1996\/#breadcrumb","itemListElement":[{"@type":"ListItem","position":1,"name":"Home","item":"https:\/\/megacolecciones.pe\/"},{"@type":"ListItem","position":2,"name":"Tienda","item":"https:\/\/megacolecciones.pe\/tienda\/"},{"@type":"ListItem","position":3,"name":"\u00c1lbum \u00a1As\u00ed es Donald! (Panini) + Set completo de figuras para pegar"}]},{"@type":"WebSite","@id":"https:\/\/megacolecciones.pe\/#website","url":"https:\/\/megacolecciones.pe\/","name":"Mega Collections","description":"Tienda de \u00e1lbumes, taps y cards","publisher":{"@id":"https:\/\/megacolecciones.pe\/#organization"},"potentialAction":[{"@type":"SearchAction","target":{"@type":"EntryPoint","urlTemplate":"https:\/\/megacolecciones.pe\/?s={search_term_string}"},"query-input":{"@type":"PropertyValueSpecification","valueRequired":true,"valueName":"search_term_string"}}],"inLanguage":"en-US"},{"@type":"Organization","@id":"https:\/\/megacolecciones.pe\/#organization","name":"Mega Collections","url":"https:\/\/megacolecciones.pe\/","logo":{"@type":"ImageObject","inLanguage":"en-US","@id":"https:\/\/megacolecciones.pe\/#\/schema\/logo\/image\/","url":"http:\/\/megacolecciones.pe\/wp-content\/uploads\/2023\/09\/logo-mega.png","contentUrl":"http:\/\/megacolecciones.pe\/wp-content\/uploads\/2023\/09\/logo-mega.png","width":285,"height":100,"caption":"Mega Colecciones"},"image":{"@id":"https:\/\/megacolecciones.pe\/#\/schema\/logo\/image\/"},"sameAs":["https:\/\/www.facebook.com\/megacolecciones","https:\/\/www.instagram.com\/megacolecciones\/"],"hasMerchantReturnPolicy":{"@type":"MerchantReturnPolicy","merchantReturnLink":"https:\/\/megacolecciones.pe\/en\/terminos-y-condiciones\/"}}]},"product_price_amount":"120.00","product_price_currency":"PEN","og_availability":"instock","product_availability":"instock","product_condition":"new"},"_links":{"self":[{"href":"https:\/\/megacolecciones.pe\/en\/wp-json\/wp\/v2\/product\/35569","targetHints":{"allow":["GET"]}}],"collection":[{"href":"https:\/\/megacolecciones.pe\/en\/wp-json\/wp\/v2\/product"}],"about":[{"href":"https:\/\/megacolecciones.pe\/en\/wp-json\/wp\/v2\/types\/product"}],"version-history":[{"count":1,"href":"https:\/\/megacolecciones.pe\/en\/wp-json\/wp\/v2\/product\/35569\/revisions"}],"predecessor-version":[{"id":35571,"href":"https:\/\/megacolecciones.pe\/en\/wp-json\/wp\/v2\/product\/35569\/revisions\/35571"}],"wp:featuredmedia":[{"embeddable":true,"href":"https:\/\/megacolecciones.pe\/en\/wp-json\/wp\/v2\/media\/35570"}],"wp:attachment":[{"href":"https:\/\/megacolecciones.pe\/en\/wp-json\/wp\/v2\/media?parent=35569"}],"wp:term":[{"taxonomy":"product_brand","embeddable":true,"href":"https:\/\/megacolecciones.pe\/en\/wp-json\/wp\/v2\/product_brand?post=35569"},{"taxonomy":"product_cat","embeddable":true,"href":"https:\/\/megacolecciones.pe\/en\/wp-json\/wp\/v2\/product_cat?post=35569"},{"taxonomy":"product_tag","embeddable":true,"href":"https:\/\/megacolecciones.pe\/en\/wp-json\/wp\/v2\/product_tag?post=35569"}],"curies":[{"name":"wp","href":"https:\/\/api.w.org\/{rel}","templated":true}]}}