{"id":35538,"date":"2026-01-23T17:52:10","date_gmt":"2026-01-23T22:52:10","guid":{"rendered":"https:\/\/megacolecciones.pe\/?post_type=product&#038;p=35538"},"modified":"2026-01-23T18:17:18","modified_gmt":"2026-01-23T23:17:18","slug":"album-dragon-ball-z-navarrete-reedicion","status":"publish","type":"product","link":"https:\/\/megacolecciones.pe\/en\/product\/album-dragon-ball-z-navarrete-reedicion\/","title":{"rendered":"\u00c1lbum Dragon Ball Z (Reedici\u00f3n Navarrete) + Set completa de figuras para pegar"},"content":{"rendered":"<p data-start=\"1159\" data-end=\"1470\"><span style=\"font-family: arial, helvetica, sans-serif;\">El <strong data-start=\"1162\" data-end=\"1185\">\u00c1lbum Dragon Ball Z<\/strong> en reedici\u00f3n de <strong data-start=\"1202\" data-end=\"1225\">Editorial Navarrete<\/strong> recupera el estilo y la presentaci\u00f3n que hicieron de esta colecci\u00f3n una de las m\u00e1s recordadas de los a\u00f1os 90. Esta edici\u00f3n mantiene la esencia visual del \u00e1lbum cl\u00e1sico, pensada para quienes vivieron esa etapa y para nuevas generaciones de fans.<\/span><\/p>\n<p data-start=\"1472\" data-end=\"1671\"><span style=\"font-family: arial, helvetica, sans-serif;\">La colecci\u00f3n se ofrece con el <strong data-start=\"1502\" data-end=\"1529\">set completo de figuras<\/strong>, permitiendo completar todas las p\u00e1ginas de manera directa y ordenada, sin interrupciones, tal como se disfrutaban los \u00e1lbumes tradicionales.<\/span><\/p>\n<p data-start=\"1673\" data-end=\"1874\"><span style=\"font-family: arial, helvetica, sans-serif;\">Es una propuesta ideal para coleccionistas, seguidores de Dragon Ball Z y amantes de los \u00e1lbumes cl\u00e1sicos en formato f\u00edsico, que buscan una reedici\u00f3n fiel al esp\u00edritu original de una \u00e9poca inolvidable.<\/span><\/p>","protected":false},"excerpt":{"rendered":"<p><span style=\"font-family: arial, helvetica, sans-serif;\">La megacolecci\u00f3n contiene:<\/span><\/p>\n<ul>\n<li><span style=\"font-family: arial, helvetica, sans-serif;\">\u00c1lbum vac\u00edo a full color.<\/span><\/li>\n<li><span style=\"font-family: arial, helvetica, sans-serif;\">200 Figuras stickers normales.<\/span><\/li>\n<li><span style=\"font-family: arial, helvetica, sans-serif;\">12 Figuras stickers especiales.<\/span><\/li>\n<li><span style=\"font-family: arial, helvetica, sans-serif;\">4 Miniposters de regalo.<\/span><\/li>\n<\/ul>","protected":false},"featured_media":35539,"template":"","meta":[],"product_brand":[],"product_cat":[219,273,228],"product_tag":[],"class_list":{"0":"post-35538","1":"product","2":"type-product","3":"status-publish","4":"has-post-thumbnail","6":"product_cat-albumes-completos","7":"product_cat-los-mas-vendidos","8":"product_cat-mega-colecciones","10":"first","11":"instock","12":"shipping-taxable","13":"purchasable","14":"product-type-simple"},"yoast_head":"<!-- This site is optimized with the Yoast SEO Premium plugin v23.5 (Yoast SEO v27.4) - https:\/\/yoast.com\/product\/yoast-seo-premium-wordpress\/ -->\n<title>\u00c1lbum Dragon Ball Z Navarrete | Reedici\u00f3n Cl\u00e1sica Set Completo<\/title>\n<meta name=\"description\" content=\"\u00c1lbum Dragon Ball Z reedici\u00f3n Navarrete con set completo de figuras para pegar. Colecci\u00f3n cl\u00e1sica inspirada en la edici\u00f3n de los 90.\" \/>\n<meta name=\"robots\" content=\"index, follow, max-snippet:-1, max-image-preview:large, max-video-preview:-1\" \/>\n<link rel=\"canonical\" href=\"https:\/\/megacolecciones.pe\/en\/product\/album-dragon-ball-z-navarrete-reedicion\/\" \/>\n<meta property=\"og:locale\" content=\"en_US\" \/>\n<meta property=\"og:type\" content=\"article\" \/>\n<meta property=\"og:title\" content=\"\u00c1lbum Dragon Ball Z (Reedici\u00f3n Navarrete) + Set completa de figuras para pegar\" \/>\n<meta property=\"og:description\" content=\"\u00c1lbum Dragon Ball Z reedici\u00f3n Navarrete con set completo de figuras para pegar. Colecci\u00f3n cl\u00e1sica inspirada en la edici\u00f3n de los 90.\" \/>\n<meta property=\"og:url\" content=\"https:\/\/megacolecciones.pe\/en\/product\/album-dragon-ball-z-navarrete-reedicion\/\" \/>\n<meta property=\"og:site_name\" content=\"Megacolecciones\" \/>\n<meta property=\"article:publisher\" content=\"https:\/\/www.facebook.com\/megacolecciones\" \/>\n<meta property=\"article:modified_time\" content=\"2026-01-23T23:17:18+00:00\" \/>\n<meta property=\"og:image\" content=\"https:\/\/megacolecciones.pe\/wp-content\/uploads\/2026\/01\/dragon-ball-z1-1024x1024.jpg\" \/>\n\t<meta property=\"og:image:width\" content=\"1024\" \/>\n\t<meta property=\"og:image:height\" content=\"1024\" \/>\n\t<meta property=\"og:image:type\" content=\"image\/jpeg\" \/>\n<meta name=\"twitter:card\" content=\"summary_large_image\" \/>\n<meta name=\"twitter:label1\" content=\"Price\" \/>\n\t<meta name=\"twitter:data1\" content=\"S\/50.00\" \/>\n\t<meta name=\"twitter:label2\" content=\"Availability\" \/>\n\t<meta name=\"twitter:data2\" content=\"In stock\" \/>\n<script type=\"application\/ld+json\" class=\"yoast-schema-graph\">{\"@context\":\"https:\\\/\\\/schema.org\",\"@graph\":[{\"@type\":\"WebPage\",\"@id\":\"https:\\\/\\\/megacolecciones.pe\\\/producto\\\/album-dragon-ball-z-navarrete-reedicion\\\/\",\"url\":\"https:\\\/\\\/megacolecciones.pe\\\/producto\\\/album-dragon-ball-z-navarrete-reedicion\\\/\",\"name\":\"\u00c1lbum Dragon Ball Z Navarrete | Reedici\u00f3n Cl\u00e1sica Set Completo\",\"isPartOf\":{\"@id\":\"https:\\\/\\\/megacolecciones.pe\\\/#website\"},\"primaryImageOfPage\":{\"@id\":\"https:\\\/\\\/megacolecciones.pe\\\/producto\\\/album-dragon-ball-z-navarrete-reedicion\\\/#primaryimage\"},\"image\":{\"@id\":\"https:\\\/\\\/megacolecciones.pe\\\/producto\\\/album-dragon-ball-z-navarrete-reedicion\\\/#primaryimage\"},\"thumbnailUrl\":\"https:\\\/\\\/megacolecciones.pe\\\/wp-content\\\/uploads\\\/2026\\\/01\\\/dragon-ball-z1.jpg\",\"datePublished\":\"2026-01-23T22:52:10+00:00\",\"dateModified\":\"2026-01-23T23:17:18+00:00\",\"description\":\"\u00c1lbum Dragon Ball Z reedici\u00f3n Navarrete con set completo de figuras para pegar. Colecci\u00f3n cl\u00e1sica inspirada en la edici\u00f3n de los 90.\",\"breadcrumb\":{\"@id\":\"https:\\\/\\\/megacolecciones.pe\\\/producto\\\/album-dragon-ball-z-navarrete-reedicion\\\/#breadcrumb\"},\"inLanguage\":\"en-US\",\"potentialAction\":[{\"@type\":\"ReadAction\",\"target\":[\"https:\\\/\\\/megacolecciones.pe\\\/producto\\\/album-dragon-ball-z-navarrete-reedicion\\\/\"]}]},{\"@type\":\"ImageObject\",\"inLanguage\":\"en-US\",\"@id\":\"https:\\\/\\\/megacolecciones.pe\\\/producto\\\/album-dragon-ball-z-navarrete-reedicion\\\/#primaryimage\",\"url\":\"https:\\\/\\\/megacolecciones.pe\\\/wp-content\\\/uploads\\\/2026\\\/01\\\/dragon-ball-z1.jpg\",\"contentUrl\":\"https:\\\/\\\/megacolecciones.pe\\\/wp-content\\\/uploads\\\/2026\\\/01\\\/dragon-ball-z1.jpg\",\"width\":2400,\"height\":2400},{\"@type\":\"BreadcrumbList\",\"@id\":\"https:\\\/\\\/megacolecciones.pe\\\/producto\\\/album-dragon-ball-z-navarrete-reedicion\\\/#breadcrumb\",\"itemListElement\":[{\"@type\":\"ListItem\",\"position\":1,\"name\":\"Home\",\"item\":\"https:\\\/\\\/megacolecciones.pe\\\/\"},{\"@type\":\"ListItem\",\"position\":2,\"name\":\"Tienda\",\"item\":\"https:\\\/\\\/megacolecciones.pe\\\/tienda\\\/\"},{\"@type\":\"ListItem\",\"position\":3,\"name\":\"\u00c1lbum Dragon Ball Z (Reedici\u00f3n Navarrete) + Set completa de figuras para pegar\"}]},{\"@type\":\"WebSite\",\"@id\":\"https:\\\/\\\/megacolecciones.pe\\\/#website\",\"url\":\"https:\\\/\\\/megacolecciones.pe\\\/\",\"name\":\"Mega Colecciones\",\"description\":\"Tienda de \u00e1lbumes, taps y cards\",\"publisher\":{\"@id\":\"https:\\\/\\\/megacolecciones.pe\\\/#organization\"},\"potentialAction\":[{\"@type\":\"SearchAction\",\"target\":{\"@type\":\"EntryPoint\",\"urlTemplate\":\"https:\\\/\\\/megacolecciones.pe\\\/?s={search_term_string}\"},\"query-input\":{\"@type\":\"PropertyValueSpecification\",\"valueRequired\":true,\"valueName\":\"search_term_string\"}}],\"inLanguage\":\"en-US\"},{\"@type\":\"Organization\",\"@id\":\"https:\\\/\\\/megacolecciones.pe\\\/#organization\",\"name\":\"Mega Colecciones\",\"url\":\"https:\\\/\\\/megacolecciones.pe\\\/\",\"logo\":{\"@type\":\"ImageObject\",\"inLanguage\":\"en-US\",\"@id\":\"https:\\\/\\\/megacolecciones.pe\\\/#\\\/schema\\\/logo\\\/image\\\/\",\"url\":\"http:\\\/\\\/megacolecciones.pe\\\/wp-content\\\/uploads\\\/2023\\\/09\\\/logo-mega.png\",\"contentUrl\":\"http:\\\/\\\/megacolecciones.pe\\\/wp-content\\\/uploads\\\/2023\\\/09\\\/logo-mega.png\",\"width\":285,\"height\":100,\"caption\":\"Mega Colecciones\"},\"image\":{\"@id\":\"https:\\\/\\\/megacolecciones.pe\\\/#\\\/schema\\\/logo\\\/image\\\/\"},\"sameAs\":[\"https:\\\/\\\/www.facebook.com\\\/megacolecciones\",\"https:\\\/\\\/www.instagram.com\\\/megacolecciones\\\/\"],\"hasMerchantReturnPolicy\":{\"@type\":\"MerchantReturnPolicy\",\"merchantReturnLink\":\"https:\\\/\\\/megacolecciones.pe\\\/en\\\/terminos-y-condiciones\\\/\"}}]}<\/script>\n<meta property=\"product:price:amount\" content=\"50.00\" \/>\n<meta property=\"product:price:currency\" content=\"PEN\" \/>\n<meta property=\"og:availability\" content=\"instock\" \/>\n<meta property=\"product:availability\" content=\"instock\" \/>\n<meta property=\"product:condition\" content=\"new\" \/>\n<!-- \/ Yoast SEO Premium plugin. -->","yoast_head_json":{"title":"\u00c1lbum Dragon Ball Z Navarrete | Reedici\u00f3n Cl\u00e1sica Set Completo","description":"\u00c1lbum Dragon Ball Z reedici\u00f3n Navarrete con set completo de figuras para pegar. Colecci\u00f3n cl\u00e1sica inspirada en la edici\u00f3n de los 90.","robots":{"index":"index","follow":"follow","max-snippet":"max-snippet:-1","max-image-preview":"max-image-preview:large","max-video-preview":"max-video-preview:-1"},"canonical":"https:\/\/megacolecciones.pe\/en\/product\/album-dragon-ball-z-navarrete-reedicion\/","og_locale":"en_US","og_type":"article","og_title":"\u00c1lbum Dragon Ball Z (Reedici\u00f3n Navarrete) + Set completa de figuras para pegar","og_description":"\u00c1lbum Dragon Ball Z reedici\u00f3n Navarrete con set completo de figuras para pegar. Colecci\u00f3n cl\u00e1sica inspirada en la edici\u00f3n de los 90.","og_url":"https:\/\/megacolecciones.pe\/en\/product\/album-dragon-ball-z-navarrete-reedicion\/","og_site_name":"Megacolecciones","article_publisher":"https:\/\/www.facebook.com\/megacolecciones","article_modified_time":"2026-01-23T23:17:18+00:00","og_image":[{"width":1024,"height":1024,"url":"https:\/\/megacolecciones.pe\/wp-content\/uploads\/2026\/01\/dragon-ball-z1-1024x1024.jpg","type":"image\/jpeg"}],"twitter_card":"summary_large_image","twitter_misc":{"Price":"S\/50.00","Availability":"In stock"},"schema":{"@context":"https:\/\/schema.org","@graph":[{"@type":"WebPage","@id":"https:\/\/megacolecciones.pe\/producto\/album-dragon-ball-z-navarrete-reedicion\/","url":"https:\/\/megacolecciones.pe\/producto\/album-dragon-ball-z-navarrete-reedicion\/","name":"\u00c1lbum Dragon Ball Z Navarrete | Reedici\u00f3n Cl\u00e1sica Set Completo","isPartOf":{"@id":"https:\/\/megacolecciones.pe\/#website"},"primaryImageOfPage":{"@id":"https:\/\/megacolecciones.pe\/producto\/album-dragon-ball-z-navarrete-reedicion\/#primaryimage"},"image":{"@id":"https:\/\/megacolecciones.pe\/producto\/album-dragon-ball-z-navarrete-reedicion\/#primaryimage"},"thumbnailUrl":"https:\/\/megacolecciones.pe\/wp-content\/uploads\/2026\/01\/dragon-ball-z1.jpg","datePublished":"2026-01-23T22:52:10+00:00","dateModified":"2026-01-23T23:17:18+00:00","description":"\u00c1lbum Dragon Ball Z reedici\u00f3n Navarrete con set completo de figuras para pegar. Colecci\u00f3n cl\u00e1sica inspirada en la edici\u00f3n de los 90.","breadcrumb":{"@id":"https:\/\/megacolecciones.pe\/producto\/album-dragon-ball-z-navarrete-reedicion\/#breadcrumb"},"inLanguage":"en-US","potentialAction":[{"@type":"ReadAction","target":["https:\/\/megacolecciones.pe\/producto\/album-dragon-ball-z-navarrete-reedicion\/"]}]},{"@type":"ImageObject","inLanguage":"en-US","@id":"https:\/\/megacolecciones.pe\/producto\/album-dragon-ball-z-navarrete-reedicion\/#primaryimage","url":"https:\/\/megacolecciones.pe\/wp-content\/uploads\/2026\/01\/dragon-ball-z1.jpg","contentUrl":"https:\/\/megacolecciones.pe\/wp-content\/uploads\/2026\/01\/dragon-ball-z1.jpg","width":2400,"height":2400},{"@type":"BreadcrumbList","@id":"https:\/\/megacolecciones.pe\/producto\/album-dragon-ball-z-navarrete-reedicion\/#breadcrumb","itemListElement":[{"@type":"ListItem","position":1,"name":"Home","item":"https:\/\/megacolecciones.pe\/"},{"@type":"ListItem","position":2,"name":"Tienda","item":"https:\/\/megacolecciones.pe\/tienda\/"},{"@type":"ListItem","position":3,"name":"\u00c1lbum Dragon Ball Z (Reedici\u00f3n Navarrete) + Set completa de figuras para pegar"}]},{"@type":"WebSite","@id":"https:\/\/megacolecciones.pe\/#website","url":"https:\/\/megacolecciones.pe\/","name":"Mega Collections","description":"Tienda de \u00e1lbumes, taps y cards","publisher":{"@id":"https:\/\/megacolecciones.pe\/#organization"},"potentialAction":[{"@type":"SearchAction","target":{"@type":"EntryPoint","urlTemplate":"https:\/\/megacolecciones.pe\/?s={search_term_string}"},"query-input":{"@type":"PropertyValueSpecification","valueRequired":true,"valueName":"search_term_string"}}],"inLanguage":"en-US"},{"@type":"Organization","@id":"https:\/\/megacolecciones.pe\/#organization","name":"Mega Collections","url":"https:\/\/megacolecciones.pe\/","logo":{"@type":"ImageObject","inLanguage":"en-US","@id":"https:\/\/megacolecciones.pe\/#\/schema\/logo\/image\/","url":"http:\/\/megacolecciones.pe\/wp-content\/uploads\/2023\/09\/logo-mega.png","contentUrl":"http:\/\/megacolecciones.pe\/wp-content\/uploads\/2023\/09\/logo-mega.png","width":285,"height":100,"caption":"Mega Colecciones"},"image":{"@id":"https:\/\/megacolecciones.pe\/#\/schema\/logo\/image\/"},"sameAs":["https:\/\/www.facebook.com\/megacolecciones","https:\/\/www.instagram.com\/megacolecciones\/"],"hasMerchantReturnPolicy":{"@type":"MerchantReturnPolicy","merchantReturnLink":"https:\/\/megacolecciones.pe\/en\/terminos-y-condiciones\/"}}]},"product_price_amount":"50.00","product_price_currency":"PEN","og_availability":"instock","product_availability":"instock","product_condition":"new"},"_links":{"self":[{"href":"https:\/\/megacolecciones.pe\/en\/wp-json\/wp\/v2\/product\/35538","targetHints":{"allow":["GET"]}}],"collection":[{"href":"https:\/\/megacolecciones.pe\/en\/wp-json\/wp\/v2\/product"}],"about":[{"href":"https:\/\/megacolecciones.pe\/en\/wp-json\/wp\/v2\/types\/product"}],"version-history":[{"count":2,"href":"https:\/\/megacolecciones.pe\/en\/wp-json\/wp\/v2\/product\/35538\/revisions"}],"predecessor-version":[{"id":35541,"href":"https:\/\/megacolecciones.pe\/en\/wp-json\/wp\/v2\/product\/35538\/revisions\/35541"}],"wp:featuredmedia":[{"embeddable":true,"href":"https:\/\/megacolecciones.pe\/en\/wp-json\/wp\/v2\/media\/35539"}],"wp:attachment":[{"href":"https:\/\/megacolecciones.pe\/en\/wp-json\/wp\/v2\/media?parent=35538"}],"wp:term":[{"taxonomy":"product_brand","embeddable":true,"href":"https:\/\/megacolecciones.pe\/en\/wp-json\/wp\/v2\/product_brand?post=35538"},{"taxonomy":"product_cat","embeddable":true,"href":"https:\/\/megacolecciones.pe\/en\/wp-json\/wp\/v2\/product_cat?post=35538"},{"taxonomy":"product_tag","embeddable":true,"href":"https:\/\/megacolecciones.pe\/en\/wp-json\/wp\/v2\/product_tag?post=35538"}],"curies":[{"name":"wp","href":"https:\/\/api.w.org\/{rel}","templated":true}]}}