{"id":35534,"date":"2026-01-23T17:21:44","date_gmt":"2026-01-23T22:21:44","guid":{"rendered":"https:\/\/megacolecciones.pe\/?post_type=product&#038;p=35534"},"modified":"2026-01-23T17:21:45","modified_gmt":"2026-01-23T22:21:45","slug":"album-festival-de-los-robots-reedicion-salo","status":"publish","type":"product","link":"https:\/\/megacolecciones.pe\/en\/product\/album-festival-de-los-robots-reedicion-salo\/","title":{"rendered":"\u00c1lbum Festival de los Robots (Reedici\u00f3n Salo) + Set completo de figuras para pegar"},"content":{"rendered":"<p data-start=\"1103\" data-end=\"1290\"><span style=\"font-family: arial, helvetica, sans-serif;\">El <strong data-start=\"1106\" data-end=\"1138\">\u00c1lbum Festival de los Robots<\/strong> llega en una <strong data-start=\"1152\" data-end=\"1186\">reedici\u00f3n de la Editorial Salo<\/strong>, inspirada en una de las colecciones cl\u00e1sicas m\u00e1s recordadas dentro del mundo de los \u00e1lbumes tem\u00e1ticos.<\/span><\/p>\n<p data-start=\"1292\" data-end=\"1490\"><span style=\"font-family: arial, helvetica, sans-serif;\">Esta edici\u00f3n permite disfrutar el \u00e1lbum de manera completa gracias a que incluye el <strong data-start=\"1376\" data-end=\"1400\">set total de figuras<\/strong>, facilitando una experiencia continua y ordenada desde la primera hasta la \u00faltima p\u00e1gina.<\/span><\/p>\n<p data-start=\"1492\" data-end=\"1771\"><span style=\"font-family: arial, helvetica, sans-serif;\">Es una colecci\u00f3n pensada para quienes valoran los \u00e1lbumes cl\u00e1sicos, el estilo retro y las reediciones que rescatan t\u00edtulos tradicionales en formato f\u00edsico. Ideal tanto para coleccionistas.<\/span><\/p>","protected":false},"excerpt":{"rendered":"<p><span style=\"font-family: arial, helvetica, sans-serif;\">La megacolecci\u00f3n incluye:<\/span><\/p>\n<ul>\n<li><span style=\"font-family: arial, helvetica, sans-serif;\">\u00c1lbum vac\u00edo a full color.<\/span><\/li>\n<li><span style=\"font-family: arial, helvetica, sans-serif;\">Set completo de figuras para pegar.<\/span><\/li>\n<li><span style=\"font-family: arial, helvetica, sans-serif;\">Miniposters.<\/span><\/li>\n<\/ul>","protected":false},"featured_media":35535,"template":"","meta":[],"product_brand":[],"product_cat":[219,228],"product_tag":[],"class_list":{"0":"post-35534","1":"product","2":"type-product","3":"status-publish","4":"has-post-thumbnail","6":"product_cat-albumes-completos","7":"product_cat-mega-colecciones","9":"first","10":"instock","11":"shipping-taxable","12":"purchasable","13":"product-type-simple"},"yoast_head":"<!-- This site is optimized with the Yoast SEO Premium plugin v23.5 (Yoast SEO v27.4) - https:\/\/yoast.com\/product\/yoast-seo-premium-wordpress\/ -->\n<title>\u00c1lbum Festival de los Robots | Reedici\u00f3n Salo Set Completo<\/title>\n<meta name=\"description\" content=\"\u00c1lbum Festival de los Robots, reedici\u00f3n de la Editorial Salo con set completo de figuras para pegar. Colecci\u00f3n cl\u00e1sica en formato f\u00edsico.\" \/>\n<meta name=\"robots\" content=\"index, follow, max-snippet:-1, max-image-preview:large, max-video-preview:-1\" \/>\n<link rel=\"canonical\" href=\"https:\/\/megacolecciones.pe\/en\/product\/album-festival-de-los-robots-reedicion-salo\/\" \/>\n<meta property=\"og:locale\" content=\"en_US\" \/>\n<meta property=\"og:type\" content=\"article\" \/>\n<meta property=\"og:title\" content=\"\u00c1lbum Festival de los Robots (Reedici\u00f3n Salo) + Set completo de figuras para pegar\" \/>\n<meta property=\"og:description\" content=\"\u00c1lbum Festival de los Robots, reedici\u00f3n de la Editorial Salo con set completo de figuras para pegar. Colecci\u00f3n cl\u00e1sica en formato f\u00edsico.\" \/>\n<meta property=\"og:url\" content=\"https:\/\/megacolecciones.pe\/en\/product\/album-festival-de-los-robots-reedicion-salo\/\" \/>\n<meta property=\"og:site_name\" content=\"Megacolecciones\" \/>\n<meta property=\"article:publisher\" content=\"https:\/\/www.facebook.com\/megacolecciones\" \/>\n<meta property=\"article:modified_time\" content=\"2026-01-23T22:21:45+00:00\" \/>\n<meta property=\"og:image\" content=\"https:\/\/megacolecciones.pe\/wp-content\/uploads\/2026\/01\/festival-de-robot-scaled.jpg\" \/>\n\t<meta property=\"og:image:width\" content=\"2560\" \/>\n\t<meta property=\"og:image:height\" content=\"2560\" \/>\n\t<meta property=\"og:image:type\" content=\"image\/jpeg\" \/>\n<meta name=\"twitter:card\" content=\"summary_large_image\" \/>\n<meta name=\"twitter:label1\" content=\"Price\" \/>\n\t<meta name=\"twitter:data1\" content=\"S\/50.00\" \/>\n\t<meta name=\"twitter:label2\" content=\"Availability\" \/>\n\t<meta name=\"twitter:data2\" content=\"In stock\" \/>\n<script type=\"application\/ld+json\" class=\"yoast-schema-graph\">{\"@context\":\"https:\\\/\\\/schema.org\",\"@graph\":[{\"@type\":\"WebPage\",\"@id\":\"https:\\\/\\\/megacolecciones.pe\\\/producto\\\/album-festival-de-los-robots-reedicion-salo\\\/\",\"url\":\"https:\\\/\\\/megacolecciones.pe\\\/producto\\\/album-festival-de-los-robots-reedicion-salo\\\/\",\"name\":\"\u00c1lbum Festival de los Robots | Reedici\u00f3n Salo Set Completo\",\"isPartOf\":{\"@id\":\"https:\\\/\\\/megacolecciones.pe\\\/#website\"},\"primaryImageOfPage\":{\"@id\":\"https:\\\/\\\/megacolecciones.pe\\\/producto\\\/album-festival-de-los-robots-reedicion-salo\\\/#primaryimage\"},\"image\":{\"@id\":\"https:\\\/\\\/megacolecciones.pe\\\/producto\\\/album-festival-de-los-robots-reedicion-salo\\\/#primaryimage\"},\"thumbnailUrl\":\"https:\\\/\\\/megacolecciones.pe\\\/wp-content\\\/uploads\\\/2026\\\/01\\\/festival-de-robot-scaled.jpg\",\"datePublished\":\"2026-01-23T22:21:44+00:00\",\"dateModified\":\"2026-01-23T22:21:45+00:00\",\"description\":\"\u00c1lbum Festival de los Robots, reedici\u00f3n de la Editorial Salo con set completo de figuras para pegar. Colecci\u00f3n cl\u00e1sica en formato f\u00edsico.\",\"breadcrumb\":{\"@id\":\"https:\\\/\\\/megacolecciones.pe\\\/producto\\\/album-festival-de-los-robots-reedicion-salo\\\/#breadcrumb\"},\"inLanguage\":\"en-US\",\"potentialAction\":[{\"@type\":\"ReadAction\",\"target\":[\"https:\\\/\\\/megacolecciones.pe\\\/producto\\\/album-festival-de-los-robots-reedicion-salo\\\/\"]}]},{\"@type\":\"ImageObject\",\"inLanguage\":\"en-US\",\"@id\":\"https:\\\/\\\/megacolecciones.pe\\\/producto\\\/album-festival-de-los-robots-reedicion-salo\\\/#primaryimage\",\"url\":\"https:\\\/\\\/megacolecciones.pe\\\/wp-content\\\/uploads\\\/2026\\\/01\\\/festival-de-robot-scaled.jpg\",\"contentUrl\":\"https:\\\/\\\/megacolecciones.pe\\\/wp-content\\\/uploads\\\/2026\\\/01\\\/festival-de-robot-scaled.jpg\",\"width\":2560,\"height\":2560},{\"@type\":\"BreadcrumbList\",\"@id\":\"https:\\\/\\\/megacolecciones.pe\\\/producto\\\/album-festival-de-los-robots-reedicion-salo\\\/#breadcrumb\",\"itemListElement\":[{\"@type\":\"ListItem\",\"position\":1,\"name\":\"Home\",\"item\":\"https:\\\/\\\/megacolecciones.pe\\\/\"},{\"@type\":\"ListItem\",\"position\":2,\"name\":\"Tienda\",\"item\":\"https:\\\/\\\/megacolecciones.pe\\\/tienda\\\/\"},{\"@type\":\"ListItem\",\"position\":3,\"name\":\"\u00c1lbum Festival de los Robots (Reedici\u00f3n Salo) + Set completo de figuras para pegar\"}]},{\"@type\":\"WebSite\",\"@id\":\"https:\\\/\\\/megacolecciones.pe\\\/#website\",\"url\":\"https:\\\/\\\/megacolecciones.pe\\\/\",\"name\":\"Mega Colecciones\",\"description\":\"Tienda de \u00e1lbumes, taps y cards\",\"publisher\":{\"@id\":\"https:\\\/\\\/megacolecciones.pe\\\/#organization\"},\"potentialAction\":[{\"@type\":\"SearchAction\",\"target\":{\"@type\":\"EntryPoint\",\"urlTemplate\":\"https:\\\/\\\/megacolecciones.pe\\\/?s={search_term_string}\"},\"query-input\":{\"@type\":\"PropertyValueSpecification\",\"valueRequired\":true,\"valueName\":\"search_term_string\"}}],\"inLanguage\":\"en-US\"},{\"@type\":\"Organization\",\"@id\":\"https:\\\/\\\/megacolecciones.pe\\\/#organization\",\"name\":\"Mega Colecciones\",\"url\":\"https:\\\/\\\/megacolecciones.pe\\\/\",\"logo\":{\"@type\":\"ImageObject\",\"inLanguage\":\"en-US\",\"@id\":\"https:\\\/\\\/megacolecciones.pe\\\/#\\\/schema\\\/logo\\\/image\\\/\",\"url\":\"http:\\\/\\\/megacolecciones.pe\\\/wp-content\\\/uploads\\\/2023\\\/09\\\/logo-mega.png\",\"contentUrl\":\"http:\\\/\\\/megacolecciones.pe\\\/wp-content\\\/uploads\\\/2023\\\/09\\\/logo-mega.png\",\"width\":285,\"height\":100,\"caption\":\"Mega Colecciones\"},\"image\":{\"@id\":\"https:\\\/\\\/megacolecciones.pe\\\/#\\\/schema\\\/logo\\\/image\\\/\"},\"sameAs\":[\"https:\\\/\\\/www.facebook.com\\\/megacolecciones\",\"https:\\\/\\\/www.instagram.com\\\/megacolecciones\\\/\"],\"hasMerchantReturnPolicy\":{\"@type\":\"MerchantReturnPolicy\",\"merchantReturnLink\":\"https:\\\/\\\/megacolecciones.pe\\\/en\\\/terminos-y-condiciones\\\/\"}}]}<\/script>\n<meta property=\"product:price:amount\" content=\"50.00\" \/>\n<meta property=\"product:price:currency\" content=\"PEN\" \/>\n<meta property=\"og:availability\" content=\"instock\" \/>\n<meta property=\"product:availability\" content=\"instock\" \/>\n<meta property=\"product:condition\" content=\"new\" \/>\n<!-- \/ Yoast SEO Premium plugin. -->","yoast_head_json":{"title":"\u00c1lbum Festival de los Robots | Reedici\u00f3n Salo Set Completo","description":"\u00c1lbum Festival de los Robots, reedici\u00f3n de la Editorial Salo con set completo de figuras para pegar. Colecci\u00f3n cl\u00e1sica en formato f\u00edsico.","robots":{"index":"index","follow":"follow","max-snippet":"max-snippet:-1","max-image-preview":"max-image-preview:large","max-video-preview":"max-video-preview:-1"},"canonical":"https:\/\/megacolecciones.pe\/en\/product\/album-festival-de-los-robots-reedicion-salo\/","og_locale":"en_US","og_type":"article","og_title":"\u00c1lbum Festival de los Robots (Reedici\u00f3n Salo) + Set completo de figuras para pegar","og_description":"\u00c1lbum Festival de los Robots, reedici\u00f3n de la Editorial Salo con set completo de figuras para pegar. Colecci\u00f3n cl\u00e1sica en formato f\u00edsico.","og_url":"https:\/\/megacolecciones.pe\/en\/product\/album-festival-de-los-robots-reedicion-salo\/","og_site_name":"Megacolecciones","article_publisher":"https:\/\/www.facebook.com\/megacolecciones","article_modified_time":"2026-01-23T22:21:45+00:00","og_image":[{"width":2560,"height":2560,"url":"https:\/\/megacolecciones.pe\/wp-content\/uploads\/2026\/01\/festival-de-robot-scaled.jpg","type":"image\/jpeg"}],"twitter_card":"summary_large_image","twitter_misc":{"Price":"S\/50.00","Availability":"In stock"},"schema":{"@context":"https:\/\/schema.org","@graph":[{"@type":"WebPage","@id":"https:\/\/megacolecciones.pe\/producto\/album-festival-de-los-robots-reedicion-salo\/","url":"https:\/\/megacolecciones.pe\/producto\/album-festival-de-los-robots-reedicion-salo\/","name":"\u00c1lbum Festival de los Robots | Reedici\u00f3n Salo Set Completo","isPartOf":{"@id":"https:\/\/megacolecciones.pe\/#website"},"primaryImageOfPage":{"@id":"https:\/\/megacolecciones.pe\/producto\/album-festival-de-los-robots-reedicion-salo\/#primaryimage"},"image":{"@id":"https:\/\/megacolecciones.pe\/producto\/album-festival-de-los-robots-reedicion-salo\/#primaryimage"},"thumbnailUrl":"https:\/\/megacolecciones.pe\/wp-content\/uploads\/2026\/01\/festival-de-robot-scaled.jpg","datePublished":"2026-01-23T22:21:44+00:00","dateModified":"2026-01-23T22:21:45+00:00","description":"\u00c1lbum Festival de los Robots, reedici\u00f3n de la Editorial Salo con set completo de figuras para pegar. Colecci\u00f3n cl\u00e1sica en formato f\u00edsico.","breadcrumb":{"@id":"https:\/\/megacolecciones.pe\/producto\/album-festival-de-los-robots-reedicion-salo\/#breadcrumb"},"inLanguage":"en-US","potentialAction":[{"@type":"ReadAction","target":["https:\/\/megacolecciones.pe\/producto\/album-festival-de-los-robots-reedicion-salo\/"]}]},{"@type":"ImageObject","inLanguage":"en-US","@id":"https:\/\/megacolecciones.pe\/producto\/album-festival-de-los-robots-reedicion-salo\/#primaryimage","url":"https:\/\/megacolecciones.pe\/wp-content\/uploads\/2026\/01\/festival-de-robot-scaled.jpg","contentUrl":"https:\/\/megacolecciones.pe\/wp-content\/uploads\/2026\/01\/festival-de-robot-scaled.jpg","width":2560,"height":2560},{"@type":"BreadcrumbList","@id":"https:\/\/megacolecciones.pe\/producto\/album-festival-de-los-robots-reedicion-salo\/#breadcrumb","itemListElement":[{"@type":"ListItem","position":1,"name":"Home","item":"https:\/\/megacolecciones.pe\/"},{"@type":"ListItem","position":2,"name":"Tienda","item":"https:\/\/megacolecciones.pe\/tienda\/"},{"@type":"ListItem","position":3,"name":"\u00c1lbum Festival de los Robots (Reedici\u00f3n Salo) + Set completo de figuras para pegar"}]},{"@type":"WebSite","@id":"https:\/\/megacolecciones.pe\/#website","url":"https:\/\/megacolecciones.pe\/","name":"Mega Collections","description":"Tienda de \u00e1lbumes, taps y cards","publisher":{"@id":"https:\/\/megacolecciones.pe\/#organization"},"potentialAction":[{"@type":"SearchAction","target":{"@type":"EntryPoint","urlTemplate":"https:\/\/megacolecciones.pe\/?s={search_term_string}"},"query-input":{"@type":"PropertyValueSpecification","valueRequired":true,"valueName":"search_term_string"}}],"inLanguage":"en-US"},{"@type":"Organization","@id":"https:\/\/megacolecciones.pe\/#organization","name":"Mega Collections","url":"https:\/\/megacolecciones.pe\/","logo":{"@type":"ImageObject","inLanguage":"en-US","@id":"https:\/\/megacolecciones.pe\/#\/schema\/logo\/image\/","url":"http:\/\/megacolecciones.pe\/wp-content\/uploads\/2023\/09\/logo-mega.png","contentUrl":"http:\/\/megacolecciones.pe\/wp-content\/uploads\/2023\/09\/logo-mega.png","width":285,"height":100,"caption":"Mega Colecciones"},"image":{"@id":"https:\/\/megacolecciones.pe\/#\/schema\/logo\/image\/"},"sameAs":["https:\/\/www.facebook.com\/megacolecciones","https:\/\/www.instagram.com\/megacolecciones\/"],"hasMerchantReturnPolicy":{"@type":"MerchantReturnPolicy","merchantReturnLink":"https:\/\/megacolecciones.pe\/en\/terminos-y-condiciones\/"}}]},"product_price_amount":"50.00","product_price_currency":"PEN","og_availability":"instock","product_availability":"instock","product_condition":"new"},"_links":{"self":[{"href":"https:\/\/megacolecciones.pe\/en\/wp-json\/wp\/v2\/product\/35534","targetHints":{"allow":["GET"]}}],"collection":[{"href":"https:\/\/megacolecciones.pe\/en\/wp-json\/wp\/v2\/product"}],"about":[{"href":"https:\/\/megacolecciones.pe\/en\/wp-json\/wp\/v2\/types\/product"}],"version-history":[{"count":1,"href":"https:\/\/megacolecciones.pe\/en\/wp-json\/wp\/v2\/product\/35534\/revisions"}],"predecessor-version":[{"id":35536,"href":"https:\/\/megacolecciones.pe\/en\/wp-json\/wp\/v2\/product\/35534\/revisions\/35536"}],"wp:featuredmedia":[{"embeddable":true,"href":"https:\/\/megacolecciones.pe\/en\/wp-json\/wp\/v2\/media\/35535"}],"wp:attachment":[{"href":"https:\/\/megacolecciones.pe\/en\/wp-json\/wp\/v2\/media?parent=35534"}],"wp:term":[{"taxonomy":"product_brand","embeddable":true,"href":"https:\/\/megacolecciones.pe\/en\/wp-json\/wp\/v2\/product_brand?post=35534"},{"taxonomy":"product_cat","embeddable":true,"href":"https:\/\/megacolecciones.pe\/en\/wp-json\/wp\/v2\/product_cat?post=35534"},{"taxonomy":"product_tag","embeddable":true,"href":"https:\/\/megacolecciones.pe\/en\/wp-json\/wp\/v2\/product_tag?post=35534"}],"curies":[{"name":"wp","href":"https:\/\/api.w.org\/{rel}","templated":true}]}}