{"id":35425,"date":"2025-12-30T19:55:56","date_gmt":"2025-12-31T00:55:56","guid":{"rendered":"https:\/\/megacolecciones.pe\/?post_type=product&#038;p=35425"},"modified":"2025-12-30T19:57:17","modified_gmt":"2025-12-31T00:57:17","slug":"album-pokemon-reedicion-merlin-set-completo-de-figuras-para-pegar","status":"publish","type":"product","link":"https:\/\/megacolecciones.pe\/en\/product\/album-pokemon-reedicion-merlin-set-completo-de-figuras-para-pegar\/","title":{"rendered":"\u00c1lbum Pokemon (Reedici\u00f3n Merl\u00edn) + Set completo de figuras para pegar"},"content":{"rendered":"<p data-start=\"1209\" data-end=\"1393\"><span style=\"font-family: arial, helvetica, sans-serif;\">Este <strong data-start=\"1214\" data-end=\"1257\">\u00c1lbum Pok\u00e9mon<\/strong> es una reedici\u00f3n de la editorial Merlin que recupera el esp\u00edritu de una de las colecciones m\u00e1s emblem\u00e1ticas de finales de los 90, marcada por el auge inicial del fen\u00f3meno Pok\u00e9mon.<\/span><\/p>\n<p data-start=\"1395\" data-end=\"1764\"><span style=\"font-family: arial, helvetica, sans-serif;\">La colecci\u00f3n presenta a los personajes y criaturas m\u00e1s representativos de la primera generaci\u00f3n, manteniendo una est\u00e9tica cl\u00e1sica que conecta directamente con la experiencia original de la \u00e9poca. Su dise\u00f1o est\u00e1 pensado tanto para quienes vivieron ese lanzamiento como para nuevas generaciones interesadas en el formato f\u00edsico y el valor nost\u00e1lgico de estas colecciones.<\/span><\/p>\n<p data-start=\"1766\" data-end=\"1931\"><span style=\"font-family: arial, helvetica, sans-serif;\">Una propuesta ideal para coleccionistas, fans de Pok\u00e9mon y amantes de los \u00e1lbumes cl\u00e1sicos que buscan piezas representativas de la historia Pok\u00e9mon en Latinoam\u00e9rica.<\/span><\/p>","protected":false},"excerpt":{"rendered":"<p><span style=\"font-family: arial, helvetica, sans-serif;\">La megacolecci\u00f3n incluye:<\/span><\/p>\n<ul>\n<li><span style=\"font-family: arial, helvetica, sans-serif;\">01 \u00c1lbum tapa blanda con p\u00e1ginas a full color.<\/span><\/li>\n<li><span style=\"font-family: arial, helvetica, sans-serif;\">Set completo de figuras para pegar.<\/span><\/li>\n<li><span style=\"font-family: arial, helvetica, sans-serif;\">Minip\u00f3ster de regalo.<\/span><\/li>\n<\/ul>","protected":false},"featured_media":35426,"template":"","meta":[],"product_brand":[],"product_cat":[219,228],"product_tag":[],"class_list":{"0":"post-35425","1":"product","2":"type-product","3":"status-publish","4":"has-post-thumbnail","6":"product_cat-albumes-completos","7":"product_cat-mega-colecciones","9":"first","10":"instock","11":"shipping-taxable","12":"purchasable","13":"product-type-simple"},"yoast_head":"<!-- This site is optimized with the Yoast SEO Premium plugin v23.5 (Yoast SEO v27.4) - https:\/\/yoast.com\/product\/yoast-seo-premium-wordpress\/ -->\n<title>\u00c1lbum Pok\u00e9mon (Reedici\u00f3n Merl\u00edn) + Set Completo de Figuras<\/title>\n<meta name=\"description\" content=\"\u00c1lbum Pok\u00e9mon de la editorial Merl\u00edn con set completo de figuritas para pegar. Una colecci\u00f3n ic\u00f3nica para fans del universo Pok\u00e9mon.\" \/>\n<meta name=\"robots\" content=\"index, follow, max-snippet:-1, max-image-preview:large, max-video-preview:-1\" \/>\n<link rel=\"canonical\" href=\"https:\/\/megacolecciones.pe\/en\/product\/album-pokemon-reedicion-merlin-set-completo-de-figuras-para-pegar\/\" \/>\n<meta property=\"og:locale\" content=\"en_US\" \/>\n<meta property=\"og:type\" content=\"article\" \/>\n<meta property=\"og:title\" content=\"\u00c1lbum Pokemon (Reedici\u00f3n Merl\u00edn) + Set completo de figuras para pegar\" \/>\n<meta property=\"og:description\" content=\"\u00c1lbum Pok\u00e9mon de la editorial Merl\u00edn con set completo de figuritas para pegar. Una colecci\u00f3n ic\u00f3nica para fans del universo Pok\u00e9mon.\" \/>\n<meta property=\"og:url\" content=\"https:\/\/megacolecciones.pe\/en\/product\/album-pokemon-reedicion-merlin-set-completo-de-figuras-para-pegar\/\" \/>\n<meta property=\"og:site_name\" content=\"Megacolecciones\" \/>\n<meta property=\"article:publisher\" content=\"https:\/\/www.facebook.com\/megacolecciones\" \/>\n<meta property=\"article:modified_time\" content=\"2025-12-31T00:57:17+00:00\" \/>\n<meta property=\"og:image\" content=\"https:\/\/megacolecciones.pe\/wp-content\/uploads\/2025\/12\/POKEMON-ROJOOOO.jpg\" \/>\n\t<meta property=\"og:image:width\" content=\"1200\" \/>\n\t<meta property=\"og:image:height\" content=\"1200\" \/>\n\t<meta property=\"og:image:type\" content=\"image\/jpeg\" \/>\n<meta name=\"twitter:card\" content=\"summary_large_image\" \/>\n<meta name=\"twitter:label1\" content=\"Price\" \/>\n\t<meta name=\"twitter:data1\" content=\"S\/50.00\" \/>\n\t<meta name=\"twitter:label2\" content=\"Availability\" \/>\n\t<meta name=\"twitter:data2\" content=\"In stock\" \/>\n<script type=\"application\/ld+json\" class=\"yoast-schema-graph\">{\"@context\":\"https:\\\/\\\/schema.org\",\"@graph\":[{\"@type\":\"WebPage\",\"@id\":\"https:\\\/\\\/megacolecciones.pe\\\/producto\\\/album-pokemon-reedicion-merlin-set-completo-de-figuras-para-pegar\\\/\",\"url\":\"https:\\\/\\\/megacolecciones.pe\\\/producto\\\/album-pokemon-reedicion-merlin-set-completo-de-figuras-para-pegar\\\/\",\"name\":\"\u00c1lbum Pok\u00e9mon (Reedici\u00f3n Merl\u00edn) + Set Completo de Figuras\",\"isPartOf\":{\"@id\":\"https:\\\/\\\/megacolecciones.pe\\\/#website\"},\"primaryImageOfPage\":{\"@id\":\"https:\\\/\\\/megacolecciones.pe\\\/producto\\\/album-pokemon-reedicion-merlin-set-completo-de-figuras-para-pegar\\\/#primaryimage\"},\"image\":{\"@id\":\"https:\\\/\\\/megacolecciones.pe\\\/producto\\\/album-pokemon-reedicion-merlin-set-completo-de-figuras-para-pegar\\\/#primaryimage\"},\"thumbnailUrl\":\"https:\\\/\\\/megacolecciones.pe\\\/wp-content\\\/uploads\\\/2025\\\/12\\\/POKEMON-ROJOOOO.jpg\",\"datePublished\":\"2025-12-31T00:55:56+00:00\",\"dateModified\":\"2025-12-31T00:57:17+00:00\",\"description\":\"\u00c1lbum Pok\u00e9mon de la editorial Merl\u00edn con set completo de figuritas para pegar. Una colecci\u00f3n ic\u00f3nica para fans del universo Pok\u00e9mon.\",\"breadcrumb\":{\"@id\":\"https:\\\/\\\/megacolecciones.pe\\\/producto\\\/album-pokemon-reedicion-merlin-set-completo-de-figuras-para-pegar\\\/#breadcrumb\"},\"inLanguage\":\"en-US\",\"potentialAction\":[{\"@type\":\"ReadAction\",\"target\":[\"https:\\\/\\\/megacolecciones.pe\\\/producto\\\/album-pokemon-reedicion-merlin-set-completo-de-figuras-para-pegar\\\/\"]}]},{\"@type\":\"ImageObject\",\"inLanguage\":\"en-US\",\"@id\":\"https:\\\/\\\/megacolecciones.pe\\\/producto\\\/album-pokemon-reedicion-merlin-set-completo-de-figuras-para-pegar\\\/#primaryimage\",\"url\":\"https:\\\/\\\/megacolecciones.pe\\\/wp-content\\\/uploads\\\/2025\\\/12\\\/POKEMON-ROJOOOO.jpg\",\"contentUrl\":\"https:\\\/\\\/megacolecciones.pe\\\/wp-content\\\/uploads\\\/2025\\\/12\\\/POKEMON-ROJOOOO.jpg\",\"width\":1200,\"height\":1200},{\"@type\":\"BreadcrumbList\",\"@id\":\"https:\\\/\\\/megacolecciones.pe\\\/producto\\\/album-pokemon-reedicion-merlin-set-completo-de-figuras-para-pegar\\\/#breadcrumb\",\"itemListElement\":[{\"@type\":\"ListItem\",\"position\":1,\"name\":\"Home\",\"item\":\"https:\\\/\\\/megacolecciones.pe\\\/\"},{\"@type\":\"ListItem\",\"position\":2,\"name\":\"Tienda\",\"item\":\"https:\\\/\\\/megacolecciones.pe\\\/tienda\\\/\"},{\"@type\":\"ListItem\",\"position\":3,\"name\":\"\u00c1lbum Pokemon (Reedici\u00f3n Merl\u00edn) + Set completo de figuras para pegar\"}]},{\"@type\":\"WebSite\",\"@id\":\"https:\\\/\\\/megacolecciones.pe\\\/#website\",\"url\":\"https:\\\/\\\/megacolecciones.pe\\\/\",\"name\":\"Mega Colecciones\",\"description\":\"Tienda de \u00e1lbumes, taps y cards\",\"publisher\":{\"@id\":\"https:\\\/\\\/megacolecciones.pe\\\/#organization\"},\"potentialAction\":[{\"@type\":\"SearchAction\",\"target\":{\"@type\":\"EntryPoint\",\"urlTemplate\":\"https:\\\/\\\/megacolecciones.pe\\\/?s={search_term_string}\"},\"query-input\":{\"@type\":\"PropertyValueSpecification\",\"valueRequired\":true,\"valueName\":\"search_term_string\"}}],\"inLanguage\":\"en-US\"},{\"@type\":\"Organization\",\"@id\":\"https:\\\/\\\/megacolecciones.pe\\\/#organization\",\"name\":\"Mega Colecciones\",\"url\":\"https:\\\/\\\/megacolecciones.pe\\\/\",\"logo\":{\"@type\":\"ImageObject\",\"inLanguage\":\"en-US\",\"@id\":\"https:\\\/\\\/megacolecciones.pe\\\/#\\\/schema\\\/logo\\\/image\\\/\",\"url\":\"http:\\\/\\\/megacolecciones.pe\\\/wp-content\\\/uploads\\\/2023\\\/09\\\/logo-mega.png\",\"contentUrl\":\"http:\\\/\\\/megacolecciones.pe\\\/wp-content\\\/uploads\\\/2023\\\/09\\\/logo-mega.png\",\"width\":285,\"height\":100,\"caption\":\"Mega Colecciones\"},\"image\":{\"@id\":\"https:\\\/\\\/megacolecciones.pe\\\/#\\\/schema\\\/logo\\\/image\\\/\"},\"sameAs\":[\"https:\\\/\\\/www.facebook.com\\\/megacolecciones\",\"https:\\\/\\\/www.instagram.com\\\/megacolecciones\\\/\"],\"hasMerchantReturnPolicy\":{\"@type\":\"MerchantReturnPolicy\",\"merchantReturnLink\":\"https:\\\/\\\/megacolecciones.pe\\\/en\\\/terminos-y-condiciones\\\/\"}}]}<\/script>\n<meta property=\"product:price:amount\" content=\"50.00\" \/>\n<meta property=\"product:price:currency\" content=\"PEN\" \/>\n<meta property=\"og:availability\" content=\"instock\" \/>\n<meta property=\"product:availability\" content=\"instock\" \/>\n<meta property=\"product:condition\" content=\"new\" \/>\n<!-- \/ Yoast SEO Premium plugin. -->","yoast_head_json":{"title":"\u00c1lbum Pok\u00e9mon (Reedici\u00f3n Merl\u00edn) + Set Completo de Figuras","description":"\u00c1lbum Pok\u00e9mon de la editorial Merl\u00edn con set completo de figuritas para pegar. Una colecci\u00f3n ic\u00f3nica para fans del universo Pok\u00e9mon.","robots":{"index":"index","follow":"follow","max-snippet":"max-snippet:-1","max-image-preview":"max-image-preview:large","max-video-preview":"max-video-preview:-1"},"canonical":"https:\/\/megacolecciones.pe\/en\/product\/album-pokemon-reedicion-merlin-set-completo-de-figuras-para-pegar\/","og_locale":"en_US","og_type":"article","og_title":"\u00c1lbum Pokemon (Reedici\u00f3n Merl\u00edn) + Set completo de figuras para pegar","og_description":"\u00c1lbum Pok\u00e9mon de la editorial Merl\u00edn con set completo de figuritas para pegar. Una colecci\u00f3n ic\u00f3nica para fans del universo Pok\u00e9mon.","og_url":"https:\/\/megacolecciones.pe\/en\/product\/album-pokemon-reedicion-merlin-set-completo-de-figuras-para-pegar\/","og_site_name":"Megacolecciones","article_publisher":"https:\/\/www.facebook.com\/megacolecciones","article_modified_time":"2025-12-31T00:57:17+00:00","og_image":[{"width":1200,"height":1200,"url":"https:\/\/megacolecciones.pe\/wp-content\/uploads\/2025\/12\/POKEMON-ROJOOOO.jpg","type":"image\/jpeg"}],"twitter_card":"summary_large_image","twitter_misc":{"Price":"S\/50.00","Availability":"In stock"},"schema":{"@context":"https:\/\/schema.org","@graph":[{"@type":"WebPage","@id":"https:\/\/megacolecciones.pe\/producto\/album-pokemon-reedicion-merlin-set-completo-de-figuras-para-pegar\/","url":"https:\/\/megacolecciones.pe\/producto\/album-pokemon-reedicion-merlin-set-completo-de-figuras-para-pegar\/","name":"\u00c1lbum Pok\u00e9mon (Reedici\u00f3n Merl\u00edn) + Set Completo de Figuras","isPartOf":{"@id":"https:\/\/megacolecciones.pe\/#website"},"primaryImageOfPage":{"@id":"https:\/\/megacolecciones.pe\/producto\/album-pokemon-reedicion-merlin-set-completo-de-figuras-para-pegar\/#primaryimage"},"image":{"@id":"https:\/\/megacolecciones.pe\/producto\/album-pokemon-reedicion-merlin-set-completo-de-figuras-para-pegar\/#primaryimage"},"thumbnailUrl":"https:\/\/megacolecciones.pe\/wp-content\/uploads\/2025\/12\/POKEMON-ROJOOOO.jpg","datePublished":"2025-12-31T00:55:56+00:00","dateModified":"2025-12-31T00:57:17+00:00","description":"\u00c1lbum Pok\u00e9mon de la editorial Merl\u00edn con set completo de figuritas para pegar. Una colecci\u00f3n ic\u00f3nica para fans del universo Pok\u00e9mon.","breadcrumb":{"@id":"https:\/\/megacolecciones.pe\/producto\/album-pokemon-reedicion-merlin-set-completo-de-figuras-para-pegar\/#breadcrumb"},"inLanguage":"en-US","potentialAction":[{"@type":"ReadAction","target":["https:\/\/megacolecciones.pe\/producto\/album-pokemon-reedicion-merlin-set-completo-de-figuras-para-pegar\/"]}]},{"@type":"ImageObject","inLanguage":"en-US","@id":"https:\/\/megacolecciones.pe\/producto\/album-pokemon-reedicion-merlin-set-completo-de-figuras-para-pegar\/#primaryimage","url":"https:\/\/megacolecciones.pe\/wp-content\/uploads\/2025\/12\/POKEMON-ROJOOOO.jpg","contentUrl":"https:\/\/megacolecciones.pe\/wp-content\/uploads\/2025\/12\/POKEMON-ROJOOOO.jpg","width":1200,"height":1200},{"@type":"BreadcrumbList","@id":"https:\/\/megacolecciones.pe\/producto\/album-pokemon-reedicion-merlin-set-completo-de-figuras-para-pegar\/#breadcrumb","itemListElement":[{"@type":"ListItem","position":1,"name":"Home","item":"https:\/\/megacolecciones.pe\/"},{"@type":"ListItem","position":2,"name":"Tienda","item":"https:\/\/megacolecciones.pe\/tienda\/"},{"@type":"ListItem","position":3,"name":"\u00c1lbum Pokemon (Reedici\u00f3n Merl\u00edn) + Set completo de figuras para pegar"}]},{"@type":"WebSite","@id":"https:\/\/megacolecciones.pe\/#website","url":"https:\/\/megacolecciones.pe\/","name":"Mega Collections","description":"Tienda de \u00e1lbumes, taps y cards","publisher":{"@id":"https:\/\/megacolecciones.pe\/#organization"},"potentialAction":[{"@type":"SearchAction","target":{"@type":"EntryPoint","urlTemplate":"https:\/\/megacolecciones.pe\/?s={search_term_string}"},"query-input":{"@type":"PropertyValueSpecification","valueRequired":true,"valueName":"search_term_string"}}],"inLanguage":"en-US"},{"@type":"Organization","@id":"https:\/\/megacolecciones.pe\/#organization","name":"Mega Collections","url":"https:\/\/megacolecciones.pe\/","logo":{"@type":"ImageObject","inLanguage":"en-US","@id":"https:\/\/megacolecciones.pe\/#\/schema\/logo\/image\/","url":"http:\/\/megacolecciones.pe\/wp-content\/uploads\/2023\/09\/logo-mega.png","contentUrl":"http:\/\/megacolecciones.pe\/wp-content\/uploads\/2023\/09\/logo-mega.png","width":285,"height":100,"caption":"Mega Colecciones"},"image":{"@id":"https:\/\/megacolecciones.pe\/#\/schema\/logo\/image\/"},"sameAs":["https:\/\/www.facebook.com\/megacolecciones","https:\/\/www.instagram.com\/megacolecciones\/"],"hasMerchantReturnPolicy":{"@type":"MerchantReturnPolicy","merchantReturnLink":"https:\/\/megacolecciones.pe\/en\/terminos-y-condiciones\/"}}]},"product_price_amount":"50.00","product_price_currency":"PEN","og_availability":"instock","product_availability":"instock","product_condition":"new"},"_links":{"self":[{"href":"https:\/\/megacolecciones.pe\/en\/wp-json\/wp\/v2\/product\/35425","targetHints":{"allow":["GET"]}}],"collection":[{"href":"https:\/\/megacolecciones.pe\/en\/wp-json\/wp\/v2\/product"}],"about":[{"href":"https:\/\/megacolecciones.pe\/en\/wp-json\/wp\/v2\/types\/product"}],"version-history":[{"count":3,"href":"https:\/\/megacolecciones.pe\/en\/wp-json\/wp\/v2\/product\/35425\/revisions"}],"predecessor-version":[{"id":35429,"href":"https:\/\/megacolecciones.pe\/en\/wp-json\/wp\/v2\/product\/35425\/revisions\/35429"}],"wp:featuredmedia":[{"embeddable":true,"href":"https:\/\/megacolecciones.pe\/en\/wp-json\/wp\/v2\/media\/35426"}],"wp:attachment":[{"href":"https:\/\/megacolecciones.pe\/en\/wp-json\/wp\/v2\/media?parent=35425"}],"wp:term":[{"taxonomy":"product_brand","embeddable":true,"href":"https:\/\/megacolecciones.pe\/en\/wp-json\/wp\/v2\/product_brand?post=35425"},{"taxonomy":"product_cat","embeddable":true,"href":"https:\/\/megacolecciones.pe\/en\/wp-json\/wp\/v2\/product_cat?post=35425"},{"taxonomy":"product_tag","embeddable":true,"href":"https:\/\/megacolecciones.pe\/en\/wp-json\/wp\/v2\/product_tag?post=35425"}],"curies":[{"name":"wp","href":"https:\/\/api.w.org\/{rel}","templated":true}]}}