{"id":35381,"date":"2025-12-26T17:01:44","date_gmt":"2025-12-26T22:01:44","guid":{"rendered":"https:\/\/megacolecciones.pe\/?post_type=product&#038;p=35381"},"modified":"2025-12-26T17:01:45","modified_gmt":"2025-12-26T22:01:45","slug":"album-meteoro-reedicion-navarrete-set-completo-de-figuras-para-pegar","status":"publish","type":"product","link":"https:\/\/megacolecciones.pe\/en\/product\/album-meteoro-reedicion-navarrete-set-completo-de-figuras-para-pegar\/","title":{"rendered":"\u00c1lbum Meteoro (Reedici\u00f3n Navarrete) + Set completo de figuras para pegar"},"content":{"rendered":"<p data-start=\"224\" data-end=\"418\"><span style=\"font-family: arial, helvetica, sans-serif;\">Este \u00e1lbum <strong data-start=\"235\" data-end=\"260\">Meteoro remasterizado<\/strong> recupera una colecci\u00f3n ic\u00f3nica de la animaci\u00f3n cl\u00e1sica del \u00e1lbum de Navarrete de 1996, una edici\u00f3n que conserva el esp\u00edritu visual que marc\u00f3 a toda una generaci\u00f3n.<\/span><\/p>\n<p data-start=\"420\" data-end=\"783\"><span style=\"font-family: arial, helvetica, sans-serif;\">A lo largo de sus p\u00e1ginas se presenta un dise\u00f1o fiel al original pensado para disfrutarse completo, ideal para quienes valoran los \u00e1lbumes como piezas de colecci\u00f3n. Es una propuesta que conecta la nostalgia con una presentaci\u00f3n cuidada y coherente, atractiva tanto para coleccionistas como para nuevos interesados en las series cl\u00e1sicas.<\/span><\/p>\n<p data-start=\"785\" data-end=\"957\"><span style=\"font-family: arial, helvetica, sans-serif;\">Una opci\u00f3n especial para quienes buscan revivir recuerdos o sumar una pieza retro a su colecci\u00f3n.<\/span><\/p>\n<p data-start=\"959\" data-end=\"989\"><span style=\"font-family: arial, helvetica, sans-serif;\">Disponible en Megacolecciones.<\/span><\/p>","protected":false},"excerpt":{"rendered":"<p>La megacolecci\u00f3n incluye:<\/p>\n<ul>\n<li>01 \u00c1lbum tapa blanda con p\u00e1ginas a full color.<\/li>\n<li>Set completo de figuras para pegar.<\/li>\n<li>Minip\u00f3ster de regalo.<\/li>\n<\/ul>","protected":false},"featured_media":35400,"template":"","meta":[],"product_brand":[],"product_cat":[219,228],"product_tag":[],"class_list":{"0":"post-35381","1":"product","2":"type-product","3":"status-publish","4":"has-post-thumbnail","6":"product_cat-albumes-completos","7":"product_cat-mega-colecciones","9":"first","10":"instock","11":"shipping-taxable","12":"purchasable","13":"product-type-simple"},"yoast_head":"<!-- This site is optimized with the Yoast SEO Premium plugin v23.5 (Yoast SEO v27.4) - https:\/\/yoast.com\/product\/yoast-seo-premium-wordpress\/ -->\n<title>\u00c1lbum Meteoro | Set Completo de figuras para pegar<\/title>\n<meta name=\"description\" content=\"\u00c1lbum Meteoro remasterizado con set completo de figuritas para pegar. Una colecci\u00f3n cl\u00e1sica ideal para fans y coleccionistas. Env\u00edos a todo el Per\u00fa.\" \/>\n<meta name=\"robots\" content=\"index, follow, max-snippet:-1, max-image-preview:large, max-video-preview:-1\" \/>\n<link rel=\"canonical\" href=\"https:\/\/megacolecciones.pe\/en\/product\/album-meteoro-reedicion-navarrete-set-completo-de-figuras-para-pegar\/\" \/>\n<meta property=\"og:locale\" content=\"en_US\" \/>\n<meta property=\"og:type\" content=\"article\" \/>\n<meta property=\"og:title\" content=\"\u00c1lbum Meteoro (Reedici\u00f3n Navarrete) + Set completo de figuras para pegar\" \/>\n<meta property=\"og:description\" content=\"\u00c1lbum Meteoro remasterizado con set completo de figuritas para pegar. Una colecci\u00f3n cl\u00e1sica ideal para fans y coleccionistas. Env\u00edos a todo el Per\u00fa.\" \/>\n<meta property=\"og:url\" content=\"https:\/\/megacolecciones.pe\/en\/product\/album-meteoro-reedicion-navarrete-set-completo-de-figuras-para-pegar\/\" \/>\n<meta property=\"og:site_name\" content=\"Megacolecciones\" \/>\n<meta property=\"article:publisher\" content=\"https:\/\/www.facebook.com\/megacolecciones\" \/>\n<meta property=\"article:modified_time\" content=\"2025-12-26T22:01:45+00:00\" \/>\n<meta property=\"og:image\" content=\"https:\/\/megacolecciones.pe\/wp-content\/uploads\/2025\/12\/meteoro-1-scaled.jpg\" \/>\n\t<meta property=\"og:image:width\" content=\"2560\" \/>\n\t<meta property=\"og:image:height\" content=\"2560\" \/>\n\t<meta property=\"og:image:type\" content=\"image\/jpeg\" \/>\n<meta name=\"twitter:card\" content=\"summary_large_image\" \/>\n<meta name=\"twitter:label1\" content=\"Price\" \/>\n\t<meta name=\"twitter:data1\" content=\"S\/50.00\" \/>\n\t<meta name=\"twitter:label2\" content=\"Availability\" \/>\n\t<meta name=\"twitter:data2\" content=\"In stock\" \/>\n<script type=\"application\/ld+json\" class=\"yoast-schema-graph\">{\"@context\":\"https:\\\/\\\/schema.org\",\"@graph\":[{\"@type\":\"WebPage\",\"@id\":\"https:\\\/\\\/megacolecciones.pe\\\/producto\\\/album-meteoro-reedicion-navarrete-set-completo-de-figuras-para-pegar\\\/\",\"url\":\"https:\\\/\\\/megacolecciones.pe\\\/producto\\\/album-meteoro-reedicion-navarrete-set-completo-de-figuras-para-pegar\\\/\",\"name\":\"\u00c1lbum Meteoro | Set Completo de figuras para pegar\",\"isPartOf\":{\"@id\":\"https:\\\/\\\/megacolecciones.pe\\\/#website\"},\"primaryImageOfPage\":{\"@id\":\"https:\\\/\\\/megacolecciones.pe\\\/producto\\\/album-meteoro-reedicion-navarrete-set-completo-de-figuras-para-pegar\\\/#primaryimage\"},\"image\":{\"@id\":\"https:\\\/\\\/megacolecciones.pe\\\/producto\\\/album-meteoro-reedicion-navarrete-set-completo-de-figuras-para-pegar\\\/#primaryimage\"},\"thumbnailUrl\":\"https:\\\/\\\/megacolecciones.pe\\\/wp-content\\\/uploads\\\/2025\\\/12\\\/meteoro-1-scaled.jpg\",\"datePublished\":\"2025-12-26T22:01:44+00:00\",\"dateModified\":\"2025-12-26T22:01:45+00:00\",\"description\":\"\u00c1lbum Meteoro remasterizado con set completo de figuritas para pegar. Una colecci\u00f3n cl\u00e1sica ideal para fans y coleccionistas. Env\u00edos a todo el Per\u00fa.\",\"breadcrumb\":{\"@id\":\"https:\\\/\\\/megacolecciones.pe\\\/producto\\\/album-meteoro-reedicion-navarrete-set-completo-de-figuras-para-pegar\\\/#breadcrumb\"},\"inLanguage\":\"en-US\",\"potentialAction\":[{\"@type\":\"ReadAction\",\"target\":[\"https:\\\/\\\/megacolecciones.pe\\\/producto\\\/album-meteoro-reedicion-navarrete-set-completo-de-figuras-para-pegar\\\/\"]}]},{\"@type\":\"ImageObject\",\"inLanguage\":\"en-US\",\"@id\":\"https:\\\/\\\/megacolecciones.pe\\\/producto\\\/album-meteoro-reedicion-navarrete-set-completo-de-figuras-para-pegar\\\/#primaryimage\",\"url\":\"https:\\\/\\\/megacolecciones.pe\\\/wp-content\\\/uploads\\\/2025\\\/12\\\/meteoro-1-scaled.jpg\",\"contentUrl\":\"https:\\\/\\\/megacolecciones.pe\\\/wp-content\\\/uploads\\\/2025\\\/12\\\/meteoro-1-scaled.jpg\",\"width\":2560,\"height\":2560},{\"@type\":\"BreadcrumbList\",\"@id\":\"https:\\\/\\\/megacolecciones.pe\\\/producto\\\/album-meteoro-reedicion-navarrete-set-completo-de-figuras-para-pegar\\\/#breadcrumb\",\"itemListElement\":[{\"@type\":\"ListItem\",\"position\":1,\"name\":\"Home\",\"item\":\"https:\\\/\\\/megacolecciones.pe\\\/\"},{\"@type\":\"ListItem\",\"position\":2,\"name\":\"Tienda\",\"item\":\"https:\\\/\\\/megacolecciones.pe\\\/tienda\\\/\"},{\"@type\":\"ListItem\",\"position\":3,\"name\":\"\u00c1lbum Meteoro (Reedici\u00f3n Navarrete) + Set completo de figuras para pegar\"}]},{\"@type\":\"WebSite\",\"@id\":\"https:\\\/\\\/megacolecciones.pe\\\/#website\",\"url\":\"https:\\\/\\\/megacolecciones.pe\\\/\",\"name\":\"Mega Colecciones\",\"description\":\"Tienda de \u00e1lbumes, taps y cards\",\"publisher\":{\"@id\":\"https:\\\/\\\/megacolecciones.pe\\\/#organization\"},\"potentialAction\":[{\"@type\":\"SearchAction\",\"target\":{\"@type\":\"EntryPoint\",\"urlTemplate\":\"https:\\\/\\\/megacolecciones.pe\\\/?s={search_term_string}\"},\"query-input\":{\"@type\":\"PropertyValueSpecification\",\"valueRequired\":true,\"valueName\":\"search_term_string\"}}],\"inLanguage\":\"en-US\"},{\"@type\":\"Organization\",\"@id\":\"https:\\\/\\\/megacolecciones.pe\\\/#organization\",\"name\":\"Mega Colecciones\",\"url\":\"https:\\\/\\\/megacolecciones.pe\\\/\",\"logo\":{\"@type\":\"ImageObject\",\"inLanguage\":\"en-US\",\"@id\":\"https:\\\/\\\/megacolecciones.pe\\\/#\\\/schema\\\/logo\\\/image\\\/\",\"url\":\"http:\\\/\\\/megacolecciones.pe\\\/wp-content\\\/uploads\\\/2023\\\/09\\\/logo-mega.png\",\"contentUrl\":\"http:\\\/\\\/megacolecciones.pe\\\/wp-content\\\/uploads\\\/2023\\\/09\\\/logo-mega.png\",\"width\":285,\"height\":100,\"caption\":\"Mega Colecciones\"},\"image\":{\"@id\":\"https:\\\/\\\/megacolecciones.pe\\\/#\\\/schema\\\/logo\\\/image\\\/\"},\"sameAs\":[\"https:\\\/\\\/www.facebook.com\\\/megacolecciones\",\"https:\\\/\\\/www.instagram.com\\\/megacolecciones\\\/\"],\"hasMerchantReturnPolicy\":{\"@type\":\"MerchantReturnPolicy\",\"merchantReturnLink\":\"https:\\\/\\\/megacolecciones.pe\\\/en\\\/terminos-y-condiciones\\\/\"}}]}<\/script>\n<meta property=\"product:price:amount\" content=\"50.00\" \/>\n<meta property=\"product:price:currency\" content=\"PEN\" \/>\n<meta property=\"og:availability\" content=\"instock\" \/>\n<meta property=\"product:availability\" content=\"instock\" \/>\n<meta property=\"product:condition\" content=\"new\" \/>\n<!-- \/ Yoast SEO Premium plugin. -->","yoast_head_json":{"title":"\u00c1lbum Meteoro | Set Completo de figuras para pegar","description":"\u00c1lbum Meteoro remasterizado con set completo de figuritas para pegar. Una colecci\u00f3n cl\u00e1sica ideal para fans y coleccionistas. Env\u00edos a todo el Per\u00fa.","robots":{"index":"index","follow":"follow","max-snippet":"max-snippet:-1","max-image-preview":"max-image-preview:large","max-video-preview":"max-video-preview:-1"},"canonical":"https:\/\/megacolecciones.pe\/en\/product\/album-meteoro-reedicion-navarrete-set-completo-de-figuras-para-pegar\/","og_locale":"en_US","og_type":"article","og_title":"\u00c1lbum Meteoro (Reedici\u00f3n Navarrete) + Set completo de figuras para pegar","og_description":"\u00c1lbum Meteoro remasterizado con set completo de figuritas para pegar. Una colecci\u00f3n cl\u00e1sica ideal para fans y coleccionistas. Env\u00edos a todo el Per\u00fa.","og_url":"https:\/\/megacolecciones.pe\/en\/product\/album-meteoro-reedicion-navarrete-set-completo-de-figuras-para-pegar\/","og_site_name":"Megacolecciones","article_publisher":"https:\/\/www.facebook.com\/megacolecciones","article_modified_time":"2025-12-26T22:01:45+00:00","og_image":[{"width":2560,"height":2560,"url":"https:\/\/megacolecciones.pe\/wp-content\/uploads\/2025\/12\/meteoro-1-scaled.jpg","type":"image\/jpeg"}],"twitter_card":"summary_large_image","twitter_misc":{"Price":"S\/50.00","Availability":"In stock"},"schema":{"@context":"https:\/\/schema.org","@graph":[{"@type":"WebPage","@id":"https:\/\/megacolecciones.pe\/producto\/album-meteoro-reedicion-navarrete-set-completo-de-figuras-para-pegar\/","url":"https:\/\/megacolecciones.pe\/producto\/album-meteoro-reedicion-navarrete-set-completo-de-figuras-para-pegar\/","name":"\u00c1lbum Meteoro | Set Completo de figuras para pegar","isPartOf":{"@id":"https:\/\/megacolecciones.pe\/#website"},"primaryImageOfPage":{"@id":"https:\/\/megacolecciones.pe\/producto\/album-meteoro-reedicion-navarrete-set-completo-de-figuras-para-pegar\/#primaryimage"},"image":{"@id":"https:\/\/megacolecciones.pe\/producto\/album-meteoro-reedicion-navarrete-set-completo-de-figuras-para-pegar\/#primaryimage"},"thumbnailUrl":"https:\/\/megacolecciones.pe\/wp-content\/uploads\/2025\/12\/meteoro-1-scaled.jpg","datePublished":"2025-12-26T22:01:44+00:00","dateModified":"2025-12-26T22:01:45+00:00","description":"\u00c1lbum Meteoro remasterizado con set completo de figuritas para pegar. Una colecci\u00f3n cl\u00e1sica ideal para fans y coleccionistas. Env\u00edos a todo el Per\u00fa.","breadcrumb":{"@id":"https:\/\/megacolecciones.pe\/producto\/album-meteoro-reedicion-navarrete-set-completo-de-figuras-para-pegar\/#breadcrumb"},"inLanguage":"en-US","potentialAction":[{"@type":"ReadAction","target":["https:\/\/megacolecciones.pe\/producto\/album-meteoro-reedicion-navarrete-set-completo-de-figuras-para-pegar\/"]}]},{"@type":"ImageObject","inLanguage":"en-US","@id":"https:\/\/megacolecciones.pe\/producto\/album-meteoro-reedicion-navarrete-set-completo-de-figuras-para-pegar\/#primaryimage","url":"https:\/\/megacolecciones.pe\/wp-content\/uploads\/2025\/12\/meteoro-1-scaled.jpg","contentUrl":"https:\/\/megacolecciones.pe\/wp-content\/uploads\/2025\/12\/meteoro-1-scaled.jpg","width":2560,"height":2560},{"@type":"BreadcrumbList","@id":"https:\/\/megacolecciones.pe\/producto\/album-meteoro-reedicion-navarrete-set-completo-de-figuras-para-pegar\/#breadcrumb","itemListElement":[{"@type":"ListItem","position":1,"name":"Home","item":"https:\/\/megacolecciones.pe\/"},{"@type":"ListItem","position":2,"name":"Tienda","item":"https:\/\/megacolecciones.pe\/tienda\/"},{"@type":"ListItem","position":3,"name":"\u00c1lbum Meteoro (Reedici\u00f3n Navarrete) + Set completo de figuras para pegar"}]},{"@type":"WebSite","@id":"https:\/\/megacolecciones.pe\/#website","url":"https:\/\/megacolecciones.pe\/","name":"Mega Collections","description":"Tienda de \u00e1lbumes, taps y cards","publisher":{"@id":"https:\/\/megacolecciones.pe\/#organization"},"potentialAction":[{"@type":"SearchAction","target":{"@type":"EntryPoint","urlTemplate":"https:\/\/megacolecciones.pe\/?s={search_term_string}"},"query-input":{"@type":"PropertyValueSpecification","valueRequired":true,"valueName":"search_term_string"}}],"inLanguage":"en-US"},{"@type":"Organization","@id":"https:\/\/megacolecciones.pe\/#organization","name":"Mega Collections","url":"https:\/\/megacolecciones.pe\/","logo":{"@type":"ImageObject","inLanguage":"en-US","@id":"https:\/\/megacolecciones.pe\/#\/schema\/logo\/image\/","url":"http:\/\/megacolecciones.pe\/wp-content\/uploads\/2023\/09\/logo-mega.png","contentUrl":"http:\/\/megacolecciones.pe\/wp-content\/uploads\/2023\/09\/logo-mega.png","width":285,"height":100,"caption":"Mega Colecciones"},"image":{"@id":"https:\/\/megacolecciones.pe\/#\/schema\/logo\/image\/"},"sameAs":["https:\/\/www.facebook.com\/megacolecciones","https:\/\/www.instagram.com\/megacolecciones\/"],"hasMerchantReturnPolicy":{"@type":"MerchantReturnPolicy","merchantReturnLink":"https:\/\/megacolecciones.pe\/en\/terminos-y-condiciones\/"}}]},"product_price_amount":"50.00","product_price_currency":"PEN","og_availability":"instock","product_availability":"instock","product_condition":"new"},"_links":{"self":[{"href":"https:\/\/megacolecciones.pe\/en\/wp-json\/wp\/v2\/product\/35381","targetHints":{"allow":["GET"]}}],"collection":[{"href":"https:\/\/megacolecciones.pe\/en\/wp-json\/wp\/v2\/product"}],"about":[{"href":"https:\/\/megacolecciones.pe\/en\/wp-json\/wp\/v2\/types\/product"}],"version-history":[{"count":1,"href":"https:\/\/megacolecciones.pe\/en\/wp-json\/wp\/v2\/product\/35381\/revisions"}],"predecessor-version":[{"id":35401,"href":"https:\/\/megacolecciones.pe\/en\/wp-json\/wp\/v2\/product\/35381\/revisions\/35401"}],"wp:featuredmedia":[{"embeddable":true,"href":"https:\/\/megacolecciones.pe\/en\/wp-json\/wp\/v2\/media\/35400"}],"wp:attachment":[{"href":"https:\/\/megacolecciones.pe\/en\/wp-json\/wp\/v2\/media?parent=35381"}],"wp:term":[{"taxonomy":"product_brand","embeddable":true,"href":"https:\/\/megacolecciones.pe\/en\/wp-json\/wp\/v2\/product_brand?post=35381"},{"taxonomy":"product_cat","embeddable":true,"href":"https:\/\/megacolecciones.pe\/en\/wp-json\/wp\/v2\/product_cat?post=35381"},{"taxonomy":"product_tag","embeddable":true,"href":"https:\/\/megacolecciones.pe\/en\/wp-json\/wp\/v2\/product_tag?post=35381"}],"curies":[{"name":"wp","href":"https:\/\/api.w.org\/{rel}","templated":true}]}}