{"id":35247,"date":"2025-11-28T19:15:12","date_gmt":"2025-11-29T00:15:12","guid":{"rendered":"https:\/\/megacolecciones.pe\/?post_type=product&#038;p=35247"},"modified":"2026-01-13T15:37:19","modified_gmt":"2026-01-13T20:37:19","slug":"album-saja-boys-editorial-woow-stickers-set-completo-de-figuras-para-pegar","status":"publish","type":"product","link":"https:\/\/megacolecciones.pe\/en\/product\/album-saja-boys-editorial-woow-stickers-set-completo-de-figuras-para-pegar\/","title":{"rendered":"\u00c1lbum Saja Boys (Editorial Woow Stickers) + Set completo de figuras para pegar"},"content":{"rendered":"<p data-start=\"693\" data-end=\"917\"><span style=\"font-family: arial, helvetica, sans-serif;\">Disfruta una colecci\u00f3n visualmente impactante con el <strong data-start=\"746\" data-end=\"803\">\u00c1lbum Sajaboys \u2013 Las Guerreras K-Pop (Edici\u00f3n 2 en 1)<\/strong>, una propuesta llena de color, personajes modernos y est\u00e9tica inspirada en el universo K-Pop y el estilo anime.<\/span><\/p>\n<p data-start=\"919\" data-end=\"1181\"><span style=\"font-family: arial, helvetica, sans-serif;\">Este \u00e1lbum incluye el <strong data-start=\"941\" data-end=\"979\">set completo de figuras para pegar<\/strong>, lo que garantiza una colecci\u00f3n terminada sin necesidad de sobres adicionales. Cada figura presenta ilustraciones vibrantes y personajes expresivos que destacan por su dise\u00f1o \u00fanico.<\/span><\/p>\n<p data-start=\"1183\" data-end=\"1317\"><span style=\"font-family: arial, helvetica, sans-serif;\">Es una pieza ideal para fans del K-Pop, coleccionistas, amantes del arte animado y quienes buscan una colecci\u00f3n llamativa y divertida.<\/span><\/p>\n<h3 data-start=\"1319\" data-end=\"1354\"><span style=\"font-family: arial, helvetica, sans-serif;\"><strong data-start=\"1323\" data-end=\"1354\">Caracter\u00edsticas principales<\/strong><\/span><\/h3>\n<ul data-start=\"1355\" data-end=\"1587\">\n<li data-start=\"1355\" data-end=\"1392\">\n<p data-start=\"1357\" data-end=\"1392\"><span style=\"font-family: arial, helvetica, sans-serif;\">Set completo de figuras incluidas<\/span><\/p>\n<\/li>\n<li data-start=\"1468\" data-end=\"1520\">\n<p data-start=\"1470\" data-end=\"1520\"><span style=\"font-family: arial, helvetica, sans-serif;\">Producto ideal para fans, ni\u00f1os y coleccionistas<\/span><\/p>\n<\/li>\n<li data-start=\"1521\" data-end=\"1551\">\n<p data-start=\"1523\" data-end=\"1551\"><span style=\"font-family: arial, helvetica, sans-serif;\">Dise\u00f1o llamativo y moderno<\/span><\/p>\n<\/li>\n<\/ul>","protected":false},"excerpt":{"rendered":"<p data-start=\"1792\" data-end=\"1877\"><span style=\"font-family: arial, helvetica, sans-serif;\">La megacolecci\u00f3n contiene:<\/span><\/p>\n<ul>\n<li data-start=\"1792\" data-end=\"1877\"><span style=\"font-family: arial, helvetica, sans-serif;\">\u00c1lbum vac\u00edo con p\u00e1ginas a full color.<\/span><\/li>\n<li data-start=\"1792\" data-end=\"1877\"><span style=\"font-family: arial, helvetica, sans-serif;\">Set completo de figuras para pegar.<\/span><\/li>\n<\/ul>\n<p data-start=\"1792\" data-end=\"1877\">","protected":false},"featured_media":35249,"template":"","meta":[],"product_brand":[],"product_cat":[219,274,228],"product_tag":[],"class_list":{"0":"post-35247","1":"product","2":"type-product","3":"status-publish","4":"has-post-thumbnail","6":"product_cat-albumes-completos","7":"product_cat-albumes-para-ninos","8":"product_cat-mega-colecciones","10":"first","11":"instock","12":"shipping-taxable","13":"purchasable","14":"product-type-simple"},"yoast_head":"<!-- This site is optimized with the Yoast SEO Premium plugin v23.5 (Yoast SEO v27.4) - https:\/\/yoast.com\/product\/yoast-seo-premium-wordpress\/ -->\n<title>\u00c1lbum Saja Boys + Set Completo de figuras para pegar<\/title>\n<meta name=\"description\" content=\"\u00c1lbum Sajaboys con set completo de figuras para pegar. Edici\u00f3n moderna, colores vibrantes y perfecto para fans del estilo K-Pop y coleccionistas.\" \/>\n<meta name=\"robots\" content=\"index, follow, max-snippet:-1, max-image-preview:large, max-video-preview:-1\" \/>\n<link rel=\"canonical\" href=\"https:\/\/megacolecciones.pe\/en\/product\/album-saja-boys-editorial-woow-stickers-set-completo-de-figuras-para-pegar\/\" \/>\n<meta property=\"og:locale\" content=\"en_US\" \/>\n<meta property=\"og:type\" content=\"article\" \/>\n<meta property=\"og:title\" content=\"\u00c1lbum Saja Boys (Editorial Woow Stickers) + Set completo de figuras para pegar\" \/>\n<meta property=\"og:description\" content=\"\u00c1lbum Sajaboys con set completo de figuras para pegar. Edici\u00f3n moderna, colores vibrantes y perfecto para fans del estilo K-Pop y coleccionistas.\" \/>\n<meta property=\"og:url\" content=\"https:\/\/megacolecciones.pe\/en\/product\/album-saja-boys-editorial-woow-stickers-set-completo-de-figuras-para-pegar\/\" \/>\n<meta property=\"og:site_name\" content=\"Megacolecciones\" \/>\n<meta property=\"article:publisher\" content=\"https:\/\/www.facebook.com\/megacolecciones\" \/>\n<meta property=\"article:modified_time\" content=\"2026-01-13T20:37:19+00:00\" \/>\n<meta property=\"og:image\" content=\"https:\/\/megacolecciones.pe\/wp-content\/uploads\/2025\/11\/sajabys.jpg\" \/>\n\t<meta property=\"og:image:width\" content=\"1200\" \/>\n\t<meta property=\"og:image:height\" content=\"1200\" \/>\n\t<meta property=\"og:image:type\" content=\"image\/jpeg\" \/>\n<meta name=\"twitter:card\" content=\"summary_large_image\" \/>\n<meta name=\"twitter:label1\" content=\"Price\" \/>\n\t<meta name=\"twitter:data1\" content=\"S\/50.00\" \/>\n\t<meta name=\"twitter:label2\" content=\"Availability\" \/>\n\t<meta name=\"twitter:data2\" content=\"In stock\" \/>\n<script type=\"application\/ld+json\" class=\"yoast-schema-graph\">{\"@context\":\"https:\\\/\\\/schema.org\",\"@graph\":[{\"@type\":\"WebPage\",\"@id\":\"https:\\\/\\\/megacolecciones.pe\\\/producto\\\/album-saja-boys-editorial-woow-stickers-set-completo-de-figuras-para-pegar\\\/\",\"url\":\"https:\\\/\\\/megacolecciones.pe\\\/producto\\\/album-saja-boys-editorial-woow-stickers-set-completo-de-figuras-para-pegar\\\/\",\"name\":\"\u00c1lbum Saja Boys + Set Completo de figuras para pegar\",\"isPartOf\":{\"@id\":\"https:\\\/\\\/megacolecciones.pe\\\/#website\"},\"primaryImageOfPage\":{\"@id\":\"https:\\\/\\\/megacolecciones.pe\\\/producto\\\/album-saja-boys-editorial-woow-stickers-set-completo-de-figuras-para-pegar\\\/#primaryimage\"},\"image\":{\"@id\":\"https:\\\/\\\/megacolecciones.pe\\\/producto\\\/album-saja-boys-editorial-woow-stickers-set-completo-de-figuras-para-pegar\\\/#primaryimage\"},\"thumbnailUrl\":\"https:\\\/\\\/megacolecciones.pe\\\/wp-content\\\/uploads\\\/2025\\\/11\\\/sajabys.jpg\",\"datePublished\":\"2025-11-29T00:15:12+00:00\",\"dateModified\":\"2026-01-13T20:37:19+00:00\",\"description\":\"\u00c1lbum Sajaboys con set completo de figuras para pegar. Edici\u00f3n moderna, colores vibrantes y perfecto para fans del estilo K-Pop y coleccionistas.\",\"breadcrumb\":{\"@id\":\"https:\\\/\\\/megacolecciones.pe\\\/producto\\\/album-saja-boys-editorial-woow-stickers-set-completo-de-figuras-para-pegar\\\/#breadcrumb\"},\"inLanguage\":\"en-US\",\"potentialAction\":[{\"@type\":\"ReadAction\",\"target\":[\"https:\\\/\\\/megacolecciones.pe\\\/producto\\\/album-saja-boys-editorial-woow-stickers-set-completo-de-figuras-para-pegar\\\/\"]}]},{\"@type\":\"ImageObject\",\"inLanguage\":\"en-US\",\"@id\":\"https:\\\/\\\/megacolecciones.pe\\\/producto\\\/album-saja-boys-editorial-woow-stickers-set-completo-de-figuras-para-pegar\\\/#primaryimage\",\"url\":\"https:\\\/\\\/megacolecciones.pe\\\/wp-content\\\/uploads\\\/2025\\\/11\\\/sajabys.jpg\",\"contentUrl\":\"https:\\\/\\\/megacolecciones.pe\\\/wp-content\\\/uploads\\\/2025\\\/11\\\/sajabys.jpg\",\"width\":1200,\"height\":1200},{\"@type\":\"BreadcrumbList\",\"@id\":\"https:\\\/\\\/megacolecciones.pe\\\/producto\\\/album-saja-boys-editorial-woow-stickers-set-completo-de-figuras-para-pegar\\\/#breadcrumb\",\"itemListElement\":[{\"@type\":\"ListItem\",\"position\":1,\"name\":\"Home\",\"item\":\"https:\\\/\\\/megacolecciones.pe\\\/\"},{\"@type\":\"ListItem\",\"position\":2,\"name\":\"Tienda\",\"item\":\"https:\\\/\\\/megacolecciones.pe\\\/tienda\\\/\"},{\"@type\":\"ListItem\",\"position\":3,\"name\":\"\u00c1lbum Saja Boys (Editorial Woow Stickers) + Set completo de figuras para pegar\"}]},{\"@type\":\"WebSite\",\"@id\":\"https:\\\/\\\/megacolecciones.pe\\\/#website\",\"url\":\"https:\\\/\\\/megacolecciones.pe\\\/\",\"name\":\"Mega Colecciones\",\"description\":\"Tienda de \u00e1lbumes, taps y cards\",\"publisher\":{\"@id\":\"https:\\\/\\\/megacolecciones.pe\\\/#organization\"},\"potentialAction\":[{\"@type\":\"SearchAction\",\"target\":{\"@type\":\"EntryPoint\",\"urlTemplate\":\"https:\\\/\\\/megacolecciones.pe\\\/?s={search_term_string}\"},\"query-input\":{\"@type\":\"PropertyValueSpecification\",\"valueRequired\":true,\"valueName\":\"search_term_string\"}}],\"inLanguage\":\"en-US\"},{\"@type\":\"Organization\",\"@id\":\"https:\\\/\\\/megacolecciones.pe\\\/#organization\",\"name\":\"Mega Colecciones\",\"url\":\"https:\\\/\\\/megacolecciones.pe\\\/\",\"logo\":{\"@type\":\"ImageObject\",\"inLanguage\":\"en-US\",\"@id\":\"https:\\\/\\\/megacolecciones.pe\\\/#\\\/schema\\\/logo\\\/image\\\/\",\"url\":\"http:\\\/\\\/megacolecciones.pe\\\/wp-content\\\/uploads\\\/2023\\\/09\\\/logo-mega.png\",\"contentUrl\":\"http:\\\/\\\/megacolecciones.pe\\\/wp-content\\\/uploads\\\/2023\\\/09\\\/logo-mega.png\",\"width\":285,\"height\":100,\"caption\":\"Mega Colecciones\"},\"image\":{\"@id\":\"https:\\\/\\\/megacolecciones.pe\\\/#\\\/schema\\\/logo\\\/image\\\/\"},\"sameAs\":[\"https:\\\/\\\/www.facebook.com\\\/megacolecciones\",\"https:\\\/\\\/www.instagram.com\\\/megacolecciones\\\/\"],\"hasMerchantReturnPolicy\":{\"@type\":\"MerchantReturnPolicy\",\"merchantReturnLink\":\"https:\\\/\\\/megacolecciones.pe\\\/en\\\/terminos-y-condiciones\\\/\"}}]}<\/script>\n<meta property=\"product:price:amount\" content=\"50.00\" \/>\n<meta property=\"product:price:currency\" content=\"PEN\" \/>\n<meta property=\"og:availability\" content=\"instock\" \/>\n<meta property=\"product:availability\" content=\"instock\" \/>\n<meta property=\"product:condition\" content=\"new\" \/>\n<!-- \/ Yoast SEO Premium plugin. -->","yoast_head_json":{"title":"\u00c1lbum Saja Boys + Set Completo de figuras para pegar","description":"\u00c1lbum Sajaboys con set completo de figuras para pegar. Edici\u00f3n moderna, colores vibrantes y perfecto para fans del estilo K-Pop y coleccionistas.","robots":{"index":"index","follow":"follow","max-snippet":"max-snippet:-1","max-image-preview":"max-image-preview:large","max-video-preview":"max-video-preview:-1"},"canonical":"https:\/\/megacolecciones.pe\/en\/product\/album-saja-boys-editorial-woow-stickers-set-completo-de-figuras-para-pegar\/","og_locale":"en_US","og_type":"article","og_title":"\u00c1lbum Saja Boys (Editorial Woow Stickers) + Set completo de figuras para pegar","og_description":"\u00c1lbum Sajaboys con set completo de figuras para pegar. Edici\u00f3n moderna, colores vibrantes y perfecto para fans del estilo K-Pop y coleccionistas.","og_url":"https:\/\/megacolecciones.pe\/en\/product\/album-saja-boys-editorial-woow-stickers-set-completo-de-figuras-para-pegar\/","og_site_name":"Megacolecciones","article_publisher":"https:\/\/www.facebook.com\/megacolecciones","article_modified_time":"2026-01-13T20:37:19+00:00","og_image":[{"width":1200,"height":1200,"url":"https:\/\/megacolecciones.pe\/wp-content\/uploads\/2025\/11\/sajabys.jpg","type":"image\/jpeg"}],"twitter_card":"summary_large_image","twitter_misc":{"Price":"S\/50.00","Availability":"In stock"},"schema":{"@context":"https:\/\/schema.org","@graph":[{"@type":"WebPage","@id":"https:\/\/megacolecciones.pe\/producto\/album-saja-boys-editorial-woow-stickers-set-completo-de-figuras-para-pegar\/","url":"https:\/\/megacolecciones.pe\/producto\/album-saja-boys-editorial-woow-stickers-set-completo-de-figuras-para-pegar\/","name":"\u00c1lbum Saja Boys + Set Completo de figuras para pegar","isPartOf":{"@id":"https:\/\/megacolecciones.pe\/#website"},"primaryImageOfPage":{"@id":"https:\/\/megacolecciones.pe\/producto\/album-saja-boys-editorial-woow-stickers-set-completo-de-figuras-para-pegar\/#primaryimage"},"image":{"@id":"https:\/\/megacolecciones.pe\/producto\/album-saja-boys-editorial-woow-stickers-set-completo-de-figuras-para-pegar\/#primaryimage"},"thumbnailUrl":"https:\/\/megacolecciones.pe\/wp-content\/uploads\/2025\/11\/sajabys.jpg","datePublished":"2025-11-29T00:15:12+00:00","dateModified":"2026-01-13T20:37:19+00:00","description":"\u00c1lbum Sajaboys con set completo de figuras para pegar. Edici\u00f3n moderna, colores vibrantes y perfecto para fans del estilo K-Pop y coleccionistas.","breadcrumb":{"@id":"https:\/\/megacolecciones.pe\/producto\/album-saja-boys-editorial-woow-stickers-set-completo-de-figuras-para-pegar\/#breadcrumb"},"inLanguage":"en-US","potentialAction":[{"@type":"ReadAction","target":["https:\/\/megacolecciones.pe\/producto\/album-saja-boys-editorial-woow-stickers-set-completo-de-figuras-para-pegar\/"]}]},{"@type":"ImageObject","inLanguage":"en-US","@id":"https:\/\/megacolecciones.pe\/producto\/album-saja-boys-editorial-woow-stickers-set-completo-de-figuras-para-pegar\/#primaryimage","url":"https:\/\/megacolecciones.pe\/wp-content\/uploads\/2025\/11\/sajabys.jpg","contentUrl":"https:\/\/megacolecciones.pe\/wp-content\/uploads\/2025\/11\/sajabys.jpg","width":1200,"height":1200},{"@type":"BreadcrumbList","@id":"https:\/\/megacolecciones.pe\/producto\/album-saja-boys-editorial-woow-stickers-set-completo-de-figuras-para-pegar\/#breadcrumb","itemListElement":[{"@type":"ListItem","position":1,"name":"Home","item":"https:\/\/megacolecciones.pe\/"},{"@type":"ListItem","position":2,"name":"Tienda","item":"https:\/\/megacolecciones.pe\/tienda\/"},{"@type":"ListItem","position":3,"name":"\u00c1lbum Saja Boys (Editorial Woow Stickers) + Set completo de figuras para pegar"}]},{"@type":"WebSite","@id":"https:\/\/megacolecciones.pe\/#website","url":"https:\/\/megacolecciones.pe\/","name":"Mega Collections","description":"Tienda de \u00e1lbumes, taps y cards","publisher":{"@id":"https:\/\/megacolecciones.pe\/#organization"},"potentialAction":[{"@type":"SearchAction","target":{"@type":"EntryPoint","urlTemplate":"https:\/\/megacolecciones.pe\/?s={search_term_string}"},"query-input":{"@type":"PropertyValueSpecification","valueRequired":true,"valueName":"search_term_string"}}],"inLanguage":"en-US"},{"@type":"Organization","@id":"https:\/\/megacolecciones.pe\/#organization","name":"Mega Collections","url":"https:\/\/megacolecciones.pe\/","logo":{"@type":"ImageObject","inLanguage":"en-US","@id":"https:\/\/megacolecciones.pe\/#\/schema\/logo\/image\/","url":"http:\/\/megacolecciones.pe\/wp-content\/uploads\/2023\/09\/logo-mega.png","contentUrl":"http:\/\/megacolecciones.pe\/wp-content\/uploads\/2023\/09\/logo-mega.png","width":285,"height":100,"caption":"Mega Colecciones"},"image":{"@id":"https:\/\/megacolecciones.pe\/#\/schema\/logo\/image\/"},"sameAs":["https:\/\/www.facebook.com\/megacolecciones","https:\/\/www.instagram.com\/megacolecciones\/"],"hasMerchantReturnPolicy":{"@type":"MerchantReturnPolicy","merchantReturnLink":"https:\/\/megacolecciones.pe\/en\/terminos-y-condiciones\/"}}]},"product_price_amount":"50.00","product_price_currency":"PEN","og_availability":"instock","product_availability":"instock","product_condition":"new"},"_links":{"self":[{"href":"https:\/\/megacolecciones.pe\/en\/wp-json\/wp\/v2\/product\/35247","targetHints":{"allow":["GET"]}}],"collection":[{"href":"https:\/\/megacolecciones.pe\/en\/wp-json\/wp\/v2\/product"}],"about":[{"href":"https:\/\/megacolecciones.pe\/en\/wp-json\/wp\/v2\/types\/product"}],"version-history":[{"count":2,"href":"https:\/\/megacolecciones.pe\/en\/wp-json\/wp\/v2\/product\/35247\/revisions"}],"predecessor-version":[{"id":35487,"href":"https:\/\/megacolecciones.pe\/en\/wp-json\/wp\/v2\/product\/35247\/revisions\/35487"}],"wp:featuredmedia":[{"embeddable":true,"href":"https:\/\/megacolecciones.pe\/en\/wp-json\/wp\/v2\/media\/35249"}],"wp:attachment":[{"href":"https:\/\/megacolecciones.pe\/en\/wp-json\/wp\/v2\/media?parent=35247"}],"wp:term":[{"taxonomy":"product_brand","embeddable":true,"href":"https:\/\/megacolecciones.pe\/en\/wp-json\/wp\/v2\/product_brand?post=35247"},{"taxonomy":"product_cat","embeddable":true,"href":"https:\/\/megacolecciones.pe\/en\/wp-json\/wp\/v2\/product_cat?post=35247"},{"taxonomy":"product_tag","embeddable":true,"href":"https:\/\/megacolecciones.pe\/en\/wp-json\/wp\/v2\/product_tag?post=35247"}],"curies":[{"name":"wp","href":"https:\/\/api.w.org\/{rel}","templated":true}]}}