{"id":35112,"date":"2025-11-18T15:22:37","date_gmt":"2025-11-18T20:22:37","guid":{"rendered":"https:\/\/megacolecciones.pe\/?post_type=product&#038;p=35112"},"modified":"2025-11-18T15:22:38","modified_gmt":"2025-11-18T20:22:38","slug":"album-hello-kitty-and-friends-panini","status":"publish","type":"product","link":"https:\/\/megacolecciones.pe\/en\/product\/album-hello-kitty-and-friends-panini\/","title":{"rendered":"\u00c1lbum Hello Kitty and Friends (Panini) + Set completo de figuras para pegar"},"content":{"rendered":"<p data-start=\"645\" data-end=\"929\"><span style=\"font-family: arial, helvetica, sans-serif;\">Conoce el nuevo <strong data-start=\"661\" data-end=\"694\">\u00c1lbum Hello Kitty and Friends<\/strong> de la Editorial <strong data-start=\"711\" data-end=\"721\">Panini<\/strong>, totalmente licenciado y lleno de ternura, colores y personajes cl\u00e1sicos de Sanrio. Esta edici\u00f3n incluye <strong data-start=\"827\" data-end=\"873\">todo el set completo de figuras para pegar<\/strong>, listo para llenar sin necesidad de sobres adicionales.<\/span><\/p>\n<p data-start=\"931\" data-end=\"1166\"><span style=\"font-family: arial, helvetica, sans-serif;\">Perfecto para ni\u00f1as, fans de Hello Kitty, coleccionistas y amantes de las ediciones oficiales de Panini. Cada p\u00e1gina est\u00e1 dise\u00f1ada con ilustraciones adorables y secciones coleccionables que hacen de este \u00e1lbum una pieza imprescindible.<\/span><\/p>","protected":false},"excerpt":{"rendered":"<p>Conoce el nuevo \u00c1lbum Hello Kitty and Friends de la Editorial Panini, totalmente licenciado y lleno de ternura, colores y personajes cl\u00e1sicos de Sanrio. Esta edici\u00f3n incluye todo el set completo de figuras para pegar, listo para llenar sin necesidad de sobres adicionales. Perfecto para ni\u00f1as, fans de Hello Kitty, coleccionistas y amantes de las [&hellip;]<\/p>\n","protected":false},"featured_media":35113,"template":"","meta":[],"product_brand":[],"product_cat":[230,234],"product_tag":[],"class_list":{"0":"post-35112","1":"product","2":"type-product","3":"status-publish","4":"has-post-thumbnail","6":"product_cat-colecciones-licenciadas","7":"product_cat-colecciones-panini","9":"first","10":"instock","11":"shipping-taxable","12":"purchasable","13":"product-type-simple"},"yoast_head":"<!-- This site is optimized with the Yoast SEO Premium plugin v23.5 (Yoast SEO v27.4) - https:\/\/yoast.com\/product\/yoast-seo-premium-wordpress\/ -->\n<title>\u00c1lbum Hello Kitty and Friends (Panini) + Set completo de figuras para pegar | Megacolecciones<\/title>\n<meta name=\"description\" content=\"\u00c1lbum oficial Hello Kitty and Friends de Panini. Producto licenciado e incluye el set completo de figuras para\u00c1lbum oficial Hello Kitty and Friends de Panini. Producto licenciado e incluye el set completo de figuras para pegar.\" \/>\n<meta name=\"robots\" content=\"index, follow, max-snippet:-1, max-image-preview:large, max-video-preview:-1\" \/>\n<link rel=\"canonical\" href=\"https:\/\/megacolecciones.pe\/en\/product\/album-hello-kitty-and-friends-panini\/\" \/>\n<meta property=\"og:locale\" content=\"en_US\" \/>\n<meta property=\"og:type\" content=\"article\" \/>\n<meta property=\"og:title\" content=\"\u00c1lbum Hello Kitty and Friends (Panini) + Set completo de figuras para pegar\" \/>\n<meta property=\"og:description\" content=\"\u00c1lbum oficial Hello Kitty and Friends de Panini. Producto licenciado e incluye el set completo de figuras para\u00c1lbum oficial Hello Kitty and Friends de Panini. Producto licenciado e incluye el set completo de figuras para pegar.\" \/>\n<meta property=\"og:url\" content=\"https:\/\/megacolecciones.pe\/en\/product\/album-hello-kitty-and-friends-panini\/\" \/>\n<meta property=\"og:site_name\" content=\"Megacolecciones\" \/>\n<meta property=\"article:publisher\" content=\"https:\/\/www.facebook.com\/megacolecciones\" \/>\n<meta property=\"article:modified_time\" content=\"2025-11-18T20:22:38+00:00\" \/>\n<meta property=\"og:image\" content=\"https:\/\/megacolecciones.pe\/wp-content\/uploads\/2025\/11\/kello-kitty-scaled.jpg\" \/>\n\t<meta property=\"og:image:width\" content=\"2560\" \/>\n\t<meta property=\"og:image:height\" content=\"2560\" \/>\n\t<meta property=\"og:image:type\" content=\"image\/jpeg\" \/>\n<meta name=\"twitter:card\" content=\"summary_large_image\" \/>\n<meta name=\"twitter:label1\" content=\"Price\" \/>\n\t<meta name=\"twitter:data1\" content=\"S\/200.00\" \/>\n\t<meta name=\"twitter:label2\" content=\"Availability\" \/>\n\t<meta name=\"twitter:data2\" content=\"In stock\" \/>\n<script type=\"application\/ld+json\" class=\"yoast-schema-graph\">{\"@context\":\"https:\\\/\\\/schema.org\",\"@graph\":[{\"@type\":\"WebPage\",\"@id\":\"https:\\\/\\\/megacolecciones.pe\\\/producto\\\/album-hello-kitty-and-friends-panini\\\/\",\"url\":\"https:\\\/\\\/megacolecciones.pe\\\/producto\\\/album-hello-kitty-and-friends-panini\\\/\",\"name\":\"\u00c1lbum Hello Kitty and Friends (Panini) + Set completo de figuras para pegar | Megacolecciones\",\"isPartOf\":{\"@id\":\"https:\\\/\\\/megacolecciones.pe\\\/#website\"},\"primaryImageOfPage\":{\"@id\":\"https:\\\/\\\/megacolecciones.pe\\\/producto\\\/album-hello-kitty-and-friends-panini\\\/#primaryimage\"},\"image\":{\"@id\":\"https:\\\/\\\/megacolecciones.pe\\\/producto\\\/album-hello-kitty-and-friends-panini\\\/#primaryimage\"},\"thumbnailUrl\":\"https:\\\/\\\/megacolecciones.pe\\\/wp-content\\\/uploads\\\/2025\\\/11\\\/kello-kitty-scaled.jpg\",\"datePublished\":\"2025-11-18T20:22:37+00:00\",\"dateModified\":\"2025-11-18T20:22:38+00:00\",\"description\":\"\u00c1lbum oficial Hello Kitty and Friends de Panini. Producto licenciado e incluye el set completo de figuras para\u00c1lbum oficial Hello Kitty and Friends de Panini. Producto licenciado e incluye el set completo de figuras para pegar.\",\"breadcrumb\":{\"@id\":\"https:\\\/\\\/megacolecciones.pe\\\/producto\\\/album-hello-kitty-and-friends-panini\\\/#breadcrumb\"},\"inLanguage\":\"en-US\",\"potentialAction\":[{\"@type\":\"ReadAction\",\"target\":[\"https:\\\/\\\/megacolecciones.pe\\\/producto\\\/album-hello-kitty-and-friends-panini\\\/\"]}]},{\"@type\":\"ImageObject\",\"inLanguage\":\"en-US\",\"@id\":\"https:\\\/\\\/megacolecciones.pe\\\/producto\\\/album-hello-kitty-and-friends-panini\\\/#primaryimage\",\"url\":\"https:\\\/\\\/megacolecciones.pe\\\/wp-content\\\/uploads\\\/2025\\\/11\\\/kello-kitty-scaled.jpg\",\"contentUrl\":\"https:\\\/\\\/megacolecciones.pe\\\/wp-content\\\/uploads\\\/2025\\\/11\\\/kello-kitty-scaled.jpg\",\"width\":2560,\"height\":2560},{\"@type\":\"BreadcrumbList\",\"@id\":\"https:\\\/\\\/megacolecciones.pe\\\/producto\\\/album-hello-kitty-and-friends-panini\\\/#breadcrumb\",\"itemListElement\":[{\"@type\":\"ListItem\",\"position\":1,\"name\":\"Home\",\"item\":\"https:\\\/\\\/megacolecciones.pe\\\/\"},{\"@type\":\"ListItem\",\"position\":2,\"name\":\"Tienda\",\"item\":\"https:\\\/\\\/megacolecciones.pe\\\/tienda\\\/\"},{\"@type\":\"ListItem\",\"position\":3,\"name\":\"\u00c1lbum Hello Kitty and Friends (Panini) + Set completo de figuras para pegar\"}]},{\"@type\":\"WebSite\",\"@id\":\"https:\\\/\\\/megacolecciones.pe\\\/#website\",\"url\":\"https:\\\/\\\/megacolecciones.pe\\\/\",\"name\":\"Mega Colecciones\",\"description\":\"Tienda de \u00e1lbumes, taps y cards\",\"publisher\":{\"@id\":\"https:\\\/\\\/megacolecciones.pe\\\/#organization\"},\"potentialAction\":[{\"@type\":\"SearchAction\",\"target\":{\"@type\":\"EntryPoint\",\"urlTemplate\":\"https:\\\/\\\/megacolecciones.pe\\\/?s={search_term_string}\"},\"query-input\":{\"@type\":\"PropertyValueSpecification\",\"valueRequired\":true,\"valueName\":\"search_term_string\"}}],\"inLanguage\":\"en-US\"},{\"@type\":\"Organization\",\"@id\":\"https:\\\/\\\/megacolecciones.pe\\\/#organization\",\"name\":\"Mega Colecciones\",\"url\":\"https:\\\/\\\/megacolecciones.pe\\\/\",\"logo\":{\"@type\":\"ImageObject\",\"inLanguage\":\"en-US\",\"@id\":\"https:\\\/\\\/megacolecciones.pe\\\/#\\\/schema\\\/logo\\\/image\\\/\",\"url\":\"http:\\\/\\\/megacolecciones.pe\\\/wp-content\\\/uploads\\\/2023\\\/09\\\/logo-mega.png\",\"contentUrl\":\"http:\\\/\\\/megacolecciones.pe\\\/wp-content\\\/uploads\\\/2023\\\/09\\\/logo-mega.png\",\"width\":285,\"height\":100,\"caption\":\"Mega Colecciones\"},\"image\":{\"@id\":\"https:\\\/\\\/megacolecciones.pe\\\/#\\\/schema\\\/logo\\\/image\\\/\"},\"sameAs\":[\"https:\\\/\\\/www.facebook.com\\\/megacolecciones\",\"https:\\\/\\\/www.instagram.com\\\/megacolecciones\\\/\"],\"hasMerchantReturnPolicy\":{\"@type\":\"MerchantReturnPolicy\",\"merchantReturnLink\":\"https:\\\/\\\/megacolecciones.pe\\\/en\\\/terminos-y-condiciones\\\/\"}}]}<\/script>\n<meta property=\"product:price:amount\" content=\"200.00\" \/>\n<meta property=\"product:price:currency\" content=\"PEN\" \/>\n<meta property=\"og:availability\" content=\"instock\" \/>\n<meta property=\"product:availability\" content=\"instock\" \/>\n<meta property=\"product:condition\" content=\"new\" \/>\n<!-- \/ Yoast SEO Premium plugin. -->","yoast_head_json":{"title":"\u00c1lbum Hello Kitty and Friends (Panini) + Set completo de figuras para pegar | Megacolecciones","description":"\u00c1lbum oficial Hello Kitty and Friends de Panini. Producto licenciado e incluye el set completo de figuras para\u00c1lbum oficial Hello Kitty and Friends de Panini. Producto licenciado e incluye el set completo de figuras para pegar.","robots":{"index":"index","follow":"follow","max-snippet":"max-snippet:-1","max-image-preview":"max-image-preview:large","max-video-preview":"max-video-preview:-1"},"canonical":"https:\/\/megacolecciones.pe\/en\/product\/album-hello-kitty-and-friends-panini\/","og_locale":"en_US","og_type":"article","og_title":"\u00c1lbum Hello Kitty and Friends (Panini) + Set completo de figuras para pegar","og_description":"\u00c1lbum oficial Hello Kitty and Friends de Panini. Producto licenciado e incluye el set completo de figuras para\u00c1lbum oficial Hello Kitty and Friends de Panini. Producto licenciado e incluye el set completo de figuras para pegar.","og_url":"https:\/\/megacolecciones.pe\/en\/product\/album-hello-kitty-and-friends-panini\/","og_site_name":"Megacolecciones","article_publisher":"https:\/\/www.facebook.com\/megacolecciones","article_modified_time":"2025-11-18T20:22:38+00:00","og_image":[{"width":2560,"height":2560,"url":"https:\/\/megacolecciones.pe\/wp-content\/uploads\/2025\/11\/kello-kitty-scaled.jpg","type":"image\/jpeg"}],"twitter_card":"summary_large_image","twitter_misc":{"Price":"S\/200.00","Availability":"In stock"},"schema":{"@context":"https:\/\/schema.org","@graph":[{"@type":"WebPage","@id":"https:\/\/megacolecciones.pe\/producto\/album-hello-kitty-and-friends-panini\/","url":"https:\/\/megacolecciones.pe\/producto\/album-hello-kitty-and-friends-panini\/","name":"\u00c1lbum Hello Kitty and Friends (Panini) + Set completo de figuras para pegar | Megacolecciones","isPartOf":{"@id":"https:\/\/megacolecciones.pe\/#website"},"primaryImageOfPage":{"@id":"https:\/\/megacolecciones.pe\/producto\/album-hello-kitty-and-friends-panini\/#primaryimage"},"image":{"@id":"https:\/\/megacolecciones.pe\/producto\/album-hello-kitty-and-friends-panini\/#primaryimage"},"thumbnailUrl":"https:\/\/megacolecciones.pe\/wp-content\/uploads\/2025\/11\/kello-kitty-scaled.jpg","datePublished":"2025-11-18T20:22:37+00:00","dateModified":"2025-11-18T20:22:38+00:00","description":"\u00c1lbum oficial Hello Kitty and Friends de Panini. Producto licenciado e incluye el set completo de figuras para\u00c1lbum oficial Hello Kitty and Friends de Panini. Producto licenciado e incluye el set completo de figuras para pegar.","breadcrumb":{"@id":"https:\/\/megacolecciones.pe\/producto\/album-hello-kitty-and-friends-panini\/#breadcrumb"},"inLanguage":"en-US","potentialAction":[{"@type":"ReadAction","target":["https:\/\/megacolecciones.pe\/producto\/album-hello-kitty-and-friends-panini\/"]}]},{"@type":"ImageObject","inLanguage":"en-US","@id":"https:\/\/megacolecciones.pe\/producto\/album-hello-kitty-and-friends-panini\/#primaryimage","url":"https:\/\/megacolecciones.pe\/wp-content\/uploads\/2025\/11\/kello-kitty-scaled.jpg","contentUrl":"https:\/\/megacolecciones.pe\/wp-content\/uploads\/2025\/11\/kello-kitty-scaled.jpg","width":2560,"height":2560},{"@type":"BreadcrumbList","@id":"https:\/\/megacolecciones.pe\/producto\/album-hello-kitty-and-friends-panini\/#breadcrumb","itemListElement":[{"@type":"ListItem","position":1,"name":"Home","item":"https:\/\/megacolecciones.pe\/"},{"@type":"ListItem","position":2,"name":"Tienda","item":"https:\/\/megacolecciones.pe\/tienda\/"},{"@type":"ListItem","position":3,"name":"\u00c1lbum Hello Kitty and Friends (Panini) + Set completo de figuras para pegar"}]},{"@type":"WebSite","@id":"https:\/\/megacolecciones.pe\/#website","url":"https:\/\/megacolecciones.pe\/","name":"Mega Collections","description":"Tienda de \u00e1lbumes, taps y cards","publisher":{"@id":"https:\/\/megacolecciones.pe\/#organization"},"potentialAction":[{"@type":"SearchAction","target":{"@type":"EntryPoint","urlTemplate":"https:\/\/megacolecciones.pe\/?s={search_term_string}"},"query-input":{"@type":"PropertyValueSpecification","valueRequired":true,"valueName":"search_term_string"}}],"inLanguage":"en-US"},{"@type":"Organization","@id":"https:\/\/megacolecciones.pe\/#organization","name":"Mega Collections","url":"https:\/\/megacolecciones.pe\/","logo":{"@type":"ImageObject","inLanguage":"en-US","@id":"https:\/\/megacolecciones.pe\/#\/schema\/logo\/image\/","url":"http:\/\/megacolecciones.pe\/wp-content\/uploads\/2023\/09\/logo-mega.png","contentUrl":"http:\/\/megacolecciones.pe\/wp-content\/uploads\/2023\/09\/logo-mega.png","width":285,"height":100,"caption":"Mega Colecciones"},"image":{"@id":"https:\/\/megacolecciones.pe\/#\/schema\/logo\/image\/"},"sameAs":["https:\/\/www.facebook.com\/megacolecciones","https:\/\/www.instagram.com\/megacolecciones\/"],"hasMerchantReturnPolicy":{"@type":"MerchantReturnPolicy","merchantReturnLink":"https:\/\/megacolecciones.pe\/en\/terminos-y-condiciones\/"}}]},"product_price_amount":"200.00","product_price_currency":"PEN","og_availability":"instock","product_availability":"instock","product_condition":"new"},"_links":{"self":[{"href":"https:\/\/megacolecciones.pe\/en\/wp-json\/wp\/v2\/product\/35112","targetHints":{"allow":["GET"]}}],"collection":[{"href":"https:\/\/megacolecciones.pe\/en\/wp-json\/wp\/v2\/product"}],"about":[{"href":"https:\/\/megacolecciones.pe\/en\/wp-json\/wp\/v2\/types\/product"}],"version-history":[{"count":1,"href":"https:\/\/megacolecciones.pe\/en\/wp-json\/wp\/v2\/product\/35112\/revisions"}],"predecessor-version":[{"id":35114,"href":"https:\/\/megacolecciones.pe\/en\/wp-json\/wp\/v2\/product\/35112\/revisions\/35114"}],"wp:featuredmedia":[{"embeddable":true,"href":"https:\/\/megacolecciones.pe\/en\/wp-json\/wp\/v2\/media\/35113"}],"wp:attachment":[{"href":"https:\/\/megacolecciones.pe\/en\/wp-json\/wp\/v2\/media?parent=35112"}],"wp:term":[{"taxonomy":"product_brand","embeddable":true,"href":"https:\/\/megacolecciones.pe\/en\/wp-json\/wp\/v2\/product_brand?post=35112"},{"taxonomy":"product_cat","embeddable":true,"href":"https:\/\/megacolecciones.pe\/en\/wp-json\/wp\/v2\/product_cat?post=35112"},{"taxonomy":"product_tag","embeddable":true,"href":"https:\/\/megacolecciones.pe\/en\/wp-json\/wp\/v2\/product_tag?post=35112"}],"curies":[{"name":"wp","href":"https:\/\/api.w.org\/{rel}","templated":true}]}}