{"id":35109,"date":"2025-11-18T14:56:31","date_gmt":"2025-11-18T19:56:31","guid":{"rendered":"https:\/\/megacolecciones.pe\/?post_type=product&#038;p=35109"},"modified":"2025-11-18T14:56:32","modified_gmt":"2025-11-18T19:56:32","slug":"album-knights-of-the-zodiac-caballeros-del-zodiaco","status":"publish","type":"product","link":"https:\/\/megacolecciones.pe\/en\/product\/album-knights-of-the-zodiac-caballeros-del-zodiaco\/","title":{"rendered":"\u00c1lbum Caballeros del Zodiaco: Knights of the Zodiac + Set completo de figuras para pegar"},"content":{"rendered":"<p data-start=\"645\" data-end=\"899\"><span style=\"font-family: arial, helvetica, sans-serif;\">Revive la magia de los Caballeros del Zodiaco con la reedici\u00f3n del <strong data-start=\"712\" data-end=\"743\">\u00c1lbum Knights of the Zodiac<\/strong>, inspirado en la ic\u00f3nica versi\u00f3n que sali\u00f3 en Tailandia. Una pieza \u00fanica para fans y coleccionistas que buscan algo distinto a las ediciones tradicionales.<\/span><\/p>\n<p data-start=\"901\" data-end=\"1072\"><span style=\"font-family: arial, helvetica, sans-serif;\">Este \u00e1lbum incluye <strong data-start=\"920\" data-end=\"966\">todo el set completo de figuras para pegar<\/strong>, listo para llenar desde la primera p\u00e1gina. No necesitas sobres adicionales: la colecci\u00f3n llega completa.<\/span><\/p>\n<p data-start=\"1074\" data-end=\"1282\"><span style=\"font-family: arial, helvetica, sans-serif;\">Con ilustraciones, personajes y escenas cl\u00e1sicas de Seiya, Shiryu, Hyoga, Shun, Ikki y los Caballeros Dorados, esta edici\u00f3n es una verdadera joya para quienes aman Saint Seiya y sus versiones internacionales.<\/span><\/p>\n<p data-start=\"1284\" data-end=\"1344\"><span style=\"font-family: arial, helvetica, sans-serif;\">Exclusivo en <strong data-start=\"1297\" data-end=\"1316\">Megacolecciones.<\/strong><\/span><\/p>","protected":false},"excerpt":{"rendered":"<p><span style=\"font-family: arial, helvetica, sans-serif;\">La megacolecci\u00f3n incluye:\u00a0<\/span><\/p>\n<p><span style=\"font-family: arial, helvetica, sans-serif;\">\u2705 \u00c1lbum vac\u00edo a full color.<\/span><\/p>\n<p><span style=\"font-family: arial, helvetica, sans-serif;\">\u2705 Set completo de figuras para pegar (normales y especiales).<\/span><\/p>","protected":false},"featured_media":35110,"template":"","meta":[],"product_brand":[],"product_cat":[219,228],"product_tag":[],"class_list":{"0":"post-35109","1":"product","2":"type-product","3":"status-publish","4":"has-post-thumbnail","6":"product_cat-albumes-completos","7":"product_cat-mega-colecciones","9":"first","10":"instock","11":"shipping-taxable","12":"purchasable","13":"product-type-simple"},"yoast_head":"<!-- This site is optimized with the Yoast SEO Premium plugin v23.5 (Yoast SEO v27.4) - https:\/\/yoast.com\/product\/yoast-seo-premium-wordpress\/ -->\n<title>\u00c1lbum Caballeros del Zodiaco: Knights of the Zodiac + Set completo de figuras para pegar | Megacolecciones<\/title>\n<meta name=\"description\" content=\"Reedici\u00f3n del \u00e1lbum Knights of the Zodiac, inspirado en la edici\u00f3n que sali\u00f3 en Tailandia. Incluye el set completo de figuras para pegar. Disponible en Megacolecciones.\" \/>\n<meta name=\"robots\" content=\"index, follow, max-snippet:-1, max-image-preview:large, max-video-preview:-1\" \/>\n<link rel=\"canonical\" href=\"https:\/\/megacolecciones.pe\/en\/product\/album-knights-of-the-zodiac-caballeros-del-zodiaco\/\" \/>\n<meta property=\"og:locale\" content=\"en_US\" \/>\n<meta property=\"og:type\" content=\"article\" \/>\n<meta property=\"og:title\" content=\"\u00c1lbum Caballeros del Zodiaco: Knights of the Zodiac + Set completo de figuras para pegar\" \/>\n<meta property=\"og:description\" content=\"Reedici\u00f3n del \u00e1lbum Knights of the Zodiac, inspirado en la edici\u00f3n que sali\u00f3 en Tailandia. Incluye el set completo de figuras para pegar. Disponible en Megacolecciones.\" \/>\n<meta property=\"og:url\" content=\"https:\/\/megacolecciones.pe\/en\/product\/album-knights-of-the-zodiac-caballeros-del-zodiaco\/\" \/>\n<meta property=\"og:site_name\" content=\"Megacolecciones\" \/>\n<meta property=\"article:publisher\" content=\"https:\/\/www.facebook.com\/megacolecciones\" \/>\n<meta property=\"article:modified_time\" content=\"2025-11-18T19:56:32+00:00\" \/>\n<meta property=\"og:image\" content=\"https:\/\/megacolecciones.pe\/wp-content\/uploads\/2025\/11\/cdz-web-scaled.jpg\" \/>\n\t<meta property=\"og:image:width\" content=\"2560\" \/>\n\t<meta property=\"og:image:height\" content=\"2560\" \/>\n\t<meta property=\"og:image:type\" content=\"image\/jpeg\" \/>\n<meta name=\"twitter:card\" content=\"summary_large_image\" \/>\n<meta name=\"twitter:label1\" content=\"Price\" \/>\n\t<meta name=\"twitter:data1\" content=\"S\/50.00\" \/>\n\t<meta name=\"twitter:label2\" content=\"Availability\" \/>\n\t<meta name=\"twitter:data2\" content=\"In stock\" \/>\n<script type=\"application\/ld+json\" class=\"yoast-schema-graph\">{\"@context\":\"https:\\\/\\\/schema.org\",\"@graph\":[{\"@type\":\"WebPage\",\"@id\":\"https:\\\/\\\/megacolecciones.pe\\\/producto\\\/album-knights-of-the-zodiac-caballeros-del-zodiaco\\\/\",\"url\":\"https:\\\/\\\/megacolecciones.pe\\\/producto\\\/album-knights-of-the-zodiac-caballeros-del-zodiaco\\\/\",\"name\":\"\u00c1lbum Caballeros del Zodiaco: Knights of the Zodiac + Set completo de figuras para pegar | Megacolecciones\",\"isPartOf\":{\"@id\":\"https:\\\/\\\/megacolecciones.pe\\\/#website\"},\"primaryImageOfPage\":{\"@id\":\"https:\\\/\\\/megacolecciones.pe\\\/producto\\\/album-knights-of-the-zodiac-caballeros-del-zodiaco\\\/#primaryimage\"},\"image\":{\"@id\":\"https:\\\/\\\/megacolecciones.pe\\\/producto\\\/album-knights-of-the-zodiac-caballeros-del-zodiaco\\\/#primaryimage\"},\"thumbnailUrl\":\"https:\\\/\\\/megacolecciones.pe\\\/wp-content\\\/uploads\\\/2025\\\/11\\\/cdz-web-scaled.jpg\",\"datePublished\":\"2025-11-18T19:56:31+00:00\",\"dateModified\":\"2025-11-18T19:56:32+00:00\",\"description\":\"Reedici\u00f3n del \u00e1lbum Knights of the Zodiac, inspirado en la edici\u00f3n que sali\u00f3 en Tailandia. Incluye el set completo de figuras para pegar. Disponible en Megacolecciones.\",\"breadcrumb\":{\"@id\":\"https:\\\/\\\/megacolecciones.pe\\\/producto\\\/album-knights-of-the-zodiac-caballeros-del-zodiaco\\\/#breadcrumb\"},\"inLanguage\":\"en-US\",\"potentialAction\":[{\"@type\":\"ReadAction\",\"target\":[\"https:\\\/\\\/megacolecciones.pe\\\/producto\\\/album-knights-of-the-zodiac-caballeros-del-zodiaco\\\/\"]}]},{\"@type\":\"ImageObject\",\"inLanguage\":\"en-US\",\"@id\":\"https:\\\/\\\/megacolecciones.pe\\\/producto\\\/album-knights-of-the-zodiac-caballeros-del-zodiaco\\\/#primaryimage\",\"url\":\"https:\\\/\\\/megacolecciones.pe\\\/wp-content\\\/uploads\\\/2025\\\/11\\\/cdz-web-scaled.jpg\",\"contentUrl\":\"https:\\\/\\\/megacolecciones.pe\\\/wp-content\\\/uploads\\\/2025\\\/11\\\/cdz-web-scaled.jpg\",\"width\":2560,\"height\":2560},{\"@type\":\"BreadcrumbList\",\"@id\":\"https:\\\/\\\/megacolecciones.pe\\\/producto\\\/album-knights-of-the-zodiac-caballeros-del-zodiaco\\\/#breadcrumb\",\"itemListElement\":[{\"@type\":\"ListItem\",\"position\":1,\"name\":\"Home\",\"item\":\"https:\\\/\\\/megacolecciones.pe\\\/\"},{\"@type\":\"ListItem\",\"position\":2,\"name\":\"Tienda\",\"item\":\"https:\\\/\\\/megacolecciones.pe\\\/tienda\\\/\"},{\"@type\":\"ListItem\",\"position\":3,\"name\":\"\u00c1lbum Caballeros del Zodiaco: Knights of the Zodiac + Set completo de figuras para pegar\"}]},{\"@type\":\"WebSite\",\"@id\":\"https:\\\/\\\/megacolecciones.pe\\\/#website\",\"url\":\"https:\\\/\\\/megacolecciones.pe\\\/\",\"name\":\"Mega Colecciones\",\"description\":\"Tienda de \u00e1lbumes, taps y cards\",\"publisher\":{\"@id\":\"https:\\\/\\\/megacolecciones.pe\\\/#organization\"},\"potentialAction\":[{\"@type\":\"SearchAction\",\"target\":{\"@type\":\"EntryPoint\",\"urlTemplate\":\"https:\\\/\\\/megacolecciones.pe\\\/?s={search_term_string}\"},\"query-input\":{\"@type\":\"PropertyValueSpecification\",\"valueRequired\":true,\"valueName\":\"search_term_string\"}}],\"inLanguage\":\"en-US\"},{\"@type\":\"Organization\",\"@id\":\"https:\\\/\\\/megacolecciones.pe\\\/#organization\",\"name\":\"Mega Colecciones\",\"url\":\"https:\\\/\\\/megacolecciones.pe\\\/\",\"logo\":{\"@type\":\"ImageObject\",\"inLanguage\":\"en-US\",\"@id\":\"https:\\\/\\\/megacolecciones.pe\\\/#\\\/schema\\\/logo\\\/image\\\/\",\"url\":\"http:\\\/\\\/megacolecciones.pe\\\/wp-content\\\/uploads\\\/2023\\\/09\\\/logo-mega.png\",\"contentUrl\":\"http:\\\/\\\/megacolecciones.pe\\\/wp-content\\\/uploads\\\/2023\\\/09\\\/logo-mega.png\",\"width\":285,\"height\":100,\"caption\":\"Mega Colecciones\"},\"image\":{\"@id\":\"https:\\\/\\\/megacolecciones.pe\\\/#\\\/schema\\\/logo\\\/image\\\/\"},\"sameAs\":[\"https:\\\/\\\/www.facebook.com\\\/megacolecciones\",\"https:\\\/\\\/www.instagram.com\\\/megacolecciones\\\/\"],\"hasMerchantReturnPolicy\":{\"@type\":\"MerchantReturnPolicy\",\"merchantReturnLink\":\"https:\\\/\\\/megacolecciones.pe\\\/en\\\/terminos-y-condiciones\\\/\"}}]}<\/script>\n<meta property=\"product:price:amount\" content=\"50.00\" \/>\n<meta property=\"product:price:currency\" content=\"PEN\" \/>\n<meta property=\"og:availability\" content=\"instock\" \/>\n<meta property=\"product:availability\" content=\"instock\" \/>\n<meta property=\"product:condition\" content=\"new\" \/>\n<!-- \/ Yoast SEO Premium plugin. -->","yoast_head_json":{"title":"\u00c1lbum Caballeros del Zodiaco: Knights of the Zodiac + Set completo de figuras para pegar | Megacolecciones","description":"Reedici\u00f3n del \u00e1lbum Knights of the Zodiac, inspirado en la edici\u00f3n que sali\u00f3 en Tailandia. Incluye el set completo de figuras para pegar. Disponible en Megacolecciones.","robots":{"index":"index","follow":"follow","max-snippet":"max-snippet:-1","max-image-preview":"max-image-preview:large","max-video-preview":"max-video-preview:-1"},"canonical":"https:\/\/megacolecciones.pe\/en\/product\/album-knights-of-the-zodiac-caballeros-del-zodiaco\/","og_locale":"en_US","og_type":"article","og_title":"\u00c1lbum Caballeros del Zodiaco: Knights of the Zodiac + Set completo de figuras para pegar","og_description":"Reedici\u00f3n del \u00e1lbum Knights of the Zodiac, inspirado en la edici\u00f3n que sali\u00f3 en Tailandia. Incluye el set completo de figuras para pegar. Disponible en Megacolecciones.","og_url":"https:\/\/megacolecciones.pe\/en\/product\/album-knights-of-the-zodiac-caballeros-del-zodiaco\/","og_site_name":"Megacolecciones","article_publisher":"https:\/\/www.facebook.com\/megacolecciones","article_modified_time":"2025-11-18T19:56:32+00:00","og_image":[{"width":2560,"height":2560,"url":"https:\/\/megacolecciones.pe\/wp-content\/uploads\/2025\/11\/cdz-web-scaled.jpg","type":"image\/jpeg"}],"twitter_card":"summary_large_image","twitter_misc":{"Price":"S\/50.00","Availability":"In stock"},"schema":{"@context":"https:\/\/schema.org","@graph":[{"@type":"WebPage","@id":"https:\/\/megacolecciones.pe\/producto\/album-knights-of-the-zodiac-caballeros-del-zodiaco\/","url":"https:\/\/megacolecciones.pe\/producto\/album-knights-of-the-zodiac-caballeros-del-zodiaco\/","name":"\u00c1lbum Caballeros del Zodiaco: Knights of the Zodiac + Set completo de figuras para pegar | Megacolecciones","isPartOf":{"@id":"https:\/\/megacolecciones.pe\/#website"},"primaryImageOfPage":{"@id":"https:\/\/megacolecciones.pe\/producto\/album-knights-of-the-zodiac-caballeros-del-zodiaco\/#primaryimage"},"image":{"@id":"https:\/\/megacolecciones.pe\/producto\/album-knights-of-the-zodiac-caballeros-del-zodiaco\/#primaryimage"},"thumbnailUrl":"https:\/\/megacolecciones.pe\/wp-content\/uploads\/2025\/11\/cdz-web-scaled.jpg","datePublished":"2025-11-18T19:56:31+00:00","dateModified":"2025-11-18T19:56:32+00:00","description":"Reedici\u00f3n del \u00e1lbum Knights of the Zodiac, inspirado en la edici\u00f3n que sali\u00f3 en Tailandia. Incluye el set completo de figuras para pegar. Disponible en Megacolecciones.","breadcrumb":{"@id":"https:\/\/megacolecciones.pe\/producto\/album-knights-of-the-zodiac-caballeros-del-zodiaco\/#breadcrumb"},"inLanguage":"en-US","potentialAction":[{"@type":"ReadAction","target":["https:\/\/megacolecciones.pe\/producto\/album-knights-of-the-zodiac-caballeros-del-zodiaco\/"]}]},{"@type":"ImageObject","inLanguage":"en-US","@id":"https:\/\/megacolecciones.pe\/producto\/album-knights-of-the-zodiac-caballeros-del-zodiaco\/#primaryimage","url":"https:\/\/megacolecciones.pe\/wp-content\/uploads\/2025\/11\/cdz-web-scaled.jpg","contentUrl":"https:\/\/megacolecciones.pe\/wp-content\/uploads\/2025\/11\/cdz-web-scaled.jpg","width":2560,"height":2560},{"@type":"BreadcrumbList","@id":"https:\/\/megacolecciones.pe\/producto\/album-knights-of-the-zodiac-caballeros-del-zodiaco\/#breadcrumb","itemListElement":[{"@type":"ListItem","position":1,"name":"Home","item":"https:\/\/megacolecciones.pe\/"},{"@type":"ListItem","position":2,"name":"Tienda","item":"https:\/\/megacolecciones.pe\/tienda\/"},{"@type":"ListItem","position":3,"name":"\u00c1lbum Caballeros del Zodiaco: Knights of the Zodiac + Set completo de figuras para pegar"}]},{"@type":"WebSite","@id":"https:\/\/megacolecciones.pe\/#website","url":"https:\/\/megacolecciones.pe\/","name":"Mega Collections","description":"Tienda de \u00e1lbumes, taps y cards","publisher":{"@id":"https:\/\/megacolecciones.pe\/#organization"},"potentialAction":[{"@type":"SearchAction","target":{"@type":"EntryPoint","urlTemplate":"https:\/\/megacolecciones.pe\/?s={search_term_string}"},"query-input":{"@type":"PropertyValueSpecification","valueRequired":true,"valueName":"search_term_string"}}],"inLanguage":"en-US"},{"@type":"Organization","@id":"https:\/\/megacolecciones.pe\/#organization","name":"Mega Collections","url":"https:\/\/megacolecciones.pe\/","logo":{"@type":"ImageObject","inLanguage":"en-US","@id":"https:\/\/megacolecciones.pe\/#\/schema\/logo\/image\/","url":"http:\/\/megacolecciones.pe\/wp-content\/uploads\/2023\/09\/logo-mega.png","contentUrl":"http:\/\/megacolecciones.pe\/wp-content\/uploads\/2023\/09\/logo-mega.png","width":285,"height":100,"caption":"Mega Colecciones"},"image":{"@id":"https:\/\/megacolecciones.pe\/#\/schema\/logo\/image\/"},"sameAs":["https:\/\/www.facebook.com\/megacolecciones","https:\/\/www.instagram.com\/megacolecciones\/"],"hasMerchantReturnPolicy":{"@type":"MerchantReturnPolicy","merchantReturnLink":"https:\/\/megacolecciones.pe\/en\/terminos-y-condiciones\/"}}]},"product_price_amount":"50.00","product_price_currency":"PEN","og_availability":"instock","product_availability":"instock","product_condition":"new"},"_links":{"self":[{"href":"https:\/\/megacolecciones.pe\/en\/wp-json\/wp\/v2\/product\/35109","targetHints":{"allow":["GET"]}}],"collection":[{"href":"https:\/\/megacolecciones.pe\/en\/wp-json\/wp\/v2\/product"}],"about":[{"href":"https:\/\/megacolecciones.pe\/en\/wp-json\/wp\/v2\/types\/product"}],"version-history":[{"count":1,"href":"https:\/\/megacolecciones.pe\/en\/wp-json\/wp\/v2\/product\/35109\/revisions"}],"predecessor-version":[{"id":35111,"href":"https:\/\/megacolecciones.pe\/en\/wp-json\/wp\/v2\/product\/35109\/revisions\/35111"}],"wp:featuredmedia":[{"embeddable":true,"href":"https:\/\/megacolecciones.pe\/en\/wp-json\/wp\/v2\/media\/35110"}],"wp:attachment":[{"href":"https:\/\/megacolecciones.pe\/en\/wp-json\/wp\/v2\/media?parent=35109"}],"wp:term":[{"taxonomy":"product_brand","embeddable":true,"href":"https:\/\/megacolecciones.pe\/en\/wp-json\/wp\/v2\/product_brand?post=35109"},{"taxonomy":"product_cat","embeddable":true,"href":"https:\/\/megacolecciones.pe\/en\/wp-json\/wp\/v2\/product_cat?post=35109"},{"taxonomy":"product_tag","embeddable":true,"href":"https:\/\/megacolecciones.pe\/en\/wp-json\/wp\/v2\/product_tag?post=35109"}],"curies":[{"name":"wp","href":"https:\/\/api.w.org\/{rel}","templated":true}]}}