{"id":34944,"date":"2025-10-15T16:12:32","date_gmt":"2025-10-15T21:12:32","guid":{"rendered":"https:\/\/megacolecciones.pe\/?post_type=product&#038;p=34944"},"modified":"2025-12-20T14:11:05","modified_gmt":"2025-12-20T19:11:05","slug":"coleccion-completa-de-taps-de-pokemon-de-la-primera-generacion-version-shiny","status":"publish","type":"product","link":"https:\/\/megacolecciones.pe\/en\/product\/coleccion-completa-de-taps-de-pokemon-de-la-primera-generacion-version-shiny\/","title":{"rendered":"Colecci\u00f3n Completa de Taps de Pok\u00e9mon de la Primera Generaci\u00f3n Versi\u00f3n Shinys"},"content":{"rendered":"<p><span style=\"font-family: arial, helvetica, sans-serif;\">\u2705La megacolecci\u00f3n incluye:<\/span><\/p>\n<ul style=\"list-style-type: circle;\">\n<li><span style=\"font-family: arial, helvetica, sans-serif;\">151 Taps de la primera generaci\u00f3n versi\u00f3n Shinys.<\/span><\/li>\n<li><span style=\"font-family: arial, helvetica, sans-serif;\">01 Coleccionador para los taps<br \/>\n<\/span><\/li>\n<li><span style=\"font-family: arial, helvetica, sans-serif;\">01 F\u00e1ster para el coleccionador<\/span><\/li>\n<li><span style=\"font-family: arial, helvetica, sans-serif;\">Micas para taps<\/span><\/li>\n<\/ul>","protected":false},"excerpt":{"rendered":"<p data-start=\"116\" data-end=\"380\"><span style=\"font-family: arial, helvetica, sans-serif;\">Los Pok\u00e9mon de la Regi\u00f3n Kanto regresan\u2026<\/span><span style=\"font-family: arial, helvetica, sans-serif;\">en una edici\u00f3n completamente nueva, pensada para los verdaderos coleccionistas.<\/span><br data-start=\"223\" data-end=\"226\" \/><span style=\"font-family: arial, helvetica, sans-serif;\">Los 151 Pok\u00e9mon de la primera generaci\u00f3n llegan en su versi\u00f3n Shiny, con colores alternativos y un acabado reluciente que hace brillar cada detalle.<\/span><\/p>\n<p data-start=\"382\" data-end=\"603\"><span style=\"font-family: arial, helvetica, sans-serif;\">Una colecci\u00f3n in\u00e9dita que combina nostalgia y novedad.<\/span><span style=\"font-family: arial, helvetica, sans-serif;\">Cada tap es una joya \u00fanica dentro del universo Pok\u00e9mon, lista para ocupar su lugar en tu colecci\u00f3n definitiva.<\/span><\/p>\n<p data-start=\"382\" data-end=\"603\"><em>*Este producto requiere una semana de producci\u00f3n*<\/em><\/p>","protected":false},"featured_media":34945,"template":"","meta":[],"product_brand":[],"product_cat":[231,228],"product_tag":[],"class_list":{"0":"post-34944","1":"product","2":"type-product","3":"status-publish","4":"has-post-thumbnail","6":"product_cat-colecciones-de-taps","7":"product_cat-mega-colecciones","9":"first","10":"outofstock","11":"shipping-taxable","12":"purchasable","13":"product-type-simple"},"yoast_head":"<!-- This site is optimized with the Yoast SEO Premium plugin v23.5 (Yoast SEO v27.4) - https:\/\/yoast.com\/product\/yoast-seo-premium-wordpress\/ -->\n<title>Colecci\u00f3n Completa de Taps de Pok\u00e9mon de la Primera Generaci\u00f3n Versi\u00f3n Shinys | Megacolecciones<\/title>\n<meta name=\"robots\" content=\"index, follow, max-snippet:-1, max-image-preview:large, max-video-preview:-1\" \/>\n<link rel=\"canonical\" href=\"https:\/\/megacolecciones.pe\/en\/product\/coleccion-completa-de-taps-de-pokemon-de-la-primera-generacion-version-shiny\/\" \/>\n<meta property=\"og:locale\" content=\"en_US\" \/>\n<meta property=\"og:type\" content=\"article\" \/>\n<meta property=\"og:title\" content=\"Colecci\u00f3n Completa de Taps de Pok\u00e9mon de la Primera Generaci\u00f3n Versi\u00f3n Shinys\" \/>\n<meta property=\"og:description\" content=\"Los Pok\u00e9mon de la Regi\u00f3n Kanto regresan\u2026en una edici\u00f3n completamente nueva, pensada para los verdaderos coleccionistas.Los 151 Pok\u00e9mon de la primera generaci\u00f3n llegan en su versi\u00f3n Shiny, con colores alternativos y un acabado reluciente que hace brillar cada detalle. Una colecci\u00f3n in\u00e9dita que combina nostalgia y novedad.Cada tap es una joya \u00fanica dentro del universo Pok\u00e9mon, lista para ocupar su lugar en tu colecci\u00f3n definitiva. *Este producto requiere una semana de producci\u00f3n*\" \/>\n<meta property=\"og:url\" content=\"https:\/\/megacolecciones.pe\/en\/product\/coleccion-completa-de-taps-de-pokemon-de-la-primera-generacion-version-shiny\/\" \/>\n<meta property=\"og:site_name\" content=\"Megacolecciones\" \/>\n<meta property=\"article:publisher\" content=\"https:\/\/www.facebook.com\/megacolecciones\" \/>\n<meta property=\"article:modified_time\" content=\"2025-12-20T19:11:05+00:00\" \/>\n<meta property=\"og:image\" content=\"https:\/\/megacolecciones.pe\/wp-content\/uploads\/2025\/10\/Primera-Generacion-Shinys.jpg\" \/>\n\t<meta property=\"og:image:width\" content=\"1200\" \/>\n\t<meta property=\"og:image:height\" content=\"1200\" \/>\n\t<meta property=\"og:image:type\" content=\"image\/jpeg\" \/>\n<meta name=\"twitter:card\" content=\"summary_large_image\" \/>\n<meta name=\"twitter:label1\" content=\"Price\" \/>\n\t<meta name=\"twitter:data1\" content=\"S\/230.00\" \/>\n\t<meta name=\"twitter:label2\" content=\"Availability\" \/>\n\t<meta name=\"twitter:data2\" content=\"Out of stock\" \/>\n<script type=\"application\/ld+json\" class=\"yoast-schema-graph\">{\"@context\":\"https:\\\/\\\/schema.org\",\"@graph\":[{\"@type\":\"WebPage\",\"@id\":\"https:\\\/\\\/megacolecciones.pe\\\/producto\\\/coleccion-completa-de-taps-de-pokemon-de-la-primera-generacion-version-shiny\\\/\",\"url\":\"https:\\\/\\\/megacolecciones.pe\\\/producto\\\/coleccion-completa-de-taps-de-pokemon-de-la-primera-generacion-version-shiny\\\/\",\"name\":\"Colecci\u00f3n Completa de Taps de Pok\u00e9mon de la Primera Generaci\u00f3n Versi\u00f3n Shinys | Megacolecciones\",\"isPartOf\":{\"@id\":\"https:\\\/\\\/megacolecciones.pe\\\/#website\"},\"primaryImageOfPage\":{\"@id\":\"https:\\\/\\\/megacolecciones.pe\\\/producto\\\/coleccion-completa-de-taps-de-pokemon-de-la-primera-generacion-version-shiny\\\/#primaryimage\"},\"image\":{\"@id\":\"https:\\\/\\\/megacolecciones.pe\\\/producto\\\/coleccion-completa-de-taps-de-pokemon-de-la-primera-generacion-version-shiny\\\/#primaryimage\"},\"thumbnailUrl\":\"https:\\\/\\\/megacolecciones.pe\\\/wp-content\\\/uploads\\\/2025\\\/10\\\/Primera-Generacion-Shinys.jpg\",\"datePublished\":\"2025-10-15T21:12:32+00:00\",\"dateModified\":\"2025-12-20T19:11:05+00:00\",\"breadcrumb\":{\"@id\":\"https:\\\/\\\/megacolecciones.pe\\\/producto\\\/coleccion-completa-de-taps-de-pokemon-de-la-primera-generacion-version-shiny\\\/#breadcrumb\"},\"inLanguage\":\"en-US\",\"potentialAction\":[{\"@type\":\"ReadAction\",\"target\":[\"https:\\\/\\\/megacolecciones.pe\\\/producto\\\/coleccion-completa-de-taps-de-pokemon-de-la-primera-generacion-version-shiny\\\/\"]}]},{\"@type\":\"ImageObject\",\"inLanguage\":\"en-US\",\"@id\":\"https:\\\/\\\/megacolecciones.pe\\\/producto\\\/coleccion-completa-de-taps-de-pokemon-de-la-primera-generacion-version-shiny\\\/#primaryimage\",\"url\":\"https:\\\/\\\/megacolecciones.pe\\\/wp-content\\\/uploads\\\/2025\\\/10\\\/Primera-Generacion-Shinys.jpg\",\"contentUrl\":\"https:\\\/\\\/megacolecciones.pe\\\/wp-content\\\/uploads\\\/2025\\\/10\\\/Primera-Generacion-Shinys.jpg\",\"width\":1200,\"height\":1200},{\"@type\":\"BreadcrumbList\",\"@id\":\"https:\\\/\\\/megacolecciones.pe\\\/producto\\\/coleccion-completa-de-taps-de-pokemon-de-la-primera-generacion-version-shiny\\\/#breadcrumb\",\"itemListElement\":[{\"@type\":\"ListItem\",\"position\":1,\"name\":\"Home\",\"item\":\"https:\\\/\\\/megacolecciones.pe\\\/\"},{\"@type\":\"ListItem\",\"position\":2,\"name\":\"Tienda\",\"item\":\"https:\\\/\\\/megacolecciones.pe\\\/tienda\\\/\"},{\"@type\":\"ListItem\",\"position\":3,\"name\":\"Colecci\u00f3n Completa de Taps de Pok\u00e9mon de la Primera Generaci\u00f3n Versi\u00f3n Shinys\"}]},{\"@type\":\"WebSite\",\"@id\":\"https:\\\/\\\/megacolecciones.pe\\\/#website\",\"url\":\"https:\\\/\\\/megacolecciones.pe\\\/\",\"name\":\"Mega Colecciones\",\"description\":\"Tienda de \u00e1lbumes, taps y cards\",\"publisher\":{\"@id\":\"https:\\\/\\\/megacolecciones.pe\\\/#organization\"},\"potentialAction\":[{\"@type\":\"SearchAction\",\"target\":{\"@type\":\"EntryPoint\",\"urlTemplate\":\"https:\\\/\\\/megacolecciones.pe\\\/?s={search_term_string}\"},\"query-input\":{\"@type\":\"PropertyValueSpecification\",\"valueRequired\":true,\"valueName\":\"search_term_string\"}}],\"inLanguage\":\"en-US\"},{\"@type\":\"Organization\",\"@id\":\"https:\\\/\\\/megacolecciones.pe\\\/#organization\",\"name\":\"Mega Colecciones\",\"url\":\"https:\\\/\\\/megacolecciones.pe\\\/\",\"logo\":{\"@type\":\"ImageObject\",\"inLanguage\":\"en-US\",\"@id\":\"https:\\\/\\\/megacolecciones.pe\\\/#\\\/schema\\\/logo\\\/image\\\/\",\"url\":\"http:\\\/\\\/megacolecciones.pe\\\/wp-content\\\/uploads\\\/2023\\\/09\\\/logo-mega.png\",\"contentUrl\":\"http:\\\/\\\/megacolecciones.pe\\\/wp-content\\\/uploads\\\/2023\\\/09\\\/logo-mega.png\",\"width\":285,\"height\":100,\"caption\":\"Mega Colecciones\"},\"image\":{\"@id\":\"https:\\\/\\\/megacolecciones.pe\\\/#\\\/schema\\\/logo\\\/image\\\/\"},\"sameAs\":[\"https:\\\/\\\/www.facebook.com\\\/megacolecciones\",\"https:\\\/\\\/www.instagram.com\\\/megacolecciones\\\/\"],\"hasMerchantReturnPolicy\":{\"@type\":\"MerchantReturnPolicy\",\"merchantReturnLink\":\"https:\\\/\\\/megacolecciones.pe\\\/en\\\/terminos-y-condiciones\\\/\"}}]}<\/script>\n<meta property=\"product:price:amount\" content=\"230.00\" \/>\n<meta property=\"product:price:currency\" content=\"PEN\" \/>\n<meta property=\"og:availability\" content=\"out of stock\" \/>\n<meta property=\"product:availability\" content=\"out of stock\" \/>\n<meta property=\"product:condition\" content=\"new\" \/>\n<!-- \/ Yoast SEO Premium plugin. -->","yoast_head_json":{"title":"Colecci\u00f3n Completa de Taps de Pok\u00e9mon de la Primera Generaci\u00f3n Versi\u00f3n Shinys | Megacolecciones","robots":{"index":"index","follow":"follow","max-snippet":"max-snippet:-1","max-image-preview":"max-image-preview:large","max-video-preview":"max-video-preview:-1"},"canonical":"https:\/\/megacolecciones.pe\/en\/product\/coleccion-completa-de-taps-de-pokemon-de-la-primera-generacion-version-shiny\/","og_locale":"en_US","og_type":"article","og_title":"Colecci\u00f3n Completa de Taps de Pok\u00e9mon de la Primera Generaci\u00f3n Versi\u00f3n Shinys","og_description":"Los Pok\u00e9mon de la Regi\u00f3n Kanto regresan\u2026en una edici\u00f3n completamente nueva, pensada para los verdaderos coleccionistas.Los 151 Pok\u00e9mon de la primera generaci\u00f3n llegan en su versi\u00f3n Shiny, con colores alternativos y un acabado reluciente que hace brillar cada detalle. Una colecci\u00f3n in\u00e9dita que combina nostalgia y novedad.Cada tap es una joya \u00fanica dentro del universo Pok\u00e9mon, lista para ocupar su lugar en tu colecci\u00f3n definitiva. *Este producto requiere una semana de producci\u00f3n*","og_url":"https:\/\/megacolecciones.pe\/en\/product\/coleccion-completa-de-taps-de-pokemon-de-la-primera-generacion-version-shiny\/","og_site_name":"Megacolecciones","article_publisher":"https:\/\/www.facebook.com\/megacolecciones","article_modified_time":"2025-12-20T19:11:05+00:00","og_image":[{"width":1200,"height":1200,"url":"https:\/\/megacolecciones.pe\/wp-content\/uploads\/2025\/10\/Primera-Generacion-Shinys.jpg","type":"image\/jpeg"}],"twitter_card":"summary_large_image","twitter_misc":{"Price":"S\/230.00","Availability":"Out of stock"},"schema":{"@context":"https:\/\/schema.org","@graph":[{"@type":"WebPage","@id":"https:\/\/megacolecciones.pe\/producto\/coleccion-completa-de-taps-de-pokemon-de-la-primera-generacion-version-shiny\/","url":"https:\/\/megacolecciones.pe\/producto\/coleccion-completa-de-taps-de-pokemon-de-la-primera-generacion-version-shiny\/","name":"Colecci\u00f3n Completa de Taps de Pok\u00e9mon de la Primera Generaci\u00f3n Versi\u00f3n Shinys | Megacolecciones","isPartOf":{"@id":"https:\/\/megacolecciones.pe\/#website"},"primaryImageOfPage":{"@id":"https:\/\/megacolecciones.pe\/producto\/coleccion-completa-de-taps-de-pokemon-de-la-primera-generacion-version-shiny\/#primaryimage"},"image":{"@id":"https:\/\/megacolecciones.pe\/producto\/coleccion-completa-de-taps-de-pokemon-de-la-primera-generacion-version-shiny\/#primaryimage"},"thumbnailUrl":"https:\/\/megacolecciones.pe\/wp-content\/uploads\/2025\/10\/Primera-Generacion-Shinys.jpg","datePublished":"2025-10-15T21:12:32+00:00","dateModified":"2025-12-20T19:11:05+00:00","breadcrumb":{"@id":"https:\/\/megacolecciones.pe\/producto\/coleccion-completa-de-taps-de-pokemon-de-la-primera-generacion-version-shiny\/#breadcrumb"},"inLanguage":"en-US","potentialAction":[{"@type":"ReadAction","target":["https:\/\/megacolecciones.pe\/producto\/coleccion-completa-de-taps-de-pokemon-de-la-primera-generacion-version-shiny\/"]}]},{"@type":"ImageObject","inLanguage":"en-US","@id":"https:\/\/megacolecciones.pe\/producto\/coleccion-completa-de-taps-de-pokemon-de-la-primera-generacion-version-shiny\/#primaryimage","url":"https:\/\/megacolecciones.pe\/wp-content\/uploads\/2025\/10\/Primera-Generacion-Shinys.jpg","contentUrl":"https:\/\/megacolecciones.pe\/wp-content\/uploads\/2025\/10\/Primera-Generacion-Shinys.jpg","width":1200,"height":1200},{"@type":"BreadcrumbList","@id":"https:\/\/megacolecciones.pe\/producto\/coleccion-completa-de-taps-de-pokemon-de-la-primera-generacion-version-shiny\/#breadcrumb","itemListElement":[{"@type":"ListItem","position":1,"name":"Home","item":"https:\/\/megacolecciones.pe\/"},{"@type":"ListItem","position":2,"name":"Tienda","item":"https:\/\/megacolecciones.pe\/tienda\/"},{"@type":"ListItem","position":3,"name":"Colecci\u00f3n Completa de Taps de Pok\u00e9mon de la Primera Generaci\u00f3n Versi\u00f3n Shinys"}]},{"@type":"WebSite","@id":"https:\/\/megacolecciones.pe\/#website","url":"https:\/\/megacolecciones.pe\/","name":"Mega Collections","description":"Tienda de \u00e1lbumes, taps y cards","publisher":{"@id":"https:\/\/megacolecciones.pe\/#organization"},"potentialAction":[{"@type":"SearchAction","target":{"@type":"EntryPoint","urlTemplate":"https:\/\/megacolecciones.pe\/?s={search_term_string}"},"query-input":{"@type":"PropertyValueSpecification","valueRequired":true,"valueName":"search_term_string"}}],"inLanguage":"en-US"},{"@type":"Organization","@id":"https:\/\/megacolecciones.pe\/#organization","name":"Mega Collections","url":"https:\/\/megacolecciones.pe\/","logo":{"@type":"ImageObject","inLanguage":"en-US","@id":"https:\/\/megacolecciones.pe\/#\/schema\/logo\/image\/","url":"http:\/\/megacolecciones.pe\/wp-content\/uploads\/2023\/09\/logo-mega.png","contentUrl":"http:\/\/megacolecciones.pe\/wp-content\/uploads\/2023\/09\/logo-mega.png","width":285,"height":100,"caption":"Mega Colecciones"},"image":{"@id":"https:\/\/megacolecciones.pe\/#\/schema\/logo\/image\/"},"sameAs":["https:\/\/www.facebook.com\/megacolecciones","https:\/\/www.instagram.com\/megacolecciones\/"],"hasMerchantReturnPolicy":{"@type":"MerchantReturnPolicy","merchantReturnLink":"https:\/\/megacolecciones.pe\/en\/terminos-y-condiciones\/"}}]},"product_price_amount":"230.00","product_price_currency":"PEN","og_availability":"out of stock","product_availability":"out of stock","product_condition":"new"},"_links":{"self":[{"href":"https:\/\/megacolecciones.pe\/en\/wp-json\/wp\/v2\/product\/34944","targetHints":{"allow":["GET"]}}],"collection":[{"href":"https:\/\/megacolecciones.pe\/en\/wp-json\/wp\/v2\/product"}],"about":[{"href":"https:\/\/megacolecciones.pe\/en\/wp-json\/wp\/v2\/types\/product"}],"version-history":[{"count":6,"href":"https:\/\/megacolecciones.pe\/en\/wp-json\/wp\/v2\/product\/34944\/revisions"}],"predecessor-version":[{"id":34960,"href":"https:\/\/megacolecciones.pe\/en\/wp-json\/wp\/v2\/product\/34944\/revisions\/34960"}],"wp:featuredmedia":[{"embeddable":true,"href":"https:\/\/megacolecciones.pe\/en\/wp-json\/wp\/v2\/media\/34945"}],"wp:attachment":[{"href":"https:\/\/megacolecciones.pe\/en\/wp-json\/wp\/v2\/media?parent=34944"}],"wp:term":[{"taxonomy":"product_brand","embeddable":true,"href":"https:\/\/megacolecciones.pe\/en\/wp-json\/wp\/v2\/product_brand?post=34944"},{"taxonomy":"product_cat","embeddable":true,"href":"https:\/\/megacolecciones.pe\/en\/wp-json\/wp\/v2\/product_cat?post=34944"},{"taxonomy":"product_tag","embeddable":true,"href":"https:\/\/megacolecciones.pe\/en\/wp-json\/wp\/v2\/product_tag?post=34944"}],"curies":[{"name":"wp","href":"https:\/\/api.w.org\/{rel}","templated":true}]}}