{"id":34929,"date":"2025-10-15T15:14:12","date_gmt":"2025-10-15T20:14:12","guid":{"rendered":"https:\/\/megacolecciones.pe\/?post_type=product&#038;p=34929"},"modified":"2026-03-14T14:36:46","modified_gmt":"2026-03-14T19:36:46","slug":"coleccion-completa-de-taps-de-pokemon-de-la-primera-generacion-version-ataque","status":"publish","type":"product","link":"https:\/\/megacolecciones.pe\/en\/product\/coleccion-completa-de-taps-de-pokemon-de-la-primera-generacion-version-ataque\/","title":{"rendered":"Colecci\u00f3n Completa de Taps de Pok\u00e9mon de la Primera Generaci\u00f3n Versi\u00f3n Ataque"},"content":{"rendered":"<p data-start=\"201\" data-end=\"523\"><span style=\"font-family: arial, helvetica, sans-serif;\">\u2705La megacolecci\u00f3n incluye:<\/span><\/p>\n<ul style=\"list-style-type: circle;\">\n<li><span style=\"font-family: arial, helvetica, sans-serif;\">152 Taps de la primera generaci\u00f3n versi\u00f3n ataque.<\/span><\/li>\n<li><span style=\"font-family: arial, helvetica, sans-serif;\">01 Coleccionador para los taps<br \/>\n<\/span><\/li>\n<li><span style=\"font-family: arial, helvetica, sans-serif;\">01 F\u00e1ster para el coleccionador<\/span><\/li>\n<li><span style=\"font-family: arial, helvetica, sans-serif;\">Micas para taps<\/span><\/li>\n<\/ul>","protected":false},"excerpt":{"rendered":"<p data-start=\"224\" data-end=\"513\"><span style=\"font-family: arial, helvetica, sans-serif;\">Revive la nostalgia de los 90\u00b4s\u00a0con esta megacolecci\u00f3n de 152 Taps Pok\u00e9mon de la Primera Generaci\u00f3n Versi\u00f3n Ataque.<\/span><br data-start=\"347\" data-end=\"350\" \/><span style=\"font-family: arial, helvetica, sans-serif;\">Cada tap cuenta con una calidad mejorada, colores vibrantes y un acabado de colecci\u00f3n que resalta la fuerza y el esp\u00edritu de batalla de cada Pok\u00e9mon.<\/span><\/p>\n<p data-start=\"515\" data-end=\"702\"><span style=\"font-family: arial, helvetica, sans-serif;\">Esta edici\u00f3n re\u00fane a todos los Pok\u00e9mon de la regi\u00f3n de Kanto en su versi\u00f3n ataque, convirti\u00e9ndose en una pieza imprescindible para todo coleccionista y amante del mundo Pok\u00e9mon.<\/span><\/p>\n<p data-start=\"515\" data-end=\"702\"><em>*Este producto requiere una semana de producci\u00f3n*<\/em><\/p>\n<p><span style=\"font-family: arial, helvetica, sans-serif;\">\u00a0<\/span><\/p>","protected":false},"featured_media":34930,"template":"","meta":[],"product_brand":[],"product_cat":[231,228],"product_tag":[],"class_list":{"0":"post-34929","1":"product","2":"type-product","3":"status-publish","4":"has-post-thumbnail","6":"product_cat-colecciones-de-taps","7":"product_cat-mega-colecciones","9":"first","10":"instock","11":"shipping-taxable","12":"purchasable","13":"product-type-simple"},"yoast_head":"<!-- This site is optimized with the Yoast SEO Premium plugin v23.5 (Yoast SEO v27.4) - https:\/\/yoast.com\/product\/yoast-seo-premium-wordpress\/ -->\n<title>Colecci\u00f3n Completa de Taps de Pok\u00e9mon de la Primera Generaci\u00f3n Versi\u00f3n Ataque | Megacolecciones<\/title>\n<meta name=\"robots\" content=\"index, follow, max-snippet:-1, max-image-preview:large, max-video-preview:-1\" \/>\n<link rel=\"canonical\" href=\"https:\/\/megacolecciones.pe\/en\/product\/coleccion-completa-de-taps-de-pokemon-de-la-primera-generacion-version-ataque\/\" \/>\n<meta property=\"og:locale\" content=\"en_US\" \/>\n<meta property=\"og:type\" content=\"article\" \/>\n<meta property=\"og:title\" content=\"Colecci\u00f3n Completa de Taps de Pok\u00e9mon de la Primera Generaci\u00f3n Versi\u00f3n Ataque\" \/>\n<meta property=\"og:description\" content=\"Revive la nostalgia de los 90\u00b4s\u00a0con esta megacolecci\u00f3n de 152 Taps Pok\u00e9mon de la Primera Generaci\u00f3n Versi\u00f3n Ataque.Cada tap cuenta con una calidad mejorada, colores vibrantes y un acabado de colecci\u00f3n que resalta la fuerza y el esp\u00edritu de batalla de cada Pok\u00e9mon. Esta edici\u00f3n re\u00fane a todos los Pok\u00e9mon de la regi\u00f3n de Kanto en su versi\u00f3n ataque, convirti\u00e9ndose en una pieza imprescindible para todo coleccionista y amante del mundo Pok\u00e9mon. *Este producto requiere una semana de producci\u00f3n* \u00a0\" \/>\n<meta property=\"og:url\" content=\"https:\/\/megacolecciones.pe\/en\/product\/coleccion-completa-de-taps-de-pokemon-de-la-primera-generacion-version-ataque\/\" \/>\n<meta property=\"og:site_name\" content=\"Megacolecciones\" \/>\n<meta property=\"article:publisher\" content=\"https:\/\/www.facebook.com\/megacolecciones\" \/>\n<meta property=\"article:modified_time\" content=\"2026-03-14T19:36:46+00:00\" \/>\n<meta property=\"og:image\" content=\"https:\/\/megacolecciones.pe\/wp-content\/uploads\/2025\/10\/Primera-Generacion-Ataque.jpg\" \/>\n\t<meta property=\"og:image:width\" content=\"1200\" \/>\n\t<meta property=\"og:image:height\" content=\"1200\" \/>\n\t<meta property=\"og:image:type\" content=\"image\/jpeg\" \/>\n<meta name=\"twitter:card\" content=\"summary_large_image\" \/>\n<meta name=\"twitter:label1\" content=\"Price\" \/>\n\t<meta name=\"twitter:data1\" content=\"S\/230.00\" \/>\n\t<meta name=\"twitter:label2\" content=\"Availability\" \/>\n\t<meta name=\"twitter:data2\" content=\"In stock\" \/>\n<script type=\"application\/ld+json\" class=\"yoast-schema-graph\">{\"@context\":\"https:\\\/\\\/schema.org\",\"@graph\":[{\"@type\":\"WebPage\",\"@id\":\"https:\\\/\\\/megacolecciones.pe\\\/producto\\\/coleccion-completa-de-taps-de-pokemon-de-la-primera-generacion-version-ataque\\\/\",\"url\":\"https:\\\/\\\/megacolecciones.pe\\\/producto\\\/coleccion-completa-de-taps-de-pokemon-de-la-primera-generacion-version-ataque\\\/\",\"name\":\"Colecci\u00f3n Completa de Taps de Pok\u00e9mon de la Primera Generaci\u00f3n Versi\u00f3n Ataque | Megacolecciones\",\"isPartOf\":{\"@id\":\"https:\\\/\\\/megacolecciones.pe\\\/#website\"},\"primaryImageOfPage\":{\"@id\":\"https:\\\/\\\/megacolecciones.pe\\\/producto\\\/coleccion-completa-de-taps-de-pokemon-de-la-primera-generacion-version-ataque\\\/#primaryimage\"},\"image\":{\"@id\":\"https:\\\/\\\/megacolecciones.pe\\\/producto\\\/coleccion-completa-de-taps-de-pokemon-de-la-primera-generacion-version-ataque\\\/#primaryimage\"},\"thumbnailUrl\":\"https:\\\/\\\/megacolecciones.pe\\\/wp-content\\\/uploads\\\/2025\\\/10\\\/Primera-Generacion-Ataque.jpg\",\"datePublished\":\"2025-10-15T20:14:12+00:00\",\"dateModified\":\"2026-03-14T19:36:46+00:00\",\"breadcrumb\":{\"@id\":\"https:\\\/\\\/megacolecciones.pe\\\/producto\\\/coleccion-completa-de-taps-de-pokemon-de-la-primera-generacion-version-ataque\\\/#breadcrumb\"},\"inLanguage\":\"en-US\",\"potentialAction\":[{\"@type\":\"ReadAction\",\"target\":[\"https:\\\/\\\/megacolecciones.pe\\\/producto\\\/coleccion-completa-de-taps-de-pokemon-de-la-primera-generacion-version-ataque\\\/\"]}]},{\"@type\":\"ImageObject\",\"inLanguage\":\"en-US\",\"@id\":\"https:\\\/\\\/megacolecciones.pe\\\/producto\\\/coleccion-completa-de-taps-de-pokemon-de-la-primera-generacion-version-ataque\\\/#primaryimage\",\"url\":\"https:\\\/\\\/megacolecciones.pe\\\/wp-content\\\/uploads\\\/2025\\\/10\\\/Primera-Generacion-Ataque.jpg\",\"contentUrl\":\"https:\\\/\\\/megacolecciones.pe\\\/wp-content\\\/uploads\\\/2025\\\/10\\\/Primera-Generacion-Ataque.jpg\",\"width\":1200,\"height\":1200},{\"@type\":\"BreadcrumbList\",\"@id\":\"https:\\\/\\\/megacolecciones.pe\\\/producto\\\/coleccion-completa-de-taps-de-pokemon-de-la-primera-generacion-version-ataque\\\/#breadcrumb\",\"itemListElement\":[{\"@type\":\"ListItem\",\"position\":1,\"name\":\"Home\",\"item\":\"https:\\\/\\\/megacolecciones.pe\\\/\"},{\"@type\":\"ListItem\",\"position\":2,\"name\":\"Tienda\",\"item\":\"https:\\\/\\\/megacolecciones.pe\\\/tienda\\\/\"},{\"@type\":\"ListItem\",\"position\":3,\"name\":\"Colecci\u00f3n Completa de Taps de Pok\u00e9mon de la Primera Generaci\u00f3n Versi\u00f3n Ataque\"}]},{\"@type\":\"WebSite\",\"@id\":\"https:\\\/\\\/megacolecciones.pe\\\/#website\",\"url\":\"https:\\\/\\\/megacolecciones.pe\\\/\",\"name\":\"Mega Colecciones\",\"description\":\"Tienda de \u00e1lbumes, taps y cards\",\"publisher\":{\"@id\":\"https:\\\/\\\/megacolecciones.pe\\\/#organization\"},\"potentialAction\":[{\"@type\":\"SearchAction\",\"target\":{\"@type\":\"EntryPoint\",\"urlTemplate\":\"https:\\\/\\\/megacolecciones.pe\\\/?s={search_term_string}\"},\"query-input\":{\"@type\":\"PropertyValueSpecification\",\"valueRequired\":true,\"valueName\":\"search_term_string\"}}],\"inLanguage\":\"en-US\"},{\"@type\":\"Organization\",\"@id\":\"https:\\\/\\\/megacolecciones.pe\\\/#organization\",\"name\":\"Mega Colecciones\",\"url\":\"https:\\\/\\\/megacolecciones.pe\\\/\",\"logo\":{\"@type\":\"ImageObject\",\"inLanguage\":\"en-US\",\"@id\":\"https:\\\/\\\/megacolecciones.pe\\\/#\\\/schema\\\/logo\\\/image\\\/\",\"url\":\"http:\\\/\\\/megacolecciones.pe\\\/wp-content\\\/uploads\\\/2023\\\/09\\\/logo-mega.png\",\"contentUrl\":\"http:\\\/\\\/megacolecciones.pe\\\/wp-content\\\/uploads\\\/2023\\\/09\\\/logo-mega.png\",\"width\":285,\"height\":100,\"caption\":\"Mega Colecciones\"},\"image\":{\"@id\":\"https:\\\/\\\/megacolecciones.pe\\\/#\\\/schema\\\/logo\\\/image\\\/\"},\"sameAs\":[\"https:\\\/\\\/www.facebook.com\\\/megacolecciones\",\"https:\\\/\\\/www.instagram.com\\\/megacolecciones\\\/\"],\"hasMerchantReturnPolicy\":{\"@type\":\"MerchantReturnPolicy\",\"merchantReturnLink\":\"https:\\\/\\\/megacolecciones.pe\\\/en\\\/terminos-y-condiciones\\\/\"}}]}<\/script>\n<meta property=\"product:price:amount\" content=\"230.00\" \/>\n<meta property=\"product:price:currency\" content=\"PEN\" \/>\n<meta property=\"og:availability\" content=\"instock\" \/>\n<meta property=\"product:availability\" content=\"instock\" \/>\n<meta property=\"product:condition\" content=\"new\" \/>\n<!-- \/ Yoast SEO Premium plugin. -->","yoast_head_json":{"title":"Colecci\u00f3n Completa de Taps de Pok\u00e9mon de la Primera Generaci\u00f3n Versi\u00f3n Ataque | Megacolecciones","robots":{"index":"index","follow":"follow","max-snippet":"max-snippet:-1","max-image-preview":"max-image-preview:large","max-video-preview":"max-video-preview:-1"},"canonical":"https:\/\/megacolecciones.pe\/en\/product\/coleccion-completa-de-taps-de-pokemon-de-la-primera-generacion-version-ataque\/","og_locale":"en_US","og_type":"article","og_title":"Colecci\u00f3n Completa de Taps de Pok\u00e9mon de la Primera Generaci\u00f3n Versi\u00f3n Ataque","og_description":"Revive la nostalgia de los 90\u00b4s\u00a0con esta megacolecci\u00f3n de 152 Taps Pok\u00e9mon de la Primera Generaci\u00f3n Versi\u00f3n Ataque.Cada tap cuenta con una calidad mejorada, colores vibrantes y un acabado de colecci\u00f3n que resalta la fuerza y el esp\u00edritu de batalla de cada Pok\u00e9mon. Esta edici\u00f3n re\u00fane a todos los Pok\u00e9mon de la regi\u00f3n de Kanto en su versi\u00f3n ataque, convirti\u00e9ndose en una pieza imprescindible para todo coleccionista y amante del mundo Pok\u00e9mon. *Este producto requiere una semana de producci\u00f3n* \u00a0","og_url":"https:\/\/megacolecciones.pe\/en\/product\/coleccion-completa-de-taps-de-pokemon-de-la-primera-generacion-version-ataque\/","og_site_name":"Megacolecciones","article_publisher":"https:\/\/www.facebook.com\/megacolecciones","article_modified_time":"2026-03-14T19:36:46+00:00","og_image":[{"width":1200,"height":1200,"url":"https:\/\/megacolecciones.pe\/wp-content\/uploads\/2025\/10\/Primera-Generacion-Ataque.jpg","type":"image\/jpeg"}],"twitter_card":"summary_large_image","twitter_misc":{"Price":"S\/230.00","Availability":"In stock"},"schema":{"@context":"https:\/\/schema.org","@graph":[{"@type":"WebPage","@id":"https:\/\/megacolecciones.pe\/producto\/coleccion-completa-de-taps-de-pokemon-de-la-primera-generacion-version-ataque\/","url":"https:\/\/megacolecciones.pe\/producto\/coleccion-completa-de-taps-de-pokemon-de-la-primera-generacion-version-ataque\/","name":"Colecci\u00f3n Completa de Taps de Pok\u00e9mon de la Primera Generaci\u00f3n Versi\u00f3n Ataque | Megacolecciones","isPartOf":{"@id":"https:\/\/megacolecciones.pe\/#website"},"primaryImageOfPage":{"@id":"https:\/\/megacolecciones.pe\/producto\/coleccion-completa-de-taps-de-pokemon-de-la-primera-generacion-version-ataque\/#primaryimage"},"image":{"@id":"https:\/\/megacolecciones.pe\/producto\/coleccion-completa-de-taps-de-pokemon-de-la-primera-generacion-version-ataque\/#primaryimage"},"thumbnailUrl":"https:\/\/megacolecciones.pe\/wp-content\/uploads\/2025\/10\/Primera-Generacion-Ataque.jpg","datePublished":"2025-10-15T20:14:12+00:00","dateModified":"2026-03-14T19:36:46+00:00","breadcrumb":{"@id":"https:\/\/megacolecciones.pe\/producto\/coleccion-completa-de-taps-de-pokemon-de-la-primera-generacion-version-ataque\/#breadcrumb"},"inLanguage":"en-US","potentialAction":[{"@type":"ReadAction","target":["https:\/\/megacolecciones.pe\/producto\/coleccion-completa-de-taps-de-pokemon-de-la-primera-generacion-version-ataque\/"]}]},{"@type":"ImageObject","inLanguage":"en-US","@id":"https:\/\/megacolecciones.pe\/producto\/coleccion-completa-de-taps-de-pokemon-de-la-primera-generacion-version-ataque\/#primaryimage","url":"https:\/\/megacolecciones.pe\/wp-content\/uploads\/2025\/10\/Primera-Generacion-Ataque.jpg","contentUrl":"https:\/\/megacolecciones.pe\/wp-content\/uploads\/2025\/10\/Primera-Generacion-Ataque.jpg","width":1200,"height":1200},{"@type":"BreadcrumbList","@id":"https:\/\/megacolecciones.pe\/producto\/coleccion-completa-de-taps-de-pokemon-de-la-primera-generacion-version-ataque\/#breadcrumb","itemListElement":[{"@type":"ListItem","position":1,"name":"Home","item":"https:\/\/megacolecciones.pe\/"},{"@type":"ListItem","position":2,"name":"Tienda","item":"https:\/\/megacolecciones.pe\/tienda\/"},{"@type":"ListItem","position":3,"name":"Colecci\u00f3n Completa de Taps de Pok\u00e9mon de la Primera Generaci\u00f3n Versi\u00f3n Ataque"}]},{"@type":"WebSite","@id":"https:\/\/megacolecciones.pe\/#website","url":"https:\/\/megacolecciones.pe\/","name":"Mega Collections","description":"Tienda de \u00e1lbumes, taps y cards","publisher":{"@id":"https:\/\/megacolecciones.pe\/#organization"},"potentialAction":[{"@type":"SearchAction","target":{"@type":"EntryPoint","urlTemplate":"https:\/\/megacolecciones.pe\/?s={search_term_string}"},"query-input":{"@type":"PropertyValueSpecification","valueRequired":true,"valueName":"search_term_string"}}],"inLanguage":"en-US"},{"@type":"Organization","@id":"https:\/\/megacolecciones.pe\/#organization","name":"Mega Collections","url":"https:\/\/megacolecciones.pe\/","logo":{"@type":"ImageObject","inLanguage":"en-US","@id":"https:\/\/megacolecciones.pe\/#\/schema\/logo\/image\/","url":"http:\/\/megacolecciones.pe\/wp-content\/uploads\/2023\/09\/logo-mega.png","contentUrl":"http:\/\/megacolecciones.pe\/wp-content\/uploads\/2023\/09\/logo-mega.png","width":285,"height":100,"caption":"Mega Colecciones"},"image":{"@id":"https:\/\/megacolecciones.pe\/#\/schema\/logo\/image\/"},"sameAs":["https:\/\/www.facebook.com\/megacolecciones","https:\/\/www.instagram.com\/megacolecciones\/"],"hasMerchantReturnPolicy":{"@type":"MerchantReturnPolicy","merchantReturnLink":"https:\/\/megacolecciones.pe\/en\/terminos-y-condiciones\/"}}]},"product_price_amount":"230.00","product_price_currency":"PEN","og_availability":"instock","product_availability":"instock","product_condition":"new"},"_links":{"self":[{"href":"https:\/\/megacolecciones.pe\/en\/wp-json\/wp\/v2\/product\/34929","targetHints":{"allow":["GET"]}}],"collection":[{"href":"https:\/\/megacolecciones.pe\/en\/wp-json\/wp\/v2\/product"}],"about":[{"href":"https:\/\/megacolecciones.pe\/en\/wp-json\/wp\/v2\/types\/product"}],"version-history":[{"count":8,"href":"https:\/\/megacolecciones.pe\/en\/wp-json\/wp\/v2\/product\/34929\/revisions"}],"predecessor-version":[{"id":34958,"href":"https:\/\/megacolecciones.pe\/en\/wp-json\/wp\/v2\/product\/34929\/revisions\/34958"}],"wp:featuredmedia":[{"embeddable":true,"href":"https:\/\/megacolecciones.pe\/en\/wp-json\/wp\/v2\/media\/34930"}],"wp:attachment":[{"href":"https:\/\/megacolecciones.pe\/en\/wp-json\/wp\/v2\/media?parent=34929"}],"wp:term":[{"taxonomy":"product_brand","embeddable":true,"href":"https:\/\/megacolecciones.pe\/en\/wp-json\/wp\/v2\/product_brand?post=34929"},{"taxonomy":"product_cat","embeddable":true,"href":"https:\/\/megacolecciones.pe\/en\/wp-json\/wp\/v2\/product_cat?post=34929"},{"taxonomy":"product_tag","embeddable":true,"href":"https:\/\/megacolecciones.pe\/en\/wp-json\/wp\/v2\/product_tag?post=34929"}],"curies":[{"name":"wp","href":"https:\/\/api.w.org\/{rel}","templated":true}]}}