{"id":34666,"date":"2025-09-29T15:55:34","date_gmt":"2025-09-29T20:55:34","guid":{"rendered":"https:\/\/megacolecciones.pe\/?post_type=product&#038;p=34666"},"modified":"2025-10-27T12:09:34","modified_gmt":"2025-10-27T17:09:34","slug":"album-enciclopedia-naruto-y-nartuto-shippuden-set-completo-de-figuras-para-pegar","status":"publish","type":"product","link":"https:\/\/megacolecciones.pe\/en\/product\/album-enciclopedia-naruto-y-nartuto-shippuden-set-completo-de-figuras-para-pegar\/","title":{"rendered":"\u00c1lbum Enciclopedia Naruto y Naruto Shippuden + Set completo de figuras para pegar"},"content":{"rendered":"","protected":false},"excerpt":{"rendered":"<p data-start=\"168\" data-end=\"436\"><span style=\"font-family: arial, helvetica, sans-serif;\">\ud83c\udf65 \u00a1La enciclopedia ninja definitiva! \ud83c\udf65<\/span><br data-start=\"208\" data-end=\"211\" \/><span style=\"font-family: arial, helvetica, sans-serif;\">Descubre a todos los personajes de Naruto y Naruto Shippuden, de la A hasta la Z. Un \u00e1lbum enciclopedia que re\u00fane a h\u00e9roes, villanos y maestros en una colecci\u00f3n pensada para verdaderos fans del camino ninja.<\/span><\/p>\n<p data-start=\"438\" data-end=\"663\"><span style=\"font-family: arial, helvetica, sans-serif;\">La megacolecci\u00f3n incluye:<br \/>\n<\/span><br data-start=\"467\" data-end=\"470\" \/><span style=\"font-family: arial, helvetica, sans-serif;\">\u2705 92 p\u00e1ginas a full color.<\/span><br data-start=\"495\" data-end=\"498\" \/><span style=\"font-family: arial, helvetica, sans-serif;\">\u2705 648 stickers normales.<\/span><br data-start=\"521\" data-end=\"524\" \/><span style=\"font-family: arial, helvetica, sans-serif;\">\u2705 69 stickers especiales.<\/span><br data-start=\"548\" data-end=\"551\" \/><span style=\"font-family: arial, helvetica, sans-serif;\">\u2705 Megap\u00f3ster con 30 stickers especiales de las mejores escenas + campo de batalla.<\/span><br data-start=\"636\" data-end=\"639\" \/><span style=\"font-family: arial, helvetica, sans-serif;\">\u2705 18 armables.<\/span><\/p>","protected":false},"featured_media":34667,"template":"","meta":[],"product_brand":[],"product_cat":[219,228],"product_tag":[],"class_list":{"0":"post-34666","1":"product","2":"type-product","3":"status-publish","4":"has-post-thumbnail","6":"product_cat-albumes-completos","7":"product_cat-mega-colecciones","9":"first","10":"instock","11":"shipping-taxable","12":"purchasable","13":"product-type-simple"},"yoast_head":"<!-- This site is optimized with the Yoast SEO Premium plugin v23.5 (Yoast SEO v27.4) - https:\/\/yoast.com\/product\/yoast-seo-premium-wordpress\/ -->\n<title>\u00c1lbum Enciclopedia Naruto y Naruto Shippuden + Set completo de figuras para pegar | Megacolecciones<\/title>\n<meta name=\"robots\" content=\"index, follow, max-snippet:-1, max-image-preview:large, max-video-preview:-1\" \/>\n<link rel=\"canonical\" href=\"https:\/\/megacolecciones.pe\/en\/product\/album-enciclopedia-naruto-y-nartuto-shippuden-set-completo-de-figuras-para-pegar\/\" \/>\n<meta property=\"og:locale\" content=\"en_US\" \/>\n<meta property=\"og:type\" content=\"article\" \/>\n<meta property=\"og:title\" content=\"\u00c1lbum Enciclopedia Naruto y Naruto Shippuden + Set completo de figuras para pegar\" \/>\n<meta property=\"og:description\" content=\"\ud83c\udf65 \u00a1La enciclopedia ninja definitiva! \ud83c\udf65Descubre a todos los personajes de Naruto y Naruto Shippuden, de la A hasta la Z. Un \u00e1lbum enciclopedia que re\u00fane a h\u00e9roes, villanos y maestros en una colecci\u00f3n pensada para verdaderos fans del camino ninja. La megacolecci\u00f3n incluye: \u2705 92 p\u00e1ginas a full color.\u2705 648 stickers normales.\u2705 69 stickers especiales.\u2705 Megap\u00f3ster con 30 stickers especiales de las mejores escenas + campo de batalla.\u2705 18 armables.\" \/>\n<meta property=\"og:url\" content=\"https:\/\/megacolecciones.pe\/en\/product\/album-enciclopedia-naruto-y-nartuto-shippuden-set-completo-de-figuras-para-pegar\/\" \/>\n<meta property=\"og:site_name\" content=\"Megacolecciones\" \/>\n<meta property=\"article:publisher\" content=\"https:\/\/www.facebook.com\/megacolecciones\" \/>\n<meta property=\"article:modified_time\" content=\"2025-10-27T17:09:34+00:00\" \/>\n<meta property=\"og:image\" content=\"https:\/\/megacolecciones.pe\/wp-content\/uploads\/2025\/09\/naruto-enciclopedia.jpg\" \/>\n\t<meta property=\"og:image:width\" content=\"1200\" \/>\n\t<meta property=\"og:image:height\" content=\"1200\" \/>\n\t<meta property=\"og:image:type\" content=\"image\/jpeg\" \/>\n<meta name=\"twitter:card\" content=\"summary_large_image\" \/>\n<meta name=\"twitter:label1\" content=\"Price\" \/>\n\t<meta name=\"twitter:data1\" content=\"S\/120.00\" \/>\n\t<meta name=\"twitter:label2\" content=\"Availability\" \/>\n\t<meta name=\"twitter:data2\" content=\"In stock\" \/>\n<script type=\"application\/ld+json\" class=\"yoast-schema-graph\">{\"@context\":\"https:\\\/\\\/schema.org\",\"@graph\":[{\"@type\":\"WebPage\",\"@id\":\"https:\\\/\\\/megacolecciones.pe\\\/producto\\\/album-enciclopedia-naruto-y-nartuto-shippuden-set-completo-de-figuras-para-pegar\\\/\",\"url\":\"https:\\\/\\\/megacolecciones.pe\\\/producto\\\/album-enciclopedia-naruto-y-nartuto-shippuden-set-completo-de-figuras-para-pegar\\\/\",\"name\":\"\u00c1lbum Enciclopedia Naruto y Naruto Shippuden + Set completo de figuras para pegar | Megacolecciones\",\"isPartOf\":{\"@id\":\"https:\\\/\\\/megacolecciones.pe\\\/#website\"},\"primaryImageOfPage\":{\"@id\":\"https:\\\/\\\/megacolecciones.pe\\\/producto\\\/album-enciclopedia-naruto-y-nartuto-shippuden-set-completo-de-figuras-para-pegar\\\/#primaryimage\"},\"image\":{\"@id\":\"https:\\\/\\\/megacolecciones.pe\\\/producto\\\/album-enciclopedia-naruto-y-nartuto-shippuden-set-completo-de-figuras-para-pegar\\\/#primaryimage\"},\"thumbnailUrl\":\"https:\\\/\\\/megacolecciones.pe\\\/wp-content\\\/uploads\\\/2025\\\/09\\\/naruto-enciclopedia.jpg\",\"datePublished\":\"2025-09-29T20:55:34+00:00\",\"dateModified\":\"2025-10-27T17:09:34+00:00\",\"breadcrumb\":{\"@id\":\"https:\\\/\\\/megacolecciones.pe\\\/producto\\\/album-enciclopedia-naruto-y-nartuto-shippuden-set-completo-de-figuras-para-pegar\\\/#breadcrumb\"},\"inLanguage\":\"en-US\",\"potentialAction\":[{\"@type\":\"ReadAction\",\"target\":[\"https:\\\/\\\/megacolecciones.pe\\\/producto\\\/album-enciclopedia-naruto-y-nartuto-shippuden-set-completo-de-figuras-para-pegar\\\/\"]}]},{\"@type\":\"ImageObject\",\"inLanguage\":\"en-US\",\"@id\":\"https:\\\/\\\/megacolecciones.pe\\\/producto\\\/album-enciclopedia-naruto-y-nartuto-shippuden-set-completo-de-figuras-para-pegar\\\/#primaryimage\",\"url\":\"https:\\\/\\\/megacolecciones.pe\\\/wp-content\\\/uploads\\\/2025\\\/09\\\/naruto-enciclopedia.jpg\",\"contentUrl\":\"https:\\\/\\\/megacolecciones.pe\\\/wp-content\\\/uploads\\\/2025\\\/09\\\/naruto-enciclopedia.jpg\",\"width\":1200,\"height\":1200},{\"@type\":\"BreadcrumbList\",\"@id\":\"https:\\\/\\\/megacolecciones.pe\\\/producto\\\/album-enciclopedia-naruto-y-nartuto-shippuden-set-completo-de-figuras-para-pegar\\\/#breadcrumb\",\"itemListElement\":[{\"@type\":\"ListItem\",\"position\":1,\"name\":\"Home\",\"item\":\"https:\\\/\\\/megacolecciones.pe\\\/\"},{\"@type\":\"ListItem\",\"position\":2,\"name\":\"Tienda\",\"item\":\"https:\\\/\\\/megacolecciones.pe\\\/tienda\\\/\"},{\"@type\":\"ListItem\",\"position\":3,\"name\":\"\u00c1lbum Enciclopedia Naruto y Naruto Shippuden + Set completo de figuras para pegar\"}]},{\"@type\":\"WebSite\",\"@id\":\"https:\\\/\\\/megacolecciones.pe\\\/#website\",\"url\":\"https:\\\/\\\/megacolecciones.pe\\\/\",\"name\":\"Mega Colecciones\",\"description\":\"Tienda de \u00e1lbumes, taps y cards\",\"publisher\":{\"@id\":\"https:\\\/\\\/megacolecciones.pe\\\/#organization\"},\"potentialAction\":[{\"@type\":\"SearchAction\",\"target\":{\"@type\":\"EntryPoint\",\"urlTemplate\":\"https:\\\/\\\/megacolecciones.pe\\\/?s={search_term_string}\"},\"query-input\":{\"@type\":\"PropertyValueSpecification\",\"valueRequired\":true,\"valueName\":\"search_term_string\"}}],\"inLanguage\":\"en-US\"},{\"@type\":\"Organization\",\"@id\":\"https:\\\/\\\/megacolecciones.pe\\\/#organization\",\"name\":\"Mega Colecciones\",\"url\":\"https:\\\/\\\/megacolecciones.pe\\\/\",\"logo\":{\"@type\":\"ImageObject\",\"inLanguage\":\"en-US\",\"@id\":\"https:\\\/\\\/megacolecciones.pe\\\/#\\\/schema\\\/logo\\\/image\\\/\",\"url\":\"http:\\\/\\\/megacolecciones.pe\\\/wp-content\\\/uploads\\\/2023\\\/09\\\/logo-mega.png\",\"contentUrl\":\"http:\\\/\\\/megacolecciones.pe\\\/wp-content\\\/uploads\\\/2023\\\/09\\\/logo-mega.png\",\"width\":285,\"height\":100,\"caption\":\"Mega Colecciones\"},\"image\":{\"@id\":\"https:\\\/\\\/megacolecciones.pe\\\/#\\\/schema\\\/logo\\\/image\\\/\"},\"sameAs\":[\"https:\\\/\\\/www.facebook.com\\\/megacolecciones\",\"https:\\\/\\\/www.instagram.com\\\/megacolecciones\\\/\"],\"hasMerchantReturnPolicy\":{\"@type\":\"MerchantReturnPolicy\",\"merchantReturnLink\":\"https:\\\/\\\/megacolecciones.pe\\\/en\\\/terminos-y-condiciones\\\/\"}}]}<\/script>\n<meta property=\"product:price:amount\" content=\"120.00\" \/>\n<meta property=\"product:price:currency\" content=\"PEN\" \/>\n<meta property=\"og:availability\" content=\"instock\" \/>\n<meta property=\"product:availability\" content=\"instock\" \/>\n<meta property=\"product:condition\" content=\"new\" \/>\n<!-- \/ Yoast SEO Premium plugin. -->","yoast_head_json":{"title":"\u00c1lbum Enciclopedia Naruto y Naruto Shippuden + Set completo de figuras para pegar | Megacolecciones","robots":{"index":"index","follow":"follow","max-snippet":"max-snippet:-1","max-image-preview":"max-image-preview:large","max-video-preview":"max-video-preview:-1"},"canonical":"https:\/\/megacolecciones.pe\/en\/product\/album-enciclopedia-naruto-y-nartuto-shippuden-set-completo-de-figuras-para-pegar\/","og_locale":"en_US","og_type":"article","og_title":"\u00c1lbum Enciclopedia Naruto y Naruto Shippuden + Set completo de figuras para pegar","og_description":"\ud83c\udf65 \u00a1La enciclopedia ninja definitiva! \ud83c\udf65Descubre a todos los personajes de Naruto y Naruto Shippuden, de la A hasta la Z. Un \u00e1lbum enciclopedia que re\u00fane a h\u00e9roes, villanos y maestros en una colecci\u00f3n pensada para verdaderos fans del camino ninja. La megacolecci\u00f3n incluye: \u2705 92 p\u00e1ginas a full color.\u2705 648 stickers normales.\u2705 69 stickers especiales.\u2705 Megap\u00f3ster con 30 stickers especiales de las mejores escenas + campo de batalla.\u2705 18 armables.","og_url":"https:\/\/megacolecciones.pe\/en\/product\/album-enciclopedia-naruto-y-nartuto-shippuden-set-completo-de-figuras-para-pegar\/","og_site_name":"Megacolecciones","article_publisher":"https:\/\/www.facebook.com\/megacolecciones","article_modified_time":"2025-10-27T17:09:34+00:00","og_image":[{"width":1200,"height":1200,"url":"https:\/\/megacolecciones.pe\/wp-content\/uploads\/2025\/09\/naruto-enciclopedia.jpg","type":"image\/jpeg"}],"twitter_card":"summary_large_image","twitter_misc":{"Price":"S\/120.00","Availability":"In stock"},"schema":{"@context":"https:\/\/schema.org","@graph":[{"@type":"WebPage","@id":"https:\/\/megacolecciones.pe\/producto\/album-enciclopedia-naruto-y-nartuto-shippuden-set-completo-de-figuras-para-pegar\/","url":"https:\/\/megacolecciones.pe\/producto\/album-enciclopedia-naruto-y-nartuto-shippuden-set-completo-de-figuras-para-pegar\/","name":"\u00c1lbum Enciclopedia Naruto y Naruto Shippuden + Set completo de figuras para pegar | Megacolecciones","isPartOf":{"@id":"https:\/\/megacolecciones.pe\/#website"},"primaryImageOfPage":{"@id":"https:\/\/megacolecciones.pe\/producto\/album-enciclopedia-naruto-y-nartuto-shippuden-set-completo-de-figuras-para-pegar\/#primaryimage"},"image":{"@id":"https:\/\/megacolecciones.pe\/producto\/album-enciclopedia-naruto-y-nartuto-shippuden-set-completo-de-figuras-para-pegar\/#primaryimage"},"thumbnailUrl":"https:\/\/megacolecciones.pe\/wp-content\/uploads\/2025\/09\/naruto-enciclopedia.jpg","datePublished":"2025-09-29T20:55:34+00:00","dateModified":"2025-10-27T17:09:34+00:00","breadcrumb":{"@id":"https:\/\/megacolecciones.pe\/producto\/album-enciclopedia-naruto-y-nartuto-shippuden-set-completo-de-figuras-para-pegar\/#breadcrumb"},"inLanguage":"en-US","potentialAction":[{"@type":"ReadAction","target":["https:\/\/megacolecciones.pe\/producto\/album-enciclopedia-naruto-y-nartuto-shippuden-set-completo-de-figuras-para-pegar\/"]}]},{"@type":"ImageObject","inLanguage":"en-US","@id":"https:\/\/megacolecciones.pe\/producto\/album-enciclopedia-naruto-y-nartuto-shippuden-set-completo-de-figuras-para-pegar\/#primaryimage","url":"https:\/\/megacolecciones.pe\/wp-content\/uploads\/2025\/09\/naruto-enciclopedia.jpg","contentUrl":"https:\/\/megacolecciones.pe\/wp-content\/uploads\/2025\/09\/naruto-enciclopedia.jpg","width":1200,"height":1200},{"@type":"BreadcrumbList","@id":"https:\/\/megacolecciones.pe\/producto\/album-enciclopedia-naruto-y-nartuto-shippuden-set-completo-de-figuras-para-pegar\/#breadcrumb","itemListElement":[{"@type":"ListItem","position":1,"name":"Home","item":"https:\/\/megacolecciones.pe\/"},{"@type":"ListItem","position":2,"name":"Tienda","item":"https:\/\/megacolecciones.pe\/tienda\/"},{"@type":"ListItem","position":3,"name":"\u00c1lbum Enciclopedia Naruto y Naruto Shippuden + Set completo de figuras para pegar"}]},{"@type":"WebSite","@id":"https:\/\/megacolecciones.pe\/#website","url":"https:\/\/megacolecciones.pe\/","name":"Mega Collections","description":"Tienda de \u00e1lbumes, taps y cards","publisher":{"@id":"https:\/\/megacolecciones.pe\/#organization"},"potentialAction":[{"@type":"SearchAction","target":{"@type":"EntryPoint","urlTemplate":"https:\/\/megacolecciones.pe\/?s={search_term_string}"},"query-input":{"@type":"PropertyValueSpecification","valueRequired":true,"valueName":"search_term_string"}}],"inLanguage":"en-US"},{"@type":"Organization","@id":"https:\/\/megacolecciones.pe\/#organization","name":"Mega Collections","url":"https:\/\/megacolecciones.pe\/","logo":{"@type":"ImageObject","inLanguage":"en-US","@id":"https:\/\/megacolecciones.pe\/#\/schema\/logo\/image\/","url":"http:\/\/megacolecciones.pe\/wp-content\/uploads\/2023\/09\/logo-mega.png","contentUrl":"http:\/\/megacolecciones.pe\/wp-content\/uploads\/2023\/09\/logo-mega.png","width":285,"height":100,"caption":"Mega Colecciones"},"image":{"@id":"https:\/\/megacolecciones.pe\/#\/schema\/logo\/image\/"},"sameAs":["https:\/\/www.facebook.com\/megacolecciones","https:\/\/www.instagram.com\/megacolecciones\/"],"hasMerchantReturnPolicy":{"@type":"MerchantReturnPolicy","merchantReturnLink":"https:\/\/megacolecciones.pe\/en\/terminos-y-condiciones\/"}}]},"product_price_amount":"120.00","product_price_currency":"PEN","og_availability":"instock","product_availability":"instock","product_condition":"new"},"_links":{"self":[{"href":"https:\/\/megacolecciones.pe\/en\/wp-json\/wp\/v2\/product\/34666","targetHints":{"allow":["GET"]}}],"collection":[{"href":"https:\/\/megacolecciones.pe\/en\/wp-json\/wp\/v2\/product"}],"about":[{"href":"https:\/\/megacolecciones.pe\/en\/wp-json\/wp\/v2\/types\/product"}],"version-history":[{"count":2,"href":"https:\/\/megacolecciones.pe\/en\/wp-json\/wp\/v2\/product\/34666\/revisions"}],"predecessor-version":[{"id":34836,"href":"https:\/\/megacolecciones.pe\/en\/wp-json\/wp\/v2\/product\/34666\/revisions\/34836"}],"wp:featuredmedia":[{"embeddable":true,"href":"https:\/\/megacolecciones.pe\/en\/wp-json\/wp\/v2\/media\/34667"}],"wp:attachment":[{"href":"https:\/\/megacolecciones.pe\/en\/wp-json\/wp\/v2\/media?parent=34666"}],"wp:term":[{"taxonomy":"product_brand","embeddable":true,"href":"https:\/\/megacolecciones.pe\/en\/wp-json\/wp\/v2\/product_brand?post=34666"},{"taxonomy":"product_cat","embeddable":true,"href":"https:\/\/megacolecciones.pe\/en\/wp-json\/wp\/v2\/product_cat?post=34666"},{"taxonomy":"product_tag","embeddable":true,"href":"https:\/\/megacolecciones.pe\/en\/wp-json\/wp\/v2\/product_tag?post=34666"}],"curies":[{"name":"wp","href":"https:\/\/api.w.org\/{rel}","templated":true}]}}