{"id":34653,"date":"2025-09-29T15:32:30","date_gmt":"2025-09-29T20:32:30","guid":{"rendered":"https:\/\/megacolecciones.pe\/?post_type=product&#038;p=34653"},"modified":"2025-09-29T15:32:31","modified_gmt":"2025-09-29T20:32:31","slug":"album-demon-slayer-saga-completa-set-completo-de-figuras-para-pegar","status":"publish","type":"product","link":"https:\/\/megacolecciones.pe\/en\/product\/album-demon-slayer-saga-completa-set-completo-de-figuras-para-pegar\/","title":{"rendered":"\u00c1lbum Demon Slayer: Saga completa + Set completo de figuras para pegar"},"content":{"rendered":"","protected":false},"excerpt":{"rendered":"<p data-start=\"113\" data-end=\"171\"><span style=\"font-family: arial, helvetica, sans-serif;\">\ud83d\udd25\u2694\ufe0f \u00a1Lleg\u00f3 la saga completa que estabas esperando! \ud83d\udd25\u2694\ufe0f<\/span><\/p>\n<p data-start=\"173\" data-end=\"438\"><span style=\"font-family: arial, helvetica, sans-serif;\">Revive toda la traves\u00eda de Tanjiro, Nezuko y los pilares, desde la primera hasta la cuarta temporada, reunida en una colecci\u00f3n que no querr\u00e1s soltar. Una edici\u00f3n especial que re\u00fane cada batalla, cada juramento y cada momento \u00e9pico frente a los demonios m\u00e1s poderosos.<\/span><\/p>\n<p data-start=\"440\" data-end=\"611\"><span style=\"font-family: arial, helvetica, sans-serif;\">La megacolecci\u00f3n incluye:<br \/>\n<\/span><br data-start=\"469\" data-end=\"472\" \/><span style=\"font-family: arial, helvetica, sans-serif;\">\ud83d\udcd6 48 p\u00e1ginas a full color.<\/span><br data-start=\"511\" data-end=\"514\" \/><span style=\"font-family: arial, helvetica, sans-serif;\">\ud83c\udfaf 28 figuras especiales.<br \/>\n\ud83c\udfaf 232 figuras normales.<\/span><br data-start=\"553\" data-end=\"556\" \/><span style=\"font-family: arial, helvetica, sans-serif;\">\ud83c\udf81 1 megap\u00f3ster de la pel\u00edcula El Castillo Infinito.<\/span><\/p>","protected":false},"featured_media":34654,"template":"","meta":[],"product_brand":[],"product_cat":[219,228],"product_tag":[],"class_list":{"0":"post-34653","1":"product","2":"type-product","3":"status-publish","4":"has-post-thumbnail","6":"product_cat-albumes-completos","7":"product_cat-mega-colecciones","9":"first","10":"instock","11":"shipping-taxable","12":"purchasable","13":"product-type-simple"},"yoast_head":"<!-- This site is optimized with the Yoast SEO Premium plugin v23.5 (Yoast SEO v27.4) - https:\/\/yoast.com\/product\/yoast-seo-premium-wordpress\/ -->\n<title>\u00c1lbum Demon Slayer: Saga completa + Set completo de figuras para pegar | Megacolecciones<\/title>\n<meta name=\"robots\" content=\"index, follow, max-snippet:-1, max-image-preview:large, max-video-preview:-1\" \/>\n<link rel=\"canonical\" href=\"https:\/\/megacolecciones.pe\/en\/product\/album-demon-slayer-saga-completa-set-completo-de-figuras-para-pegar\/\" \/>\n<meta property=\"og:locale\" content=\"en_US\" \/>\n<meta property=\"og:type\" content=\"article\" \/>\n<meta property=\"og:title\" content=\"\u00c1lbum Demon Slayer: Saga completa + Set completo de figuras para pegar\" \/>\n<meta property=\"og:description\" content=\"\ud83d\udd25\u2694\ufe0f \u00a1Lleg\u00f3 la saga completa que estabas esperando! \ud83d\udd25\u2694\ufe0f Revive toda la traves\u00eda de Tanjiro, Nezuko y los pilares, desde la primera hasta la cuarta temporada, reunida en una colecci\u00f3n que no querr\u00e1s soltar. Una edici\u00f3n especial que re\u00fane cada batalla, cada juramento y cada momento \u00e9pico frente a los demonios m\u00e1s poderosos. La megacolecci\u00f3n incluye: \ud83d\udcd6 48 p\u00e1ginas a full color.\ud83c\udfaf 28 figuras especiales. \ud83c\udfaf 232 figuras normales.\ud83c\udf81 1 megap\u00f3ster de la pel\u00edcula El Castillo Infinito.\" \/>\n<meta property=\"og:url\" content=\"https:\/\/megacolecciones.pe\/en\/product\/album-demon-slayer-saga-completa-set-completo-de-figuras-para-pegar\/\" \/>\n<meta property=\"og:site_name\" content=\"Megacolecciones\" \/>\n<meta property=\"article:publisher\" content=\"https:\/\/www.facebook.com\/megacolecciones\" \/>\n<meta property=\"article:modified_time\" content=\"2025-09-29T20:32:31+00:00\" \/>\n<meta property=\"og:image\" content=\"https:\/\/megacolecciones.pe\/wp-content\/uploads\/2025\/09\/demon-saga-completa.jpg\" \/>\n\t<meta property=\"og:image:width\" content=\"1200\" \/>\n\t<meta property=\"og:image:height\" content=\"1200\" \/>\n\t<meta property=\"og:image:type\" content=\"image\/jpeg\" \/>\n<meta name=\"twitter:card\" content=\"summary_large_image\" \/>\n<meta name=\"twitter:label1\" content=\"Price\" \/>\n\t<meta name=\"twitter:data1\" content=\"S\/60.00\" \/>\n\t<meta name=\"twitter:label2\" content=\"Availability\" \/>\n\t<meta name=\"twitter:data2\" content=\"In stock\" \/>\n<script type=\"application\/ld+json\" class=\"yoast-schema-graph\">{\"@context\":\"https:\\\/\\\/schema.org\",\"@graph\":[{\"@type\":\"WebPage\",\"@id\":\"https:\\\/\\\/megacolecciones.pe\\\/producto\\\/album-demon-slayer-saga-completa-set-completo-de-figuras-para-pegar\\\/\",\"url\":\"https:\\\/\\\/megacolecciones.pe\\\/producto\\\/album-demon-slayer-saga-completa-set-completo-de-figuras-para-pegar\\\/\",\"name\":\"\u00c1lbum Demon Slayer: Saga completa + Set completo de figuras para pegar | Megacolecciones\",\"isPartOf\":{\"@id\":\"https:\\\/\\\/megacolecciones.pe\\\/#website\"},\"primaryImageOfPage\":{\"@id\":\"https:\\\/\\\/megacolecciones.pe\\\/producto\\\/album-demon-slayer-saga-completa-set-completo-de-figuras-para-pegar\\\/#primaryimage\"},\"image\":{\"@id\":\"https:\\\/\\\/megacolecciones.pe\\\/producto\\\/album-demon-slayer-saga-completa-set-completo-de-figuras-para-pegar\\\/#primaryimage\"},\"thumbnailUrl\":\"https:\\\/\\\/megacolecciones.pe\\\/wp-content\\\/uploads\\\/2025\\\/09\\\/demon-saga-completa.jpg\",\"datePublished\":\"2025-09-29T20:32:30+00:00\",\"dateModified\":\"2025-09-29T20:32:31+00:00\",\"breadcrumb\":{\"@id\":\"https:\\\/\\\/megacolecciones.pe\\\/producto\\\/album-demon-slayer-saga-completa-set-completo-de-figuras-para-pegar\\\/#breadcrumb\"},\"inLanguage\":\"en-US\",\"potentialAction\":[{\"@type\":\"ReadAction\",\"target\":[\"https:\\\/\\\/megacolecciones.pe\\\/producto\\\/album-demon-slayer-saga-completa-set-completo-de-figuras-para-pegar\\\/\"]}]},{\"@type\":\"ImageObject\",\"inLanguage\":\"en-US\",\"@id\":\"https:\\\/\\\/megacolecciones.pe\\\/producto\\\/album-demon-slayer-saga-completa-set-completo-de-figuras-para-pegar\\\/#primaryimage\",\"url\":\"https:\\\/\\\/megacolecciones.pe\\\/wp-content\\\/uploads\\\/2025\\\/09\\\/demon-saga-completa.jpg\",\"contentUrl\":\"https:\\\/\\\/megacolecciones.pe\\\/wp-content\\\/uploads\\\/2025\\\/09\\\/demon-saga-completa.jpg\",\"width\":1200,\"height\":1200},{\"@type\":\"BreadcrumbList\",\"@id\":\"https:\\\/\\\/megacolecciones.pe\\\/producto\\\/album-demon-slayer-saga-completa-set-completo-de-figuras-para-pegar\\\/#breadcrumb\",\"itemListElement\":[{\"@type\":\"ListItem\",\"position\":1,\"name\":\"Home\",\"item\":\"https:\\\/\\\/megacolecciones.pe\\\/\"},{\"@type\":\"ListItem\",\"position\":2,\"name\":\"Tienda\",\"item\":\"https:\\\/\\\/megacolecciones.pe\\\/tienda\\\/\"},{\"@type\":\"ListItem\",\"position\":3,\"name\":\"\u00c1lbum Demon Slayer: Saga completa + Set completo de figuras para pegar\"}]},{\"@type\":\"WebSite\",\"@id\":\"https:\\\/\\\/megacolecciones.pe\\\/#website\",\"url\":\"https:\\\/\\\/megacolecciones.pe\\\/\",\"name\":\"Mega Colecciones\",\"description\":\"Tienda de \u00e1lbumes, taps y cards\",\"publisher\":{\"@id\":\"https:\\\/\\\/megacolecciones.pe\\\/#organization\"},\"potentialAction\":[{\"@type\":\"SearchAction\",\"target\":{\"@type\":\"EntryPoint\",\"urlTemplate\":\"https:\\\/\\\/megacolecciones.pe\\\/?s={search_term_string}\"},\"query-input\":{\"@type\":\"PropertyValueSpecification\",\"valueRequired\":true,\"valueName\":\"search_term_string\"}}],\"inLanguage\":\"en-US\"},{\"@type\":\"Organization\",\"@id\":\"https:\\\/\\\/megacolecciones.pe\\\/#organization\",\"name\":\"Mega Colecciones\",\"url\":\"https:\\\/\\\/megacolecciones.pe\\\/\",\"logo\":{\"@type\":\"ImageObject\",\"inLanguage\":\"en-US\",\"@id\":\"https:\\\/\\\/megacolecciones.pe\\\/#\\\/schema\\\/logo\\\/image\\\/\",\"url\":\"http:\\\/\\\/megacolecciones.pe\\\/wp-content\\\/uploads\\\/2023\\\/09\\\/logo-mega.png\",\"contentUrl\":\"http:\\\/\\\/megacolecciones.pe\\\/wp-content\\\/uploads\\\/2023\\\/09\\\/logo-mega.png\",\"width\":285,\"height\":100,\"caption\":\"Mega Colecciones\"},\"image\":{\"@id\":\"https:\\\/\\\/megacolecciones.pe\\\/#\\\/schema\\\/logo\\\/image\\\/\"},\"sameAs\":[\"https:\\\/\\\/www.facebook.com\\\/megacolecciones\",\"https:\\\/\\\/www.instagram.com\\\/megacolecciones\\\/\"],\"hasMerchantReturnPolicy\":{\"@type\":\"MerchantReturnPolicy\",\"merchantReturnLink\":\"https:\\\/\\\/megacolecciones.pe\\\/en\\\/terminos-y-condiciones\\\/\"}}]}<\/script>\n<meta property=\"product:price:amount\" content=\"60.00\" \/>\n<meta property=\"product:price:currency\" content=\"PEN\" \/>\n<meta property=\"og:availability\" content=\"instock\" \/>\n<meta property=\"product:availability\" content=\"instock\" \/>\n<meta property=\"product:condition\" content=\"new\" \/>\n<!-- \/ Yoast SEO Premium plugin. -->","yoast_head_json":{"title":"\u00c1lbum Demon Slayer: Saga completa + Set completo de figuras para pegar | Megacolecciones","robots":{"index":"index","follow":"follow","max-snippet":"max-snippet:-1","max-image-preview":"max-image-preview:large","max-video-preview":"max-video-preview:-1"},"canonical":"https:\/\/megacolecciones.pe\/en\/product\/album-demon-slayer-saga-completa-set-completo-de-figuras-para-pegar\/","og_locale":"en_US","og_type":"article","og_title":"\u00c1lbum Demon Slayer: Saga completa + Set completo de figuras para pegar","og_description":"\ud83d\udd25\u2694\ufe0f \u00a1Lleg\u00f3 la saga completa que estabas esperando! \ud83d\udd25\u2694\ufe0f Revive toda la traves\u00eda de Tanjiro, Nezuko y los pilares, desde la primera hasta la cuarta temporada, reunida en una colecci\u00f3n que no querr\u00e1s soltar. Una edici\u00f3n especial que re\u00fane cada batalla, cada juramento y cada momento \u00e9pico frente a los demonios m\u00e1s poderosos. La megacolecci\u00f3n incluye: \ud83d\udcd6 48 p\u00e1ginas a full color.\ud83c\udfaf 28 figuras especiales. \ud83c\udfaf 232 figuras normales.\ud83c\udf81 1 megap\u00f3ster de la pel\u00edcula El Castillo Infinito.","og_url":"https:\/\/megacolecciones.pe\/en\/product\/album-demon-slayer-saga-completa-set-completo-de-figuras-para-pegar\/","og_site_name":"Megacolecciones","article_publisher":"https:\/\/www.facebook.com\/megacolecciones","article_modified_time":"2025-09-29T20:32:31+00:00","og_image":[{"width":1200,"height":1200,"url":"https:\/\/megacolecciones.pe\/wp-content\/uploads\/2025\/09\/demon-saga-completa.jpg","type":"image\/jpeg"}],"twitter_card":"summary_large_image","twitter_misc":{"Price":"S\/60.00","Availability":"In stock"},"schema":{"@context":"https:\/\/schema.org","@graph":[{"@type":"WebPage","@id":"https:\/\/megacolecciones.pe\/producto\/album-demon-slayer-saga-completa-set-completo-de-figuras-para-pegar\/","url":"https:\/\/megacolecciones.pe\/producto\/album-demon-slayer-saga-completa-set-completo-de-figuras-para-pegar\/","name":"\u00c1lbum Demon Slayer: Saga completa + Set completo de figuras para pegar | Megacolecciones","isPartOf":{"@id":"https:\/\/megacolecciones.pe\/#website"},"primaryImageOfPage":{"@id":"https:\/\/megacolecciones.pe\/producto\/album-demon-slayer-saga-completa-set-completo-de-figuras-para-pegar\/#primaryimage"},"image":{"@id":"https:\/\/megacolecciones.pe\/producto\/album-demon-slayer-saga-completa-set-completo-de-figuras-para-pegar\/#primaryimage"},"thumbnailUrl":"https:\/\/megacolecciones.pe\/wp-content\/uploads\/2025\/09\/demon-saga-completa.jpg","datePublished":"2025-09-29T20:32:30+00:00","dateModified":"2025-09-29T20:32:31+00:00","breadcrumb":{"@id":"https:\/\/megacolecciones.pe\/producto\/album-demon-slayer-saga-completa-set-completo-de-figuras-para-pegar\/#breadcrumb"},"inLanguage":"en-US","potentialAction":[{"@type":"ReadAction","target":["https:\/\/megacolecciones.pe\/producto\/album-demon-slayer-saga-completa-set-completo-de-figuras-para-pegar\/"]}]},{"@type":"ImageObject","inLanguage":"en-US","@id":"https:\/\/megacolecciones.pe\/producto\/album-demon-slayer-saga-completa-set-completo-de-figuras-para-pegar\/#primaryimage","url":"https:\/\/megacolecciones.pe\/wp-content\/uploads\/2025\/09\/demon-saga-completa.jpg","contentUrl":"https:\/\/megacolecciones.pe\/wp-content\/uploads\/2025\/09\/demon-saga-completa.jpg","width":1200,"height":1200},{"@type":"BreadcrumbList","@id":"https:\/\/megacolecciones.pe\/producto\/album-demon-slayer-saga-completa-set-completo-de-figuras-para-pegar\/#breadcrumb","itemListElement":[{"@type":"ListItem","position":1,"name":"Home","item":"https:\/\/megacolecciones.pe\/"},{"@type":"ListItem","position":2,"name":"Tienda","item":"https:\/\/megacolecciones.pe\/tienda\/"},{"@type":"ListItem","position":3,"name":"\u00c1lbum Demon Slayer: Saga completa + Set completo de figuras para pegar"}]},{"@type":"WebSite","@id":"https:\/\/megacolecciones.pe\/#website","url":"https:\/\/megacolecciones.pe\/","name":"Mega Collections","description":"Tienda de \u00e1lbumes, taps y cards","publisher":{"@id":"https:\/\/megacolecciones.pe\/#organization"},"potentialAction":[{"@type":"SearchAction","target":{"@type":"EntryPoint","urlTemplate":"https:\/\/megacolecciones.pe\/?s={search_term_string}"},"query-input":{"@type":"PropertyValueSpecification","valueRequired":true,"valueName":"search_term_string"}}],"inLanguage":"en-US"},{"@type":"Organization","@id":"https:\/\/megacolecciones.pe\/#organization","name":"Mega Collections","url":"https:\/\/megacolecciones.pe\/","logo":{"@type":"ImageObject","inLanguage":"en-US","@id":"https:\/\/megacolecciones.pe\/#\/schema\/logo\/image\/","url":"http:\/\/megacolecciones.pe\/wp-content\/uploads\/2023\/09\/logo-mega.png","contentUrl":"http:\/\/megacolecciones.pe\/wp-content\/uploads\/2023\/09\/logo-mega.png","width":285,"height":100,"caption":"Mega Colecciones"},"image":{"@id":"https:\/\/megacolecciones.pe\/#\/schema\/logo\/image\/"},"sameAs":["https:\/\/www.facebook.com\/megacolecciones","https:\/\/www.instagram.com\/megacolecciones\/"],"hasMerchantReturnPolicy":{"@type":"MerchantReturnPolicy","merchantReturnLink":"https:\/\/megacolecciones.pe\/en\/terminos-y-condiciones\/"}}]},"product_price_amount":"60.00","product_price_currency":"PEN","og_availability":"instock","product_availability":"instock","product_condition":"new"},"_links":{"self":[{"href":"https:\/\/megacolecciones.pe\/en\/wp-json\/wp\/v2\/product\/34653","targetHints":{"allow":["GET"]}}],"collection":[{"href":"https:\/\/megacolecciones.pe\/en\/wp-json\/wp\/v2\/product"}],"about":[{"href":"https:\/\/megacolecciones.pe\/en\/wp-json\/wp\/v2\/types\/product"}],"version-history":[{"count":1,"href":"https:\/\/megacolecciones.pe\/en\/wp-json\/wp\/v2\/product\/34653\/revisions"}],"predecessor-version":[{"id":34655,"href":"https:\/\/megacolecciones.pe\/en\/wp-json\/wp\/v2\/product\/34653\/revisions\/34655"}],"wp:featuredmedia":[{"embeddable":true,"href":"https:\/\/megacolecciones.pe\/en\/wp-json\/wp\/v2\/media\/34654"}],"wp:attachment":[{"href":"https:\/\/megacolecciones.pe\/en\/wp-json\/wp\/v2\/media?parent=34653"}],"wp:term":[{"taxonomy":"product_brand","embeddable":true,"href":"https:\/\/megacolecciones.pe\/en\/wp-json\/wp\/v2\/product_brand?post=34653"},{"taxonomy":"product_cat","embeddable":true,"href":"https:\/\/megacolecciones.pe\/en\/wp-json\/wp\/v2\/product_cat?post=34653"},{"taxonomy":"product_tag","embeddable":true,"href":"https:\/\/megacolecciones.pe\/en\/wp-json\/wp\/v2\/product_tag?post=34653"}],"curies":[{"name":"wp","href":"https:\/\/api.w.org\/{rel}","templated":true}]}}