{"id":34495,"date":"2025-09-24T18:43:47","date_gmt":"2025-09-24T23:43:47","guid":{"rendered":"https:\/\/megacolecciones.pe\/?post_type=product&#038;p=34495"},"modified":"2025-09-24T18:46:30","modified_gmt":"2025-09-24T23:46:30","slug":"album-candy-reedicion-navarrete-set-completo-de-figuras-para-pegar","status":"publish","type":"product","link":"https:\/\/megacolecciones.pe\/en\/product\/album-candy-reedicion-navarrete-set-completo-de-figuras-para-pegar\/","title":{"rendered":"\u00c1lbum Candy (Reedici\u00f3n Navarrete) + Set completo de figuras para pegar"},"content":{"rendered":"","protected":false},"excerpt":{"rendered":"<p data-start=\"132\" data-end=\"178\"><span style=\"font-family: arial, helvetica, sans-serif;\">\ud83c\udf38 \u00a1El regreso de un cl\u00e1sico inolvidable! \ud83c\udf38<\/span><\/p>\n<p data-start=\"180\" data-end=\"369\"><span style=\"font-family: arial, helvetica, sans-serif;\">Disfruta nuevamente las aventuras de Candy con la reedici\u00f3n del \u00e1lbum de 2006 de Navarrete. Un \u00e1lbum que revive toda la magia de la historia y los personajes que marcaron tu infancia.<\/span><\/p>\n<p data-start=\"371\" data-end=\"402\"><span style=\"font-family: arial, helvetica, sans-serif;\">La megacolecci\u00f3n incluye:<\/span><\/p>\n<p data-start=\"404\" data-end=\"554\"><span style=\"font-family: arial, helvetica, sans-serif;\">\ud83d\udcd6 \u00c1lbum vac\u00edo con p\u00e1ginas a full color<\/span><br data-start=\"443\" data-end=\"446\" \/><span style=\"font-family: arial, helvetica, sans-serif;\">\ud83c\udfaf Set completo de figuritas para pegar: normales, especiales y troqueladas<\/span><br data-start=\"521\" data-end=\"524\" \/><span style=\"font-family: arial, helvetica, sans-serif;\">\ud83c\udf81 \u00a14 minip\u00f3sters de regalo!<\/span><\/p>","protected":false},"featured_media":34496,"template":"","meta":[],"product_brand":[],"product_cat":[219,228],"product_tag":[],"class_list":{"0":"post-34495","1":"product","2":"type-product","3":"status-publish","4":"has-post-thumbnail","6":"product_cat-albumes-completos","7":"product_cat-mega-colecciones","9":"first","10":"instock","11":"shipping-taxable","12":"purchasable","13":"product-type-simple"},"yoast_head":"<!-- This site is optimized with the Yoast SEO Premium plugin v23.5 (Yoast SEO v27.4) - https:\/\/yoast.com\/product\/yoast-seo-premium-wordpress\/ -->\n<title>\u00c1lbum Candy (Reedici\u00f3n Navarrete) + Set completo de figuras para pegar | Megacolecciones<\/title>\n<meta name=\"robots\" content=\"index, follow, max-snippet:-1, max-image-preview:large, max-video-preview:-1\" \/>\n<link rel=\"canonical\" href=\"https:\/\/megacolecciones.pe\/en\/product\/album-candy-reedicion-navarrete-set-completo-de-figuras-para-pegar\/\" \/>\n<meta property=\"og:locale\" content=\"en_US\" \/>\n<meta property=\"og:type\" content=\"article\" \/>\n<meta property=\"og:title\" content=\"\u00c1lbum Candy (Reedici\u00f3n Navarrete) + Set completo de figuras para pegar\" \/>\n<meta property=\"og:description\" content=\"\ud83c\udf38 \u00a1El regreso de un cl\u00e1sico inolvidable! \ud83c\udf38 Disfruta nuevamente las aventuras de Candy con la reedici\u00f3n del \u00e1lbum de 2006 de Navarrete. Un \u00e1lbum que revive toda la magia de la historia y los personajes que marcaron tu infancia. La megacolecci\u00f3n incluye: \ud83d\udcd6 \u00c1lbum vac\u00edo con p\u00e1ginas a full color\ud83c\udfaf Set completo de figuritas para pegar: normales, especiales y troqueladas\ud83c\udf81 \u00a14 minip\u00f3sters de regalo!\" \/>\n<meta property=\"og:url\" content=\"https:\/\/megacolecciones.pe\/en\/product\/album-candy-reedicion-navarrete-set-completo-de-figuras-para-pegar\/\" \/>\n<meta property=\"og:site_name\" content=\"Megacolecciones\" \/>\n<meta property=\"article:publisher\" content=\"https:\/\/www.facebook.com\/megacolecciones\" \/>\n<meta property=\"article:modified_time\" content=\"2025-09-24T23:46:30+00:00\" \/>\n<meta property=\"og:image\" content=\"https:\/\/megacolecciones.pe\/wp-content\/uploads\/2025\/09\/candy-web-1-768x768-1.png\" \/>\n\t<meta property=\"og:image:width\" content=\"768\" \/>\n\t<meta property=\"og:image:height\" content=\"768\" \/>\n\t<meta property=\"og:image:type\" content=\"image\/png\" \/>\n<meta name=\"twitter:card\" content=\"summary_large_image\" \/>\n<meta name=\"twitter:label1\" content=\"Price\" \/>\n\t<meta name=\"twitter:data1\" content=\"S\/50.00\" \/>\n\t<meta name=\"twitter:label2\" content=\"Availability\" \/>\n\t<meta name=\"twitter:data2\" content=\"In stock\" \/>\n<script type=\"application\/ld+json\" class=\"yoast-schema-graph\">{\"@context\":\"https:\\\/\\\/schema.org\",\"@graph\":[{\"@type\":\"WebPage\",\"@id\":\"https:\\\/\\\/megacolecciones.pe\\\/producto\\\/album-candy-reedicion-navarrete-set-completo-de-figuras-para-pegar\\\/\",\"url\":\"https:\\\/\\\/megacolecciones.pe\\\/producto\\\/album-candy-reedicion-navarrete-set-completo-de-figuras-para-pegar\\\/\",\"name\":\"\u00c1lbum Candy (Reedici\u00f3n Navarrete) + Set completo de figuras para pegar | Megacolecciones\",\"isPartOf\":{\"@id\":\"https:\\\/\\\/megacolecciones.pe\\\/#website\"},\"primaryImageOfPage\":{\"@id\":\"https:\\\/\\\/megacolecciones.pe\\\/producto\\\/album-candy-reedicion-navarrete-set-completo-de-figuras-para-pegar\\\/#primaryimage\"},\"image\":{\"@id\":\"https:\\\/\\\/megacolecciones.pe\\\/producto\\\/album-candy-reedicion-navarrete-set-completo-de-figuras-para-pegar\\\/#primaryimage\"},\"thumbnailUrl\":\"https:\\\/\\\/megacolecciones.pe\\\/wp-content\\\/uploads\\\/2025\\\/09\\\/candy-web-1-768x768-1.png\",\"datePublished\":\"2025-09-24T23:43:47+00:00\",\"dateModified\":\"2025-09-24T23:46:30+00:00\",\"breadcrumb\":{\"@id\":\"https:\\\/\\\/megacolecciones.pe\\\/producto\\\/album-candy-reedicion-navarrete-set-completo-de-figuras-para-pegar\\\/#breadcrumb\"},\"inLanguage\":\"en-US\",\"potentialAction\":[{\"@type\":\"ReadAction\",\"target\":[\"https:\\\/\\\/megacolecciones.pe\\\/producto\\\/album-candy-reedicion-navarrete-set-completo-de-figuras-para-pegar\\\/\"]}]},{\"@type\":\"ImageObject\",\"inLanguage\":\"en-US\",\"@id\":\"https:\\\/\\\/megacolecciones.pe\\\/producto\\\/album-candy-reedicion-navarrete-set-completo-de-figuras-para-pegar\\\/#primaryimage\",\"url\":\"https:\\\/\\\/megacolecciones.pe\\\/wp-content\\\/uploads\\\/2025\\\/09\\\/candy-web-1-768x768-1.png\",\"contentUrl\":\"https:\\\/\\\/megacolecciones.pe\\\/wp-content\\\/uploads\\\/2025\\\/09\\\/candy-web-1-768x768-1.png\",\"width\":768,\"height\":768},{\"@type\":\"BreadcrumbList\",\"@id\":\"https:\\\/\\\/megacolecciones.pe\\\/producto\\\/album-candy-reedicion-navarrete-set-completo-de-figuras-para-pegar\\\/#breadcrumb\",\"itemListElement\":[{\"@type\":\"ListItem\",\"position\":1,\"name\":\"Home\",\"item\":\"https:\\\/\\\/megacolecciones.pe\\\/\"},{\"@type\":\"ListItem\",\"position\":2,\"name\":\"Tienda\",\"item\":\"https:\\\/\\\/megacolecciones.pe\\\/tienda\\\/\"},{\"@type\":\"ListItem\",\"position\":3,\"name\":\"\u00c1lbum Candy (Reedici\u00f3n Navarrete) + Set completo de figuras para pegar\"}]},{\"@type\":\"WebSite\",\"@id\":\"https:\\\/\\\/megacolecciones.pe\\\/#website\",\"url\":\"https:\\\/\\\/megacolecciones.pe\\\/\",\"name\":\"Mega Colecciones\",\"description\":\"Tienda de \u00e1lbumes, taps y cards\",\"publisher\":{\"@id\":\"https:\\\/\\\/megacolecciones.pe\\\/#organization\"},\"potentialAction\":[{\"@type\":\"SearchAction\",\"target\":{\"@type\":\"EntryPoint\",\"urlTemplate\":\"https:\\\/\\\/megacolecciones.pe\\\/?s={search_term_string}\"},\"query-input\":{\"@type\":\"PropertyValueSpecification\",\"valueRequired\":true,\"valueName\":\"search_term_string\"}}],\"inLanguage\":\"en-US\"},{\"@type\":\"Organization\",\"@id\":\"https:\\\/\\\/megacolecciones.pe\\\/#organization\",\"name\":\"Mega Colecciones\",\"url\":\"https:\\\/\\\/megacolecciones.pe\\\/\",\"logo\":{\"@type\":\"ImageObject\",\"inLanguage\":\"en-US\",\"@id\":\"https:\\\/\\\/megacolecciones.pe\\\/#\\\/schema\\\/logo\\\/image\\\/\",\"url\":\"http:\\\/\\\/megacolecciones.pe\\\/wp-content\\\/uploads\\\/2023\\\/09\\\/logo-mega.png\",\"contentUrl\":\"http:\\\/\\\/megacolecciones.pe\\\/wp-content\\\/uploads\\\/2023\\\/09\\\/logo-mega.png\",\"width\":285,\"height\":100,\"caption\":\"Mega Colecciones\"},\"image\":{\"@id\":\"https:\\\/\\\/megacolecciones.pe\\\/#\\\/schema\\\/logo\\\/image\\\/\"},\"sameAs\":[\"https:\\\/\\\/www.facebook.com\\\/megacolecciones\",\"https:\\\/\\\/www.instagram.com\\\/megacolecciones\\\/\"],\"hasMerchantReturnPolicy\":{\"@type\":\"MerchantReturnPolicy\",\"merchantReturnLink\":\"https:\\\/\\\/megacolecciones.pe\\\/en\\\/terminos-y-condiciones\\\/\"}}]}<\/script>\n<meta property=\"product:price:amount\" content=\"50.00\" \/>\n<meta property=\"product:price:currency\" content=\"PEN\" \/>\n<meta property=\"og:availability\" content=\"instock\" \/>\n<meta property=\"product:availability\" content=\"instock\" \/>\n<meta property=\"product:condition\" content=\"new\" \/>\n<!-- \/ Yoast SEO Premium plugin. -->","yoast_head_json":{"title":"\u00c1lbum Candy (Reedici\u00f3n Navarrete) + Set completo de figuras para pegar | Megacolecciones","robots":{"index":"index","follow":"follow","max-snippet":"max-snippet:-1","max-image-preview":"max-image-preview:large","max-video-preview":"max-video-preview:-1"},"canonical":"https:\/\/megacolecciones.pe\/en\/product\/album-candy-reedicion-navarrete-set-completo-de-figuras-para-pegar\/","og_locale":"en_US","og_type":"article","og_title":"\u00c1lbum Candy (Reedici\u00f3n Navarrete) + Set completo de figuras para pegar","og_description":"\ud83c\udf38 \u00a1El regreso de un cl\u00e1sico inolvidable! \ud83c\udf38 Disfruta nuevamente las aventuras de Candy con la reedici\u00f3n del \u00e1lbum de 2006 de Navarrete. Un \u00e1lbum que revive toda la magia de la historia y los personajes que marcaron tu infancia. La megacolecci\u00f3n incluye: \ud83d\udcd6 \u00c1lbum vac\u00edo con p\u00e1ginas a full color\ud83c\udfaf Set completo de figuritas para pegar: normales, especiales y troqueladas\ud83c\udf81 \u00a14 minip\u00f3sters de regalo!","og_url":"https:\/\/megacolecciones.pe\/en\/product\/album-candy-reedicion-navarrete-set-completo-de-figuras-para-pegar\/","og_site_name":"Megacolecciones","article_publisher":"https:\/\/www.facebook.com\/megacolecciones","article_modified_time":"2025-09-24T23:46:30+00:00","og_image":[{"width":768,"height":768,"url":"https:\/\/megacolecciones.pe\/wp-content\/uploads\/2025\/09\/candy-web-1-768x768-1.png","type":"image\/png"}],"twitter_card":"summary_large_image","twitter_misc":{"Price":"S\/50.00","Availability":"In stock"},"schema":{"@context":"https:\/\/schema.org","@graph":[{"@type":"WebPage","@id":"https:\/\/megacolecciones.pe\/producto\/album-candy-reedicion-navarrete-set-completo-de-figuras-para-pegar\/","url":"https:\/\/megacolecciones.pe\/producto\/album-candy-reedicion-navarrete-set-completo-de-figuras-para-pegar\/","name":"\u00c1lbum Candy (Reedici\u00f3n Navarrete) + Set completo de figuras para pegar | Megacolecciones","isPartOf":{"@id":"https:\/\/megacolecciones.pe\/#website"},"primaryImageOfPage":{"@id":"https:\/\/megacolecciones.pe\/producto\/album-candy-reedicion-navarrete-set-completo-de-figuras-para-pegar\/#primaryimage"},"image":{"@id":"https:\/\/megacolecciones.pe\/producto\/album-candy-reedicion-navarrete-set-completo-de-figuras-para-pegar\/#primaryimage"},"thumbnailUrl":"https:\/\/megacolecciones.pe\/wp-content\/uploads\/2025\/09\/candy-web-1-768x768-1.png","datePublished":"2025-09-24T23:43:47+00:00","dateModified":"2025-09-24T23:46:30+00:00","breadcrumb":{"@id":"https:\/\/megacolecciones.pe\/producto\/album-candy-reedicion-navarrete-set-completo-de-figuras-para-pegar\/#breadcrumb"},"inLanguage":"en-US","potentialAction":[{"@type":"ReadAction","target":["https:\/\/megacolecciones.pe\/producto\/album-candy-reedicion-navarrete-set-completo-de-figuras-para-pegar\/"]}]},{"@type":"ImageObject","inLanguage":"en-US","@id":"https:\/\/megacolecciones.pe\/producto\/album-candy-reedicion-navarrete-set-completo-de-figuras-para-pegar\/#primaryimage","url":"https:\/\/megacolecciones.pe\/wp-content\/uploads\/2025\/09\/candy-web-1-768x768-1.png","contentUrl":"https:\/\/megacolecciones.pe\/wp-content\/uploads\/2025\/09\/candy-web-1-768x768-1.png","width":768,"height":768},{"@type":"BreadcrumbList","@id":"https:\/\/megacolecciones.pe\/producto\/album-candy-reedicion-navarrete-set-completo-de-figuras-para-pegar\/#breadcrumb","itemListElement":[{"@type":"ListItem","position":1,"name":"Home","item":"https:\/\/megacolecciones.pe\/"},{"@type":"ListItem","position":2,"name":"Tienda","item":"https:\/\/megacolecciones.pe\/tienda\/"},{"@type":"ListItem","position":3,"name":"\u00c1lbum Candy (Reedici\u00f3n Navarrete) + Set completo de figuras para pegar"}]},{"@type":"WebSite","@id":"https:\/\/megacolecciones.pe\/#website","url":"https:\/\/megacolecciones.pe\/","name":"Mega Collections","description":"Tienda de \u00e1lbumes, taps y cards","publisher":{"@id":"https:\/\/megacolecciones.pe\/#organization"},"potentialAction":[{"@type":"SearchAction","target":{"@type":"EntryPoint","urlTemplate":"https:\/\/megacolecciones.pe\/?s={search_term_string}"},"query-input":{"@type":"PropertyValueSpecification","valueRequired":true,"valueName":"search_term_string"}}],"inLanguage":"en-US"},{"@type":"Organization","@id":"https:\/\/megacolecciones.pe\/#organization","name":"Mega Collections","url":"https:\/\/megacolecciones.pe\/","logo":{"@type":"ImageObject","inLanguage":"en-US","@id":"https:\/\/megacolecciones.pe\/#\/schema\/logo\/image\/","url":"http:\/\/megacolecciones.pe\/wp-content\/uploads\/2023\/09\/logo-mega.png","contentUrl":"http:\/\/megacolecciones.pe\/wp-content\/uploads\/2023\/09\/logo-mega.png","width":285,"height":100,"caption":"Mega Colecciones"},"image":{"@id":"https:\/\/megacolecciones.pe\/#\/schema\/logo\/image\/"},"sameAs":["https:\/\/www.facebook.com\/megacolecciones","https:\/\/www.instagram.com\/megacolecciones\/"],"hasMerchantReturnPolicy":{"@type":"MerchantReturnPolicy","merchantReturnLink":"https:\/\/megacolecciones.pe\/en\/terminos-y-condiciones\/"}}]},"product_price_amount":"50.00","product_price_currency":"PEN","og_availability":"instock","product_availability":"instock","product_condition":"new"},"_links":{"self":[{"href":"https:\/\/megacolecciones.pe\/en\/wp-json\/wp\/v2\/product\/34495","targetHints":{"allow":["GET"]}}],"collection":[{"href":"https:\/\/megacolecciones.pe\/en\/wp-json\/wp\/v2\/product"}],"about":[{"href":"https:\/\/megacolecciones.pe\/en\/wp-json\/wp\/v2\/types\/product"}],"version-history":[{"count":2,"href":"https:\/\/megacolecciones.pe\/en\/wp-json\/wp\/v2\/product\/34495\/revisions"}],"predecessor-version":[{"id":34498,"href":"https:\/\/megacolecciones.pe\/en\/wp-json\/wp\/v2\/product\/34495\/revisions\/34498"}],"wp:featuredmedia":[{"embeddable":true,"href":"https:\/\/megacolecciones.pe\/en\/wp-json\/wp\/v2\/media\/34496"}],"wp:attachment":[{"href":"https:\/\/megacolecciones.pe\/en\/wp-json\/wp\/v2\/media?parent=34495"}],"wp:term":[{"taxonomy":"product_brand","embeddable":true,"href":"https:\/\/megacolecciones.pe\/en\/wp-json\/wp\/v2\/product_brand?post=34495"},{"taxonomy":"product_cat","embeddable":true,"href":"https:\/\/megacolecciones.pe\/en\/wp-json\/wp\/v2\/product_cat?post=34495"},{"taxonomy":"product_tag","embeddable":true,"href":"https:\/\/megacolecciones.pe\/en\/wp-json\/wp\/v2\/product_tag?post=34495"}],"curies":[{"name":"wp","href":"https:\/\/api.w.org\/{rel}","templated":true}]}}