{"id":33823,"date":"2025-08-04T17:43:04","date_gmt":"2025-08-04T22:43:04","guid":{"rendered":"https:\/\/megacolecciones.pe\/?post_type=product&#038;p=33823"},"modified":"2025-08-07T13:20:08","modified_gmt":"2025-08-07T18:20:08","slug":"enciclopedia-pokemon-2","status":"publish","type":"product","link":"https:\/\/megacolecciones.pe\/en\/product\/enciclopedia-pokemon-2\/","title":{"rendered":"Enciclopedia Pok\u00e9mon"},"content":{"rendered":"","protected":false},"excerpt":{"rendered":"<p><span class=\"a-text-bold\" style=\"font-family: arial, helvetica, sans-serif;\">\u00a1La enciclopedia Pok\u00e9mon definitiva en tapa dura y con acabados metalizados! El mejor regalo para cualquier fan de Pok\u00e9mon.<\/span><\/p>\n<p><span style=\"font-family: arial, helvetica, sans-serif;\">EL MUNDO POK\u00c9MON EN TUS MANOS \u2728<\/span><\/p>\n<p><span style=\"font-family: arial, helvetica, sans-serif;\">Descubre todos los secretos ocultos de tu serie favorita con esta enciclopedia definitiva.<\/span><\/p>\n<p><span style=\"font-family: arial, helvetica, sans-serif;\">Acompa\u00f1a a Ash en este maravilloso viaje desde Kanto hasta la regi\u00f3n de Galar y descubre a nuevos amigos y a Pok\u00e9mon incre\u00edbles.<\/span><\/p>\n<p><span style=\"font-family: arial, helvetica, sans-serif;\">Conoce a los poderosos Pok\u00e9mon legendarios y singulares, s\u00e9 part\u00edcipe de sus duelos y batallas apote\u00f3sicas y convi\u00e9rtete en testigo de los \u00e9xitos de Ash en su camino a convertirse en el maestro Pok\u00e9mon m\u00e1s grande de todos los tiempos.<\/span><\/p>","protected":false},"featured_media":33829,"template":"","meta":[],"product_brand":[],"product_cat":[235],"product_tag":[],"class_list":{"0":"post-33823","1":"product","2":"type-product","3":"status-publish","4":"has-post-thumbnail","6":"product_cat-otros-productos","8":"first","9":"outofstock","10":"shipping-taxable","11":"purchasable","12":"product-type-simple"},"yoast_head":"<!-- This site is optimized with the Yoast SEO Premium plugin v23.5 (Yoast SEO v27.4) - https:\/\/yoast.com\/product\/yoast-seo-premium-wordpress\/ -->\n<title>Enciclopedia Pok\u00e9mon | Megacolecciones<\/title>\n<meta name=\"robots\" content=\"index, follow, max-snippet:-1, max-image-preview:large, max-video-preview:-1\" \/>\n<link rel=\"canonical\" href=\"https:\/\/megacolecciones.pe\/en\/product\/enciclopedia-pokemon-2\/\" \/>\n<meta property=\"og:locale\" content=\"en_US\" \/>\n<meta property=\"og:type\" content=\"article\" \/>\n<meta property=\"og:title\" content=\"Enciclopedia Pok\u00e9mon\" \/>\n<meta property=\"og:description\" content=\"\u00a1La enciclopedia Pok\u00e9mon definitiva en tapa dura y con acabados metalizados! El mejor regalo para cualquier fan de Pok\u00e9mon.  EL MUNDO POK\u00c9MON EN TUS MANOS \u2728  Descubre todos los secretos ocultos de tu serie favorita con esta enciclopedia definitiva.  Acompa\u00f1a a Ash en este maravilloso viaje desde Kanto hasta la regi\u00f3n de Galar y descubre a nuevos amigos y a Pok\u00e9mon incre\u00edbles.  Conoce a los poderosos Pok\u00e9mon legendarios y singulares, s\u00e9 part\u00edcipe de sus duelos y batallas apote\u00f3sicas y convi\u00e9rtete en testigo de los \u00e9xitos de Ash en su camino a convertirse en el maestro Pok\u00e9mon m\u00e1s grande de todos los tiempos.\" \/>\n<meta property=\"og:url\" content=\"https:\/\/megacolecciones.pe\/en\/product\/enciclopedia-pokemon-2\/\" \/>\n<meta property=\"og:site_name\" content=\"Megacolecciones\" \/>\n<meta property=\"article:publisher\" content=\"https:\/\/www.facebook.com\/megacolecciones\" \/>\n<meta property=\"article:modified_time\" content=\"2025-08-07T18:20:08+00:00\" \/>\n<meta property=\"og:image\" content=\"https:\/\/megacolecciones.pe\/wp-content\/uploads\/2025\/08\/enciclopedia-pokemon-1.jpg\" \/>\n\t<meta property=\"og:image:width\" content=\"1200\" \/>\n\t<meta property=\"og:image:height\" content=\"1200\" \/>\n\t<meta property=\"og:image:type\" content=\"image\/jpeg\" \/>\n<meta name=\"twitter:card\" content=\"summary_large_image\" \/>\n<meta name=\"twitter:label1\" content=\"Price\" \/>\n\t<meta name=\"twitter:data1\" content=\"S\/150.00\" \/>\n\t<meta name=\"twitter:label2\" content=\"Availability\" \/>\n\t<meta name=\"twitter:data2\" content=\"Out of stock\" \/>\n<script type=\"application\/ld+json\" class=\"yoast-schema-graph\">{\"@context\":\"https:\\\/\\\/schema.org\",\"@graph\":[{\"@type\":\"WebPage\",\"@id\":\"https:\\\/\\\/megacolecciones.pe\\\/producto\\\/enciclopedia-pokemon-2\\\/\",\"url\":\"https:\\\/\\\/megacolecciones.pe\\\/producto\\\/enciclopedia-pokemon-2\\\/\",\"name\":\"Enciclopedia Pok\u00e9mon | Megacolecciones\",\"isPartOf\":{\"@id\":\"https:\\\/\\\/megacolecciones.pe\\\/#website\"},\"primaryImageOfPage\":{\"@id\":\"https:\\\/\\\/megacolecciones.pe\\\/producto\\\/enciclopedia-pokemon-2\\\/#primaryimage\"},\"image\":{\"@id\":\"https:\\\/\\\/megacolecciones.pe\\\/producto\\\/enciclopedia-pokemon-2\\\/#primaryimage\"},\"thumbnailUrl\":\"https:\\\/\\\/megacolecciones.pe\\\/wp-content\\\/uploads\\\/2025\\\/08\\\/enciclopedia-pokemon-1.jpg\",\"datePublished\":\"2025-08-04T22:43:04+00:00\",\"dateModified\":\"2025-08-07T18:20:08+00:00\",\"breadcrumb\":{\"@id\":\"https:\\\/\\\/megacolecciones.pe\\\/producto\\\/enciclopedia-pokemon-2\\\/#breadcrumb\"},\"inLanguage\":\"en-US\",\"potentialAction\":[{\"@type\":\"ReadAction\",\"target\":[\"https:\\\/\\\/megacolecciones.pe\\\/producto\\\/enciclopedia-pokemon-2\\\/\"]}]},{\"@type\":\"ImageObject\",\"inLanguage\":\"en-US\",\"@id\":\"https:\\\/\\\/megacolecciones.pe\\\/producto\\\/enciclopedia-pokemon-2\\\/#primaryimage\",\"url\":\"https:\\\/\\\/megacolecciones.pe\\\/wp-content\\\/uploads\\\/2025\\\/08\\\/enciclopedia-pokemon-1.jpg\",\"contentUrl\":\"https:\\\/\\\/megacolecciones.pe\\\/wp-content\\\/uploads\\\/2025\\\/08\\\/enciclopedia-pokemon-1.jpg\",\"width\":1200,\"height\":1200},{\"@type\":\"BreadcrumbList\",\"@id\":\"https:\\\/\\\/megacolecciones.pe\\\/producto\\\/enciclopedia-pokemon-2\\\/#breadcrumb\",\"itemListElement\":[{\"@type\":\"ListItem\",\"position\":1,\"name\":\"Home\",\"item\":\"https:\\\/\\\/megacolecciones.pe\\\/\"},{\"@type\":\"ListItem\",\"position\":2,\"name\":\"Tienda\",\"item\":\"https:\\\/\\\/megacolecciones.pe\\\/tienda\\\/\"},{\"@type\":\"ListItem\",\"position\":3,\"name\":\"Enciclopedia Pok\u00e9mon\"}]},{\"@type\":\"WebSite\",\"@id\":\"https:\\\/\\\/megacolecciones.pe\\\/#website\",\"url\":\"https:\\\/\\\/megacolecciones.pe\\\/\",\"name\":\"Mega Colecciones\",\"description\":\"Tienda de \u00e1lbumes, taps y cards\",\"publisher\":{\"@id\":\"https:\\\/\\\/megacolecciones.pe\\\/#organization\"},\"potentialAction\":[{\"@type\":\"SearchAction\",\"target\":{\"@type\":\"EntryPoint\",\"urlTemplate\":\"https:\\\/\\\/megacolecciones.pe\\\/?s={search_term_string}\"},\"query-input\":{\"@type\":\"PropertyValueSpecification\",\"valueRequired\":true,\"valueName\":\"search_term_string\"}}],\"inLanguage\":\"en-US\"},{\"@type\":\"Organization\",\"@id\":\"https:\\\/\\\/megacolecciones.pe\\\/#organization\",\"name\":\"Mega Colecciones\",\"url\":\"https:\\\/\\\/megacolecciones.pe\\\/\",\"logo\":{\"@type\":\"ImageObject\",\"inLanguage\":\"en-US\",\"@id\":\"https:\\\/\\\/megacolecciones.pe\\\/#\\\/schema\\\/logo\\\/image\\\/\",\"url\":\"http:\\\/\\\/megacolecciones.pe\\\/wp-content\\\/uploads\\\/2023\\\/09\\\/logo-mega.png\",\"contentUrl\":\"http:\\\/\\\/megacolecciones.pe\\\/wp-content\\\/uploads\\\/2023\\\/09\\\/logo-mega.png\",\"width\":285,\"height\":100,\"caption\":\"Mega Colecciones\"},\"image\":{\"@id\":\"https:\\\/\\\/megacolecciones.pe\\\/#\\\/schema\\\/logo\\\/image\\\/\"},\"sameAs\":[\"https:\\\/\\\/www.facebook.com\\\/megacolecciones\",\"https:\\\/\\\/www.instagram.com\\\/megacolecciones\\\/\"],\"hasMerchantReturnPolicy\":{\"@type\":\"MerchantReturnPolicy\",\"merchantReturnLink\":\"https:\\\/\\\/megacolecciones.pe\\\/en\\\/terminos-y-condiciones\\\/\"}}]}<\/script>\n<meta property=\"product:price:amount\" content=\"150.00\" \/>\n<meta property=\"product:price:currency\" content=\"PEN\" \/>\n<meta property=\"og:availability\" content=\"out of stock\" \/>\n<meta property=\"product:availability\" content=\"out of stock\" \/>\n<meta property=\"product:condition\" content=\"new\" \/>\n<!-- \/ Yoast SEO Premium plugin. -->","yoast_head_json":{"title":"Enciclopedia Pok\u00e9mon | Megacolecciones","robots":{"index":"index","follow":"follow","max-snippet":"max-snippet:-1","max-image-preview":"max-image-preview:large","max-video-preview":"max-video-preview:-1"},"canonical":"https:\/\/megacolecciones.pe\/en\/product\/enciclopedia-pokemon-2\/","og_locale":"en_US","og_type":"article","og_title":"Enciclopedia Pok\u00e9mon","og_description":"\u00a1La enciclopedia Pok\u00e9mon definitiva en tapa dura y con acabados metalizados! El mejor regalo para cualquier fan de Pok\u00e9mon.  EL MUNDO POK\u00c9MON EN TUS MANOS \u2728  Descubre todos los secretos ocultos de tu serie favorita con esta enciclopedia definitiva.  Acompa\u00f1a a Ash en este maravilloso viaje desde Kanto hasta la regi\u00f3n de Galar y descubre a nuevos amigos y a Pok\u00e9mon incre\u00edbles.  Conoce a los poderosos Pok\u00e9mon legendarios y singulares, s\u00e9 part\u00edcipe de sus duelos y batallas apote\u00f3sicas y convi\u00e9rtete en testigo de los \u00e9xitos de Ash en su camino a convertirse en el maestro Pok\u00e9mon m\u00e1s grande de todos los tiempos.","og_url":"https:\/\/megacolecciones.pe\/en\/product\/enciclopedia-pokemon-2\/","og_site_name":"Megacolecciones","article_publisher":"https:\/\/www.facebook.com\/megacolecciones","article_modified_time":"2025-08-07T18:20:08+00:00","og_image":[{"width":1200,"height":1200,"url":"https:\/\/megacolecciones.pe\/wp-content\/uploads\/2025\/08\/enciclopedia-pokemon-1.jpg","type":"image\/jpeg"}],"twitter_card":"summary_large_image","twitter_misc":{"Price":"S\/150.00","Availability":"Out of stock"},"schema":{"@context":"https:\/\/schema.org","@graph":[{"@type":"WebPage","@id":"https:\/\/megacolecciones.pe\/producto\/enciclopedia-pokemon-2\/","url":"https:\/\/megacolecciones.pe\/producto\/enciclopedia-pokemon-2\/","name":"Enciclopedia Pok\u00e9mon | Megacolecciones","isPartOf":{"@id":"https:\/\/megacolecciones.pe\/#website"},"primaryImageOfPage":{"@id":"https:\/\/megacolecciones.pe\/producto\/enciclopedia-pokemon-2\/#primaryimage"},"image":{"@id":"https:\/\/megacolecciones.pe\/producto\/enciclopedia-pokemon-2\/#primaryimage"},"thumbnailUrl":"https:\/\/megacolecciones.pe\/wp-content\/uploads\/2025\/08\/enciclopedia-pokemon-1.jpg","datePublished":"2025-08-04T22:43:04+00:00","dateModified":"2025-08-07T18:20:08+00:00","breadcrumb":{"@id":"https:\/\/megacolecciones.pe\/producto\/enciclopedia-pokemon-2\/#breadcrumb"},"inLanguage":"en-US","potentialAction":[{"@type":"ReadAction","target":["https:\/\/megacolecciones.pe\/producto\/enciclopedia-pokemon-2\/"]}]},{"@type":"ImageObject","inLanguage":"en-US","@id":"https:\/\/megacolecciones.pe\/producto\/enciclopedia-pokemon-2\/#primaryimage","url":"https:\/\/megacolecciones.pe\/wp-content\/uploads\/2025\/08\/enciclopedia-pokemon-1.jpg","contentUrl":"https:\/\/megacolecciones.pe\/wp-content\/uploads\/2025\/08\/enciclopedia-pokemon-1.jpg","width":1200,"height":1200},{"@type":"BreadcrumbList","@id":"https:\/\/megacolecciones.pe\/producto\/enciclopedia-pokemon-2\/#breadcrumb","itemListElement":[{"@type":"ListItem","position":1,"name":"Home","item":"https:\/\/megacolecciones.pe\/"},{"@type":"ListItem","position":2,"name":"Tienda","item":"https:\/\/megacolecciones.pe\/tienda\/"},{"@type":"ListItem","position":3,"name":"Enciclopedia Pok\u00e9mon"}]},{"@type":"WebSite","@id":"https:\/\/megacolecciones.pe\/#website","url":"https:\/\/megacolecciones.pe\/","name":"Mega Collections","description":"Tienda de \u00e1lbumes, taps y cards","publisher":{"@id":"https:\/\/megacolecciones.pe\/#organization"},"potentialAction":[{"@type":"SearchAction","target":{"@type":"EntryPoint","urlTemplate":"https:\/\/megacolecciones.pe\/?s={search_term_string}"},"query-input":{"@type":"PropertyValueSpecification","valueRequired":true,"valueName":"search_term_string"}}],"inLanguage":"en-US"},{"@type":"Organization","@id":"https:\/\/megacolecciones.pe\/#organization","name":"Mega Collections","url":"https:\/\/megacolecciones.pe\/","logo":{"@type":"ImageObject","inLanguage":"en-US","@id":"https:\/\/megacolecciones.pe\/#\/schema\/logo\/image\/","url":"http:\/\/megacolecciones.pe\/wp-content\/uploads\/2023\/09\/logo-mega.png","contentUrl":"http:\/\/megacolecciones.pe\/wp-content\/uploads\/2023\/09\/logo-mega.png","width":285,"height":100,"caption":"Mega Colecciones"},"image":{"@id":"https:\/\/megacolecciones.pe\/#\/schema\/logo\/image\/"},"sameAs":["https:\/\/www.facebook.com\/megacolecciones","https:\/\/www.instagram.com\/megacolecciones\/"],"hasMerchantReturnPolicy":{"@type":"MerchantReturnPolicy","merchantReturnLink":"https:\/\/megacolecciones.pe\/en\/terminos-y-condiciones\/"}}]},"product_price_amount":"150.00","product_price_currency":"PEN","og_availability":"out of stock","product_availability":"out of stock","product_condition":"new"},"_links":{"self":[{"href":"https:\/\/megacolecciones.pe\/en\/wp-json\/wp\/v2\/product\/33823","targetHints":{"allow":["GET"]}}],"collection":[{"href":"https:\/\/megacolecciones.pe\/en\/wp-json\/wp\/v2\/product"}],"about":[{"href":"https:\/\/megacolecciones.pe\/en\/wp-json\/wp\/v2\/types\/product"}],"version-history":[{"count":0,"href":"https:\/\/megacolecciones.pe\/en\/wp-json\/wp\/v2\/product\/33823\/revisions"}],"wp:featuredmedia":[{"embeddable":true,"href":"https:\/\/megacolecciones.pe\/en\/wp-json\/wp\/v2\/media\/33829"}],"wp:attachment":[{"href":"https:\/\/megacolecciones.pe\/en\/wp-json\/wp\/v2\/media?parent=33823"}],"wp:term":[{"taxonomy":"product_brand","embeddable":true,"href":"https:\/\/megacolecciones.pe\/en\/wp-json\/wp\/v2\/product_brand?post=33823"},{"taxonomy":"product_cat","embeddable":true,"href":"https:\/\/megacolecciones.pe\/en\/wp-json\/wp\/v2\/product_cat?post=33823"},{"taxonomy":"product_tag","embeddable":true,"href":"https:\/\/megacolecciones.pe\/en\/wp-json\/wp\/v2\/product_tag?post=33823"}],"curies":[{"name":"wp","href":"https:\/\/api.w.org\/{rel}","templated":true}]}}