{"id":25525,"date":"2024-07-05T19:14:45","date_gmt":"2024-07-06T00:14:45","guid":{"rendered":"https:\/\/megacolecciones.pe\/?post_type=product&#038;p=25525"},"modified":"2026-01-26T13:15:00","modified_gmt":"2026-01-26T18:15:00","slug":"album-marvel-versus-panini-set-completo-de-figuras-para-pegar-set-completo-de-cards","status":"publish","type":"product","link":"https:\/\/megacolecciones.pe\/en\/product\/album-marvel-versus-panini-set-completo-de-figuras-para-pegar-set-completo-de-cards\/","title":{"rendered":"\u00c1lbum Marvel Versus (Panini) + Set completo de figuras para pegar + Set completo de cards"},"content":{"rendered":"","protected":false},"excerpt":{"rendered":"<p><span style=\"font-family: arial, helvetica, sans-serif;\">Una incre\u00edble colecci\u00f3n de estampas y tarjetas, que presenta a los villanos de Marvel como nunca los hab\u00edas visto&#8230; tambi\u00e9n conocer\u00e1s aspectos importantes de sus m\u00e1ximos rivales, \u00a1Tus superh\u00e9roes favoritos! <\/span><\/p>\n<p><span style=\"font-family: arial, helvetica, sans-serif;\">En cada secci\u00f3n se habla de los enemigos de cada h\u00e9roe con una peque\u00f1a descripci\u00f3n, en algunos casos se incluye una ficha t\u00e9cnica resaltando sus habilidades, poderes, el creador del personaje y su primera aparici\u00f3n en los c\u00f3mics. <\/span><\/p>\n<p><span style=\"font-family: arial, helvetica, sans-serif;\">La megacolecci\u00f3n contiene:<\/span><\/p>\n<p><span style=\"font-family: arial, helvetica, sans-serif;\"><span class=\"x19la9d6 x1fc57z9 x6ikm8r x10wlt62 x19co3pv x1g5zs5t xfibh0p xiy17q3 x1xsqp64 x1lkfr7t xexx8yu x4uap5 x18d9i69 xkhd6sd\"><span class=\"xrtxmta x1bhl96m\">\ud83d\udccc<\/span><\/span>\u00c1lbum vac\u00edo de la editorial Panini (\u00c1lbum licenciado).<\/span><\/p>\n<p><span style=\"font-family: arial, helvetica, sans-serif;\"><span class=\"x19la9d6 x1fc57z9 x6ikm8r x10wlt62 x19co3pv x1g5zs5t xfibh0p xiy17q3 x1xsqp64 x1lkfr7t xexx8yu x4uap5 x18d9i69 xkhd6sd\"><span class=\"xrtxmta x1bhl96m\">\ud83d\udccc64 Figuras normales.<\/span><\/span><\/span><\/p>\n<p><span style=\"font-family: arial, helvetica, sans-serif;\"><span class=\"x19la9d6 x1fc57z9 x6ikm8r x10wlt62 x19co3pv x1g5zs5t xfibh0p xiy17q3 x1xsqp64 x1lkfr7t xexx8yu x4uap5 x18d9i69 xkhd6sd\"><span class=\"xrtxmta x1bhl96m\">\ud83d\udccc72 Figuras troquelados.<\/span><\/span><\/span><\/p>\n<p><span style=\"font-family: arial, helvetica, sans-serif;\"><span class=\"x19la9d6 x1fc57z9 x6ikm8r x10wlt62 x19co3pv x1g5zs5t xfibh0p xiy17q3 x1xsqp64 x1lkfr7t xexx8yu x4uap5 x18d9i69 xkhd6sd\"><span class=\"xrtxmta x1bhl96m\">\ud83d\udccc24 Figuras metalizados.<\/span><\/span><\/span><\/p>\n<p><span style=\"font-family: arial, helvetica, sans-serif;\"><span class=\"x19la9d6 x1fc57z9 x6ikm8r x10wlt62 x19co3pv x1g5zs5t xfibh0p xiy17q3 x1xsqp64 x1lkfr7t xexx8yu x4uap5 x18d9i69 xkhd6sd\"><span class=\"xrtxmta x1bhl96m\">\ud83d\udccc16 Figuras brillantes en la oscuridad.<\/span><\/span><\/span><\/p>\n<p><span style=\"font-family: arial, helvetica, sans-serif;\"><span class=\"x19la9d6 x1fc57z9 x6ikm8r x10wlt62 x19co3pv x1g5zs5t xfibh0p xiy17q3 x1xsqp64 x1lkfr7t xexx8yu x4uap5 x18d9i69 xkhd6sd\"><span class=\"xrtxmta x1bhl96m\">\ud83d\udccc50 Cards coleccionables.<\/span><\/span><\/span><\/p>","protected":false},"featured_media":25529,"template":"","meta":[],"product_brand":[],"product_cat":[230,234],"product_tag":[],"class_list":{"0":"post-25525","1":"product","2":"type-product","3":"status-publish","4":"has-post-thumbnail","6":"product_cat-colecciones-licenciadas","7":"product_cat-colecciones-panini","9":"first","10":"outofstock","11":"shipping-taxable","12":"purchasable","13":"product-type-simple"},"yoast_head":"<!-- This site is optimized with the Yoast SEO Premium plugin v23.5 (Yoast SEO v27.4) - https:\/\/yoast.com\/product\/yoast-seo-premium-wordpress\/ -->\n<title>\u00c1lbum Marvel Versus (Panini) + Set completo de figuras para pegar + Set completo de cards | Megacolecciones<\/title>\n<meta name=\"robots\" content=\"index, follow, max-snippet:-1, max-image-preview:large, max-video-preview:-1\" \/>\n<link rel=\"canonical\" href=\"https:\/\/megacolecciones.pe\/en\/product\/album-marvel-versus-panini-set-completo-de-figuras-para-pegar-set-completo-de-cards\/\" \/>\n<meta property=\"og:locale\" content=\"en_US\" \/>\n<meta property=\"og:type\" content=\"article\" \/>\n<meta property=\"og:title\" content=\"\u00c1lbum Marvel Versus (Panini) + Set completo de figuras para pegar + Set completo de cards\" \/>\n<meta property=\"og:description\" content=\"Una incre\u00edble colecci\u00f3n de estampas y tarjetas, que presenta a los villanos de Marvel como nunca los hab\u00edas visto... tambi\u00e9n conocer\u00e1s aspectos importantes de sus m\u00e1ximos rivales, \u00a1Tus superh\u00e9roes favoritos!   En cada secci\u00f3n se habla de los enemigos de cada h\u00e9roe con una peque\u00f1a descripci\u00f3n, en algunos casos se incluye una ficha t\u00e9cnica resaltando sus habilidades, poderes, el creador del personaje y su primera aparici\u00f3n en los c\u00f3mics.   La megacolecci\u00f3n contiene:  \ud83d\udccc\u00c1lbum vac\u00edo de la editorial Panini (\u00c1lbum licenciado).  \ud83d\udccc64 Figuras normales.  \ud83d\udccc72 Figuras troquelados.  \ud83d\udccc24 Figuras metalizados.  \ud83d\udccc16 Figuras brillantes en la oscuridad.  \ud83d\udccc50 Cards coleccionables.\" \/>\n<meta property=\"og:url\" content=\"https:\/\/megacolecciones.pe\/en\/product\/album-marvel-versus-panini-set-completo-de-figuras-para-pegar-set-completo-de-cards\/\" \/>\n<meta property=\"og:site_name\" content=\"Megacolecciones\" \/>\n<meta property=\"article:publisher\" content=\"https:\/\/www.facebook.com\/megacolecciones\" \/>\n<meta property=\"article:modified_time\" content=\"2026-01-26T18:15:00+00:00\" \/>\n<meta property=\"og:image\" content=\"https:\/\/megacolecciones.pe\/wp-content\/uploads\/2024\/07\/marvel-versus-1.jpg\" \/>\n\t<meta property=\"og:image:width\" content=\"1200\" \/>\n\t<meta property=\"og:image:height\" content=\"1200\" \/>\n\t<meta property=\"og:image:type\" content=\"image\/jpeg\" \/>\n<meta name=\"twitter:card\" content=\"summary_large_image\" \/>\n<meta name=\"twitter:label1\" content=\"Price\" \/>\n\t<meta name=\"twitter:data1\" content=\"S\/180.00\" \/>\n\t<meta name=\"twitter:label2\" content=\"Availability\" \/>\n\t<meta name=\"twitter:data2\" content=\"Out of stock\" \/>\n<script type=\"application\/ld+json\" class=\"yoast-schema-graph\">{\"@context\":\"https:\\\/\\\/schema.org\",\"@graph\":[{\"@type\":\"WebPage\",\"@id\":\"https:\\\/\\\/megacolecciones.pe\\\/producto\\\/album-marvel-versus-panini-set-completo-de-figuras-para-pegar-set-completo-de-cards\\\/\",\"url\":\"https:\\\/\\\/megacolecciones.pe\\\/producto\\\/album-marvel-versus-panini-set-completo-de-figuras-para-pegar-set-completo-de-cards\\\/\",\"name\":\"\u00c1lbum Marvel Versus (Panini) + Set completo de figuras para pegar + Set completo de cards | Megacolecciones\",\"isPartOf\":{\"@id\":\"https:\\\/\\\/megacolecciones.pe\\\/#website\"},\"primaryImageOfPage\":{\"@id\":\"https:\\\/\\\/megacolecciones.pe\\\/producto\\\/album-marvel-versus-panini-set-completo-de-figuras-para-pegar-set-completo-de-cards\\\/#primaryimage\"},\"image\":{\"@id\":\"https:\\\/\\\/megacolecciones.pe\\\/producto\\\/album-marvel-versus-panini-set-completo-de-figuras-para-pegar-set-completo-de-cards\\\/#primaryimage\"},\"thumbnailUrl\":\"https:\\\/\\\/megacolecciones.pe\\\/wp-content\\\/uploads\\\/2024\\\/07\\\/marvel-versus-1.jpg\",\"datePublished\":\"2024-07-06T00:14:45+00:00\",\"dateModified\":\"2026-01-26T18:15:00+00:00\",\"breadcrumb\":{\"@id\":\"https:\\\/\\\/megacolecciones.pe\\\/producto\\\/album-marvel-versus-panini-set-completo-de-figuras-para-pegar-set-completo-de-cards\\\/#breadcrumb\"},\"inLanguage\":\"en-US\",\"potentialAction\":[{\"@type\":\"ReadAction\",\"target\":[\"https:\\\/\\\/megacolecciones.pe\\\/producto\\\/album-marvel-versus-panini-set-completo-de-figuras-para-pegar-set-completo-de-cards\\\/\"]}]},{\"@type\":\"ImageObject\",\"inLanguage\":\"en-US\",\"@id\":\"https:\\\/\\\/megacolecciones.pe\\\/producto\\\/album-marvel-versus-panini-set-completo-de-figuras-para-pegar-set-completo-de-cards\\\/#primaryimage\",\"url\":\"https:\\\/\\\/megacolecciones.pe\\\/wp-content\\\/uploads\\\/2024\\\/07\\\/marvel-versus-1.jpg\",\"contentUrl\":\"https:\\\/\\\/megacolecciones.pe\\\/wp-content\\\/uploads\\\/2024\\\/07\\\/marvel-versus-1.jpg\",\"width\":1200,\"height\":1200},{\"@type\":\"BreadcrumbList\",\"@id\":\"https:\\\/\\\/megacolecciones.pe\\\/producto\\\/album-marvel-versus-panini-set-completo-de-figuras-para-pegar-set-completo-de-cards\\\/#breadcrumb\",\"itemListElement\":[{\"@type\":\"ListItem\",\"position\":1,\"name\":\"Home\",\"item\":\"https:\\\/\\\/megacolecciones.pe\\\/\"},{\"@type\":\"ListItem\",\"position\":2,\"name\":\"Tienda\",\"item\":\"https:\\\/\\\/megacolecciones.pe\\\/tienda\\\/\"},{\"@type\":\"ListItem\",\"position\":3,\"name\":\"\u00c1lbum Marvel Versus (Panini) + Set completo de figuras para pegar + Set completo de cards\"}]},{\"@type\":\"WebSite\",\"@id\":\"https:\\\/\\\/megacolecciones.pe\\\/#website\",\"url\":\"https:\\\/\\\/megacolecciones.pe\\\/\",\"name\":\"Mega Colecciones\",\"description\":\"Tienda de \u00e1lbumes, taps y cards\",\"publisher\":{\"@id\":\"https:\\\/\\\/megacolecciones.pe\\\/#organization\"},\"potentialAction\":[{\"@type\":\"SearchAction\",\"target\":{\"@type\":\"EntryPoint\",\"urlTemplate\":\"https:\\\/\\\/megacolecciones.pe\\\/?s={search_term_string}\"},\"query-input\":{\"@type\":\"PropertyValueSpecification\",\"valueRequired\":true,\"valueName\":\"search_term_string\"}}],\"inLanguage\":\"en-US\"},{\"@type\":\"Organization\",\"@id\":\"https:\\\/\\\/megacolecciones.pe\\\/#organization\",\"name\":\"Mega Colecciones\",\"url\":\"https:\\\/\\\/megacolecciones.pe\\\/\",\"logo\":{\"@type\":\"ImageObject\",\"inLanguage\":\"en-US\",\"@id\":\"https:\\\/\\\/megacolecciones.pe\\\/#\\\/schema\\\/logo\\\/image\\\/\",\"url\":\"http:\\\/\\\/megacolecciones.pe\\\/wp-content\\\/uploads\\\/2023\\\/09\\\/logo-mega.png\",\"contentUrl\":\"http:\\\/\\\/megacolecciones.pe\\\/wp-content\\\/uploads\\\/2023\\\/09\\\/logo-mega.png\",\"width\":285,\"height\":100,\"caption\":\"Mega Colecciones\"},\"image\":{\"@id\":\"https:\\\/\\\/megacolecciones.pe\\\/#\\\/schema\\\/logo\\\/image\\\/\"},\"sameAs\":[\"https:\\\/\\\/www.facebook.com\\\/megacolecciones\",\"https:\\\/\\\/www.instagram.com\\\/megacolecciones\\\/\"],\"hasMerchantReturnPolicy\":{\"@type\":\"MerchantReturnPolicy\",\"merchantReturnLink\":\"https:\\\/\\\/megacolecciones.pe\\\/en\\\/terminos-y-condiciones\\\/\"}}]}<\/script>\n<meta property=\"product:price:amount\" content=\"180.00\" \/>\n<meta property=\"product:price:currency\" content=\"PEN\" \/>\n<meta property=\"og:availability\" content=\"out of stock\" \/>\n<meta property=\"product:availability\" content=\"out of stock\" \/>\n<meta property=\"product:condition\" content=\"new\" \/>\n<!-- \/ Yoast SEO Premium plugin. -->","yoast_head_json":{"title":"\u00c1lbum Marvel Versus (Panini) + Set completo de figuras para pegar + Set completo de cards | Megacolecciones","robots":{"index":"index","follow":"follow","max-snippet":"max-snippet:-1","max-image-preview":"max-image-preview:large","max-video-preview":"max-video-preview:-1"},"canonical":"https:\/\/megacolecciones.pe\/en\/product\/album-marvel-versus-panini-set-completo-de-figuras-para-pegar-set-completo-de-cards\/","og_locale":"en_US","og_type":"article","og_title":"\u00c1lbum Marvel Versus (Panini) + Set completo de figuras para pegar + Set completo de cards","og_description":"Una incre\u00edble colecci\u00f3n de estampas y tarjetas, que presenta a los villanos de Marvel como nunca los hab\u00edas visto... tambi\u00e9n conocer\u00e1s aspectos importantes de sus m\u00e1ximos rivales, \u00a1Tus superh\u00e9roes favoritos!   En cada secci\u00f3n se habla de los enemigos de cada h\u00e9roe con una peque\u00f1a descripci\u00f3n, en algunos casos se incluye una ficha t\u00e9cnica resaltando sus habilidades, poderes, el creador del personaje y su primera aparici\u00f3n en los c\u00f3mics.   La megacolecci\u00f3n contiene:  \ud83d\udccc\u00c1lbum vac\u00edo de la editorial Panini (\u00c1lbum licenciado).  \ud83d\udccc64 Figuras normales.  \ud83d\udccc72 Figuras troquelados.  \ud83d\udccc24 Figuras metalizados.  \ud83d\udccc16 Figuras brillantes en la oscuridad.  \ud83d\udccc50 Cards coleccionables.","og_url":"https:\/\/megacolecciones.pe\/en\/product\/album-marvel-versus-panini-set-completo-de-figuras-para-pegar-set-completo-de-cards\/","og_site_name":"Megacolecciones","article_publisher":"https:\/\/www.facebook.com\/megacolecciones","article_modified_time":"2026-01-26T18:15:00+00:00","og_image":[{"width":1200,"height":1200,"url":"https:\/\/megacolecciones.pe\/wp-content\/uploads\/2024\/07\/marvel-versus-1.jpg","type":"image\/jpeg"}],"twitter_card":"summary_large_image","twitter_misc":{"Price":"S\/180.00","Availability":"Out of stock"},"schema":{"@context":"https:\/\/schema.org","@graph":[{"@type":"WebPage","@id":"https:\/\/megacolecciones.pe\/producto\/album-marvel-versus-panini-set-completo-de-figuras-para-pegar-set-completo-de-cards\/","url":"https:\/\/megacolecciones.pe\/producto\/album-marvel-versus-panini-set-completo-de-figuras-para-pegar-set-completo-de-cards\/","name":"\u00c1lbum Marvel Versus (Panini) + Set completo de figuras para pegar + Set completo de cards | Megacolecciones","isPartOf":{"@id":"https:\/\/megacolecciones.pe\/#website"},"primaryImageOfPage":{"@id":"https:\/\/megacolecciones.pe\/producto\/album-marvel-versus-panini-set-completo-de-figuras-para-pegar-set-completo-de-cards\/#primaryimage"},"image":{"@id":"https:\/\/megacolecciones.pe\/producto\/album-marvel-versus-panini-set-completo-de-figuras-para-pegar-set-completo-de-cards\/#primaryimage"},"thumbnailUrl":"https:\/\/megacolecciones.pe\/wp-content\/uploads\/2024\/07\/marvel-versus-1.jpg","datePublished":"2024-07-06T00:14:45+00:00","dateModified":"2026-01-26T18:15:00+00:00","breadcrumb":{"@id":"https:\/\/megacolecciones.pe\/producto\/album-marvel-versus-panini-set-completo-de-figuras-para-pegar-set-completo-de-cards\/#breadcrumb"},"inLanguage":"en-US","potentialAction":[{"@type":"ReadAction","target":["https:\/\/megacolecciones.pe\/producto\/album-marvel-versus-panini-set-completo-de-figuras-para-pegar-set-completo-de-cards\/"]}]},{"@type":"ImageObject","inLanguage":"en-US","@id":"https:\/\/megacolecciones.pe\/producto\/album-marvel-versus-panini-set-completo-de-figuras-para-pegar-set-completo-de-cards\/#primaryimage","url":"https:\/\/megacolecciones.pe\/wp-content\/uploads\/2024\/07\/marvel-versus-1.jpg","contentUrl":"https:\/\/megacolecciones.pe\/wp-content\/uploads\/2024\/07\/marvel-versus-1.jpg","width":1200,"height":1200},{"@type":"BreadcrumbList","@id":"https:\/\/megacolecciones.pe\/producto\/album-marvel-versus-panini-set-completo-de-figuras-para-pegar-set-completo-de-cards\/#breadcrumb","itemListElement":[{"@type":"ListItem","position":1,"name":"Home","item":"https:\/\/megacolecciones.pe\/"},{"@type":"ListItem","position":2,"name":"Tienda","item":"https:\/\/megacolecciones.pe\/tienda\/"},{"@type":"ListItem","position":3,"name":"\u00c1lbum Marvel Versus (Panini) + Set completo de figuras para pegar + Set completo de cards"}]},{"@type":"WebSite","@id":"https:\/\/megacolecciones.pe\/#website","url":"https:\/\/megacolecciones.pe\/","name":"Mega Collections","description":"Tienda de \u00e1lbumes, taps y cards","publisher":{"@id":"https:\/\/megacolecciones.pe\/#organization"},"potentialAction":[{"@type":"SearchAction","target":{"@type":"EntryPoint","urlTemplate":"https:\/\/megacolecciones.pe\/?s={search_term_string}"},"query-input":{"@type":"PropertyValueSpecification","valueRequired":true,"valueName":"search_term_string"}}],"inLanguage":"en-US"},{"@type":"Organization","@id":"https:\/\/megacolecciones.pe\/#organization","name":"Mega Collections","url":"https:\/\/megacolecciones.pe\/","logo":{"@type":"ImageObject","inLanguage":"en-US","@id":"https:\/\/megacolecciones.pe\/#\/schema\/logo\/image\/","url":"http:\/\/megacolecciones.pe\/wp-content\/uploads\/2023\/09\/logo-mega.png","contentUrl":"http:\/\/megacolecciones.pe\/wp-content\/uploads\/2023\/09\/logo-mega.png","width":285,"height":100,"caption":"Mega Colecciones"},"image":{"@id":"https:\/\/megacolecciones.pe\/#\/schema\/logo\/image\/"},"sameAs":["https:\/\/www.facebook.com\/megacolecciones","https:\/\/www.instagram.com\/megacolecciones\/"],"hasMerchantReturnPolicy":{"@type":"MerchantReturnPolicy","merchantReturnLink":"https:\/\/megacolecciones.pe\/en\/terminos-y-condiciones\/"}}]},"product_price_amount":"180.00","product_price_currency":"PEN","og_availability":"out of stock","product_availability":"out of stock","product_condition":"new"},"_links":{"self":[{"href":"https:\/\/megacolecciones.pe\/en\/wp-json\/wp\/v2\/product\/25525","targetHints":{"allow":["GET"]}}],"collection":[{"href":"https:\/\/megacolecciones.pe\/en\/wp-json\/wp\/v2\/product"}],"about":[{"href":"https:\/\/megacolecciones.pe\/en\/wp-json\/wp\/v2\/types\/product"}],"version-history":[{"count":2,"href":"https:\/\/megacolecciones.pe\/en\/wp-json\/wp\/v2\/product\/25525\/revisions"}],"predecessor-version":[{"id":35568,"href":"https:\/\/megacolecciones.pe\/en\/wp-json\/wp\/v2\/product\/25525\/revisions\/35568"}],"wp:featuredmedia":[{"embeddable":true,"href":"https:\/\/megacolecciones.pe\/en\/wp-json\/wp\/v2\/media\/25529"}],"wp:attachment":[{"href":"https:\/\/megacolecciones.pe\/en\/wp-json\/wp\/v2\/media?parent=25525"}],"wp:term":[{"taxonomy":"product_brand","embeddable":true,"href":"https:\/\/megacolecciones.pe\/en\/wp-json\/wp\/v2\/product_brand?post=25525"},{"taxonomy":"product_cat","embeddable":true,"href":"https:\/\/megacolecciones.pe\/en\/wp-json\/wp\/v2\/product_cat?post=25525"},{"taxonomy":"product_tag","embeddable":true,"href":"https:\/\/megacolecciones.pe\/en\/wp-json\/wp\/v2\/product_tag?post=25525"}],"curies":[{"name":"wp","href":"https:\/\/api.w.org\/{rel}","templated":true}]}}