{"id":21633,"date":"2023-01-29T15:05:21","date_gmt":"2023-01-29T20:05:21","guid":{"rendered":"https:\/\/sukirastore.com\/?post_type=product&#038;p=21633"},"modified":"2025-09-18T18:21:41","modified_gmt":"2025-09-18T23:21:41","slug":"album-lady-oscar-set-completo-figuras","status":"publish","type":"product","link":"https:\/\/megacolecciones.pe\/en\/product\/album-lady-oscar-set-completo-figuras\/","title":{"rendered":"\u00c1lbum \u00abLady Oscar\u00bb + set completo de figuras"},"content":{"rendered":"<p data-start=\"698\" data-end=\"1000\">Revive la magia de <strong data-start=\"717\" data-end=\"731\">Lady Oscar<\/strong> con este <strong data-start=\"741\" data-end=\"759\">\u00e1lbum especial<\/strong> que incluye el <strong data-start=\"775\" data-end=\"812\">set completo de figuras oficiales<\/strong>. Cada \u00e1lbum est\u00e1 dise\u00f1ado para que los fan\u00e1ticos y coleccionistas puedan disfrutar de la serie de manera completa, con todos los personajes y escenas ic\u00f3nicas reunidos en un solo \u00e1lbum.<\/p>\n<p data-start=\"1002\" data-end=\"1148\">Este producto es ideal para quienes desean <strong data-start=\"1045\" data-end=\"1096\">completar su colecci\u00f3n de forma r\u00e1pida y segura<\/strong>, sin preocuparse por conseguir figura por figura.<\/p>\n<h4 data-start=\"1150\" data-end=\"1192\">\ud83c\udfaf Beneficios de comprar este \u00e1lbum<\/h4>\n<ul data-start=\"1193\" data-end=\"1462\">\n<li data-start=\"1193\" data-end=\"1252\">\n<p data-start=\"1195\" data-end=\"1252\">\u00c1lbum oficial de <strong data-start=\"1212\" data-end=\"1226\">Lady Oscar<\/strong> con figuras aut\u00e9nticas.<\/p>\n<\/li>\n<li data-start=\"1253\" data-end=\"1303\">\n<p data-start=\"1255\" data-end=\"1303\">Incluye <strong data-start=\"1263\" data-end=\"1300\">set completo de todas las figuras<\/strong>.<\/p>\n<\/li>\n<li data-start=\"1304\" data-end=\"1356\">\n<p data-start=\"1306\" data-end=\"1356\">Perfecto para coleccionistas y fans de la serie.<\/p>\n<\/li>\n<li data-start=\"1357\" data-end=\"1399\">\n<p data-start=\"1359\" data-end=\"1399\">Producto exclusivo y edici\u00f3n limitada.<\/p>\n<\/li>\n<li data-start=\"1400\" data-end=\"1462\">\n<p data-start=\"1402\" data-end=\"1462\">Ideal como regalo o para exhibir en tu colecci\u00f3n personal.<\/p>\n<\/li>\n<\/ul>\n<h4 data-start=\"1464\" data-end=\"1505\">\ud83d\udce6 Completa tu colecci\u00f3n hoy mismo<\/h4>\n<p data-start=\"1506\" data-end=\"1723\">No dejes pasar la oportunidad de tener el <strong data-start=\"1548\" data-end=\"1594\">\u00c1lbum Lady Oscar + set completo de figuras<\/strong>. Compra ahora y asegura tu colecci\u00f3n completa, con todos los personajes y escenas de la serie listos para disfrutar y mostrar.<\/p>","protected":false},"excerpt":{"rendered":"<p><span style=\"font-family: arial, helvetica, sans-serif;\"><span class=\"x3nfvp2 x1j61x8r x1fcty0u xdj266r xhhsvwb xat24cr xgzva0m xxymvpz xlup9mm x1kky2od\"><img decoding=\"async\" src=\"https:\/\/static.xx.fbcdn.net\/images\/emoji.php\/v9\/t7f\/1\/16\/1f7e5.png\" alt=\"\ud83d\udfe5\" width=\"16\" height=\"16\" \/><\/span>\u00a0Contenido:<\/span><\/p>\n<p><span style=\"font-family: arial, helvetica, sans-serif;\"><span class=\"x3nfvp2 x1j61x8r x1fcty0u xdj266r xhhsvwb xat24cr xgzva0m xxymvpz xlup9mm x1kky2od\"><img decoding=\"async\" src=\"https:\/\/static.xx.fbcdn.net\/images\/emoji.php\/v9\/t0\/1\/16\/1f7e6.png\" alt=\"\ud83d\udfe6\" width=\"16\" height=\"16\" \/><\/span>\u00a001 \u00c1lbum<\/span><br \/>\n<span style=\"font-family: arial, helvetica, sans-serif;\"><span class=\"x3nfvp2 x1j61x8r x1fcty0u xdj266r xhhsvwb xat24cr xgzva0m xxymvpz xlup9mm x1kky2od\"><img decoding=\"async\" src=\"https:\/\/static.xx.fbcdn.net\/images\/emoji.php\/v9\/t0\/1\/16\/1f7e6.png\" alt=\"\ud83d\udfe6\" width=\"16\" height=\"16\" \/><\/span>\u00a0192 figuras normales<\/span><br \/>\n<span style=\"font-family: arial, helvetica, sans-serif;\"><span class=\"x3nfvp2 x1j61x8r x1fcty0u xdj266r xhhsvwb xat24cr xgzva0m xxymvpz xlup9mm x1kky2od\"><img decoding=\"async\" src=\"https:\/\/static.xx.fbcdn.net\/images\/emoji.php\/v9\/t0\/1\/16\/1f7e6.png\" alt=\"\ud83d\udfe6\" width=\"16\" height=\"16\" \/><\/span>\u00a032 figuras cromadas<\/span><br \/>\n<span style=\"font-family: arial, helvetica, sans-serif;\"><span class=\"x3nfvp2 x1j61x8r x1fcty0u xdj266r xhhsvwb xat24cr xgzva0m xxymvpz xlup9mm x1kky2od\"><img decoding=\"async\" src=\"https:\/\/static.xx.fbcdn.net\/images\/emoji.php\/v9\/t0\/1\/16\/1f7e6.png\" alt=\"\ud83d\udfe6\" width=\"16\" height=\"16\" \/><\/span>\u00a01 minipostal adhesiva<\/span><\/p>","protected":false},"featured_media":21542,"template":"","meta":[],"product_brand":[],"product_cat":[219,228],"product_tag":[],"class_list":{"0":"post-21633","1":"product","2":"type-product","3":"status-publish","4":"has-post-thumbnail","6":"product_cat-albumes-completos","7":"product_cat-mega-colecciones","9":"first","10":"instock","11":"shipping-taxable","12":"purchasable","13":"product-type-simple"},"yoast_head":"<!-- This site is optimized with the Yoast SEO Premium plugin v23.5 (Yoast SEO v27.4) - https:\/\/yoast.com\/product\/yoast-seo-premium-wordpress\/ -->\n<title>\u00c1lbum Lady Oscar + Set Completo de Figuras<\/title>\n<meta name=\"description\" content=\"Consigue el \u00c1lbum Lady Oscar con set completo de figuras. Edici\u00f3n oficial para coleccionistas y fan\u00e1ticos de la serie.\" \/>\n<meta name=\"robots\" content=\"index, follow, max-snippet:-1, max-image-preview:large, max-video-preview:-1\" \/>\n<link rel=\"canonical\" href=\"https:\/\/megacolecciones.pe\/en\/product\/album-lady-oscar-set-completo-figuras\/\" \/>\n<meta property=\"og:locale\" content=\"en_US\" \/>\n<meta property=\"og:type\" content=\"article\" \/>\n<meta property=\"og:title\" content=\"\u00c1lbum &quot;Lady Oscar&quot; + set completo de figuras\" \/>\n<meta property=\"og:description\" content=\"Consigue el \u00c1lbum Lady Oscar con set completo de figuras. Edici\u00f3n oficial para coleccionistas y fan\u00e1ticos de la serie.\" \/>\n<meta property=\"og:url\" content=\"https:\/\/megacolecciones.pe\/en\/product\/album-lady-oscar-set-completo-figuras\/\" \/>\n<meta property=\"og:site_name\" content=\"Megacolecciones\" \/>\n<meta property=\"article:publisher\" content=\"https:\/\/www.facebook.com\/megacolecciones\" \/>\n<meta property=\"article:modified_time\" content=\"2025-09-18T23:21:41+00:00\" \/>\n<meta property=\"og:image\" content=\"https:\/\/megacolecciones.pe\/wp-content\/uploads\/2023\/01\/mega-colecciones-Lady-Oscar-Precio-catalogo.jpg\" \/>\n\t<meta property=\"og:image:width\" content=\"1200\" \/>\n\t<meta property=\"og:image:height\" content=\"1200\" \/>\n\t<meta property=\"og:image:type\" content=\"image\/jpeg\" \/>\n<meta name=\"twitter:card\" content=\"summary_large_image\" \/>\n<meta name=\"twitter:label1\" content=\"Price\" \/>\n\t<meta name=\"twitter:data1\" content=\"S\/50.00\" \/>\n\t<meta name=\"twitter:label2\" content=\"Availability\" \/>\n\t<meta name=\"twitter:data2\" content=\"In stock\" \/>\n<script type=\"application\/ld+json\" class=\"yoast-schema-graph\">{\"@context\":\"https:\\\/\\\/schema.org\",\"@graph\":[{\"@type\":\"WebPage\",\"@id\":\"https:\\\/\\\/megacolecciones.pe\\\/producto\\\/album-lady-oscar-set-completo-figuras\\\/\",\"url\":\"https:\\\/\\\/megacolecciones.pe\\\/producto\\\/album-lady-oscar-set-completo-figuras\\\/\",\"name\":\"\u00c1lbum Lady Oscar + Set Completo de Figuras\",\"isPartOf\":{\"@id\":\"https:\\\/\\\/megacolecciones.pe\\\/#website\"},\"primaryImageOfPage\":{\"@id\":\"https:\\\/\\\/megacolecciones.pe\\\/producto\\\/album-lady-oscar-set-completo-figuras\\\/#primaryimage\"},\"image\":{\"@id\":\"https:\\\/\\\/megacolecciones.pe\\\/producto\\\/album-lady-oscar-set-completo-figuras\\\/#primaryimage\"},\"thumbnailUrl\":\"https:\\\/\\\/megacolecciones.pe\\\/wp-content\\\/uploads\\\/2023\\\/01\\\/mega-colecciones-Lady-Oscar-Precio-catalogo.jpg\",\"datePublished\":\"2023-01-29T20:05:21+00:00\",\"dateModified\":\"2025-09-18T23:21:41+00:00\",\"description\":\"Consigue el \u00c1lbum Lady Oscar con set completo de figuras. Edici\u00f3n oficial para coleccionistas y fan\u00e1ticos de la serie.\",\"breadcrumb\":{\"@id\":\"https:\\\/\\\/megacolecciones.pe\\\/producto\\\/album-lady-oscar-set-completo-figuras\\\/#breadcrumb\"},\"inLanguage\":\"en-US\",\"potentialAction\":[{\"@type\":\"ReadAction\",\"target\":[\"https:\\\/\\\/megacolecciones.pe\\\/producto\\\/album-lady-oscar-set-completo-figuras\\\/\"]}]},{\"@type\":\"ImageObject\",\"inLanguage\":\"en-US\",\"@id\":\"https:\\\/\\\/megacolecciones.pe\\\/producto\\\/album-lady-oscar-set-completo-figuras\\\/#primaryimage\",\"url\":\"https:\\\/\\\/megacolecciones.pe\\\/wp-content\\\/uploads\\\/2023\\\/01\\\/mega-colecciones-Lady-Oscar-Precio-catalogo.jpg\",\"contentUrl\":\"https:\\\/\\\/megacolecciones.pe\\\/wp-content\\\/uploads\\\/2023\\\/01\\\/mega-colecciones-Lady-Oscar-Precio-catalogo.jpg\",\"width\":1200,\"height\":1200},{\"@type\":\"BreadcrumbList\",\"@id\":\"https:\\\/\\\/megacolecciones.pe\\\/producto\\\/album-lady-oscar-set-completo-figuras\\\/#breadcrumb\",\"itemListElement\":[{\"@type\":\"ListItem\",\"position\":1,\"name\":\"Home\",\"item\":\"https:\\\/\\\/megacolecciones.pe\\\/\"},{\"@type\":\"ListItem\",\"position\":2,\"name\":\"Tienda\",\"item\":\"https:\\\/\\\/megacolecciones.pe\\\/tienda\\\/\"},{\"@type\":\"ListItem\",\"position\":3,\"name\":\"\u00c1lbum \u00abLady Oscar\u00bb + set completo de figuras\"}]},{\"@type\":\"WebSite\",\"@id\":\"https:\\\/\\\/megacolecciones.pe\\\/#website\",\"url\":\"https:\\\/\\\/megacolecciones.pe\\\/\",\"name\":\"Mega Colecciones\",\"description\":\"Tienda de \u00e1lbumes, taps y cards\",\"publisher\":{\"@id\":\"https:\\\/\\\/megacolecciones.pe\\\/#organization\"},\"potentialAction\":[{\"@type\":\"SearchAction\",\"target\":{\"@type\":\"EntryPoint\",\"urlTemplate\":\"https:\\\/\\\/megacolecciones.pe\\\/?s={search_term_string}\"},\"query-input\":{\"@type\":\"PropertyValueSpecification\",\"valueRequired\":true,\"valueName\":\"search_term_string\"}}],\"inLanguage\":\"en-US\"},{\"@type\":\"Organization\",\"@id\":\"https:\\\/\\\/megacolecciones.pe\\\/#organization\",\"name\":\"Mega Colecciones\",\"url\":\"https:\\\/\\\/megacolecciones.pe\\\/\",\"logo\":{\"@type\":\"ImageObject\",\"inLanguage\":\"en-US\",\"@id\":\"https:\\\/\\\/megacolecciones.pe\\\/#\\\/schema\\\/logo\\\/image\\\/\",\"url\":\"http:\\\/\\\/megacolecciones.pe\\\/wp-content\\\/uploads\\\/2023\\\/09\\\/logo-mega.png\",\"contentUrl\":\"http:\\\/\\\/megacolecciones.pe\\\/wp-content\\\/uploads\\\/2023\\\/09\\\/logo-mega.png\",\"width\":285,\"height\":100,\"caption\":\"Mega Colecciones\"},\"image\":{\"@id\":\"https:\\\/\\\/megacolecciones.pe\\\/#\\\/schema\\\/logo\\\/image\\\/\"},\"sameAs\":[\"https:\\\/\\\/www.facebook.com\\\/megacolecciones\",\"https:\\\/\\\/www.instagram.com\\\/megacolecciones\\\/\"],\"hasMerchantReturnPolicy\":{\"@type\":\"MerchantReturnPolicy\",\"merchantReturnLink\":\"https:\\\/\\\/megacolecciones.pe\\\/en\\\/terminos-y-condiciones\\\/\"}}]}<\/script>\n<meta property=\"product:price:amount\" content=\"50.00\" \/>\n<meta property=\"product:price:currency\" content=\"PEN\" \/>\n<meta property=\"og:availability\" content=\"instock\" \/>\n<meta property=\"product:availability\" content=\"instock\" \/>\n<meta property=\"product:condition\" content=\"new\" \/>\n<!-- \/ Yoast SEO Premium plugin. -->","yoast_head_json":{"title":"\u00c1lbum Lady Oscar + Set Completo de Figuras","description":"Consigue el \u00c1lbum Lady Oscar con set completo de figuras. Edici\u00f3n oficial para coleccionistas y fan\u00e1ticos de la serie.","robots":{"index":"index","follow":"follow","max-snippet":"max-snippet:-1","max-image-preview":"max-image-preview:large","max-video-preview":"max-video-preview:-1"},"canonical":"https:\/\/megacolecciones.pe\/en\/product\/album-lady-oscar-set-completo-figuras\/","og_locale":"en_US","og_type":"article","og_title":"\u00c1lbum \"Lady Oscar\" + set completo de figuras","og_description":"Consigue el \u00c1lbum Lady Oscar con set completo de figuras. Edici\u00f3n oficial para coleccionistas y fan\u00e1ticos de la serie.","og_url":"https:\/\/megacolecciones.pe\/en\/product\/album-lady-oscar-set-completo-figuras\/","og_site_name":"Megacolecciones","article_publisher":"https:\/\/www.facebook.com\/megacolecciones","article_modified_time":"2025-09-18T23:21:41+00:00","og_image":[{"width":1200,"height":1200,"url":"https:\/\/megacolecciones.pe\/wp-content\/uploads\/2023\/01\/mega-colecciones-Lady-Oscar-Precio-catalogo.jpg","type":"image\/jpeg"}],"twitter_card":"summary_large_image","twitter_misc":{"Price":"S\/50.00","Availability":"In stock"},"schema":{"@context":"https:\/\/schema.org","@graph":[{"@type":"WebPage","@id":"https:\/\/megacolecciones.pe\/producto\/album-lady-oscar-set-completo-figuras\/","url":"https:\/\/megacolecciones.pe\/producto\/album-lady-oscar-set-completo-figuras\/","name":"\u00c1lbum Lady Oscar + Set Completo de Figuras","isPartOf":{"@id":"https:\/\/megacolecciones.pe\/#website"},"primaryImageOfPage":{"@id":"https:\/\/megacolecciones.pe\/producto\/album-lady-oscar-set-completo-figuras\/#primaryimage"},"image":{"@id":"https:\/\/megacolecciones.pe\/producto\/album-lady-oscar-set-completo-figuras\/#primaryimage"},"thumbnailUrl":"https:\/\/megacolecciones.pe\/wp-content\/uploads\/2023\/01\/mega-colecciones-Lady-Oscar-Precio-catalogo.jpg","datePublished":"2023-01-29T20:05:21+00:00","dateModified":"2025-09-18T23:21:41+00:00","description":"Consigue el \u00c1lbum Lady Oscar con set completo de figuras. Edici\u00f3n oficial para coleccionistas y fan\u00e1ticos de la serie.","breadcrumb":{"@id":"https:\/\/megacolecciones.pe\/producto\/album-lady-oscar-set-completo-figuras\/#breadcrumb"},"inLanguage":"en-US","potentialAction":[{"@type":"ReadAction","target":["https:\/\/megacolecciones.pe\/producto\/album-lady-oscar-set-completo-figuras\/"]}]},{"@type":"ImageObject","inLanguage":"en-US","@id":"https:\/\/megacolecciones.pe\/producto\/album-lady-oscar-set-completo-figuras\/#primaryimage","url":"https:\/\/megacolecciones.pe\/wp-content\/uploads\/2023\/01\/mega-colecciones-Lady-Oscar-Precio-catalogo.jpg","contentUrl":"https:\/\/megacolecciones.pe\/wp-content\/uploads\/2023\/01\/mega-colecciones-Lady-Oscar-Precio-catalogo.jpg","width":1200,"height":1200},{"@type":"BreadcrumbList","@id":"https:\/\/megacolecciones.pe\/producto\/album-lady-oscar-set-completo-figuras\/#breadcrumb","itemListElement":[{"@type":"ListItem","position":1,"name":"Home","item":"https:\/\/megacolecciones.pe\/"},{"@type":"ListItem","position":2,"name":"Tienda","item":"https:\/\/megacolecciones.pe\/tienda\/"},{"@type":"ListItem","position":3,"name":"\u00c1lbum \u00abLady Oscar\u00bb + set completo de figuras"}]},{"@type":"WebSite","@id":"https:\/\/megacolecciones.pe\/#website","url":"https:\/\/megacolecciones.pe\/","name":"Mega Collections","description":"Tienda de \u00e1lbumes, taps y cards","publisher":{"@id":"https:\/\/megacolecciones.pe\/#organization"},"potentialAction":[{"@type":"SearchAction","target":{"@type":"EntryPoint","urlTemplate":"https:\/\/megacolecciones.pe\/?s={search_term_string}"},"query-input":{"@type":"PropertyValueSpecification","valueRequired":true,"valueName":"search_term_string"}}],"inLanguage":"en-US"},{"@type":"Organization","@id":"https:\/\/megacolecciones.pe\/#organization","name":"Mega Collections","url":"https:\/\/megacolecciones.pe\/","logo":{"@type":"ImageObject","inLanguage":"en-US","@id":"https:\/\/megacolecciones.pe\/#\/schema\/logo\/image\/","url":"http:\/\/megacolecciones.pe\/wp-content\/uploads\/2023\/09\/logo-mega.png","contentUrl":"http:\/\/megacolecciones.pe\/wp-content\/uploads\/2023\/09\/logo-mega.png","width":285,"height":100,"caption":"Mega Colecciones"},"image":{"@id":"https:\/\/megacolecciones.pe\/#\/schema\/logo\/image\/"},"sameAs":["https:\/\/www.facebook.com\/megacolecciones","https:\/\/www.instagram.com\/megacolecciones\/"],"hasMerchantReturnPolicy":{"@type":"MerchantReturnPolicy","merchantReturnLink":"https:\/\/megacolecciones.pe\/en\/terminos-y-condiciones\/"}}]},"product_price_amount":"50.00","product_price_currency":"PEN","og_availability":"instock","product_availability":"instock","product_condition":"new"},"_links":{"self":[{"href":"https:\/\/megacolecciones.pe\/en\/wp-json\/wp\/v2\/product\/21633","targetHints":{"allow":["GET"]}}],"collection":[{"href":"https:\/\/megacolecciones.pe\/en\/wp-json\/wp\/v2\/product"}],"about":[{"href":"https:\/\/megacolecciones.pe\/en\/wp-json\/wp\/v2\/types\/product"}],"version-history":[{"count":2,"href":"https:\/\/megacolecciones.pe\/en\/wp-json\/wp\/v2\/product\/21633\/revisions"}],"predecessor-version":[{"id":34291,"href":"https:\/\/megacolecciones.pe\/en\/wp-json\/wp\/v2\/product\/21633\/revisions\/34291"}],"wp:featuredmedia":[{"embeddable":true,"href":"https:\/\/megacolecciones.pe\/en\/wp-json\/wp\/v2\/media\/21542"}],"wp:attachment":[{"href":"https:\/\/megacolecciones.pe\/en\/wp-json\/wp\/v2\/media?parent=21633"}],"wp:term":[{"taxonomy":"product_brand","embeddable":true,"href":"https:\/\/megacolecciones.pe\/en\/wp-json\/wp\/v2\/product_brand?post=21633"},{"taxonomy":"product_cat","embeddable":true,"href":"https:\/\/megacolecciones.pe\/en\/wp-json\/wp\/v2\/product_cat?post=21633"},{"taxonomy":"product_tag","embeddable":true,"href":"https:\/\/megacolecciones.pe\/en\/wp-json\/wp\/v2\/product_tag?post=21633"}],"curies":[{"name":"wp","href":"https:\/\/api.w.org\/{rel}","templated":true}]}}