{"id":21617,"date":"2023-01-29T14:19:51","date_gmt":"2023-01-29T19:19:51","guid":{"rendered":"https:\/\/sukirastore.com\/?post_type=product&#038;p=21617"},"modified":"2025-09-18T12:55:35","modified_gmt":"2025-09-18T17:55:35","slug":"album-clasificatorias-sudamericanas-set-completo-figuras","status":"publish","type":"product","link":"https:\/\/megacolecciones.pe\/en\/product\/album-clasificatorias-sudamericanas-set-completo-figuras\/","title":{"rendered":"\u00c1lbum \u00abClasificatorias Sudamericanas\u00bb + set completo de figuras"},"content":{"rendered":"<p data-start=\"792\" data-end=\"1060\">Vive la pasi\u00f3n del f\u00fatbol sudamericano con el <strong data-start=\"838\" data-end=\"877\">\u00c1lbum Clasificatorias Sudamericanas<\/strong> que incluye el <strong data-start=\"893\" data-end=\"930\">set completo de figuras oficiales<\/strong>. Con esta edici\u00f3n especial podr\u00e1s tener todos los equipos, jugadores y momentos de las eliminatorias reunidos en un solo \u00e1lbum.<\/p>\n<p data-start=\"1062\" data-end=\"1245\">Este producto es perfecto para coleccionistas y fan\u00e1ticos del f\u00fatbol que desean <strong data-start=\"1142\" data-end=\"1189\">tener la colecci\u00f3n completa desde el inicio<\/strong>, sin preocuparse por conseguir figurita por figurita.<\/p>\n<h4 data-start=\"1247\" data-end=\"1289\">\ud83c\udfaf Beneficios de comprar este \u00e1lbum<\/h4>\n<ul data-start=\"1290\" data-end=\"1556\">\n<li data-start=\"1290\" data-end=\"1345\">\n<p data-start=\"1292\" data-end=\"1345\">\u00c1lbum oficial de las Clasificatorias Sudamericanas.<\/p>\n<\/li>\n<li data-start=\"1346\" data-end=\"1396\">\n<p data-start=\"1348\" data-end=\"1396\">Incluye <strong data-start=\"1356\" data-end=\"1393\">set completo de todas las figuras<\/strong>.<\/p>\n<\/li>\n<li data-start=\"1397\" data-end=\"1451\">\n<p data-start=\"1399\" data-end=\"1451\">Ideal para coleccionistas y aficionados al f\u00fatbol.<\/p>\n<\/li>\n<li data-start=\"1452\" data-end=\"1497\">\n<p data-start=\"1454\" data-end=\"1497\">Producto exclusivo y de edici\u00f3n limitada.<\/p>\n<\/li>\n<li data-start=\"1498\" data-end=\"1556\">\n<p data-start=\"1500\" data-end=\"1556\">Perfecto como recuerdo hist\u00f3rico de las eliminatorias.<\/p>\n<\/li>\n<\/ul>\n<h4 data-start=\"1558\" data-end=\"1606\">\ud83d\udce6 Haz tuyo el \u00e1lbum completo ahora mismo<\/h4>\n<p data-start=\"1607\" data-end=\"1883\">No te quedes sin esta pieza \u00fanica. Con el <strong data-start=\"1649\" data-end=\"1714\">\u00c1lbum Clasificatorias Sudamericanas + set completo de figuras<\/strong> aseguras tu colecci\u00f3n oficial y disfrutas de todos los equipos y jugadores de la regi\u00f3n. \u00a1C\u00f3mpralo hoy mismo y guarda un recuerdo inolvidable del f\u00fatbol sudamericano!<\/p>","protected":false},"excerpt":{"rendered":"<p><span class=\"x3nfvp2 x1j61x8r x1fcty0u xdj266r xhhsvwb xat24cr xgzva0m xxymvpz xlup9mm x1kky2od\"><img decoding=\"async\" src=\"https:\/\/static.xx.fbcdn.net\/images\/emoji.php\/v9\/t7f\/1\/16\/1f7e5.png\" alt=\"\ud83d\udfe5\" width=\"16\" height=\"16\" \/><\/span>\u00a0Contenido:<\/p>\n<p><span class=\"x3nfvp2 x1j61x8r x1fcty0u xdj266r xhhsvwb xat24cr xgzva0m xxymvpz xlup9mm x1kky2od\"><img decoding=\"async\" src=\"https:\/\/static.xx.fbcdn.net\/images\/emoji.php\/v9\/t0\/1\/16\/1f7e6.png\" alt=\"\ud83d\udfe6\" width=\"16\" height=\"16\" \/><\/span>\u00a001 \u00c1lbum<br \/>\n<span class=\"x3nfvp2 x1j61x8r x1fcty0u xdj266r xhhsvwb xat24cr xgzva0m xxymvpz xlup9mm x1kky2od\"><img decoding=\"async\" src=\"https:\/\/static.xx.fbcdn.net\/images\/emoji.php\/v9\/t0\/1\/16\/1f7e6.png\" alt=\"\ud83d\udfe6\" width=\"16\" height=\"16\" \/><\/span>\u00a0170 figuras normales<br \/>\n<span class=\"x3nfvp2 x1j61x8r x1fcty0u xdj266r xhhsvwb xat24cr xgzva0m xxymvpz xlup9mm x1kky2od\"><img decoding=\"async\" src=\"https:\/\/static.xx.fbcdn.net\/images\/emoji.php\/v9\/t0\/1\/16\/1f7e6.png\" alt=\"\ud83d\udfe6\" width=\"16\" height=\"16\" \/><\/span>\u00a025 figuras cromadas<br \/>\n<span class=\"x3nfvp2 x1j61x8r x1fcty0u xdj266r xhhsvwb xat24cr xgzva0m xxymvpz xlup9mm x1kky2od\"><img decoding=\"async\" src=\"https:\/\/static.xx.fbcdn.net\/images\/emoji.php\/v9\/t0\/1\/16\/1f7e6.png\" alt=\"\ud83d\udfe6\" width=\"16\" height=\"16\" \/><\/span>\u00a002 figuras troqueladas<\/p>","protected":false},"featured_media":21819,"template":"","meta":[],"product_brand":[],"product_cat":[219,228],"product_tag":[],"class_list":{"0":"post-21617","1":"product","2":"type-product","3":"status-publish","4":"has-post-thumbnail","6":"product_cat-albumes-completos","7":"product_cat-mega-colecciones","9":"first","10":"instock","11":"shipping-taxable","12":"purchasable","13":"product-type-simple"},"yoast_head":"<!-- This site is optimized with the Yoast SEO Premium plugin v23.5 (Yoast SEO v27.4) - https:\/\/yoast.com\/product\/yoast-seo-premium-wordpress\/ -->\n<title>\u00c1lbum Clasificatorias Sudamericanas + Set Completo de Figuras<\/title>\n<meta name=\"description\" content=\"Consigue el \u00c1lbum Clasificatorias Sudamericanas con set completo de figuras. Edici\u00f3n oficial para coleccionistas y fan\u00e1ticos del f\u00fatbol.\" \/>\n<meta name=\"robots\" content=\"index, follow, max-snippet:-1, max-image-preview:large, max-video-preview:-1\" \/>\n<link rel=\"canonical\" href=\"https:\/\/megacolecciones.pe\/en\/product\/album-clasificatorias-sudamericanas-set-completo-figuras\/\" \/>\n<meta property=\"og:locale\" content=\"en_US\" \/>\n<meta property=\"og:type\" content=\"article\" \/>\n<meta property=\"og:title\" content=\"\u00c1lbum &quot;Clasificatorias Sudamericanas&quot; + set completo de figuras\" \/>\n<meta property=\"og:description\" content=\"Consigue el \u00c1lbum Clasificatorias Sudamericanas con set completo de figuras. Edici\u00f3n oficial para coleccionistas y fan\u00e1ticos del f\u00fatbol.\" \/>\n<meta property=\"og:url\" content=\"https:\/\/megacolecciones.pe\/en\/product\/album-clasificatorias-sudamericanas-set-completo-figuras\/\" \/>\n<meta property=\"og:site_name\" content=\"Megacolecciones\" \/>\n<meta property=\"article:publisher\" content=\"https:\/\/www.facebook.com\/megacolecciones\" \/>\n<meta property=\"article:modified_time\" content=\"2025-09-18T17:55:35+00:00\" \/>\n<meta property=\"og:image\" content=\"https:\/\/megacolecciones.pe\/wp-content\/uploads\/2023\/01\/Clasificatorias-con-precio-catalogo-min.jpg\" \/>\n\t<meta property=\"og:image:width\" content=\"1200\" \/>\n\t<meta property=\"og:image:height\" content=\"1200\" \/>\n\t<meta property=\"og:image:type\" content=\"image\/jpeg\" \/>\n<meta name=\"twitter:card\" content=\"summary_large_image\" \/>\n<meta name=\"twitter:label1\" content=\"Price\" \/>\n\t<meta name=\"twitter:data1\" content=\"S\/40.00\" \/>\n\t<meta name=\"twitter:label2\" content=\"Availability\" \/>\n\t<meta name=\"twitter:data2\" content=\"In stock\" \/>\n<script type=\"application\/ld+json\" class=\"yoast-schema-graph\">{\"@context\":\"https:\\\/\\\/schema.org\",\"@graph\":[{\"@type\":\"WebPage\",\"@id\":\"https:\\\/\\\/megacolecciones.pe\\\/producto\\\/album-clasificatorias-sudamericanas-set-completo-figuras\\\/\",\"url\":\"https:\\\/\\\/megacolecciones.pe\\\/producto\\\/album-clasificatorias-sudamericanas-set-completo-figuras\\\/\",\"name\":\"\u00c1lbum Clasificatorias Sudamericanas + Set Completo de Figuras\",\"isPartOf\":{\"@id\":\"https:\\\/\\\/megacolecciones.pe\\\/#website\"},\"primaryImageOfPage\":{\"@id\":\"https:\\\/\\\/megacolecciones.pe\\\/producto\\\/album-clasificatorias-sudamericanas-set-completo-figuras\\\/#primaryimage\"},\"image\":{\"@id\":\"https:\\\/\\\/megacolecciones.pe\\\/producto\\\/album-clasificatorias-sudamericanas-set-completo-figuras\\\/#primaryimage\"},\"thumbnailUrl\":\"https:\\\/\\\/megacolecciones.pe\\\/wp-content\\\/uploads\\\/2023\\\/01\\\/Clasificatorias-con-precio-catalogo-min.jpg\",\"datePublished\":\"2023-01-29T19:19:51+00:00\",\"dateModified\":\"2025-09-18T17:55:35+00:00\",\"description\":\"Consigue el \u00c1lbum Clasificatorias Sudamericanas con set completo de figuras. Edici\u00f3n oficial para coleccionistas y fan\u00e1ticos del f\u00fatbol.\",\"breadcrumb\":{\"@id\":\"https:\\\/\\\/megacolecciones.pe\\\/producto\\\/album-clasificatorias-sudamericanas-set-completo-figuras\\\/#breadcrumb\"},\"inLanguage\":\"en-US\",\"potentialAction\":[{\"@type\":\"ReadAction\",\"target\":[\"https:\\\/\\\/megacolecciones.pe\\\/producto\\\/album-clasificatorias-sudamericanas-set-completo-figuras\\\/\"]}]},{\"@type\":\"ImageObject\",\"inLanguage\":\"en-US\",\"@id\":\"https:\\\/\\\/megacolecciones.pe\\\/producto\\\/album-clasificatorias-sudamericanas-set-completo-figuras\\\/#primaryimage\",\"url\":\"https:\\\/\\\/megacolecciones.pe\\\/wp-content\\\/uploads\\\/2023\\\/01\\\/Clasificatorias-con-precio-catalogo-min.jpg\",\"contentUrl\":\"https:\\\/\\\/megacolecciones.pe\\\/wp-content\\\/uploads\\\/2023\\\/01\\\/Clasificatorias-con-precio-catalogo-min.jpg\",\"width\":1200,\"height\":1200},{\"@type\":\"BreadcrumbList\",\"@id\":\"https:\\\/\\\/megacolecciones.pe\\\/producto\\\/album-clasificatorias-sudamericanas-set-completo-figuras\\\/#breadcrumb\",\"itemListElement\":[{\"@type\":\"ListItem\",\"position\":1,\"name\":\"Home\",\"item\":\"https:\\\/\\\/megacolecciones.pe\\\/\"},{\"@type\":\"ListItem\",\"position\":2,\"name\":\"Tienda\",\"item\":\"https:\\\/\\\/megacolecciones.pe\\\/tienda\\\/\"},{\"@type\":\"ListItem\",\"position\":3,\"name\":\"\u00c1lbum \u00abClasificatorias Sudamericanas\u00bb + set completo de figuras\"}]},{\"@type\":\"WebSite\",\"@id\":\"https:\\\/\\\/megacolecciones.pe\\\/#website\",\"url\":\"https:\\\/\\\/megacolecciones.pe\\\/\",\"name\":\"Mega Colecciones\",\"description\":\"Tienda de \u00e1lbumes, taps y cards\",\"publisher\":{\"@id\":\"https:\\\/\\\/megacolecciones.pe\\\/#organization\"},\"potentialAction\":[{\"@type\":\"SearchAction\",\"target\":{\"@type\":\"EntryPoint\",\"urlTemplate\":\"https:\\\/\\\/megacolecciones.pe\\\/?s={search_term_string}\"},\"query-input\":{\"@type\":\"PropertyValueSpecification\",\"valueRequired\":true,\"valueName\":\"search_term_string\"}}],\"inLanguage\":\"en-US\"},{\"@type\":\"Organization\",\"@id\":\"https:\\\/\\\/megacolecciones.pe\\\/#organization\",\"name\":\"Mega Colecciones\",\"url\":\"https:\\\/\\\/megacolecciones.pe\\\/\",\"logo\":{\"@type\":\"ImageObject\",\"inLanguage\":\"en-US\",\"@id\":\"https:\\\/\\\/megacolecciones.pe\\\/#\\\/schema\\\/logo\\\/image\\\/\",\"url\":\"http:\\\/\\\/megacolecciones.pe\\\/wp-content\\\/uploads\\\/2023\\\/09\\\/logo-mega.png\",\"contentUrl\":\"http:\\\/\\\/megacolecciones.pe\\\/wp-content\\\/uploads\\\/2023\\\/09\\\/logo-mega.png\",\"width\":285,\"height\":100,\"caption\":\"Mega Colecciones\"},\"image\":{\"@id\":\"https:\\\/\\\/megacolecciones.pe\\\/#\\\/schema\\\/logo\\\/image\\\/\"},\"sameAs\":[\"https:\\\/\\\/www.facebook.com\\\/megacolecciones\",\"https:\\\/\\\/www.instagram.com\\\/megacolecciones\\\/\"],\"hasMerchantReturnPolicy\":{\"@type\":\"MerchantReturnPolicy\",\"merchantReturnLink\":\"https:\\\/\\\/megacolecciones.pe\\\/en\\\/terminos-y-condiciones\\\/\"}}]}<\/script>\n<meta property=\"product:price:amount\" content=\"40.00\" \/>\n<meta property=\"product:price:currency\" content=\"PEN\" \/>\n<meta property=\"og:availability\" content=\"instock\" \/>\n<meta property=\"product:availability\" content=\"instock\" \/>\n<meta property=\"product:condition\" content=\"new\" \/>\n<!-- \/ Yoast SEO Premium plugin. -->","yoast_head_json":{"title":"\u00c1lbum Clasificatorias Sudamericanas + Set Completo de Figuras","description":"Consigue el \u00c1lbum Clasificatorias Sudamericanas con set completo de figuras. Edici\u00f3n oficial para coleccionistas y fan\u00e1ticos del f\u00fatbol.","robots":{"index":"index","follow":"follow","max-snippet":"max-snippet:-1","max-image-preview":"max-image-preview:large","max-video-preview":"max-video-preview:-1"},"canonical":"https:\/\/megacolecciones.pe\/en\/product\/album-clasificatorias-sudamericanas-set-completo-figuras\/","og_locale":"en_US","og_type":"article","og_title":"\u00c1lbum \"Clasificatorias Sudamericanas\" + set completo de figuras","og_description":"Consigue el \u00c1lbum Clasificatorias Sudamericanas con set completo de figuras. Edici\u00f3n oficial para coleccionistas y fan\u00e1ticos del f\u00fatbol.","og_url":"https:\/\/megacolecciones.pe\/en\/product\/album-clasificatorias-sudamericanas-set-completo-figuras\/","og_site_name":"Megacolecciones","article_publisher":"https:\/\/www.facebook.com\/megacolecciones","article_modified_time":"2025-09-18T17:55:35+00:00","og_image":[{"width":1200,"height":1200,"url":"https:\/\/megacolecciones.pe\/wp-content\/uploads\/2023\/01\/Clasificatorias-con-precio-catalogo-min.jpg","type":"image\/jpeg"}],"twitter_card":"summary_large_image","twitter_misc":{"Price":"S\/40.00","Availability":"In stock"},"schema":{"@context":"https:\/\/schema.org","@graph":[{"@type":"WebPage","@id":"https:\/\/megacolecciones.pe\/producto\/album-clasificatorias-sudamericanas-set-completo-figuras\/","url":"https:\/\/megacolecciones.pe\/producto\/album-clasificatorias-sudamericanas-set-completo-figuras\/","name":"\u00c1lbum Clasificatorias Sudamericanas + Set Completo de Figuras","isPartOf":{"@id":"https:\/\/megacolecciones.pe\/#website"},"primaryImageOfPage":{"@id":"https:\/\/megacolecciones.pe\/producto\/album-clasificatorias-sudamericanas-set-completo-figuras\/#primaryimage"},"image":{"@id":"https:\/\/megacolecciones.pe\/producto\/album-clasificatorias-sudamericanas-set-completo-figuras\/#primaryimage"},"thumbnailUrl":"https:\/\/megacolecciones.pe\/wp-content\/uploads\/2023\/01\/Clasificatorias-con-precio-catalogo-min.jpg","datePublished":"2023-01-29T19:19:51+00:00","dateModified":"2025-09-18T17:55:35+00:00","description":"Consigue el \u00c1lbum Clasificatorias Sudamericanas con set completo de figuras. Edici\u00f3n oficial para coleccionistas y fan\u00e1ticos del f\u00fatbol.","breadcrumb":{"@id":"https:\/\/megacolecciones.pe\/producto\/album-clasificatorias-sudamericanas-set-completo-figuras\/#breadcrumb"},"inLanguage":"en-US","potentialAction":[{"@type":"ReadAction","target":["https:\/\/megacolecciones.pe\/producto\/album-clasificatorias-sudamericanas-set-completo-figuras\/"]}]},{"@type":"ImageObject","inLanguage":"en-US","@id":"https:\/\/megacolecciones.pe\/producto\/album-clasificatorias-sudamericanas-set-completo-figuras\/#primaryimage","url":"https:\/\/megacolecciones.pe\/wp-content\/uploads\/2023\/01\/Clasificatorias-con-precio-catalogo-min.jpg","contentUrl":"https:\/\/megacolecciones.pe\/wp-content\/uploads\/2023\/01\/Clasificatorias-con-precio-catalogo-min.jpg","width":1200,"height":1200},{"@type":"BreadcrumbList","@id":"https:\/\/megacolecciones.pe\/producto\/album-clasificatorias-sudamericanas-set-completo-figuras\/#breadcrumb","itemListElement":[{"@type":"ListItem","position":1,"name":"Home","item":"https:\/\/megacolecciones.pe\/"},{"@type":"ListItem","position":2,"name":"Tienda","item":"https:\/\/megacolecciones.pe\/tienda\/"},{"@type":"ListItem","position":3,"name":"\u00c1lbum \u00abClasificatorias Sudamericanas\u00bb + set completo de figuras"}]},{"@type":"WebSite","@id":"https:\/\/megacolecciones.pe\/#website","url":"https:\/\/megacolecciones.pe\/","name":"Mega Collections","description":"Tienda de \u00e1lbumes, taps y cards","publisher":{"@id":"https:\/\/megacolecciones.pe\/#organization"},"potentialAction":[{"@type":"SearchAction","target":{"@type":"EntryPoint","urlTemplate":"https:\/\/megacolecciones.pe\/?s={search_term_string}"},"query-input":{"@type":"PropertyValueSpecification","valueRequired":true,"valueName":"search_term_string"}}],"inLanguage":"en-US"},{"@type":"Organization","@id":"https:\/\/megacolecciones.pe\/#organization","name":"Mega Collections","url":"https:\/\/megacolecciones.pe\/","logo":{"@type":"ImageObject","inLanguage":"en-US","@id":"https:\/\/megacolecciones.pe\/#\/schema\/logo\/image\/","url":"http:\/\/megacolecciones.pe\/wp-content\/uploads\/2023\/09\/logo-mega.png","contentUrl":"http:\/\/megacolecciones.pe\/wp-content\/uploads\/2023\/09\/logo-mega.png","width":285,"height":100,"caption":"Mega Colecciones"},"image":{"@id":"https:\/\/megacolecciones.pe\/#\/schema\/logo\/image\/"},"sameAs":["https:\/\/www.facebook.com\/megacolecciones","https:\/\/www.instagram.com\/megacolecciones\/"],"hasMerchantReturnPolicy":{"@type":"MerchantReturnPolicy","merchantReturnLink":"https:\/\/megacolecciones.pe\/en\/terminos-y-condiciones\/"}}]},"product_price_amount":"40.00","product_price_currency":"PEN","og_availability":"instock","product_availability":"instock","product_condition":"new"},"_links":{"self":[{"href":"https:\/\/megacolecciones.pe\/en\/wp-json\/wp\/v2\/product\/21617","targetHints":{"allow":["GET"]}}],"collection":[{"href":"https:\/\/megacolecciones.pe\/en\/wp-json\/wp\/v2\/product"}],"about":[{"href":"https:\/\/megacolecciones.pe\/en\/wp-json\/wp\/v2\/types\/product"}],"version-history":[{"count":1,"href":"https:\/\/megacolecciones.pe\/en\/wp-json\/wp\/v2\/product\/21617\/revisions"}],"predecessor-version":[{"id":34259,"href":"https:\/\/megacolecciones.pe\/en\/wp-json\/wp\/v2\/product\/21617\/revisions\/34259"}],"wp:featuredmedia":[{"embeddable":true,"href":"https:\/\/megacolecciones.pe\/en\/wp-json\/wp\/v2\/media\/21819"}],"wp:attachment":[{"href":"https:\/\/megacolecciones.pe\/en\/wp-json\/wp\/v2\/media?parent=21617"}],"wp:term":[{"taxonomy":"product_brand","embeddable":true,"href":"https:\/\/megacolecciones.pe\/en\/wp-json\/wp\/v2\/product_brand?post=21617"},{"taxonomy":"product_cat","embeddable":true,"href":"https:\/\/megacolecciones.pe\/en\/wp-json\/wp\/v2\/product_cat?post=21617"},{"taxonomy":"product_tag","embeddable":true,"href":"https:\/\/megacolecciones.pe\/en\/wp-json\/wp\/v2\/product_tag?post=21617"}],"curies":[{"name":"wp","href":"https:\/\/api.w.org\/{rel}","templated":true}]}}